{"id":993,"date":"2016-02-10T07:32:25","date_gmt":"2016-02-10T07:32:25","guid":{"rendered":"http:\/\/www.3llideas.com\/?page_id=993"},"modified":"2016-04-11T09:47:43","modified_gmt":"2016-04-11T09:47:43","slug":"tecnologia-spree-solidus","status":"publish","type":"page","link":"https:\/\/www.3llideas.com\/es\/tecnologia-spree-solidus\/","title":{"rendered":"Tecnolog\u00eda Spree-Solidus"},"content":{"rendered":"<div class=\"wpb-content-wrapper\"><p>[vc_row][vc_column width=\u00bb1\/2&#8243;][vc_empty_space height=\u00bb62px\u00bb][vc_column_text css_animation=\u00bbleft-to-right\u00bb]<img loading=\"lazy\" decoding=\"async\" class=\"alignright wp-image-1113 size-full\" title=\"Spree\" src=\"http:\/\/www.3llideas.com\/wp-content\/uploads\/2016\/02\/spree_3llideas.png\" alt=\"Spree\" width=\"200\" height=\"74\" \/>[\/vc_column_text][\/vc_column][vc_column width=\u00bb1\/2&#8243;][vc_empty_space height=\u00bb62px\u00bb][vc_column_text css_animation=\u00bbright-to-left\u00bb]<img loading=\"lazy\" decoding=\"async\" class=\"wp-image-1114 size-full alignleft\" title=\"Solidus\" src=\"http:\/\/www.3llideas.com\/wp-content\/uploads\/2016\/02\/solidus_3llideas.png\" alt=\"Solidus\" width=\"200\" height=\"74\" \/>[\/vc_column_text][\/vc_column][\/vc_row][vc_row][vc_column][vc_empty_space height=\u00bb42px\u00bb][vc_column_text]<\/p>\n<p>Desde <strong>3llideas<\/strong> siempre hemos apostado por el software open source para los desarrollos web, utiliz\u00e1ndolo para nuestros servidores y tambi\u00e9n para la plataforma que gestiona la cara visible de los proyectos, especialmente las tiendas online. Y fruto de esa apuesta, confiamos desde el inicio en <a href=\"\/es\/tecnologia-spree-solidus\/\" target=\"_blank\">Spree<\/a>, un software para ecommerce desarrollado en <strong>Ruby y Ruby on Rails<\/strong> que hemos visto crecer versi\u00f3n a versi\u00f3n. <span style=\"font-weight: 400;\">De hecho, hemos aportado mejoras y soluciones al software open source a trav\u00e9s de su comunidad; y todo bajo la tutela de la empresa detr\u00e1s del software,\u00a0<strong>Spree Commerce<\/strong><\/span>. Descubrimos <strong>Spree<\/strong> al buscar la mejor plataforma posible para\u00a0<a href=\"\/servicios\/plataforma-cosasderegalo-com\/\" target=\"_blank\">CosasdeRegalo.com<\/a>, nuestra propia tienda online; y gracias a toda esta experiencia, podemos afirmar que <strong>Spree<\/strong> es una plataforma de tiendas online que ofrece todo lo que un proyecto puede necesitar en el momento del desarrollo. Y mucho m\u00e1s: es una soluci\u00f3n completa de futuro.<\/p>\n<p>[\/vc_column_text][vc_empty_space height=\u00bb25px\u00bb][vc_column_text]<\/p>\n<p><strong>Spree<\/strong> se fundamenta en los principios del c\u00f3digo abierto, consiguiendo que arrancar un desarrollo adoptando este software resulte mucho m\u00e1s econ\u00f3mico que adaptar otras soluciones. <strong>Spree<\/strong> provee de todas las herramientas que cualquier ecommerce necesita independientemente de su tama\u00f1o, disponiendo de un completo gestor de stocks, de herramientas de administraci\u00f3n con las que resulta muy productivo controlar lo que ocurre en tiempo real con la tienda, integra todo tipo de acciones para la promoci\u00f3n de productos, permite adaptar\u00a0el aspecto visual a las necesidades del negocio&#8230; Y, de necesitarse desarrollos aparte para funcionalidades concretas de la tienda, pueden programarse sin excesiva complicaci\u00f3n gracias al lenguaje <strong>Ruby<\/strong> y al framework <strong>Ruby on Rails<\/strong> con los que se construye <strong>Spree<\/strong>.<\/p>\n<p>[\/vc_column_text][vc_empty_space height=\u00bb25px\u00bb][vc_column_text]<\/p>\n<p><strong>Spree<\/strong> ha evolucionado notablemente desde sus inicios, encontr\u00e1ndose en la actualidad sobre la versi\u00f3n 3.1. Es una plataforma de tiendas online de la que han surgido otras ramas de desarrollo, destacando entre ellas el fork <strong>Solidus<\/strong>. Esta plataforma tambi\u00e9n la utilizamos en <strong>3llideas<\/strong> para nuestros clientes: actualizada por empresas y por la comunidad, <strong>Solidus<\/strong> ofrece un soporte s\u00f3lido y efectivo para aquellas tiendas online que necesiten un desarrollo potente, vers\u00e1til y escalable. Al igual que <strong>Spree<\/strong>, <strong>Solidus<\/strong> aporta todas las bondades del desarrollo en <strong>Ruby<\/strong> para que adaptar el ecommerce al proyecto resulte tan rentable como sencillo y productivo. Consiguiendo algo que siempre destacamos: <strong>el cliente ser\u00e1 el propietario al completo de su soluci\u00f3n<\/strong>.<\/p>\n<p>[\/vc_column_text][vc_empty_space height=\u00bb25px\u00bb][vc_column_text]<\/p>\n<p><span style=\"font-weight: 400;\">\u00bf<strong>Spree<\/strong> o <strong>Solidus<\/strong>?\u00a0<\/span><span style=\"font-weight: 400;\">Uno es la derivaci\u00f3n del otro y ambas comunidades est\u00e1n muy conectadas. La elecci\u00f3n ser\u00e1 m\u00e1s en peque\u00f1os matices que en grandes aspectos. Desde 3llideas\u00a0apostamos por las dos.<\/span><\/p>\n<p>[\/vc_column_text][vc_empty_space height=\u00bb25px\u00bb][vc_column_text]<\/p>\n<p>Las ventajas de desarrollar la tienda online en <strong>Spree<\/strong> y\/o <strong>Solidus<\/strong> son numerosas. Entre las que destacamos:<\/p>\n<p>[\/vc_column_text][\/vc_column][\/vc_row][vc_row][vc_column]<\/p>\n<div class=\"list arrow\">\n<ul>\n<li><strong>Adapta la tienda a tu negocio, no al rev\u00e9s<\/strong>. Spree y Solidus proveen de todo lo necesario para arrancar una tienda, pero siempre habr\u00e1 que modificar alguna funcionalidad o dise\u00f1o para que se ajuste a tus necesidades. Con Ruby es bastante m\u00e1s sencillo que con otros lenguajes: desde 3llideas podemos desarrollarte justo lo que necesitas.<\/li>\n<li><b>Desarrolla de forma f\u00e1cil modelos de negocio propios y diferenciales<\/b><span style=\"font-weight: 400;\">. Estas plataformas est\u00e1n pensadas\u00a0para\u00a0utilizar sistemas de desarrollo productivos y flexibles. Nos han ayudado a\u00a0generar modelos de negocio espec\u00edficos: nuestros clientes han podido desarrollar funcionalidades propias para el sector de distribuci\u00f3n, marketplaces (donde se unen ofertas y demandas muy espec\u00edficas) y otros proyectos dentro del sector ecommerce permiti\u00e9ndoles diferenciarse de la competencia.<\/span><\/li>\n<li><strong>Tienda completamente escalable<\/strong>. Uno de los grandes problemas de las plataformas de ecommerce es el rendimiento en las horas punta de tr\u00e1fico. Con Spree y Solidus tendr\u00e1s\u00a0menos problemas cuando llegue el momento de servir un gran n\u00famero de fichas de producto, carritos y pedidos: las tiendas online con estas plataformas se adaptan convenientemente\u00a0a los cambios en la demanda, siendo capaces de mantenerse estables incluso con los picos de tr\u00e1fico; garantizando el correcto servicio de las p\u00e1ginas.<\/li>\n<li><strong>Adaptado completamente a m\u00f3viles<\/strong>. Esto\u00a0es clave dadas las tendencias actuales: nuestra soluci\u00f3n es 100 % responsive; asegur\u00e1ndose as\u00ed que la tienda online se mostrar\u00e1 a la perfecci\u00f3n en cualquier pantalla, independientemente de su resoluci\u00f3n y tama\u00f1o. Sin desarrollos extra: responsive desde el inicio.<\/li>\n<li><strong>Preparado para el despliegue internacional<\/strong>. Spree y Solidus poseen soporte\u00a0multilenguaje nativo, permitiendo aplicar traducciones de manera sencilla tanto a las fichas de producto como\u00a0al resto de\u00a0\u00e1reas del ecommerce. Adem\u00e1s,\u00a0la plataforma est\u00e1 adaptada a los cambios legales que implique cada territorio. Impuestos, tasas, moneda&#8230; Internacionaliza tu proyecto con las m\u00e1ximas garant\u00edas.<\/li>\n<li><strong>SEO, marketing online, servicio postventa<\/strong>&#8230; Spree y Solidus est\u00e1n\u00a0optimizados para mejorar el posicionamiento org\u00e1nico de la tienda online, ofreciendo herramientas para la gesti\u00f3n\u00a0de promociones, para facilitar el servicio de contacto con el cliente, para su administraci\u00f3n por parte del equipo administrativo&#8230;<\/li>\n<li><strong>Integra con tu servicio ERP y otras aplicaciones externas<\/strong>. En 3llideas somos expertos en ampliar los servicios de la tienda online conectando Spree\/Solidus con otras herramientas de gesti\u00f3n como puedan ser <a href=\"\/servicios\/integracion-erp\/\" target=\"_blank\">los ERP<\/a>, helpdesk, gestores de\u00a0marketing&#8230; No s\u00f3lo es una tienda online:\u00a0nuestra soluci\u00f3n con la plataforma permite controlar todos los aspectos\u00a0imprescindibles para que el negocio obtenga siempre los mayores beneficios.<\/li>\n<\/ul>\n<\/div>\n<p>[\/vc_column][\/vc_row][vc_row][vc_column][vc_cta h2=\u00bb\u00bb h4=\u00bbSpree y Solidus pueden hacer mucho por tu negocio\u00bb add_button=\u00bbbottom\u00bb btn_title=\u00bbPlant\u00e9anos tu proyecto y te diremos c\u00f3mo mejorarlo\u00bb btn_style=\u00bbclassic\u00bb btn_color=\u00bbdanger\u00bb btn_align=\u00bbcenter\u00bb btn_i_icon_fontawesome=\u00bbfa fa-check\u00bb btn_link=\u00bburl:%2Ftu-proyecto%2F||\u00bb btn_add_icon=\u00bbtrue\u00bb]<\/p>\n<p>Si est\u00e1s interesado en conocer c\u00f3mo funcionan Spree\/Solidus y deseas informaci\u00f3n sobre c\u00f3mo pueden integrarse en tu negocio para sacarle todo su rendimiento, no dudes en plantearnos tu proyecto: en 3llideas estaremos encantados de aportar nuestra experiencia y conocimientos para que tu negocio alcance, y supere, tus expectativas.<\/p>\n<p>[\/vc_cta][\/vc_column][\/vc_row]<\/p>\n<\/div>","protected":false},"excerpt":{"rendered":"<p>[vc_row][vc_column width=\u00bb1\/2&#8243;][vc_empty_space height=\u00bb62px\u00bb][vc_column_text css_animation=\u00bbleft-to-right\u00bb][\/vc_column_text][\/vc_column][vc_column width=\u00bb1\/2&#8243;][vc_empty_space height=\u00bb62px\u00bb][vc_column_text css_animation=\u00bbright-to-left\u00bb][\/vc_column_text][\/vc_column][\/vc_row][vc_row][vc_column][vc_empty_space height=\u00bb42px\u00bb][vc_column_text] Desde 3llideas siempre hemos apostado por el software open source para los&#8230;<\/p>\n","protected":false},"author":2,"featured_media":0,"parent":0,"menu_order":0,"comment_status":"closed","ping_status":"closed","template":"","meta":{"footnotes":""},"class_list":["post-993","page","type-page","status-publish","hentry"],"yoast_head":"<!-- This site is optimized with the Yoast SEO Premium plugin v18.4 (Yoast SEO v27.5) - https:\/\/yoast.com\/product\/yoast-seo-premium-wordpress\/ -->\n<title>Software ecommerce de vanguardia: Spree y Solidus<\/title>\n<meta name=\"description\" content=\"3llideas desarrolla tiendas online utilizando el mejor software open source: Spree y Solidus. Ecommerce escalable, potente, vers\u00e1til...\" \/>\n<meta name=\"robots\" content=\"index, follow, max-snippet:-1, max-image-preview:large, max-video-preview:-1\" \/>\n<link rel=\"canonical\" href=\"https:\/\/www.3llideas.com\/es\/tecnologia-spree-solidus\/\" \/>\n<meta property=\"og:locale\" content=\"es_ES\" \/>\n<meta property=\"og:type\" content=\"article\" \/>\n<meta property=\"og:title\" content=\"Tecnolog\u00eda Spree-Solidus\" \/>\n<meta property=\"og:description\" content=\"3llideas desarrolla tiendas online utilizando el mejor software open source: Spree y Solidus. Ecommerce escalable, potente, vers\u00e1til...\" \/>\n<meta property=\"og:url\" content=\"https:\/\/www.3llideas.com\/es\/tecnologia-spree-solidus\/\" \/>\n<meta property=\"og:site_name\" content=\"3llideas.com\" \/>\n<meta property=\"article:modified_time\" content=\"2016-04-11T09:47:43+00:00\" \/>\n<meta property=\"og:image\" content=\"http:\/\/www.3llideas.com\/wp-content\/uploads\/2016\/02\/spree_3llideas.png\" \/>\n<meta name=\"twitter:card\" content=\"summary_large_image\" \/>\n<meta name=\"twitter:site\" content=\"@3llideas\" \/>\n<meta name=\"twitter:label1\" content=\"Tiempo de lectura\" \/>\n\t<meta name=\"twitter:data1\" content=\"6 minutos\" \/>\n<script type=\"application\/ld+json\" class=\"yoast-schema-graph\">{\"@context\":\"https:\\\/\\\/schema.org\",\"@graph\":[{\"@type\":\"WebPage\",\"@id\":\"https:\\\/\\\/www.3llideas.com\\\/es\\\/tecnologia-spree-solidus\\\/\",\"url\":\"https:\\\/\\\/www.3llideas.com\\\/es\\\/tecnologia-spree-solidus\\\/\",\"name\":\"Software ecommerce de vanguardia: Spree y Solidus\",\"isPartOf\":{\"@id\":\"https:\\\/\\\/www.3llideas.com\\\/es\\\/#website\"},\"primaryImageOfPage\":{\"@id\":\"https:\\\/\\\/www.3llideas.com\\\/es\\\/tecnologia-spree-solidus\\\/#primaryimage\"},\"image\":{\"@id\":\"https:\\\/\\\/www.3llideas.com\\\/es\\\/tecnologia-spree-solidus\\\/#primaryimage\"},\"thumbnailUrl\":\"http:\\\/\\\/www.3llideas.com\\\/wp-content\\\/uploads\\\/2016\\\/02\\\/spree_3llideas.png\",\"datePublished\":\"2016-02-10T07:32:25+00:00\",\"dateModified\":\"2016-04-11T09:47:43+00:00\",\"description\":\"3llideas desarrolla tiendas online utilizando el mejor software open source: Spree y Solidus. Ecommerce escalable, potente, vers\u00e1til...\",\"breadcrumb\":{\"@id\":\"https:\\\/\\\/www.3llideas.com\\\/es\\\/tecnologia-spree-solidus\\\/#breadcrumb\"},\"inLanguage\":\"es\",\"potentialAction\":[{\"@type\":\"ReadAction\",\"target\":[\"https:\\\/\\\/www.3llideas.com\\\/es\\\/tecnologia-spree-solidus\\\/\"]}]},{\"@type\":\"ImageObject\",\"inLanguage\":\"es\",\"@id\":\"https:\\\/\\\/www.3llideas.com\\\/es\\\/tecnologia-spree-solidus\\\/#primaryimage\",\"url\":\"http:\\\/\\\/www.3llideas.com\\\/wp-content\\\/uploads\\\/2016\\\/02\\\/spree_3llideas.png\",\"contentUrl\":\"http:\\\/\\\/www.3llideas.com\\\/wp-content\\\/uploads\\\/2016\\\/02\\\/spree_3llideas.png\"},{\"@type\":\"BreadcrumbList\",\"@id\":\"https:\\\/\\\/www.3llideas.com\\\/es\\\/tecnologia-spree-solidus\\\/#breadcrumb\",\"itemListElement\":[{\"@type\":\"ListItem\",\"position\":1,\"name\":\"Portada\",\"item\":\"https:\\\/\\\/www.3llideas.com\\\/es\\\/\"},{\"@type\":\"ListItem\",\"position\":2,\"name\":\"Tecnolog\u00eda Spree-Solidus\"}]},{\"@type\":\"WebSite\",\"@id\":\"https:\\\/\\\/www.3llideas.com\\\/es\\\/#website\",\"url\":\"https:\\\/\\\/www.3llideas.com\\\/es\\\/\",\"name\":\"3llideas.com\",\"description\":\"3llideas, Agencia Ecommerce, Gesti\u00f3n empresarial Microsoft, AWS, Gesti\u00f3n empresarial sage\",\"potentialAction\":[{\"@type\":\"SearchAction\",\"target\":{\"@type\":\"EntryPoint\",\"urlTemplate\":\"https:\\\/\\\/www.3llideas.com\\\/es\\\/?s={search_term_string}\"},\"query-input\":{\"@type\":\"PropertyValueSpecification\",\"valueRequired\":true,\"valueName\":\"search_term_string\"}}],\"inLanguage\":\"es\"}]}<\/script>\n<!-- \/ Yoast SEO Premium plugin. -->","yoast_head_json":{"title":"Software ecommerce de vanguardia: Spree y Solidus","description":"3llideas desarrolla tiendas online utilizando el mejor software open source: Spree y Solidus. Ecommerce escalable, potente, vers\u00e1til...","robots":{"index":"index","follow":"follow","max-snippet":"max-snippet:-1","max-image-preview":"max-image-preview:large","max-video-preview":"max-video-preview:-1"},"canonical":"https:\/\/www.3llideas.com\/es\/tecnologia-spree-solidus\/","og_locale":"es_ES","og_type":"article","og_title":"Tecnolog\u00eda Spree-Solidus","og_description":"3llideas desarrolla tiendas online utilizando el mejor software open source: Spree y Solidus. Ecommerce escalable, potente, vers\u00e1til...","og_url":"https:\/\/www.3llideas.com\/es\/tecnologia-spree-solidus\/","og_site_name":"3llideas.com","article_modified_time":"2016-04-11T09:47:43+00:00","og_image":[{"url":"http:\/\/www.3llideas.com\/wp-content\/uploads\/2016\/02\/spree_3llideas.png","type":"","width":"","height":""}],"twitter_card":"summary_large_image","twitter_site":"@3llideas","twitter_misc":{"Tiempo de lectura":"6 minutos"},"schema":{"@context":"https:\/\/schema.org","@graph":[{"@type":"WebPage","@id":"https:\/\/www.3llideas.com\/es\/tecnologia-spree-solidus\/","url":"https:\/\/www.3llideas.com\/es\/tecnologia-spree-solidus\/","name":"Software ecommerce de vanguardia: Spree y Solidus","isPartOf":{"@id":"https:\/\/www.3llideas.com\/es\/#website"},"primaryImageOfPage":{"@id":"https:\/\/www.3llideas.com\/es\/tecnologia-spree-solidus\/#primaryimage"},"image":{"@id":"https:\/\/www.3llideas.com\/es\/tecnologia-spree-solidus\/#primaryimage"},"thumbnailUrl":"http:\/\/www.3llideas.com\/wp-content\/uploads\/2016\/02\/spree_3llideas.png","datePublished":"2016-02-10T07:32:25+00:00","dateModified":"2016-04-11T09:47:43+00:00","description":"3llideas desarrolla tiendas online utilizando el mejor software open source: Spree y Solidus. Ecommerce escalable, potente, vers\u00e1til...","breadcrumb":{"@id":"https:\/\/www.3llideas.com\/es\/tecnologia-spree-solidus\/#breadcrumb"},"inLanguage":"es","potentialAction":[{"@type":"ReadAction","target":["https:\/\/www.3llideas.com\/es\/tecnologia-spree-solidus\/"]}]},{"@type":"ImageObject","inLanguage":"es","@id":"https:\/\/www.3llideas.com\/es\/tecnologia-spree-solidus\/#primaryimage","url":"http:\/\/www.3llideas.com\/wp-content\/uploads\/2016\/02\/spree_3llideas.png","contentUrl":"http:\/\/www.3llideas.com\/wp-content\/uploads\/2016\/02\/spree_3llideas.png"},{"@type":"BreadcrumbList","@id":"https:\/\/www.3llideas.com\/es\/tecnologia-spree-solidus\/#breadcrumb","itemListElement":[{"@type":"ListItem","position":1,"name":"Portada","item":"https:\/\/www.3llideas.com\/es\/"},{"@type":"ListItem","position":2,"name":"Tecnolog\u00eda Spree-Solidus"}]},{"@type":"WebSite","@id":"https:\/\/www.3llideas.com\/es\/#website","url":"https:\/\/www.3llideas.com\/es\/","name":"3llideas.com","description":"3llideas, Agencia Ecommerce, Gesti\u00f3n empresarial Microsoft, AWS, Gesti\u00f3n empresarial sage","potentialAction":[{"@type":"SearchAction","target":{"@type":"EntryPoint","urlTemplate":"https:\/\/www.3llideas.com\/es\/?s={search_term_string}"},"query-input":{"@type":"PropertyValueSpecification","valueRequired":true,"valueName":"search_term_string"}}],"inLanguage":"es"}]}},"_links":{"self":[{"href":"https:\/\/www.3llideas.com\/es\/wp-json\/wp\/v2\/pages\/993","targetHints":{"allow":["GET"]}}],"collection":[{"href":"https:\/\/www.3llideas.com\/es\/wp-json\/wp\/v2\/pages"}],"about":[{"href":"https:\/\/www.3llideas.com\/es\/wp-json\/wp\/v2\/types\/page"}],"author":[{"embeddable":true,"href":"https:\/\/www.3llideas.com\/es\/wp-json\/wp\/v2\/users\/2"}],"replies":[{"embeddable":true,"href":"https:\/\/www.3llideas.com\/es\/wp-json\/wp\/v2\/comments?post=993"}],"version-history":[{"count":18,"href":"https:\/\/www.3llideas.com\/es\/wp-json\/wp\/v2\/pages\/993\/revisions"}],"predecessor-version":[{"id":1862,"href":"https:\/\/www.3llideas.com\/es\/wp-json\/wp\/v2\/pages\/993\/revisions\/1862"}],"wp:attachment":[{"href":"https:\/\/www.3llideas.com\/es\/wp-json\/wp\/v2\/media?parent=993"}],"curies":[{"name":"wp","href":"https:\/\/api.w.org\/{rel}","templated":true}]}}