{"id":922,"date":"2016-02-04T08:59:39","date_gmt":"2016-02-04T08:59:39","guid":{"rendered":"http:\/\/www.3llideas.com\/?page_id=922"},"modified":"2018-03-20T07:47:56","modified_gmt":"2018-03-20T07:47:56","slug":"desarrollo-web-a-medida","status":"publish","type":"page","link":"https:\/\/www.3llideas.com\/es\/desarrollo-web-a-medida\/","title":{"rendered":"Desarrollo web a medida"},"content":{"rendered":"<div class=\"wpb-content-wrapper\"><p>[vc_row css=\u00bb.vc_custom_1521531986998{margin-top: -80px !important;}\u00bb][vc_column][vc_column_text]<\/p>\n<h2 style=\"text-align: center;\">Desarrollo web a medida<\/h2>\n<p>[\/vc_column_text][vc_empty_space][vc_column_text]<\/p>\n<h3 style=\"text-align: justify;\"><img loading=\"lazy\" decoding=\"async\" class=\"aligncenter wp-image-1031 size-full\" title=\"Soluci\u00f3n a medida\" src=\"http:\/\/www.3llideas.com\/wp-content\/uploads\/2016\/02\/banner_cabecera_solucion_a_medida.jpg\" alt=\"Soluci\u00f3n a medida\" width=\"1170\" height=\"247\" srcset=\"https:\/\/www.3llideas.com\/wp-content\/uploads\/2016\/02\/banner_cabecera_solucion_a_medida.jpg 1170w, https:\/\/www.3llideas.com\/wp-content\/uploads\/2016\/02\/banner_cabecera_solucion_a_medida-300x63.jpg 300w, https:\/\/www.3llideas.com\/wp-content\/uploads\/2016\/02\/banner_cabecera_solucion_a_medida-768x162.jpg 768w, https:\/\/www.3llideas.com\/wp-content\/uploads\/2016\/02\/banner_cabecera_solucion_a_medida-1024x216.jpg 1024w, https:\/\/www.3llideas.com\/wp-content\/uploads\/2016\/02\/banner_cabecera_solucion_a_medida-1087x229.jpg 1087w\" sizes=\"auto, (max-width: 1170px) 100vw, 1170px\" \/><\/h3>\n<h3 style=\"text-align: justify;\">Soluci\u00f3n a medida<\/h3>\n<p>Desde <strong>3llideas<\/strong> llevamos muchos a\u00f1os dedicados al desarrollo web; en especial a las tiendas online: no s\u00f3lo para otros clientes, tambi\u00e9n para nuestra propia empresa. Somos comerciantes con una tienda online l\u00edder en el sector de los regalos originales: <a href=\"\/servicios\/plataforma-cosasderegalo-com\/\" target=\"_blank\" rel=\"noopener\">CosasdeRegalo.com<\/a>; y conocemos al detalle las necesidades de este tipo de plataformas y c\u00f3mo se ha de desarrollar un proyecto para que la empresa sea due\u00f1a al 100 % de toda la soluci\u00f3n. Pero \u00bfc\u00f3mo es la soluci\u00f3n que te planteamos desde <strong>3llideas<\/strong>?[\/vc_column_text][vc_empty_space height=\u00bb25px\u00bb][vc_column_text]<\/p>\n<p>Todos los proyectos poseen sus propias peculiaridades. Pero podr\u00edamos decir que hay dos maneras principales de actuar a la hora de iniciarse en el desarrollo web de una tienda online: partir de cero creando un\u00a0desarrollo\u00a0paso por paso\u00a0o utilizar una soluci\u00f3n pre establecida. Cada una de estas soluciones posee sus puntos positivos y tambi\u00e9n sus negativos; encontr\u00e1ndonos con el alto precio de un desarrollo de cero y la menor personalizaci\u00f3n y escalabilidad de un desarrollo utilizando\u00a0una plataforma predise\u00f1ada (Magento, Prestashop, WooCommerce&#8230;). Qu\u00e9 te proponemos desde <strong>3llideas<\/strong>? Una soluci\u00f3n a medida uniendo los aspectos clave de cada\u00a0planteamiento.<\/p>\n<p>[\/vc_column_text][\/vc_column][\/vc_row][vc_row][vc_column]<\/p>\n<div class=\"list arrow\">\n<ul>\n<li><strong>Ahorro de costes<\/strong>: ahorrar\u00e1s costes en el desarrollo gracias a utilizar una plataforma de ecommerce open source\u00a0de altas prestaciones y calidad: <a href=\"\/es\/tecnologia-spree-solidus\/\" target=\"_blank\" rel=\"noopener\">Spree y Solidus<\/a>.<\/li>\n<li><span class=\"s1\"><b>Soluci\u00f3n 3llideas: <\/b>d<\/span><span class=\"s1\">isponemos de paquetes que introduciremos en tu proyecto de forma est\u00e1ndar o adaptada,\u00a0dependiendo de sus\u00a0requerimientos.<\/span><\/li>\n<li><b>Desarrollo\u00a0a medida<\/b>: podemos desarrollarte cualquier m\u00f3dulo extra que tu proyecto necesite. Facturaci\u00f3n, comunicaci\u00f3n con clientes, parrilla de productos personalizada&#8230; Disponemos de programadores expertos en las plataformas con sobrada experiencia desarrollando adaptaciones personalizadas al cliente.<\/li>\n<li><strong>Motor de tienda<\/strong>: Spree y Solidus brindan las herramientas principales para el desarrollo, la gesti\u00f3n y optimizaci\u00f3n de cualquier tienda online. Somos especialistas en estas plataformas: sabemos qu\u00e9 necesitar\u00e1 tu proyecto.<\/li>\n<li><strong>Dise\u00f1amos tu tienda<\/strong>: podemos realizarte el dise\u00f1o que necesite tu proyecto. La cara m\u00e1s visible de tu ecommerce ser\u00e1\u00a0la que t\u00fa deseas.<\/li>\n<li><strong>Equipo especializado<\/strong>: disponemos de equipo especializado en marketing online, SEO, SEM, redes sociales, marketing de contenidos&#8230; Si necesitas ir m\u00e1s all\u00e1 con tu proyecto, podemos hacerlo.<\/li>\n<li><b>Equipo con experiencia real en comercio<\/b><b><\/b><span class=\"s2\">: nuestro equipo, aparte de ser experto en las diferentes \u00e1reas, se han formado bajo la evoluci\u00f3n de <a href=\"\/es\/servicios\/plataforma-cosasderegalo-com\/\"><span class=\"s3\">CosasdeRegalo.com<\/span><\/a>. Este valor de la experiencia real podremos aport\u00e1rtelo.<\/span><\/li>\n<\/ul>\n<\/div>\n<p>[vc_empty_space][\/vc_column][\/vc_row][vc_row][vc_column][vc_column_text]<\/p>\n<h3>Tecnolog\u00eda<\/h3>\n<p>Utilizamos tecnolog\u00eda de vanguardia en el terreno del ecommerce, apostando por software open source mantenido por empresas y por la comunidad que no s\u00f3lo ofrece las mejores prestaciones a cualquier tienda online garantizando las opciones de futuro, tambi\u00e9n es open source y sin que haya necesidad de adquirir licencias de uso ni pagos anuales por la plataforma.\u00a0Todo el software que utilizamos en <strong>3llideas<\/strong> est\u00e1 actualizado, posee garant\u00edas de evoluci\u00f3n\u00a0por parte de sus desarrolladores y funciona a la perfecci\u00f3n en su conjunto para que tu tienda online sea potente, vers\u00e1til, atractiva de cara a los usuarios y resulte completamente escalable; algo que garantiza su futuro:\u00a0cuando tu proyecto adquiera visibilidad y tr\u00e1fico, la tienda online se mantendr\u00e1 en pie sin que los servidores sufran por el alto n\u00famero de visitas y pedidos.<\/p>\n<p>[\/vc_column_text][vc_empty_space height=\u00bb25px\u00bb][vc_column_text]<\/p>\n<p>Las tecnolog\u00edas que utilizamos en <strong>3llideas<\/strong> son las siguientes:<\/p>\n<p>[\/vc_column_text][vc_empty_space height=\u00bb25px\u00bb][\/vc_column][\/vc_row][vc_row][vc_column width=\u00bb1\/4&#8243;][vc_column_text]<br \/>\n[\/vc_column_text][\/vc_column][vc_column width=\u00bb1\/2&#8243;]<\/p>\n<div class=\"image wrap-box no-style left\" style=\"\">\n<div class=\"wrap-box-inner\"><img decoding=\"async\" class=\"wrap-box-element\" style=\" \" src=\"http:\/\/www.3llideas.com\/wp-content\/uploads\/2016\/02\/marcas_programacion_web_modificado2.png\" alt=\"Tecnolog\u00eda de desarrollo\"\/><\/div>\n<\/div>\n<p>[\/vc_column][vc_column width=\u00bb1\/4&#8243;][vc_column_text]<br \/>\n[\/vc_column_text][\/vc_column][\/vc_row][vc_row][vc_column][vc_empty_space][vc_column_text]<\/p>\n<h3>Beneficios de nuestra soluci\u00f3n a medida<\/h3>\n<p>[\/vc_column_text][\/vc_column][\/vc_row][vc_row][vc_column]<\/p>\n<div class=\"list arrow\">\n<ul>\n<li>Son desarrollos tecnol\u00f3gicamente muy avanzados, ofreciendo alta estabilidad y escalabilidad.<\/li>\n<li>Adaptamos la tienda online\u00a0a tu proyecto, no al rev\u00e9s.<\/li>\n<li>Te aprovechar\u00e1s de nuestra experiencia en desarrollo, venta y marketing.<\/li>\n<li>Nuestro software est\u00e1 probado en miles de tiendas alrededor del mundo. Tambi\u00e9n en la nuestra: <a href=\"\/servicios\/plataforma-cosasderegalo-com\/\" target=\"_blank\" rel=\"noopener\">CosasdeRegalo.com<\/a>.<\/li>\n<li>Tu tienda online tendr\u00e1 acceso a todas las funcionalidades que necesita un ecommerce, sea del tama\u00f1o que sea. Y si necesitas m\u00e1s, podemos desarrollar la funcionalidad que te haga falta completamente a medida.<\/li>\n<li>Tu tienda online tendr\u00e1 el aspecto que t\u00fa desees: nuestro equipo de dise\u00f1o\u00a0crear\u00e1 la cara visible de tu negocio seg\u00fan tus indicaciones; pudiendo introducir todos los cambios que desees seg\u00fan\u00a0le hagan falta a tu proyecto.<\/li>\n<li>Ser\u00e1s el propietario al completo de tu soluci\u00f3n.<\/li>\n<\/ul>\n<\/div>\n<p>[\/vc_column][\/vc_row][vc_row][vc_column][vc_empty_space][\/vc_column][\/vc_row][vc_row][vc_column][vc_cta h2=\u00bbPres\u00e9ntanos tu proyecto\u00bb add_button=\u00bbbottom\u00bb btn_title=\u00bbInicia ya tu proyecto\u00bb btn_color=\u00bbdanger\u00bb btn_align=\u00bbcenter\u00bb btn_i_icon_fontawesome=\u00bbfa fa-check\u00bb btn_add_icon=\u00bbtrue\u00bb btn_link=\u00bburl:%2Ftu-proyecto%2F||\u00bb]<\/p>\n<p>En\u00a0<strong>3llideas<\/strong> estaremos encantados de recibir tu proyecto. Com\u00e9ntanos qu\u00e9 necesitas, qu\u00e9 es lo que esperas, expl\u00edcanos c\u00f3mo debe ser tu tienda online&#8230; Disponemos de la experiencia y equipo necesarios para hacer de ese proyecto una realidad. \u00bfEst\u00e1s preparado?<\/p>\n<p>[\/vc_cta][\/vc_column][\/vc_row]<\/p>\n<\/div>","protected":false},"excerpt":{"rendered":"<p>[vc_row css=\u00bb.vc_custom_1521531986998{margin-top: -80px !important;}\u00bb][vc_column][vc_column_text] Desarrollo web a medida [\/vc_column_text][vc_empty_space][vc_column_text] Soluci\u00f3n a medida Desde 3llideas llevamos muchos a\u00f1os dedicados al desarrollo&#8230;<\/p>\n","protected":false},"author":2,"featured_media":0,"parent":0,"menu_order":0,"comment_status":"closed","ping_status":"closed","template":"","meta":{"footnotes":""},"class_list":["post-922","page","type-page","status-publish","hentry"],"yoast_head":"<!-- This site is optimized with the Yoast SEO Premium plugin v18.4 (Yoast SEO v27.6) - https:\/\/yoast.com\/product\/yoast-seo-premium-wordpress\/ -->\n<title>3llideas: desarrollo web a la medida de tu negocio<\/title>\n<meta name=\"description\" content=\"Desde 3llideas te ofrecemos la mejor soluci\u00f3n en desarrollo web: una creada a la medida de tu negocio. Tiendas, online, sites, aplicaciones web...\" \/>\n<meta name=\"robots\" content=\"index, follow, max-snippet:-1, max-image-preview:large, max-video-preview:-1\" \/>\n<link rel=\"canonical\" href=\"https:\/\/www.3llideas.com\/es\/desarrollo-web-a-medida\/\" \/>\n<meta property=\"og:locale\" content=\"es_ES\" \/>\n<meta property=\"og:type\" content=\"article\" \/>\n<meta property=\"og:title\" content=\"Desarrollo web a medida\" \/>\n<meta property=\"og:description\" content=\"Desde 3llideas te ofrecemos la mejor soluci\u00f3n en desarrollo web: una creada a la medida de tu negocio. Tiendas, online, sites, aplicaciones web...\" \/>\n<meta property=\"og:url\" content=\"https:\/\/www.3llideas.com\/es\/desarrollo-web-a-medida\/\" \/>\n<meta property=\"og:site_name\" content=\"3llideas.com\" \/>\n<meta property=\"article:modified_time\" content=\"2018-03-20T07:47:56+00:00\" \/>\n<meta property=\"og:image\" content=\"http:\/\/www.3llideas.com\/wp-content\/uploads\/2016\/02\/banner_cabecera_solucion_a_medida.jpg\" \/>\n<meta name=\"twitter:card\" content=\"summary_large_image\" \/>\n<meta name=\"twitter:site\" content=\"@3llideas\" \/>\n<meta name=\"twitter:label1\" content=\"Tiempo de lectura\" \/>\n\t<meta name=\"twitter:data1\" content=\"5 minutos\" \/>\n<script type=\"application\/ld+json\" class=\"yoast-schema-graph\">{\"@context\":\"https:\\\/\\\/schema.org\",\"@graph\":[{\"@type\":\"WebPage\",\"@id\":\"https:\\\/\\\/www.3llideas.com\\\/es\\\/desarrollo-web-a-medida\\\/\",\"url\":\"https:\\\/\\\/www.3llideas.com\\\/es\\\/desarrollo-web-a-medida\\\/\",\"name\":\"3llideas: desarrollo web a la medida de tu negocio\",\"isPartOf\":{\"@id\":\"https:\\\/\\\/www.3llideas.com\\\/es\\\/#website\"},\"primaryImageOfPage\":{\"@id\":\"https:\\\/\\\/www.3llideas.com\\\/es\\\/desarrollo-web-a-medida\\\/#primaryimage\"},\"image\":{\"@id\":\"https:\\\/\\\/www.3llideas.com\\\/es\\\/desarrollo-web-a-medida\\\/#primaryimage\"},\"thumbnailUrl\":\"http:\\\/\\\/www.3llideas.com\\\/wp-content\\\/uploads\\\/2016\\\/02\\\/banner_cabecera_solucion_a_medida.jpg\",\"datePublished\":\"2016-02-04T08:59:39+00:00\",\"dateModified\":\"2018-03-20T07:47:56+00:00\",\"description\":\"Desde 3llideas te ofrecemos la mejor soluci\u00f3n en desarrollo web: una creada a la medida de tu negocio. Tiendas, online, sites, aplicaciones web...\",\"breadcrumb\":{\"@id\":\"https:\\\/\\\/www.3llideas.com\\\/es\\\/desarrollo-web-a-medida\\\/#breadcrumb\"},\"inLanguage\":\"es\",\"potentialAction\":[{\"@type\":\"ReadAction\",\"target\":[\"https:\\\/\\\/www.3llideas.com\\\/es\\\/desarrollo-web-a-medida\\\/\"]}]},{\"@type\":\"ImageObject\",\"inLanguage\":\"es\",\"@id\":\"https:\\\/\\\/www.3llideas.com\\\/es\\\/desarrollo-web-a-medida\\\/#primaryimage\",\"url\":\"http:\\\/\\\/www.3llideas.com\\\/wp-content\\\/uploads\\\/2016\\\/02\\\/banner_cabecera_solucion_a_medida.jpg\",\"contentUrl\":\"http:\\\/\\\/www.3llideas.com\\\/wp-content\\\/uploads\\\/2016\\\/02\\\/banner_cabecera_solucion_a_medida.jpg\"},{\"@type\":\"BreadcrumbList\",\"@id\":\"https:\\\/\\\/www.3llideas.com\\\/es\\\/desarrollo-web-a-medida\\\/#breadcrumb\",\"itemListElement\":[{\"@type\":\"ListItem\",\"position\":1,\"name\":\"Portada\",\"item\":\"https:\\\/\\\/www.3llideas.com\\\/es\\\/\"},{\"@type\":\"ListItem\",\"position\":2,\"name\":\"Desarrollo web a medida\"}]},{\"@type\":\"WebSite\",\"@id\":\"https:\\\/\\\/www.3llideas.com\\\/es\\\/#website\",\"url\":\"https:\\\/\\\/www.3llideas.com\\\/es\\\/\",\"name\":\"3llideas.com\",\"description\":\"3llideas, Agencia Ecommerce, Gesti\u00f3n empresarial Microsoft, AWS, Gesti\u00f3n empresarial sage\",\"potentialAction\":[{\"@type\":\"SearchAction\",\"target\":{\"@type\":\"EntryPoint\",\"urlTemplate\":\"https:\\\/\\\/www.3llideas.com\\\/es\\\/?s={search_term_string}\"},\"query-input\":{\"@type\":\"PropertyValueSpecification\",\"valueRequired\":true,\"valueName\":\"search_term_string\"}}],\"inLanguage\":\"es\"}]}<\/script>\n<!-- \/ Yoast SEO Premium plugin. -->","yoast_head_json":{"title":"3llideas: desarrollo web a la medida de tu negocio","description":"Desde 3llideas te ofrecemos la mejor soluci\u00f3n en desarrollo web: una creada a la medida de tu negocio. Tiendas, online, sites, aplicaciones web...","robots":{"index":"index","follow":"follow","max-snippet":"max-snippet:-1","max-image-preview":"max-image-preview:large","max-video-preview":"max-video-preview:-1"},"canonical":"https:\/\/www.3llideas.com\/es\/desarrollo-web-a-medida\/","og_locale":"es_ES","og_type":"article","og_title":"Desarrollo web a medida","og_description":"Desde 3llideas te ofrecemos la mejor soluci\u00f3n en desarrollo web: una creada a la medida de tu negocio. Tiendas, online, sites, aplicaciones web...","og_url":"https:\/\/www.3llideas.com\/es\/desarrollo-web-a-medida\/","og_site_name":"3llideas.com","article_modified_time":"2018-03-20T07:47:56+00:00","og_image":[{"url":"http:\/\/www.3llideas.com\/wp-content\/uploads\/2016\/02\/banner_cabecera_solucion_a_medida.jpg","type":"","width":"","height":""}],"twitter_card":"summary_large_image","twitter_site":"@3llideas","twitter_misc":{"Tiempo de lectura":"5 minutos"},"schema":{"@context":"https:\/\/schema.org","@graph":[{"@type":"WebPage","@id":"https:\/\/www.3llideas.com\/es\/desarrollo-web-a-medida\/","url":"https:\/\/www.3llideas.com\/es\/desarrollo-web-a-medida\/","name":"3llideas: desarrollo web a la medida de tu negocio","isPartOf":{"@id":"https:\/\/www.3llideas.com\/es\/#website"},"primaryImageOfPage":{"@id":"https:\/\/www.3llideas.com\/es\/desarrollo-web-a-medida\/#primaryimage"},"image":{"@id":"https:\/\/www.3llideas.com\/es\/desarrollo-web-a-medida\/#primaryimage"},"thumbnailUrl":"http:\/\/www.3llideas.com\/wp-content\/uploads\/2016\/02\/banner_cabecera_solucion_a_medida.jpg","datePublished":"2016-02-04T08:59:39+00:00","dateModified":"2018-03-20T07:47:56+00:00","description":"Desde 3llideas te ofrecemos la mejor soluci\u00f3n en desarrollo web: una creada a la medida de tu negocio. Tiendas, online, sites, aplicaciones web...","breadcrumb":{"@id":"https:\/\/www.3llideas.com\/es\/desarrollo-web-a-medida\/#breadcrumb"},"inLanguage":"es","potentialAction":[{"@type":"ReadAction","target":["https:\/\/www.3llideas.com\/es\/desarrollo-web-a-medida\/"]}]},{"@type":"ImageObject","inLanguage":"es","@id":"https:\/\/www.3llideas.com\/es\/desarrollo-web-a-medida\/#primaryimage","url":"http:\/\/www.3llideas.com\/wp-content\/uploads\/2016\/02\/banner_cabecera_solucion_a_medida.jpg","contentUrl":"http:\/\/www.3llideas.com\/wp-content\/uploads\/2016\/02\/banner_cabecera_solucion_a_medida.jpg"},{"@type":"BreadcrumbList","@id":"https:\/\/www.3llideas.com\/es\/desarrollo-web-a-medida\/#breadcrumb","itemListElement":[{"@type":"ListItem","position":1,"name":"Portada","item":"https:\/\/www.3llideas.com\/es\/"},{"@type":"ListItem","position":2,"name":"Desarrollo web a medida"}]},{"@type":"WebSite","@id":"https:\/\/www.3llideas.com\/es\/#website","url":"https:\/\/www.3llideas.com\/es\/","name":"3llideas.com","description":"3llideas, Agencia Ecommerce, Gesti\u00f3n empresarial Microsoft, AWS, Gesti\u00f3n empresarial sage","potentialAction":[{"@type":"SearchAction","target":{"@type":"EntryPoint","urlTemplate":"https:\/\/www.3llideas.com\/es\/?s={search_term_string}"},"query-input":{"@type":"PropertyValueSpecification","valueRequired":true,"valueName":"search_term_string"}}],"inLanguage":"es"}]}},"_links":{"self":[{"href":"https:\/\/www.3llideas.com\/es\/wp-json\/wp\/v2\/pages\/922","targetHints":{"allow":["GET"]}}],"collection":[{"href":"https:\/\/www.3llideas.com\/es\/wp-json\/wp\/v2\/pages"}],"about":[{"href":"https:\/\/www.3llideas.com\/es\/wp-json\/wp\/v2\/types\/page"}],"author":[{"embeddable":true,"href":"https:\/\/www.3llideas.com\/es\/wp-json\/wp\/v2\/users\/2"}],"replies":[{"embeddable":true,"href":"https:\/\/www.3llideas.com\/es\/wp-json\/wp\/v2\/comments?post=922"}],"version-history":[{"count":36,"href":"https:\/\/www.3llideas.com\/es\/wp-json\/wp\/v2\/pages\/922\/revisions"}],"predecessor-version":[{"id":2930,"href":"https:\/\/www.3llideas.com\/es\/wp-json\/wp\/v2\/pages\/922\/revisions\/2930"}],"wp:attachment":[{"href":"https:\/\/www.3llideas.com\/es\/wp-json\/wp\/v2\/media?parent=922"}],"curies":[{"name":"wp","href":"https:\/\/api.w.org\/{rel}","templated":true}]}}