{"id":881,"date":"2016-01-27T11:40:28","date_gmt":"2016-01-27T11:40:28","guid":{"rendered":"http:\/\/www.3llideas.com\/?page_id=881"},"modified":"2021-10-06T13:55:07","modified_gmt":"2021-10-06T11:55:07","slug":"saber-mas-3llideas","status":"publish","type":"page","link":"https:\/\/www.3llideas.com\/es\/saber-mas-3llideas\/","title":{"rendered":"Saber m\u00e1s"},"content":{"rendered":"<div class=\"wpb-content-wrapper\"><p>[vc_row css=\u00bb.vc_custom_1521523515266{margin-top: -80px !important;}\u00bb][vc_column][vc_empty_space][vc_column_text]<\/p>\n<h2 style=\"text-align: center;\">Solicitar informaci\u00f3n<\/h2>\n<p>[\/vc_column_text][vc_empty_space][vc_column_text]<strong>\u00bfQuieres m\u00e1s informaci\u00f3n sobre nuestras soluciones tecnol\u00f3gicas, software y servicios?<\/strong> Contacta con nosotros para que te ayudemos a plantear los retos o dudas que tienes en tu negocio. Solicita informaci\u00f3n sin ning\u00fan compromiso, agradeceremos que nos indiques cuales son tus necesidades o cuestiones.<\/p>\n<p>Puedes llamarnos al 935407318 o utilizar el siguiente formulario: s\u00f3lo has de rellenar los campos marcados como requeridos.[\/vc_column_text][vc_empty_space height=\u00bb52px\u00bb][vc_column_text]<\/p>\n<p><a href=\"http:\/\/www.3llideas.com\/wp-content\/uploads\/2016\/01\/cabecera_tu_proyecto2.png\" rel=\"attachment wp-att-1010\"><img loading=\"lazy\" decoding=\"async\" class=\"alignnone wp-image-1012 size-full\" src=\"http:\/\/www.3llideas.com\/wp-content\/uploads\/2016\/01\/cabecera_tu_proyecto2.png\" alt=\"\" width=\"1170\" height=\"300\" srcset=\"https:\/\/www.3llideas.com\/wp-content\/uploads\/2016\/01\/cabecera_tu_proyecto2.png 1170w, https:\/\/www.3llideas.com\/wp-content\/uploads\/2016\/01\/cabecera_tu_proyecto2-300x77.png 300w, https:\/\/www.3llideas.com\/wp-content\/uploads\/2016\/01\/cabecera_tu_proyecto2-768x197.png 768w, https:\/\/www.3llideas.com\/wp-content\/uploads\/2016\/01\/cabecera_tu_proyecto2-1024x263.png 1024w, https:\/\/www.3llideas.com\/wp-content\/uploads\/2016\/01\/cabecera_tu_proyecto2-1087x279.png 1087w\" sizes=\"auto, (max-width: 1170px) 100vw, 1170px\" \/><\/a><\/p>\n<p>[\/vc_column_text][vc_column_text]<script>(function() {\n\twindow.mc4wp = window.mc4wp || {\n\t\tlisteners: [],\n\t\tforms: {\n\t\t\ton: function(evt, cb) {\n\t\t\t\twindow.mc4wp.listeners.push(\n\t\t\t\t\t{\n\t\t\t\t\t\tevent   : evt,\n\t\t\t\t\t\tcallback: cb\n\t\t\t\t\t}\n\t\t\t\t);\n\t\t\t}\n\t\t}\n\t}\n})();\n<\/script><!-- Mailchimp for WordPress v4.12.2 - https:\/\/wordpress.org\/plugins\/mailchimp-for-wp\/ --><form id=\"mc4wp-form-1\" class=\"mc4wp-form mc4wp-form-3670 mc4wp-ajax\" method=\"post\" data-id=\"3670\" data-name=\"Contacto\" ><div class=\"mc4wp-form-fields\"><div style=\"width: 100%;max-width:900px;margin:auto;display:block; box-shadow: 0 4px 8px 0 rgba(0,0,0,0.2), 0 6px 20px 0 rgba(0,0,0,0.19);\">\r\n  <div style=\"padding: 10px;background:rgba(248,248,248,.9);width: calc(100% - 20px); border-bottom: 1px solid #E0E0E0\">\r\n    <span style=\"color:black;\">A trav\u00e9s de este formulario recibiremos informaci\u00f3n para contactar contigo.<\/span>\r\n  <\/div>\r\n  \r\n  <div style=\"padding: 10px;\">\r\n    <div style=\"width: calc(100% - 20px);\">\r\n      <input type=\"text\" name=\"FNAME\" placeholder=\"Nombre y apellidos(requerido)\" required=\"\" style=\"width:100%; margin: 10px 0px; color: black;\">\r\n    <\/div>\r\n    <div style=\"width: calc(100% - 20px);\">\r\n        <input type=\"email\" name=\"EMAIL\" placeholder=\"Tu email(requerido)\" required style=\"width:100%; margin: 10px 0px; color: black;\" \/>\r\n    <\/div>\r\n    <div style=\"width: calc(100% - 20px);\">\r\n        <input type=\"tel\" name=\"MMERGE4\" placeholder=\"Tel\u00e9fono\" style=\"width:100%; margin: 10px 0px; color: black;\">\r\n    <\/div>\r\n    <div style=\"width: calc(100% - 20px);\">\r\n        <input type=\"text\" name=\"MMERGE2\" placeholder=\"Empresa\" style=\"width:100%; margin: 10px 0px; color: black;\">\r\n    <\/div>\r\n\r\n    <div style=\"width: calc(100% - 20px);\">\r\n        <textarea type=\"text\" name=\"MMERGE3\" placeholder=\"Escribe el mensaje(requerido)\" required=\"\" style=\"width:100%; resize: none; height: 100px; margin: 10px 0px; color: black;\"><\/textarea>\r\n    <\/div>\r\n    \r\n    <div>\r\n      <span style=\"font-size: 85%;\">Puede ver las condiciones de protecci\u00f3n de datos <a href=\"http:\/\/www.3llideas.com\/es\/politica-de-privacidad\/\", target=\"black\">aqu\u00ed<\/a><\/span>\r\n    <\/div>\r\n    <div>\r\n      <label style=\"font-size: 85%;\"><input name=\"AGREE_TO_TERMS\" type=\"checkbox\" value=\"1\" required=\"\">He le\u00eddo y acepto los t\u00e9rminos y condiciones<\/label>\r\n    <\/div>\r\n    <div>\r\n      <span style=\"color:black;font-size:75%\">Importante: Recibir\u00e1s un email que deber\u00e1s confirmar tu suscripci\u00f3n para validar tu consentimiento permiti\u00e9ndonos contactar contigo.<\/span>\r\n    <\/div>\r\n  <\/div>\r\n  \r\n  <div style=\"background:rgba(248,248,248,.9);width: 100%; border-top: 1px solid #E0E0E0; height: 100%;\">\r\n      <input type=\"submit\" value=\"Enviar\" style=\"display:block;margin:15px auto;\" \/>\r\n  <\/div>\r\n  <br \/>\r\n<\/div><\/div><label style=\"display: none !important;\">Deja vac\u00edo este campo si eres humano: <input type=\"text\" name=\"_mc4wp_honeypot\" value=\"\" tabindex=\"-1\" autocomplete=\"off\" \/><\/label><input type=\"hidden\" name=\"_mc4wp_timestamp\" value=\"1777063516\" \/><input type=\"hidden\" name=\"_mc4wp_form_id\" value=\"3670\" \/><input type=\"hidden\" name=\"_mc4wp_form_element_id\" value=\"mc4wp-form-1\" \/><div class=\"mc4wp-response\"><\/div><\/form><!-- \/ Mailchimp for WordPress Plugin -->[\/vc_column_text][\/vc_column][\/vc_row]<\/p>\n<\/div>","protected":false},"excerpt":{"rendered":"<p>[vc_row css=\u00bb.vc_custom_1521523515266{margin-top: -80px !important;}\u00bb][vc_column][vc_empty_space][vc_column_text] Solicitar informaci\u00f3n [\/vc_column_text][vc_empty_space][vc_column_text]\u00bfQuieres m\u00e1s informaci\u00f3n sobre nuestras soluciones tecnol\u00f3gicas, software y servicios? Contacta con nosotros para&#8230;<\/p>\n","protected":false},"author":2,"featured_media":0,"parent":0,"menu_order":0,"comment_status":"closed","ping_status":"closed","template":"","meta":{"footnotes":""},"class_list":["post-881","page","type-page","status-publish","hentry"],"yoast_head":"<!-- This site is optimized with the Yoast SEO Premium plugin v18.4 (Yoast SEO v27.4) - https:\/\/yoast.com\/product\/yoast-seo-premium-wordpress\/ -->\n<title>Contacta con 3llideas para solicitar m\u00e1s informaci\u00f3n<\/title>\n<meta name=\"description\" content=\"Est\u00e1s interesado en servicios ecommerce o gesti\u00f3n empresarial. Contacta con nosotros a trav\u00e9s de este formulario y solicita informaci\u00f3n.\" \/>\n<meta name=\"robots\" content=\"index, follow, max-snippet:-1, max-image-preview:large, max-video-preview:-1\" \/>\n<link rel=\"canonical\" href=\"https:\/\/www.3llideas.com\/es\/saber-mas-3llideas\/\" \/>\n<meta property=\"og:locale\" content=\"es_ES\" \/>\n<meta property=\"og:type\" content=\"article\" \/>\n<meta property=\"og:title\" content=\"Saber m\u00e1s\" \/>\n<meta property=\"og:description\" content=\"Est\u00e1s interesado en servicios ecommerce o gesti\u00f3n empresarial. Contacta con nosotros a trav\u00e9s de este formulario y solicita informaci\u00f3n.\" \/>\n<meta property=\"og:url\" content=\"https:\/\/www.3llideas.com\/es\/saber-mas-3llideas\/\" \/>\n<meta property=\"og:site_name\" content=\"3llideas.com\" \/>\n<meta property=\"article:modified_time\" content=\"2021-10-06T11:55:07+00:00\" \/>\n<meta property=\"og:image\" content=\"http:\/\/www.3llideas.com\/wp-content\/uploads\/2016\/01\/cabecera_tu_proyecto2.png\" \/>\n<meta name=\"twitter:card\" content=\"summary_large_image\" \/>\n<meta name=\"twitter:site\" content=\"@3llideas\" \/>\n<meta name=\"twitter:label1\" content=\"Tiempo de lectura\" \/>\n\t<meta name=\"twitter:data1\" content=\"1 minuto\" \/>\n<script type=\"application\/ld+json\" class=\"yoast-schema-graph\">{\"@context\":\"https:\\\/\\\/schema.org\",\"@graph\":[{\"@type\":\"WebPage\",\"@id\":\"https:\\\/\\\/www.3llideas.com\\\/es\\\/saber-mas-3llideas\\\/\",\"url\":\"https:\\\/\\\/www.3llideas.com\\\/es\\\/saber-mas-3llideas\\\/\",\"name\":\"Contacta con 3llideas para solicitar m\u00e1s informaci\u00f3n\",\"isPartOf\":{\"@id\":\"https:\\\/\\\/www.3llideas.com\\\/es\\\/#website\"},\"primaryImageOfPage\":{\"@id\":\"https:\\\/\\\/www.3llideas.com\\\/es\\\/saber-mas-3llideas\\\/#primaryimage\"},\"image\":{\"@id\":\"https:\\\/\\\/www.3llideas.com\\\/es\\\/saber-mas-3llideas\\\/#primaryimage\"},\"thumbnailUrl\":\"http:\\\/\\\/www.3llideas.com\\\/wp-content\\\/uploads\\\/2016\\\/01\\\/cabecera_tu_proyecto2.png\",\"datePublished\":\"2016-01-27T11:40:28+00:00\",\"dateModified\":\"2021-10-06T11:55:07+00:00\",\"description\":\"Est\u00e1s interesado en servicios ecommerce o gesti\u00f3n empresarial. Contacta con nosotros a trav\u00e9s de este formulario y solicita informaci\u00f3n.\",\"breadcrumb\":{\"@id\":\"https:\\\/\\\/www.3llideas.com\\\/es\\\/saber-mas-3llideas\\\/#breadcrumb\"},\"inLanguage\":\"es\",\"potentialAction\":[{\"@type\":\"ReadAction\",\"target\":[\"https:\\\/\\\/www.3llideas.com\\\/es\\\/saber-mas-3llideas\\\/\"]}]},{\"@type\":\"ImageObject\",\"inLanguage\":\"es\",\"@id\":\"https:\\\/\\\/www.3llideas.com\\\/es\\\/saber-mas-3llideas\\\/#primaryimage\",\"url\":\"http:\\\/\\\/www.3llideas.com\\\/wp-content\\\/uploads\\\/2016\\\/01\\\/cabecera_tu_proyecto2.png\",\"contentUrl\":\"http:\\\/\\\/www.3llideas.com\\\/wp-content\\\/uploads\\\/2016\\\/01\\\/cabecera_tu_proyecto2.png\"},{\"@type\":\"BreadcrumbList\",\"@id\":\"https:\\\/\\\/www.3llideas.com\\\/es\\\/saber-mas-3llideas\\\/#breadcrumb\",\"itemListElement\":[{\"@type\":\"ListItem\",\"position\":1,\"name\":\"Portada\",\"item\":\"https:\\\/\\\/www.3llideas.com\\\/es\\\/\"},{\"@type\":\"ListItem\",\"position\":2,\"name\":\"Saber m\u00e1s\"}]},{\"@type\":\"WebSite\",\"@id\":\"https:\\\/\\\/www.3llideas.com\\\/es\\\/#website\",\"url\":\"https:\\\/\\\/www.3llideas.com\\\/es\\\/\",\"name\":\"3llideas.com\",\"description\":\"3llideas, Agencia Ecommerce, Gesti\u00f3n empresarial Microsoft, AWS, Gesti\u00f3n empresarial sage\",\"potentialAction\":[{\"@type\":\"SearchAction\",\"target\":{\"@type\":\"EntryPoint\",\"urlTemplate\":\"https:\\\/\\\/www.3llideas.com\\\/es\\\/?s={search_term_string}\"},\"query-input\":{\"@type\":\"PropertyValueSpecification\",\"valueRequired\":true,\"valueName\":\"search_term_string\"}}],\"inLanguage\":\"es\"}]}<\/script>\n<!-- \/ Yoast SEO Premium plugin. -->","yoast_head_json":{"title":"Contacta con 3llideas para solicitar m\u00e1s informaci\u00f3n","description":"Est\u00e1s interesado en servicios ecommerce o gesti\u00f3n empresarial. Contacta con nosotros a trav\u00e9s de este formulario y solicita informaci\u00f3n.","robots":{"index":"index","follow":"follow","max-snippet":"max-snippet:-1","max-image-preview":"max-image-preview:large","max-video-preview":"max-video-preview:-1"},"canonical":"https:\/\/www.3llideas.com\/es\/saber-mas-3llideas\/","og_locale":"es_ES","og_type":"article","og_title":"Saber m\u00e1s","og_description":"Est\u00e1s interesado en servicios ecommerce o gesti\u00f3n empresarial. Contacta con nosotros a trav\u00e9s de este formulario y solicita informaci\u00f3n.","og_url":"https:\/\/www.3llideas.com\/es\/saber-mas-3llideas\/","og_site_name":"3llideas.com","article_modified_time":"2021-10-06T11:55:07+00:00","og_image":[{"url":"http:\/\/www.3llideas.com\/wp-content\/uploads\/2016\/01\/cabecera_tu_proyecto2.png","type":"","width":"","height":""}],"twitter_card":"summary_large_image","twitter_site":"@3llideas","twitter_misc":{"Tiempo de lectura":"1 minuto"},"schema":{"@context":"https:\/\/schema.org","@graph":[{"@type":"WebPage","@id":"https:\/\/www.3llideas.com\/es\/saber-mas-3llideas\/","url":"https:\/\/www.3llideas.com\/es\/saber-mas-3llideas\/","name":"Contacta con 3llideas para solicitar m\u00e1s informaci\u00f3n","isPartOf":{"@id":"https:\/\/www.3llideas.com\/es\/#website"},"primaryImageOfPage":{"@id":"https:\/\/www.3llideas.com\/es\/saber-mas-3llideas\/#primaryimage"},"image":{"@id":"https:\/\/www.3llideas.com\/es\/saber-mas-3llideas\/#primaryimage"},"thumbnailUrl":"http:\/\/www.3llideas.com\/wp-content\/uploads\/2016\/01\/cabecera_tu_proyecto2.png","datePublished":"2016-01-27T11:40:28+00:00","dateModified":"2021-10-06T11:55:07+00:00","description":"Est\u00e1s interesado en servicios ecommerce o gesti\u00f3n empresarial. Contacta con nosotros a trav\u00e9s de este formulario y solicita informaci\u00f3n.","breadcrumb":{"@id":"https:\/\/www.3llideas.com\/es\/saber-mas-3llideas\/#breadcrumb"},"inLanguage":"es","potentialAction":[{"@type":"ReadAction","target":["https:\/\/www.3llideas.com\/es\/saber-mas-3llideas\/"]}]},{"@type":"ImageObject","inLanguage":"es","@id":"https:\/\/www.3llideas.com\/es\/saber-mas-3llideas\/#primaryimage","url":"http:\/\/www.3llideas.com\/wp-content\/uploads\/2016\/01\/cabecera_tu_proyecto2.png","contentUrl":"http:\/\/www.3llideas.com\/wp-content\/uploads\/2016\/01\/cabecera_tu_proyecto2.png"},{"@type":"BreadcrumbList","@id":"https:\/\/www.3llideas.com\/es\/saber-mas-3llideas\/#breadcrumb","itemListElement":[{"@type":"ListItem","position":1,"name":"Portada","item":"https:\/\/www.3llideas.com\/es\/"},{"@type":"ListItem","position":2,"name":"Saber m\u00e1s"}]},{"@type":"WebSite","@id":"https:\/\/www.3llideas.com\/es\/#website","url":"https:\/\/www.3llideas.com\/es\/","name":"3llideas.com","description":"3llideas, Agencia Ecommerce, Gesti\u00f3n empresarial Microsoft, AWS, Gesti\u00f3n empresarial sage","potentialAction":[{"@type":"SearchAction","target":{"@type":"EntryPoint","urlTemplate":"https:\/\/www.3llideas.com\/es\/?s={search_term_string}"},"query-input":{"@type":"PropertyValueSpecification","valueRequired":true,"valueName":"search_term_string"}}],"inLanguage":"es"}]}},"_links":{"self":[{"href":"https:\/\/www.3llideas.com\/es\/wp-json\/wp\/v2\/pages\/881","targetHints":{"allow":["GET"]}}],"collection":[{"href":"https:\/\/www.3llideas.com\/es\/wp-json\/wp\/v2\/pages"}],"about":[{"href":"https:\/\/www.3llideas.com\/es\/wp-json\/wp\/v2\/types\/page"}],"author":[{"embeddable":true,"href":"https:\/\/www.3llideas.com\/es\/wp-json\/wp\/v2\/users\/2"}],"replies":[{"embeddable":true,"href":"https:\/\/www.3llideas.com\/es\/wp-json\/wp\/v2\/comments?post=881"}],"version-history":[{"count":26,"href":"https:\/\/www.3llideas.com\/es\/wp-json\/wp\/v2\/pages\/881\/revisions"}],"predecessor-version":[{"id":8332,"href":"https:\/\/www.3llideas.com\/es\/wp-json\/wp\/v2\/pages\/881\/revisions\/8332"}],"wp:attachment":[{"href":"https:\/\/www.3llideas.com\/es\/wp-json\/wp\/v2\/media?parent=881"}],"curies":[{"name":"wp","href":"https:\/\/api.w.org\/{rel}","templated":true}]}}