{"id":827,"date":"2016-01-26T12:13:56","date_gmt":"2016-01-26T12:13:56","guid":{"rendered":"http:\/\/www.3llideas.com\/?page_id=827"},"modified":"2018-09-21T10:43:20","modified_gmt":"2018-09-21T10:43:20","slug":"servicios","status":"publish","type":"page","link":"https:\/\/www.3llideas.com\/es\/servicios\/","title":{"rendered":"Servicios"},"content":{"rendered":"<div class=\"wpb-content-wrapper\"><p>[vc_row][vc_column width=\u00bb1\/4&#8243;]<\/p>\n<div class=\"quickfinder\">\n<ul class=\"styled\">\n<li class=\"lazy-loading\" data-ll-finish-delay=\"200\"><a href=\"http:\/\/www.3llideas.com\/es\/servicios\/desarrollo-web\/\" class=\"clearfix\" target=\"_self\"><span class=\"image thumb lazy-loading-item\" data-ll-item-delay=\"0\" data-ll-effect=\"clip\"><img decoding=\"async\" src=\"https:\/\/www.3llideas.com\/wp-content\/uploads\/2016\/02\/circle_desarrollo_web-170x170.jpg\" alt=\"\" \/><span class=\"overlay\"><\/span><\/span><span class=\"lazy-loading-item caption\" data-ll-item-delay=\"200\" data-ll-effect=\"fading\"><span class=\"title\"><\/span><\/span><\/a><\/li>\n<\/ul>\n<\/div>\n<p>[\/vc_column][vc_column width=\u00bb1\/2&#8243;][vc_empty_space height=\u00bb72px\u00bb][vc_column_text css_animation=\u00bbbottom-to-top\u00bb]<\/p>\n<h2><span style=\"color: #ffa588;\"><strong><a style=\"text-decoration: none; color: #ffa588;\" href=\"http:\/\/www.3llideas.com\/es\/servicios\/desarrollo-web\/\">DESARROLLO WEB<\/a><\/strong><\/span><\/h2>\n<p class=\"p1\"><span class=\"s1\">Podemos desarrollar tu proyecto acorde con sus necesidades para que destaque en internet.<\/span><\/p>\n<p>[\/vc_column_text][\/vc_column][vc_column width=\u00bb1\/4&#8243;][vc_empty_space height=\u00bb92px\u00bb]<a class=\"button\" href=\"\/servicios\/desarrollo-web\/\" target=\"_self\" style=\"background-color: #48afdb;\">SABER M\u00c1S<\/a>[\/vc_column][\/vc_row][vc_row][vc_column]<\/p>\n<div class=\"divider\" style=\"border-color: #c9c9c9\"><\/div>\n<p>[\/vc_column][\/vc_row][vc_row][vc_column width=\u00bb1\/4&#8243;]<\/p>\n<div class=\"quickfinder\">\n<ul class=\"styled\">\n<li class=\"lazy-loading\" data-ll-finish-delay=\"200\"><a href=\"http:\/\/www.3llideas.com\/es\/servicios\/tiendas-online\/\" class=\"clearfix\" target=\"_self\"><span class=\"image thumb lazy-loading-item\" data-ll-item-delay=\"0\" data-ll-effect=\"clip\"><img decoding=\"async\" src=\"https:\/\/www.3llideas.com\/wp-content\/uploads\/2016\/01\/quickfinder_spree-170x170.jpg\" alt=\"\" \/><span class=\"overlay\"><\/span><\/span><span class=\"lazy-loading-item caption\" data-ll-item-delay=\"200\" data-ll-effect=\"fading\"><span class=\"title\"><\/span><\/span><\/a><\/li>\n<\/ul>\n<\/div>\n<p>[\/vc_column][vc_column width=\u00bb1\/2&#8243;][vc_empty_space height=\u00bb72px\u00bb][vc_column_text css_animation=\u00bbbottom-to-top\u00bb]<\/p>\n<h2><span style=\"color: #ffa588;\"><strong><a style=\"text-decoration: none; color: #ffa588;\" href=\"http:\/\/www.3llideas.com\/es\/servicios\/tiendas-online\/\">TIENDAS ONLINE<\/a><\/strong><\/span><\/h2>\n<p>Desarrollamos tu tienda online utilizando Spree y Solidus, plataformas de ecommerce open source.[\/vc_column_text][\/vc_column][vc_column width=\u00bb1\/4&#8243;][vc_empty_space height=\u00bb92px\u00bb]<a class=\"button\" href=\"\/servicios\/tiendas-online\/\" target=\"_self\" style=\"background-color: #48afdb;\">SABER M\u00c1S<\/a>[\/vc_column][\/vc_row][vc_row][vc_column]<\/p>\n<div class=\"divider\" style=\"border-color: #c9c9c9\"><\/div>\n<p>[\/vc_column][\/vc_row][vc_row][vc_column width=\u00bb1\/4&#8243;]<\/p>\n<div class=\"quickfinder\">\n<ul class=\"styled\">\n<li class=\"lazy-loading\" data-ll-finish-delay=\"200\"><a href=\"http:\/\/www.3llideas.com\/es\/servicios\/migra-tienda-online\/\" class=\"clearfix\" target=\"_self\"><span class=\"image thumb lazy-loading-item\" data-ll-item-delay=\"0\" data-ll-effect=\"clip\"><img decoding=\"async\" src=\"https:\/\/www.3llideas.com\/wp-content\/uploads\/2016\/02\/migracion-170x170.jpg\" alt=\"\" \/><span class=\"overlay\"><\/span><\/span><span class=\"lazy-loading-item caption\" data-ll-item-delay=\"200\" data-ll-effect=\"fading\"><span class=\"title\"><\/span><\/span><\/a><\/li>\n<\/ul>\n<\/div>\n<p>[\/vc_column][vc_column width=\u00bb1\/2&#8243;][vc_empty_space height=\u00bb72px\u00bb][vc_column_text css_animation=\u00bbbottom-to-top\u00bb]<\/p>\n<h2><span style=\"color: #ffa588;\"><strong><a style=\"text-decoration: none; color: #ffa588;\" href=\"http:\/\/www.3llideas.com\/es\/servicios\/migra-tienda-online\/\">MIGRA TU TIENDA ONLINE<\/a><\/strong><\/span><\/h2>\n<p>Si sientes que tu negocio no se comporta como a ti te gustar\u00eda, podemos ayudarte en la migraci\u00f3n de tu tienda a nuestra soluci\u00f3n a medida.[\/vc_column_text][\/vc_column][vc_column width=\u00bb1\/4&#8243;][vc_empty_space height=\u00bb92px\u00bb]<a class=\"button\" href=\"\/servicios\/migra-tienda-online\/\" target=\"_self\" style=\"background-color: #48afdb;\">SABER M\u00c1S<\/a>[\/vc_column][\/vc_row][vc_row][vc_column]<\/p>\n<div class=\"divider\" style=\"border-color: #c9c9c9\"><\/div>\n<p>[\/vc_column][\/vc_row][vc_row][vc_column width=\u00bb1\/4&#8243;]<\/p>\n<div class=\"quickfinder\">\n<ul class=\"styled\">\n<li class=\"lazy-loading\" data-ll-finish-delay=\"200\"><a href=\"http:\/\/www.3llideas.com\/es\/servicios\/tiendas-online\/\" class=\"clearfix\" target=\"_self\"><span class=\"image thumb lazy-loading-item\" data-ll-item-delay=\"0\" data-ll-effect=\"clip\"><img decoding=\"async\" src=\"https:\/\/www.3llideas.com\/wp-content\/uploads\/2016\/02\/circle_gestionamos_tienda_online-170x170.jpg\" alt=\"\" \/><span class=\"overlay\"><\/span><\/span><span class=\"lazy-loading-item caption\" data-ll-item-delay=\"200\" data-ll-effect=\"fading\"><span class=\"title\"><\/span><\/span><\/a><\/li>\n<\/ul>\n<\/div>\n<p>[\/vc_column][vc_column width=\u00bb1\/2&#8243;][vc_empty_space height=\u00bb72px\u00bb][vc_column_text css_animation=\u00bbbottom-to-top\u00bb]<\/p>\n<h2><span style=\"color: #ffa588;\"><strong><a style=\"text-decoration: none; color: #ffa588;\" href=\"http:\/\/www.3llideas.com\/es\/servicios\/gestionamos-tienda-online\/\">GESTIONAMOS TU TIENDA ONLINE<\/a><\/strong><\/span><\/h2>\n<p class=\"p1\"><span class=\"s1\">Deja tu tienda online en nuestras manos: la gestionaremos para que no debas preocuparte de su administraci\u00f3n.<\/span><\/p>\n<p>[\/vc_column_text][\/vc_column][vc_column width=\u00bb1\/4&#8243;][vc_empty_space height=\u00bb92px\u00bb]<a class=\"button\" href=\"\/servicios\/gestionamos-tienda-online\/\" target=\"_self\" style=\"background-color: #48afdb;\">SABER M\u00c1S<\/a>[\/vc_column][\/vc_row][vc_row][vc_column]<\/p>\n<div class=\"divider\" style=\"border-color: #c9c9c9\"><\/div>\n<p>[\/vc_column][\/vc_row][vc_row][vc_column width=\u00bb1\/4&#8243;]<\/p>\n<div class=\"quickfinder\">\n<ul class=\"styled\">\n<li class=\"lazy-loading\" data-ll-finish-delay=\"200\"><a href=\"http:\/\/www.3llideas.com\/es\/servicios\/integracion-erp\/\" class=\"clearfix\" target=\"_self\"><span class=\"image thumb lazy-loading-item\" data-ll-item-delay=\"0\" data-ll-effect=\"clip\"><img decoding=\"async\" src=\"https:\/\/www.3llideas.com\/wp-content\/uploads\/2016\/01\/erp_quick-170x170.jpg\" alt=\"\" \/><span class=\"overlay\"><\/span><\/span><span class=\"lazy-loading-item caption\" data-ll-item-delay=\"200\" data-ll-effect=\"fading\"><span class=\"title\"><\/span><\/span><\/a><\/li>\n<\/ul>\n<\/div>\n<p>[\/vc_column][vc_column width=\u00bb1\/2&#8243;][vc_empty_space height=\u00bb72px\u00bb][vc_column_text css_animation=\u00bbbottom-to-top\u00bb]<\/p>\n<h2><span style=\"color: #ffa588;\"><strong><a style=\"text-decoration: none; color: #ffa588;\" href=\"http:\/\/www.3llideas.com\/es\/servicios\/integracion-erp\/\">INTEGRACI\u00d3N ERP<\/a><\/strong><\/span><\/h2>\n<p>Te ofrecemos una tienda online integrada al 100 % con el ERP de tu empresa. Microsoft Dynamics AX, Microsoft Dynamics Nav, SAP&#8230;[\/vc_column_text][\/vc_column][vc_column width=\u00bb1\/4&#8243;][vc_empty_space height=\u00bb92px\u00bb]<a class=\"button\" href=\"http:\/\/www.3llideas.com\/servicios\/integracion-erp\/\" target=\"_self\" style=\"background-color: #48afdb;\">SABER M\u00c1S<\/a>[\/vc_column][\/vc_row][vc_row][vc_column]<\/p>\n<div class=\"divider\" style=\"border-color: #c9c9c9\"><\/div>\n<p>[\/vc_column][\/vc_row][vc_row][vc_column width=\u00bb1\/4&#8243;]<\/p>\n<div class=\"quickfinder\">\n<ul class=\"styled\">\n<li class=\"lazy-loading\" data-ll-finish-delay=\"200\"><a href=\"http:\/\/www.3llideas.com\/es\/servicios\/marketing-online\/\" class=\"clearfix\" target=\"_self\"><span class=\"image thumb lazy-loading-item\" data-ll-item-delay=\"0\" data-ll-effect=\"clip\"><img decoding=\"async\" src=\"https:\/\/www.3llideas.com\/wp-content\/uploads\/2016\/01\/Fotolia_91732411_Subscription_Monthly_M-170x170.jpg\" alt=\"\" \/><span class=\"overlay\"><\/span><\/span><span class=\"lazy-loading-item caption\" data-ll-item-delay=\"200\" data-ll-effect=\"fading\"><span class=\"title\"><\/span><\/span><\/a><\/li>\n<\/ul>\n<\/div>\n<p>[\/vc_column][vc_column width=\u00bb1\/2&#8243;][vc_empty_space height=\u00bb72px\u00bb][vc_column_text css_animation=\u00bbbottom-to-top\u00bb]<\/p>\n<h2><span style=\"color: #ffa588;\"><strong><a style=\"text-decoration: none; color: #ffa588;\" href=\"http:\/\/www.3llideas.com\/es\/servicios\/marketing-online\/\">MARKETING ONLINE<\/a><\/strong><\/span><\/h2>\n<p>Potenciamos tu negocio utilizando todos los canales de marketing a trav\u00e9s de internet. SEO, SEM, Social, Inbound Marketing&#8230;[\/vc_column_text][\/vc_column][vc_column width=\u00bb1\/4&#8243;][vc_empty_space height=\u00bb92px\u00bb]<a class=\"button\" href=\"\/es\/servicios\/marketing-online\/\" target=\"_self\" style=\"background-color: #48afdb;\">SABER M\u00c1S<\/a>[\/vc_column][\/vc_row][vc_row][vc_column width=\u00bb1\/4&#8243;]<\/p>\n<div class=\"quickfinder\">\n<ul class=\"styled\">\n<li class=\"lazy-loading\" data-ll-finish-delay=\"200\"><a href=\"http:\/\/www.3llideas.com\/es\/servicios\/diseno-graficoweb-y-branding\/\" class=\"clearfix\" target=\"_self\"><span class=\"image thumb lazy-loading-item\" data-ll-item-delay=\"0\" data-ll-effect=\"clip\"><img decoding=\"async\" src=\"https:\/\/www.3llideas.com\/wp-content\/uploads\/2016\/02\/branding-170x170.jpg\" alt=\"\" \/><span class=\"overlay\"><\/span><\/span><span class=\"lazy-loading-item caption\" data-ll-item-delay=\"200\" data-ll-effect=\"fading\"><span class=\"title\"><\/span><\/span><\/a><\/li>\n<\/ul>\n<\/div>\n<p>[\/vc_column][vc_column width=\u00bb1\/2&#8243;][vc_empty_space height=\u00bb72px\u00bb][vc_column_text css_animation=\u00bbbottom-to-top\u00bb]<\/p>\n<h2><span style=\"color: #ffa588;\"><strong><a style=\"text-decoration: none; color: #ffa588;\" href=\"http:\/\/www.3llideas.com\/es\/servicios\/diseno-graficoweb-y-branding\/\">DISE\u00d1O GR\u00c1FICO\/WEB Y BRANDING<\/a><\/strong><\/span><\/h2>\n<p>Te ayudamos a desarrollar la parte visual y est\u00e9tica de tu proyecto, tocando las teclas necesarias para hacer vibrar a tus clientes[\/vc_column_text][\/vc_column][vc_column width=\u00bb1\/4&#8243;][vc_empty_space height=\u00bb92px\u00bb]<a class=\"button\" href=\"\/es\/servicios\/diseno-graficoweb-y-branding\/\" target=\"_self\" style=\"background-color: #48afdb;\">SABER M\u00c1S<\/a>[\/vc_column][\/vc_row][vc_row][vc_column]<\/p>\n<div class=\"divider\" style=\"border-color: #c9c9c9\"><\/div>\n<p>[\/vc_column][\/vc_row][vc_row][vc_column width=\u00bb1\/4&#8243;]<\/p>\n<div class=\"quickfinder\">\n<ul class=\"styled\">\n<li class=\"lazy-loading\" data-ll-finish-delay=\"200\"><a href=\"http:\/\/www.3llideas.com\/es\/servicios\/hosting-y-asesoramiento-tecnico\/\" class=\"clearfix\" target=\"_self\"><span class=\"image thumb lazy-loading-item\" data-ll-item-delay=\"0\" data-ll-effect=\"clip\"><img decoding=\"async\" src=\"https:\/\/www.3llideas.com\/wp-content\/uploads\/2016\/02\/circle_hosting-170x170.jpg\" alt=\"\" \/><span class=\"overlay\"><\/span><\/span><span class=\"lazy-loading-item caption\" data-ll-item-delay=\"200\" data-ll-effect=\"fading\"><span class=\"title\"><\/span><\/span><\/a><\/li>\n<\/ul>\n<\/div>\n<p>[\/vc_column][vc_column width=\u00bb1\/2&#8243;][vc_empty_space height=\u00bb72px\u00bb][vc_column_text css_animation=\u00bbbottom-to-top\u00bb]<\/p>\n<h2><span style=\"color: #ffa588;\"><strong><a style=\"text-decoration: none; color: #ffa588;\" href=\"http:\/\/www.3llideas.com\/es\/servicios\/hosting-y-asesoramiento-tecnico\/\">HOSTING Y ASESORAMIENTO T\u00c9CNICO<\/a><\/strong><\/span><\/h2>\n<p class=\"p1\"><span class=\"s1\">Te ofrecemos servicios de hosting, optimizaci\u00f3n de servidores, seguridad y asesoramiento t\u00e9cnico en temas relacionados.<\/span><\/p>\n<p>[\/vc_column_text][\/vc_column][vc_column width=\u00bb1\/4&#8243;][vc_empty_space height=\u00bb92px\u00bb]<a class=\"button\" href=\"\/servicios\/hosting-y-asesoramiento-tecnico\/\" target=\"_self\" style=\"background-color: #48afdb;\">SABER M\u00c1S<\/a>[\/vc_column][\/vc_row][vc_row][vc_column]<\/p>\n<div class=\"divider\" style=\"border-color: #c9c9c9\"><\/div>\n<p>[\/vc_column][\/vc_row][vc_row][vc_column width=\u00bb1\/4&#8243;]<\/p>\n<div class=\"quickfinder\">\n<ul class=\"styled\">\n<li class=\"lazy-loading\" data-ll-finish-delay=\"200\"><a href=\"http:\/\/www.3llideas.com\/es\/servicios\/outsourcing\/\" class=\"clearfix\" target=\"_self\"><span class=\"image thumb lazy-loading-item\" data-ll-item-delay=\"0\" data-ll-effect=\"clip\"><img decoding=\"async\" src=\"https:\/\/www.3llideas.com\/wp-content\/uploads\/2016\/01\/outsourcing_quick-170x170.jpg\" alt=\"\" \/><span class=\"overlay\"><\/span><\/span><span class=\"lazy-loading-item caption\" data-ll-item-delay=\"200\" data-ll-effect=\"fading\"><span class=\"title\"><\/span><\/span><\/a><\/li>\n<\/ul>\n<\/div>\n<p>[\/vc_column][vc_column width=\u00bb1\/2&#8243;][vc_empty_space height=\u00bb72px\u00bb][vc_column_text css_animation=\u00bbbottom-to-top\u00bb]<\/p>\n<h2><span style=\"color: #ffa588;\"><strong><a style=\"text-decoration: none; color: #ffa588;\" href=\"http:\/\/www.3llideas.com\/es\/servicios\/outsourcing\/\">OUTSOURCING<\/a><\/strong><\/span><\/h2>\n<p>Deja en nuestras manos las \u00e1reas menos decisivas de tu empresa y ded\u00edcale todo el esfuerzo a aquellas que impulsen directamente su crecimiento.[\/vc_column_text][\/vc_column][vc_column width=\u00bb1\/4&#8243;][vc_empty_space height=\u00bb92px\u00bb]<a class=\"button\" href=\"\/servicios\/outsourcing\/\" target=\"_self\" style=\"background-color: #48afdb;\">SABER M\u00c1S<\/a>[\/vc_column][\/vc_row]<\/p>\n<\/div>","protected":false},"excerpt":{"rendered":"<p>[vc_row][vc_column width=\u00bb1\/4&#8243;][\/vc_column][vc_column width=\u00bb1\/2&#8243;][vc_empty_space height=\u00bb72px\u00bb][vc_column_text css_animation=\u00bbbottom-to-top\u00bb] DESARROLLO WEB Podemos desarrollar tu proyecto acorde con sus necesidades para que destaque en internet&#8230;.<\/p>\n","protected":false},"author":1,"featured_media":0,"parent":0,"menu_order":0,"comment_status":"closed","ping_status":"closed","template":"","meta":{"footnotes":""},"class_list":["post-827","page","type-page","status-publish","hentry"],"yoast_head":"<!-- This site is optimized with the Yoast SEO Premium plugin v18.4 (Yoast SEO v27.5) - https:\/\/yoast.com\/product\/yoast-seo-premium-wordpress\/ -->\n<title>Servicios de 3llideas: tiendas online, marketing, ERP...<\/title>\n<meta name=\"description\" content=\"3llideas es una empresa de desarrollo web que ofrece servicios de creaci\u00f3n de tiendas online, SEO, SEM, marketing online, asesoramiento tecnol\u00f3gico...\" \/>\n<meta name=\"robots\" content=\"index, follow, max-snippet:-1, max-image-preview:large, max-video-preview:-1\" \/>\n<link rel=\"canonical\" href=\"https:\/\/www.3llideas.com\/es\/servicios\/\" \/>\n<meta property=\"og:locale\" content=\"es_ES\" \/>\n<meta property=\"og:type\" content=\"article\" \/>\n<meta property=\"og:title\" content=\"Servicios\" \/>\n<meta property=\"og:description\" content=\"3llideas es una empresa de desarrollo web que ofrece servicios de creaci\u00f3n de tiendas online, SEO, SEM, marketing online, asesoramiento tecnol\u00f3gico...\" \/>\n<meta property=\"og:url\" content=\"https:\/\/www.3llideas.com\/es\/servicios\/\" \/>\n<meta property=\"og:site_name\" content=\"3llideas.com\" \/>\n<meta property=\"article:modified_time\" content=\"2018-09-21T10:43:20+00:00\" \/>\n<meta name=\"twitter:card\" content=\"summary_large_image\" \/>\n<meta name=\"twitter:site\" content=\"@3llideas\" \/>\n<meta name=\"twitter:label1\" content=\"Tiempo de lectura\" \/>\n\t<meta name=\"twitter:data1\" content=\"4 minutos\" \/>\n<script type=\"application\/ld+json\" class=\"yoast-schema-graph\">{\"@context\":\"https:\\\/\\\/schema.org\",\"@graph\":[{\"@type\":\"WebPage\",\"@id\":\"https:\\\/\\\/www.3llideas.com\\\/es\\\/servicios\\\/\",\"url\":\"https:\\\/\\\/www.3llideas.com\\\/es\\\/servicios\\\/\",\"name\":\"Servicios de 3llideas: tiendas online, marketing, ERP...\",\"isPartOf\":{\"@id\":\"https:\\\/\\\/www.3llideas.com\\\/es\\\/#website\"},\"datePublished\":\"2016-01-26T12:13:56+00:00\",\"dateModified\":\"2018-09-21T10:43:20+00:00\",\"description\":\"3llideas es una empresa de desarrollo web que ofrece servicios de creaci\u00f3n de tiendas online, SEO, SEM, marketing online, asesoramiento tecnol\u00f3gico...\",\"breadcrumb\":{\"@id\":\"https:\\\/\\\/www.3llideas.com\\\/es\\\/servicios\\\/#breadcrumb\"},\"inLanguage\":\"es\",\"potentialAction\":[{\"@type\":\"ReadAction\",\"target\":[\"https:\\\/\\\/www.3llideas.com\\\/es\\\/servicios\\\/\"]}]},{\"@type\":\"BreadcrumbList\",\"@id\":\"https:\\\/\\\/www.3llideas.com\\\/es\\\/servicios\\\/#breadcrumb\",\"itemListElement\":[{\"@type\":\"ListItem\",\"position\":1,\"name\":\"Portada\",\"item\":\"https:\\\/\\\/www.3llideas.com\\\/es\\\/\"},{\"@type\":\"ListItem\",\"position\":2,\"name\":\"Servicios\"}]},{\"@type\":\"WebSite\",\"@id\":\"https:\\\/\\\/www.3llideas.com\\\/es\\\/#website\",\"url\":\"https:\\\/\\\/www.3llideas.com\\\/es\\\/\",\"name\":\"3llideas.com\",\"description\":\"3llideas, Agencia Ecommerce, Gesti\u00f3n empresarial Microsoft, AWS, Gesti\u00f3n empresarial sage\",\"potentialAction\":[{\"@type\":\"SearchAction\",\"target\":{\"@type\":\"EntryPoint\",\"urlTemplate\":\"https:\\\/\\\/www.3llideas.com\\\/es\\\/?s={search_term_string}\"},\"query-input\":{\"@type\":\"PropertyValueSpecification\",\"valueRequired\":true,\"valueName\":\"search_term_string\"}}],\"inLanguage\":\"es\"}]}<\/script>\n<!-- \/ Yoast SEO Premium plugin. -->","yoast_head_json":{"title":"Servicios de 3llideas: tiendas online, marketing, ERP...","description":"3llideas es una empresa de desarrollo web que ofrece servicios de creaci\u00f3n de tiendas online, SEO, SEM, marketing online, asesoramiento tecnol\u00f3gico...","robots":{"index":"index","follow":"follow","max-snippet":"max-snippet:-1","max-image-preview":"max-image-preview:large","max-video-preview":"max-video-preview:-1"},"canonical":"https:\/\/www.3llideas.com\/es\/servicios\/","og_locale":"es_ES","og_type":"article","og_title":"Servicios","og_description":"3llideas es una empresa de desarrollo web que ofrece servicios de creaci\u00f3n de tiendas online, SEO, SEM, marketing online, asesoramiento tecnol\u00f3gico...","og_url":"https:\/\/www.3llideas.com\/es\/servicios\/","og_site_name":"3llideas.com","article_modified_time":"2018-09-21T10:43:20+00:00","twitter_card":"summary_large_image","twitter_site":"@3llideas","twitter_misc":{"Tiempo de lectura":"4 minutos"},"schema":{"@context":"https:\/\/schema.org","@graph":[{"@type":"WebPage","@id":"https:\/\/www.3llideas.com\/es\/servicios\/","url":"https:\/\/www.3llideas.com\/es\/servicios\/","name":"Servicios de 3llideas: tiendas online, marketing, ERP...","isPartOf":{"@id":"https:\/\/www.3llideas.com\/es\/#website"},"datePublished":"2016-01-26T12:13:56+00:00","dateModified":"2018-09-21T10:43:20+00:00","description":"3llideas es una empresa de desarrollo web que ofrece servicios de creaci\u00f3n de tiendas online, SEO, SEM, marketing online, asesoramiento tecnol\u00f3gico...","breadcrumb":{"@id":"https:\/\/www.3llideas.com\/es\/servicios\/#breadcrumb"},"inLanguage":"es","potentialAction":[{"@type":"ReadAction","target":["https:\/\/www.3llideas.com\/es\/servicios\/"]}]},{"@type":"BreadcrumbList","@id":"https:\/\/www.3llideas.com\/es\/servicios\/#breadcrumb","itemListElement":[{"@type":"ListItem","position":1,"name":"Portada","item":"https:\/\/www.3llideas.com\/es\/"},{"@type":"ListItem","position":2,"name":"Servicios"}]},{"@type":"WebSite","@id":"https:\/\/www.3llideas.com\/es\/#website","url":"https:\/\/www.3llideas.com\/es\/","name":"3llideas.com","description":"3llideas, Agencia Ecommerce, Gesti\u00f3n empresarial Microsoft, AWS, Gesti\u00f3n empresarial sage","potentialAction":[{"@type":"SearchAction","target":{"@type":"EntryPoint","urlTemplate":"https:\/\/www.3llideas.com\/es\/?s={search_term_string}"},"query-input":{"@type":"PropertyValueSpecification","valueRequired":true,"valueName":"search_term_string"}}],"inLanguage":"es"}]}},"_links":{"self":[{"href":"https:\/\/www.3llideas.com\/es\/wp-json\/wp\/v2\/pages\/827","targetHints":{"allow":["GET"]}}],"collection":[{"href":"https:\/\/www.3llideas.com\/es\/wp-json\/wp\/v2\/pages"}],"about":[{"href":"https:\/\/www.3llideas.com\/es\/wp-json\/wp\/v2\/types\/page"}],"author":[{"embeddable":true,"href":"https:\/\/www.3llideas.com\/es\/wp-json\/wp\/v2\/users\/1"}],"replies":[{"embeddable":true,"href":"https:\/\/www.3llideas.com\/es\/wp-json\/wp\/v2\/comments?post=827"}],"version-history":[{"count":58,"href":"https:\/\/www.3llideas.com\/es\/wp-json\/wp\/v2\/pages\/827\/revisions"}],"predecessor-version":[{"id":3381,"href":"https:\/\/www.3llideas.com\/es\/wp-json\/wp\/v2\/pages\/827\/revisions\/3381"}],"wp:attachment":[{"href":"https:\/\/www.3llideas.com\/es\/wp-json\/wp\/v2\/media?parent=827"}],"curies":[{"name":"wp","href":"https:\/\/api.w.org\/{rel}","templated":true}]}}