{"id":5799,"date":"2020-04-22T11:05:38","date_gmt":"2020-04-22T11:05:38","guid":{"rendered":"http:\/\/www.3llideas.com\/es\/?page_id=5799"},"modified":"2021-10-06T13:42:28","modified_gmt":"2021-10-06T11:42:28","slug":"migracion-eurowin-a-sage-200c","status":"publish","type":"page","link":"https:\/\/www.3llideas.com\/es\/migracion-eurowin-a-sage-200c\/","title":{"rendered":"Migraci\u00f3n Eurowin a  Sage 200c"},"content":{"rendered":"<div class=\"wpb-content-wrapper\"><p>[vc_row][vc_column offset=\u00bbvc_hidden-xs\u00bb][vc_column_text]<\/p>\n<h1 style=\"text-align: left;\">Migraci\u00f3n Eurowin a Sage 200c<\/h1>\n<p>[\/vc_column_text][vc_empty_space][vc_column_text]<script type=\"text\/javascript\">jQuery(function() { _initLayerSlider( '#layerslider_69_bm5d46h0fusu', {sliderVersion: '7.2.3', type: 'fullwidth', responsiveUnder: 0, layersContainer: 0, hideUnder: 0, hideOver: 100000, pauseOnHover: 'enabled', skin: 'v5', sliderFadeInDuration: 350, useSrcset: true, skinsPath: 'https:\/\/www.3llideas.com\/wp-content\/plugins\/LayerSlider\/assets\/static\/layerslider\/skins\/', performanceMode: true}); });<\/script><div id=\"layerslider_69_bm5d46h0fusu\"  class=\"ls-wp-container fitvidsignore ls-selectable\" style=\"width:1920px;height:470px;margin:0 auto;\"><div class=\"ls-slide\" data-ls=\"duration:4000;\"><img loading=\"lazy\" decoding=\"async\" width=\"1920\" height=\"470\" src=\"https:\/\/www.3llideas.com\/wp-content\/uploads\/2020\/04\/banner_sage200.jpg\" class=\"ls-bg\" alt=\"\" srcset=\"https:\/\/www.3llideas.com\/wp-content\/uploads\/2020\/04\/banner_sage200.jpg 1920w, https:\/\/www.3llideas.com\/wp-content\/uploads\/2020\/04\/banner_sage200-300x73.jpg 300w, https:\/\/www.3llideas.com\/wp-content\/uploads\/2020\/04\/banner_sage200-1024x251.jpg 1024w, https:\/\/www.3llideas.com\/wp-content\/uploads\/2020\/04\/banner_sage200-768x188.jpg 768w, https:\/\/www.3llideas.com\/wp-content\/uploads\/2020\/04\/banner_sage200-1536x376.jpg 1536w, https:\/\/www.3llideas.com\/wp-content\/uploads\/2020\/04\/banner_sage200-1087x266.jpg 1087w\" sizes=\"auto, (max-width: 1920px) 100vw, 1920px\" \/><h3 style=\"color:#FFFFFF;top:110px;left:95px;\" class=\"ls-l ls-text-layer\" data-ls=\"offsetxin:80;offsetxout:-80;durationout:400;parallaxlevel:0;\"><strong>Apoyo migraci\u00f3n Eurowin a Sage 200c<\/strong><\/h3><img loading=\"lazy\" decoding=\"async\" width=\"226\" height=\"39\" src=\"https:\/\/www.3llideas.com\/wp-content\/uploads\/2018\/10\/Sage200cloud_RGB_sinfondo.png\" class=\"ls-l ls-img-layer\" alt=\"\" style=\"width:250px;top:186px;left:95px;\" data-ls=\"offsetxin:80;offsetxout:-80;durationout:400;parallaxlevel:0;\"><img loading=\"lazy\" decoding=\"async\" width=\"447\" height=\"136\" src=\"https:\/\/www.3llideas.com\/wp-content\/uploads\/2018\/10\/sage-partner-sinfondo.png\" class=\"ls-l ls-img-layer\" alt=\"\" srcset=\"https:\/\/www.3llideas.com\/wp-content\/uploads\/2018\/10\/sage-partner-sinfondo.png 447w, https:\/\/www.3llideas.com\/wp-content\/uploads\/2018\/10\/sage-partner-sinfondo-300x91.png 300w\" sizes=\"auto, (max-width: 447px) 100vw, 447px\" style=\"width:250px;border-radius:5px;top:238px;left:95px;\" data-ls=\"offsetxin:80;offsetxout:-80;durationout:400;parallaxlevel:0;\"><a style=\"\" class=\"ls-l\" href=\"https:\/\/www.3llideas.com\/es\/saber-mas-3llideas\/\" target=\"_self\" data-ls=\"position:relative;\"><span style=\"top:331px;left:95px;font-weight:700;background-size:inherit;background-position:inherit;padding-top:15px;padding-right:60px;padding-bottom:15px;padding-left:60px;background-color:#1fc0c0;color:#fff;border-radius:50px;font-size:18px;\" class=\"ls-button-layer\">Solicita m\u00e1s informaci\u00f3n<\/span><\/a><\/div><\/div>[\/vc_column_text][vc_empty_space][vc_column_text]Muchas empresas aprovechan para la realizar la migraci\u00f3n <strong>Eurowin<\/strong> a <strong>Sage 200c <\/strong>ante la pr\u00f3xima descatalogaci\u00f3n de <strong>Eurowin.<\/strong><\/p>\n<p>Sage200c permite tener una herramienta de gesti\u00f3n m\u00e1s avanzada y actual.<\/p>\n<p>El proceso de migraci\u00f3n de <strong>Eurowin<\/strong> a <strong>Sage 200c<\/strong>, es\u00a0 sencillo, se realiza a trav\u00e9s de unos procedimientos est\u00e1ndar para realizar la migraci\u00f3n. Tan s\u00f3lo hace falta disponer de los elementos necesarios y un consultor con experiencia.<\/p>\n<p>El apoyo del consultor le permitir\u00e1:<\/p>\n<ul>\n<li>Lograr una migraci\u00f3n m\u00e1s sencilla.<\/li>\n<li>Conseguir el m\u00e1ximo rendimiento del nuevo software m\u00e1s avanzado.<\/li>\n<li>Obtener una formaci\u00f3n de Sage 200c personalizada.<\/li>\n<\/ul>\n<p>El proceso consiste en realizar una exportaci\u00f3n desde Eurowin y luego una importaci\u00f3n de una forma orquestrada en Sage200c. Los elementos que se migrar\u00e1n son:<\/p>\n<ul>\n<li>Mantenimientos generales: tipos de IVA, tipos de retenci\u00f3n, almacenes, idiomas, formas de pago, tarifas, vendedores, etc.<\/li>\n<li>Clientes y mantenimientos asociados.<\/li>\n<li>Proveedores y mantenimientos asociados.<\/li>\n<li>Art\u00edculos y mantenimientos asociados.<\/li>\n<li>Documentos de venta: presupuesto, pedido, albar\u00e1n y factura.<\/li>\n<li>Documentos de compra: propuesta, pedido, albar\u00e1n y factura.<\/li>\n<li>Stock: creando un inventario en Sage 200c<\/li>\n<li>Informaci\u00f3n de propiedades: Lote\/Partida, Series, Tallas y Colores.<\/li>\n<li>Previsiones de cobro y pago.<\/li>\n<li>Remesas bancarias.<\/li>\n<li>Contabilidad: plan contable y asientos.<\/li>\n<\/ul>\n<p>Dentro de cada apartado se migrar\u00e1n los diferentes elementos convertibles entre ambos sistemas.<\/p>\n<p>Hay que tener en cuenta que una vez realizada la migraci\u00f3n, hay que revisar las compa\u00f1\u00edas importadas en Sage 200c para acabar de parametrizarlas y configurar las funcionalidades que soporta el ERP.<\/p>\n<p>En algunos casos\u00a0 a la empresa le puede interesar hacer transformaciones de datos antes de importar, se deber\u00e1 analizar su factibilidad para cada proyecto.<\/p>\n<h4>Temas a tener en cuenta:<\/h4>\n<ul>\n<li>Validar compatibilidad de versiones<\/li>\n<li>Validar que la versi\u00f3n de Eurowin soporta exportaci\u00f3n<\/li>\n<li>Copia seguridad antes de empezar el proceso<\/li>\n<li>Revisar todos los elementos de Eurowin para que cumpla con los requisitos de migraci\u00f3n<\/li>\n<\/ul>\n<p>Somos especialistas en Sage 200c y disponemos de una metodolog\u00eda para realizar las migraciones de forma r\u00e1pida y segura. Nuestro equipo presentar\u00e1 un plan de trabajo y ejecutar\u00e1 las diferentes fases del proceso. Finalizando el proceso con el apoyo al cliente en la parametrizaci\u00f3n y formaci\u00f3n del uso de Sage 200c.[\/vc_column_text][vc_empty_space][\/vc_column][\/vc_row][vc_row css=\u00bb.vc_custom_1523171914046{margin-top: -80px !important;}\u00bb][vc_column offset=\u00bbvc_hidden-lg vc_hidden-md vc_hidden-sm\u00bb css=\u00bb.vc_custom_1568186623328{margin-top: 40px !important;}\u00bb][vc_empty_space][vc_column_text]<\/p>\n<h4 style=\"text-align: left;\">Migraci\u00f3n Eurowin a Sage 200c<\/h4>\n<p>[\/vc_column_text][vc_empty_space][vc_column_text]<script type=\"text\/javascript\">jQuery(function() { _initLayerSlider( '#layerslider_68_1nt7ay2lygfe8', {sliderVersion: '7.2.3', type: 'fullwidth', responsiveUnder: 0, layersContainer: 0, hideUnder: 0, hideOver: 100000, pauseOnHover: 'enabled', skin: 'v5', sliderFadeInDuration: 350, useSrcset: true, skinsPath: 'https:\/\/www.3llideas.com\/wp-content\/plugins\/LayerSlider\/assets\/static\/layerslider\/skins\/', performanceMode: true}); });<\/script><div id=\"layerslider_68_1nt7ay2lygfe8\"  class=\"ls-wp-container fitvidsignore ls-selectable\" style=\"width:750px;height:396px;margin:0 auto;\"><div class=\"ls-slide\" data-ls=\"duration:4000;\"><img loading=\"lazy\" decoding=\"async\" width=\"750\" height=\"396\" src=\"https:\/\/www.3llideas.com\/wp-content\/uploads\/2020\/04\/banner_sage200_peq.jpg\" class=\"ls-bg\" alt=\"migraci\u00f3n Eurowin a Sage 200c\" srcset=\"https:\/\/www.3llideas.com\/wp-content\/uploads\/2020\/04\/banner_sage200_peq.jpg 750w, https:\/\/www.3llideas.com\/wp-content\/uploads\/2020\/04\/banner_sage200_peq-300x158.jpg 300w\" sizes=\"auto, (max-width: 750px) 100vw, 750px\" \/><h3 style=\"color:#FFFFFF;top:51px;left:57px;font-size:32px;\" class=\"ls-l ls-text-layer\" data-ls=\"offsetxin:80;offsetxout:-80;durationout:400;parallaxlevel:0;\"><strong>Apoyo migraci\u00f3n Eurowin a Sage 200c<\/strong><\/h3><h4 style=\"color:#FFFFFF;top:105px;left:57px;font-size:32px;\" class=\"ls-l ls-text-layer\" data-ls=\"offsetxin:80;offsetxout:-80;durationout:400;parallaxlevel:0;\">las necesidades de gesti\u00f3n de tu pyme<\/h4><img loading=\"lazy\" decoding=\"async\" width=\"226\" height=\"39\" src=\"https:\/\/www.3llideas.com\/wp-content\/uploads\/2018\/10\/Sage200cloud_RGB_sinfondo.png\" class=\"ls-l ls-img-layer\" alt=\"\" style=\"width:233px;top:166px;left:57px;height:40px;\" data-ls=\"offsetxin:80;offsetxout:-80;durationout:400;parallaxlevel:0;\"><img loading=\"lazy\" decoding=\"async\" width=\"447\" height=\"136\" src=\"https:\/\/www.3llideas.com\/wp-content\/uploads\/2018\/10\/sage-partner-sinfondo.png\" class=\"ls-l ls-img-layer\" alt=\"\" srcset=\"https:\/\/www.3llideas.com\/wp-content\/uploads\/2018\/10\/sage-partner-sinfondo.png 447w, https:\/\/www.3llideas.com\/wp-content\/uploads\/2018\/10\/sage-partner-sinfondo-300x91.png 300w\" sizes=\"auto, (max-width: 447px) 100vw, 447px\" style=\"width:233px;border-radius:5px;top:214px;left:57px;height:71px;\" data-ls=\"offsetxin:80;offsetxout:-80;durationout:400;parallaxlevel:0;\"><a style=\"\" class=\"ls-l\" href=\"https:\/\/www.3llideas.com\/es\/saber-mas-3llideas\/\" target=\"_self\" data-ls=\"position:relative;\"><span style=\"top:302px;left:57px;font-weight:700;background-size:inherit;background-position:inherit;padding-top:15px;padding-right:60px;padding-bottom:15px;padding-left:60px;background-color:#1fc0c0;color:#fff;border-radius:50px;font-size:17px;\" class=\"ls-button-layer\">Solicita m\u00e1s informaci\u00f3n<\/span><\/a><\/div><\/div>[\/vc_column_text][vc_empty_space][vc_column_text]Muchas empresas aprovechan para la realizar la migraci\u00f3n <strong>Eurowin<\/strong> a <strong>Sage 200c <\/strong>ante la pr\u00f3xima descatalogaci\u00f3n de <strong>Eurowin.<\/strong><\/p>\n<p>Sage200c permite tener una herramienta de gesti\u00f3n m\u00e1s avanzada y actual.<\/p>\n<p>El proceso de migraci\u00f3n de <strong>Eurowin<\/strong> a <strong>Sage 200c<\/strong>, es\u00a0 sencillo, se realiza a trav\u00e9s de unos procedimientos est\u00e1ndar para realizar la migraci\u00f3n. Tan s\u00f3lo hace falta disponer de los elementos necesarios y un consultor con experiencia.<\/p>\n<p>El apoyo del consultor le permitir\u00e1:<\/p>\n<ul>\n<li>Lograr una migraci\u00f3n m\u00e1s sencilla.<\/li>\n<li>Conseguir el m\u00e1ximo rendimiento del nuevo software m\u00e1s avanzado.<\/li>\n<li>Obtener una formaci\u00f3n de Sage 200c personalizada.<\/li>\n<\/ul>\n<p>El proceso consiste en realizar una exportaci\u00f3n desde Eurowin y luego una importaci\u00f3n de una forma orquestrada en Sage200c. Los elementos que se migrar\u00e1n son:<\/p>\n<ul>\n<li>Mantenimientos generales: tipos de IVA, tipos de retenci\u00f3n, almacenes, idiomas, formas de pago, tarifas, vendedores, etc.<\/li>\n<li>Clientes y mantenimientos asociados.<\/li>\n<li>Proveedores y mantenimientos asociados.<\/li>\n<li>Art\u00edculos y mantenimientos asociados.<\/li>\n<li>Documentos de venta: presupuesto, pedido, albar\u00e1n y factura.<\/li>\n<li>Documentos de compra: propuesta, pedido, albar\u00e1n y factura.<\/li>\n<li>Stock: creando un inventario en Sage 200c<\/li>\n<li>Informaci\u00f3n de propiedades: Lote\/Partida, Series, Tallas y Colores.<\/li>\n<li>Previsiones de cobro y pago.<\/li>\n<li>Remesas bancarias.<\/li>\n<li>Contabilidad: plan contable y asientos.<\/li>\n<\/ul>\n<p>Dentro de cada apartado se migrar\u00e1n los diferentes elementos convertibles entre ambos sistemas.<\/p>\n<p>Hay que tener en cuenta que una vez realizada la migraci\u00f3n, hay que revisar las compa\u00f1\u00edas importadas en Sage 200c para acabar de parametrizarlas y configurar las funcionalidades que soporta el ERP.<\/p>\n<p>En algunos casos\u00a0 a la empresa le puede interesar hacer transformaciones de datos antes de importar, se deber\u00e1 analizar su factibilidad para cada proyecto.<\/p>\n<h4>Temas a tener en cuenta:<\/h4>\n<ul>\n<li>Validar compatibilidad de versiones<\/li>\n<li>Validar que la versi\u00f3n de Eurowin soporta exportaci\u00f3n<\/li>\n<li>Copia seguridad antes de empezar el proceso<\/li>\n<li>Revisar todos los elementos de Eurowin para que cumpla con los requisitos de migraci\u00f3n<\/li>\n<\/ul>\n<p>Somos especialistas en Sage 200c y disponemos de una metodolog\u00eda para realizar las migraciones de forma r\u00e1pida y segura. Nuestro equipo presentar\u00e1 un plan de trabajo y ejecutar\u00e1 las diferentes fases del proceso. Finalizando el proceso con el apoyo al cliente en la parametrizaci\u00f3n y formaci\u00f3n del uso de Sage 200c.[\/vc_column_text][vc_empty_space][\/vc_column][\/vc_row][vc_row][vc_column width=\u00bb1\/3&#8243;][\/vc_column][vc_column width=\u00bb1\/3&#8243;]<\/p>\n<div class=\"image wrap-box no-style below\" style=\"\">\n<div class=\"wrap-box-inner\"><img decoding=\"async\" class=\"wrap-box-element\" style=\" \" src=\"http:\/\/www.3llideas.com\/wp-content\/uploads\/2018\/09\/sage-partner-logo-3llideas.png\" alt=\"\"\/><\/div>\n<\/div>\n<p>[\/vc_column][vc_column width=\u00bb1\/3&#8243;][\/vc_column][\/vc_row][vc_row][vc_column]<\/p>\n<div class=\"divider\"><\/div>\n<p>[\/vc_column][\/vc_row][vc_row][vc_column][vc_empty_space height=\u00bb16px\u00bb][vc_column_text]<\/p>\n<h4 style=\"text-align: left;\">Beneficios de migrar a Sage 200c<\/h4>\n<p>[\/vc_column_text][vc_empty_space height=\u00bb16px\u00bb][vc_column_text]Los beneficios de actualizar a Sage 200c son:<\/p>\n<ul>\n<li>ERP con mucha m\u00e1s funcionalidad<\/li>\n<li>Funcionamiento por \u00e1reas<\/li>\n<li>Se pueden dar permisos diferentes a los diferentes departamentos o miembros de la empresa<\/li>\n<li>Soluci\u00f3n de software cliente\/servidor que es m\u00e1s segura y puede soportar m\u00e1s volumen de transacciones e informaci\u00f3n<\/li>\n<li>Es la opci\u00f3n ideal para empresas que requieran m\u00e1s control y herramientas de decisi\u00f3n<\/li>\n<\/ul>\n<p>[\/vc_column_text][vc_empty_space height=\u00bb16px\u00bb][vc_column_text]Los beneficios de actualizar a Sage 200c son:<\/p>\n<ul>\n<li>ERP con mucha m\u00e1s funcionalidad<\/li>\n<li>Funcionamiento por \u00e1reas<\/li>\n<li>Se pueden dar permisos diferentes a los diferentes departamentos o miembros de la empresa<\/li>\n<li>Soluci\u00f3n de software cliente\/servidor que es m\u00e1s segura y puede soportar m\u00e1s volumen de transacciones e informaci\u00f3n<\/li>\n<li>Es la opci\u00f3n ideal para empresas que requieran m\u00e1s control y herramientas de decisi\u00f3n<\/li>\n<\/ul>\n<p>[\/vc_column_text][vc_empty_space][\/vc_column][\/vc_row][vc_row][vc_column width=\u00bb1\/3&#8243;][\/vc_column][vc_column width=\u00bb1\/3&#8243;]<\/p>\n<div class=\"image wrap-box no-style below\" style=\"width:auto; max-width: 200px;\">\n<div class=\"wrap-box-inner\"><img decoding=\"async\" class=\"wrap-box-element\" style=\"width: 200px; \" src=\"http:\/\/www.3llideas.com\/wp-content\/uploads\/2018\/10\/Sage200cloud_RGB.jpg\" alt=\"Descubre Sage 200c\"\/><\/div>\n<\/div>\n<p>[vc_btn title=\u00bbDescubre Sage 200c\u00bb color=\u00bbgreen\u00bb align=\u00bbcenter\u00bb link=\u00bburl:http%3A%2F%2Fwww.3llideas.com%2Fes%2Fsoftware-empresarial-erp-sage-200c%2F|title:Sage%20200c%20soluci%C3%B3n%20de%20gesti%C3%B3n%20integral%20para%20tu%20pyme||\u00bb][\/vc_column][vc_column width=\u00bb1\/3&#8243;][\/vc_column][\/vc_row][vc_row][vc_column]<\/p>\n<div class=\"divider\"><\/div>\n<p>[\/vc_column][\/vc_row][vc_row][vc_column][vc_empty_space][\/vc_column][\/vc_row][vc_row][vc_column][vc_column_text]<\/p>\n<h5>SOLICITA M\u00c1S INFORMACI\u00d3N<\/h5>\n<p>[\/vc_column_text][vc_column_text]Contacta con nosotros para que podamos darte m\u00e1s informaci\u00f3n y ayudarte en el proceso de migraci\u00f3n.[\/vc_column_text][vc_cta h2=\u00bb\u00bb style=\u00bbflat\u00bb add_button=\u00bbtop\u00bb btn_title=\u00bbSOLICITAR INFORMACI\u00d3N Y DEMO\u00bb btn_style=\u00bbflat\u00bb btn_shape=\u00bbsquare\u00bb btn_color=\u00bbdanger\u00bb btn_size=\u00bblg\u00bb btn_align=\u00bbcenter\u00bb btn_link=\u00bburl:https%3A%2F%2Fwww.3llideas.com%2Fes%2Fsobre-nosotros%2F|title:Sobre%20nosotros\u00bb][\/vc_cta][\/vc_column][\/vc_row]<\/p>\n<\/div>","protected":false},"excerpt":{"rendered":"<p>[vc_row][vc_column offset=\u00bbvc_hidden-xs\u00bb][vc_column_text] Migraci\u00f3n Eurowin a Sage 200c [\/vc_column_text][vc_empty_space][vc_column_text][\/vc_column_text][vc_empty_space][vc_column_text]Muchas empresas aprovechan para la realizar la migraci\u00f3n Eurowin a Sage 200c ante&#8230;<\/p>\n","protected":false},"author":9,"featured_media":0,"parent":0,"menu_order":0,"comment_status":"closed","ping_status":"closed","template":"","meta":{"footnotes":""},"class_list":["post-5799","page","type-page","status-publish","hentry"],"yoast_head":"<!-- This site is optimized with the Yoast SEO Premium plugin v18.4 (Yoast SEO v27.5) - https:\/\/yoast.com\/product\/yoast-seo-premium-wordpress\/ -->\n<title>Te ayudamos en la migraci\u00f3n Eurowin a Sage 200c<\/title>\n<meta name=\"description\" content=\"Evoluciona tu Eurowin migrando al software de gesti\u00f3n empresarial Sage 200c. Te apoyamos en el proceso de migraci\u00f3n Eurowin a Sage 200c para aprovecharlo.\" \/>\n<meta name=\"robots\" content=\"index, follow, max-snippet:-1, max-image-preview:large, max-video-preview:-1\" \/>\n<link rel=\"canonical\" href=\"https:\/\/www.3llideas.com\/es\/migracion-eurowin-a-sage-200c\/\" \/>\n<meta property=\"og:locale\" content=\"es_ES\" \/>\n<meta property=\"og:type\" content=\"article\" \/>\n<meta property=\"og:title\" content=\"Migraci\u00f3n Eurowin a Sage 200c\" \/>\n<meta property=\"og:description\" content=\"Evoluciona tu Eurowin migrando al software de gesti\u00f3n empresarial Sage 200c. Te apoyamos en el proceso de migraci\u00f3n Eurowin a Sage 200c para aprovecharlo.\" \/>\n<meta property=\"og:url\" content=\"https:\/\/www.3llideas.com\/es\/migracion-eurowin-a-sage-200c\/\" \/>\n<meta property=\"og:site_name\" content=\"3llideas.com\" \/>\n<meta property=\"article:modified_time\" content=\"2021-10-06T11:42:28+00:00\" \/>\n<meta name=\"twitter:card\" content=\"summary_large_image\" \/>\n<meta name=\"twitter:site\" content=\"@3llideas\" \/>\n<meta name=\"twitter:label1\" content=\"Tiempo de lectura\" \/>\n\t<meta name=\"twitter:data1\" content=\"7 minutos\" \/>\n<script type=\"application\/ld+json\" class=\"yoast-schema-graph\">{\"@context\":\"https:\\\/\\\/schema.org\",\"@graph\":[{\"@type\":\"WebPage\",\"@id\":\"https:\\\/\\\/www.3llideas.com\\\/es\\\/migracion-eurowin-a-sage-200c\\\/\",\"url\":\"https:\\\/\\\/www.3llideas.com\\\/es\\\/migracion-eurowin-a-sage-200c\\\/\",\"name\":\"Te ayudamos en la migraci\u00f3n Eurowin a Sage 200c\",\"isPartOf\":{\"@id\":\"https:\\\/\\\/www.3llideas.com\\\/es\\\/#website\"},\"datePublished\":\"2020-04-22T11:05:38+00:00\",\"dateModified\":\"2021-10-06T11:42:28+00:00\",\"description\":\"Evoluciona tu Eurowin migrando al software de gesti\u00f3n empresarial Sage 200c. Te apoyamos en el proceso de migraci\u00f3n Eurowin a Sage 200c para aprovecharlo.\",\"breadcrumb\":{\"@id\":\"https:\\\/\\\/www.3llideas.com\\\/es\\\/migracion-eurowin-a-sage-200c\\\/#breadcrumb\"},\"inLanguage\":\"es\",\"potentialAction\":[{\"@type\":\"ReadAction\",\"target\":[\"https:\\\/\\\/www.3llideas.com\\\/es\\\/migracion-eurowin-a-sage-200c\\\/\"]}]},{\"@type\":\"BreadcrumbList\",\"@id\":\"https:\\\/\\\/www.3llideas.com\\\/es\\\/migracion-eurowin-a-sage-200c\\\/#breadcrumb\",\"itemListElement\":[{\"@type\":\"ListItem\",\"position\":1,\"name\":\"Portada\",\"item\":\"https:\\\/\\\/www.3llideas.com\\\/es\\\/\"},{\"@type\":\"ListItem\",\"position\":2,\"name\":\"Migraci\u00f3n Eurowin a Sage 200c\"}]},{\"@type\":\"WebSite\",\"@id\":\"https:\\\/\\\/www.3llideas.com\\\/es\\\/#website\",\"url\":\"https:\\\/\\\/www.3llideas.com\\\/es\\\/\",\"name\":\"3llideas.com\",\"description\":\"3llideas, Agencia Ecommerce, Gesti\u00f3n empresarial Microsoft, AWS, Gesti\u00f3n empresarial sage\",\"potentialAction\":[{\"@type\":\"SearchAction\",\"target\":{\"@type\":\"EntryPoint\",\"urlTemplate\":\"https:\\\/\\\/www.3llideas.com\\\/es\\\/?s={search_term_string}\"},\"query-input\":{\"@type\":\"PropertyValueSpecification\",\"valueRequired\":true,\"valueName\":\"search_term_string\"}}],\"inLanguage\":\"es\"}]}<\/script>\n<!-- \/ Yoast SEO Premium plugin. -->","yoast_head_json":{"title":"Te ayudamos en la migraci\u00f3n Eurowin a Sage 200c","description":"Evoluciona tu Eurowin migrando al software de gesti\u00f3n empresarial Sage 200c. Te apoyamos en el proceso de migraci\u00f3n Eurowin a Sage 200c para aprovecharlo.","robots":{"index":"index","follow":"follow","max-snippet":"max-snippet:-1","max-image-preview":"max-image-preview:large","max-video-preview":"max-video-preview:-1"},"canonical":"https:\/\/www.3llideas.com\/es\/migracion-eurowin-a-sage-200c\/","og_locale":"es_ES","og_type":"article","og_title":"Migraci\u00f3n Eurowin a Sage 200c","og_description":"Evoluciona tu Eurowin migrando al software de gesti\u00f3n empresarial Sage 200c. Te apoyamos en el proceso de migraci\u00f3n Eurowin a Sage 200c para aprovecharlo.","og_url":"https:\/\/www.3llideas.com\/es\/migracion-eurowin-a-sage-200c\/","og_site_name":"3llideas.com","article_modified_time":"2021-10-06T11:42:28+00:00","twitter_card":"summary_large_image","twitter_site":"@3llideas","twitter_misc":{"Tiempo de lectura":"7 minutos"},"schema":{"@context":"https:\/\/schema.org","@graph":[{"@type":"WebPage","@id":"https:\/\/www.3llideas.com\/es\/migracion-eurowin-a-sage-200c\/","url":"https:\/\/www.3llideas.com\/es\/migracion-eurowin-a-sage-200c\/","name":"Te ayudamos en la migraci\u00f3n Eurowin a Sage 200c","isPartOf":{"@id":"https:\/\/www.3llideas.com\/es\/#website"},"datePublished":"2020-04-22T11:05:38+00:00","dateModified":"2021-10-06T11:42:28+00:00","description":"Evoluciona tu Eurowin migrando al software de gesti\u00f3n empresarial Sage 200c. Te apoyamos en el proceso de migraci\u00f3n Eurowin a Sage 200c para aprovecharlo.","breadcrumb":{"@id":"https:\/\/www.3llideas.com\/es\/migracion-eurowin-a-sage-200c\/#breadcrumb"},"inLanguage":"es","potentialAction":[{"@type":"ReadAction","target":["https:\/\/www.3llideas.com\/es\/migracion-eurowin-a-sage-200c\/"]}]},{"@type":"BreadcrumbList","@id":"https:\/\/www.3llideas.com\/es\/migracion-eurowin-a-sage-200c\/#breadcrumb","itemListElement":[{"@type":"ListItem","position":1,"name":"Portada","item":"https:\/\/www.3llideas.com\/es\/"},{"@type":"ListItem","position":2,"name":"Migraci\u00f3n Eurowin a Sage 200c"}]},{"@type":"WebSite","@id":"https:\/\/www.3llideas.com\/es\/#website","url":"https:\/\/www.3llideas.com\/es\/","name":"3llideas.com","description":"3llideas, Agencia Ecommerce, Gesti\u00f3n empresarial Microsoft, AWS, Gesti\u00f3n empresarial sage","potentialAction":[{"@type":"SearchAction","target":{"@type":"EntryPoint","urlTemplate":"https:\/\/www.3llideas.com\/es\/?s={search_term_string}"},"query-input":{"@type":"PropertyValueSpecification","valueRequired":true,"valueName":"search_term_string"}}],"inLanguage":"es"}]}},"_links":{"self":[{"href":"https:\/\/www.3llideas.com\/es\/wp-json\/wp\/v2\/pages\/5799","targetHints":{"allow":["GET"]}}],"collection":[{"href":"https:\/\/www.3llideas.com\/es\/wp-json\/wp\/v2\/pages"}],"about":[{"href":"https:\/\/www.3llideas.com\/es\/wp-json\/wp\/v2\/types\/page"}],"author":[{"embeddable":true,"href":"https:\/\/www.3llideas.com\/es\/wp-json\/wp\/v2\/users\/9"}],"replies":[{"embeddable":true,"href":"https:\/\/www.3llideas.com\/es\/wp-json\/wp\/v2\/comments?post=5799"}],"version-history":[{"count":8,"href":"https:\/\/www.3llideas.com\/es\/wp-json\/wp\/v2\/pages\/5799\/revisions"}],"predecessor-version":[{"id":8327,"href":"https:\/\/www.3llideas.com\/es\/wp-json\/wp\/v2\/pages\/5799\/revisions\/8327"}],"wp:attachment":[{"href":"https:\/\/www.3llideas.com\/es\/wp-json\/wp\/v2\/media?parent=5799"}],"curies":[{"name":"wp","href":"https:\/\/api.w.org\/{rel}","templated":true}]}}