{"id":5256,"date":"2019-09-12T17:16:52","date_gmt":"2019-09-12T17:16:52","guid":{"rendered":"http:\/\/www.3llideas.com\/?page_id=5256"},"modified":"2021-10-06T13:09:21","modified_gmt":"2021-10-06T11:09:21","slug":"migracion-sage-contaplus-a-sage-200c","status":"publish","type":"page","link":"https:\/\/www.3llideas.com\/es\/migracion-sage-contaplus-a-sage-200c\/","title":{"rendered":"Migraci\u00f3n Sage ContaPlus a  Sage 200c"},"content":{"rendered":"<div class=\"wpb-content-wrapper\"><p>[vc_row][vc_column offset=\u00bbvc_hidden-xs\u00bb][vc_column_text]<\/p>\n<h1 style=\"text-align: left;\">Migraci\u00f3n Sage ContaPlus a Sage 200c<\/h1>\n<p>[\/vc_column_text][vc_empty_space][vc_column_text]<script type=\"text\/javascript\">jQuery(function() { _initLayerSlider( '#layerslider_64_hkanlc7n5tye', {sliderVersion: '7.2.3', type: 'fullwidth', responsiveUnder: 0, layersContainer: 0, hideUnder: 0, hideOver: 100000, pauseOnHover: 'enabled', skin: 'v5', sliderFadeInDuration: 350, useSrcset: true, skinsPath: 'https:\/\/www.3llideas.com\/wp-content\/plugins\/LayerSlider\/assets\/static\/layerslider\/skins\/', performanceMode: true}); });<\/script><link href=\"https:\/\/fonts.googleapis.com\/css?family=DM+Sans:100,100i,200,200i,300,300i,400,400i,500,500i,600,600i,700,700i,800,800i,900,900i\" rel=\"stylesheet\"><div id=\"layerslider_64_hkanlc7n5tye\"  class=\"ls-wp-container fitvidsignore ls-selectable\" style=\"width:1920px;height:470px;margin:0 auto;\"><div class=\"ls-slide\" data-ls=\"duration:4000;\"><img loading=\"lazy\" decoding=\"async\" width=\"1920\" height=\"470\" src=\"https:\/\/www.3llideas.com\/wp-content\/uploads\/2018\/10\/banner_sage200cloud_web_3llideas.jpg\" class=\"ls-bg\" alt=\"\" srcset=\"https:\/\/www.3llideas.com\/wp-content\/uploads\/2018\/10\/banner_sage200cloud_web_3llideas.jpg 1920w, https:\/\/www.3llideas.com\/wp-content\/uploads\/2018\/10\/banner_sage200cloud_web_3llideas-300x73.jpg 300w, https:\/\/www.3llideas.com\/wp-content\/uploads\/2018\/10\/banner_sage200cloud_web_3llideas-768x188.jpg 768w, https:\/\/www.3llideas.com\/wp-content\/uploads\/2018\/10\/banner_sage200cloud_web_3llideas-1024x251.jpg 1024w, https:\/\/www.3llideas.com\/wp-content\/uploads\/2018\/10\/banner_sage200cloud_web_3llideas-1087x266.jpg 1087w\" sizes=\"auto, (max-width: 1920px) 100vw, 1920px\" \/><h3 style=\"color:#FFFFFF;top:90px;left:91px;font-family:DM Sans;\" class=\"ls-l ls-text-layer\" data-ls=\"offsetxin:80;offsetxout:-80;durationout:400;parallaxlevel:0;\"><\/h3><h3 style=\"color:#FFFFFF;top:82px;left:95px;\" class=\"ls-l ls-text-layer\" data-ls=\"offsetxin:80;offsetxout:-80;durationout:400;parallaxlevel:0;\"><strong>Apoyo migraci\u00f3n Sage ContaPlus a Sage 200c<\/strong><\/h3><img loading=\"lazy\" decoding=\"async\" width=\"226\" height=\"39\" src=\"https:\/\/www.3llideas.com\/wp-content\/uploads\/2018\/10\/Sage200cloud_RGB_sinfondo.png\" class=\"ls-l ls-img-layer\" alt=\"\" style=\"width:250px;top:177px;left:95px;\" data-ls=\"offsetxin:80;offsetxout:-80;durationout:400;parallaxlevel:0;\"><img loading=\"lazy\" decoding=\"async\" width=\"447\" height=\"136\" src=\"https:\/\/www.3llideas.com\/wp-content\/uploads\/2018\/10\/sage-partner-sinfondo.png\" class=\"ls-l ls-img-layer\" alt=\"\" srcset=\"https:\/\/www.3llideas.com\/wp-content\/uploads\/2018\/10\/sage-partner-sinfondo.png 447w, https:\/\/www.3llideas.com\/wp-content\/uploads\/2018\/10\/sage-partner-sinfondo-300x91.png 300w\" sizes=\"auto, (max-width: 447px) 100vw, 447px\" style=\"width:250px;border-radius:5px;top:229px;left:95px;\" data-ls=\"offsetxin:80;offsetxout:-80;durationout:400;parallaxlevel:0;\"><a style=\"\" class=\"ls-l\" href=\"https:\/\/www.3llideas.com\/es\/saber-mas-3llideas\/\" target=\"_self\" data-ls=\"position:relative;\"><span style=\"top:333px;left:95px;font-weight:700;background-size:inherit;background-position:inherit;padding-top:15px;padding-right:60px;padding-bottom:15px;padding-left:60px;background-color:#1fc0c0;color:#fff;border-radius:50px;font-size:20px;\" class=\"ls-button-layer\">Solicita m\u00e1s informaci\u00f3n<\/span><\/a><\/div><\/div>[\/vc_column_text][vc_empty_space][vc_column_text]Muchas empresas aprovechan la migraci\u00f3n de\u00a0 Sage <strong>ContaPlus<\/strong> a <strong>Sage 200c<\/strong> para avanzar a nivel de herramienta de gesti\u00f3n y debido a la desaparici\u00f3n del primero. El proceso es muy simple y adem\u00e1s ha sido optimizado por Sage. Tan s\u00f3lo hace falta disponer de los elementos necesarios y adem\u00e1s de un consultor con experiencia.<\/p>\n<p>Este apoyo de consultor tiene que ayudar tanto para hacer la migraci\u00f3n como para formarse y sacar el m\u00e1ximo provecho al nuevo software m\u00e1s avanzado.<\/p>\n<p><strong>Sage<\/strong> garantiza y desarrolla sus productos para que haya una migraci\u00f3n f\u00e1cil entre ellos. Siempre de un producto inferior a un producto superior.<\/p>\n<p>Es por ello que existen unas herramientas y una metodolog\u00eda para migrar de <strong>ContaPlus<\/strong> a\u00a0 <strong>Sage 200c<\/strong>.<\/p>\n<p>El proceso consiste en realizar una exportaci\u00f3n desde ContaPlus y luego una importaci\u00f3n de una forma orquestrada en Sage200c. Los elementos que se migrar\u00e1n son:<\/p>\n<ul>\n<li>Datos de empresa<\/li>\n<li>Plan de cuentas<\/li>\n<li>Cliente y proveedores<\/li>\n<li>Movimientos<\/li>\n<li>Cartera<\/li>\n<li>Anal\u00edtica<\/li>\n<li>Presupuestos<\/li>\n<li>Activos fijos<\/li>\n<\/ul>\n<p>Dentro de cada apartado se migrar\u00e1n los diferentes elementos que hay conversi\u00f3n entre ambos sistemas.<\/p>\n<p>El procedimiento se debe hacer de forma que el sistema pueda transferir y procesar toda la informaci\u00f3n. Se puede hacer paso a paso, o multiempresa con las herramientas que dispone. Posteriormente hay que revisar las compa\u00f1\u00edas importadas en Sage 200c para acabar de parametrizarlas y configurar las funcionalidades que soporta el ERP.<\/p>\n<p>En algunos casos puede interesar hacer transformaciones de datos antes de importar, es posible hacerla en algunos casos y deber\u00e1 ser estudiada en el proyecto.<\/p>\n<p>Temas a tener en cuenta:<\/p>\n<ul>\n<li>Validar compatibilidad de versiones<\/li>\n<li>Validar que la versi\u00f3n de ContaPlus soporta exportaci\u00f3n<\/li>\n<li>Copia seguridad antes de empezar el proceso<\/li>\n<li>Revisar todos los elementos de ContaPlus para que cumpla con los requisitos de migraci\u00f3n<\/li>\n<\/ul>\n<p>Somos especialistas en Sage 200c y disponemos de una metodolog\u00eda para realizar las migraciones de forma r\u00e1pida y segura. Nuestro equipo presentar\u00e1 un plan de trabajo y ejecutar\u00e1 las diferentes fases del proceso. Finalizando el proceso con el apoyo al cliente en la parametrizaci\u00f3n y formaci\u00f3n del uso de Sage 200c.[\/vc_column_text][vc_empty_space][\/vc_column][\/vc_row][vc_row css=\u00bb.vc_custom_1523171914046{margin-top: -80px !important;}\u00bb][vc_column offset=\u00bbvc_hidden-lg vc_hidden-md vc_hidden-sm\u00bb css=\u00bb.vc_custom_1568186623328{margin-top: 40px !important;}\u00bb][vc_empty_space][vc_column_text]<\/p>\n<h4 style=\"text-align: left;\">Migraci\u00f3n Sage ContaPlus a Sage 200c<\/h4>\n<p>[\/vc_column_text][vc_empty_space][vc_column_text]<script type=\"text\/javascript\">jQuery(function() { _initLayerSlider( '#layerslider_65_1ni3tehng2jpf', {sliderVersion: '7.2.3', type: 'fullwidth', responsiveUnder: 0, layersContainer: 0, hideUnder: 0, hideOver: 100000, pauseOnHover: 'enabled', skin: 'v5', sliderFadeInDuration: 350, useSrcset: true, skinsPath: 'https:\/\/www.3llideas.com\/wp-content\/plugins\/LayerSlider\/assets\/static\/layerslider\/skins\/', performanceMode: true}); });<\/script><div id=\"layerslider_65_1ni3tehng2jpf\"  class=\"ls-wp-container fitvidsignore ls-selectable\" style=\"width:750px;height:396px;margin:0 auto;\"><div class=\"ls-slide\" data-ls=\"duration:4000;\"><img loading=\"lazy\" decoding=\"async\" width=\"750\" height=\"396\" src=\"https:\/\/www.3llideas.com\/wp-content\/uploads\/2018\/10\/banner_sage200cloud_peq.jpg\" class=\"ls-bg\" alt=\"\" srcset=\"https:\/\/www.3llideas.com\/wp-content\/uploads\/2018\/10\/banner_sage200cloud_peq.jpg 750w, https:\/\/www.3llideas.com\/wp-content\/uploads\/2018\/10\/banner_sage200cloud_peq-300x158.jpg 300w\" sizes=\"auto, (max-width: 750px) 100vw, 750px\" \/><h3 style=\"color:#FFFFFF;top:49px;left:95px;font-size:22px;\" class=\"ls-l ls-text-layer\" data-ls=\"offsetxin:80;offsetxout:-80;durationout:400;parallaxlevel:0;\"><strong>Apoyo migraci\u00f3n Sage Contaplus a Sage 200c<\/strong><\/h3><h4 style=\"color:#FFFFFF;top:97px;left:95px;font-size:22px;\" class=\"ls-l ls-text-layer\" data-ls=\"offsetxin:80;offsetxout:-80;durationout:400;parallaxlevel:0;\">las necesidades de gesti\u00f3n de tu pyme<\/h4><img loading=\"lazy\" decoding=\"async\" width=\"226\" height=\"39\" src=\"https:\/\/www.3llideas.com\/wp-content\/uploads\/2018\/10\/Sage200cloud_RGB_sinfondo.png\" class=\"ls-l ls-img-layer\" alt=\"\" style=\"width:250px;top:149px;left:95px;\" data-ls=\"offsetxin:80;offsetxout:-80;durationout:400;parallaxlevel:0;\"><img loading=\"lazy\" decoding=\"async\" width=\"447\" height=\"136\" src=\"https:\/\/www.3llideas.com\/wp-content\/uploads\/2018\/10\/sage-partner-sinfondo.png\" class=\"ls-l ls-img-layer\" alt=\"\" srcset=\"https:\/\/www.3llideas.com\/wp-content\/uploads\/2018\/10\/sage-partner-sinfondo.png 447w, https:\/\/www.3llideas.com\/wp-content\/uploads\/2018\/10\/sage-partner-sinfondo-300x91.png 300w\" sizes=\"auto, (max-width: 447px) 100vw, 447px\" style=\"width:250px;border-radius:5px;top:201px;left:95px;\" data-ls=\"offsetxin:80;offsetxout:-80;durationout:400;parallaxlevel:0;\"><a style=\"\" class=\"ls-l\" href=\"https:\/\/www.3llideas.com\/es\/saber-mas-3llideas\/\" target=\"_self\" data-ls=\"position:relative;\"><span style=\"top:288px;left:95px;font-weight:700;background-size:inherit;background-position:inherit;padding-top:15px;padding-right:60px;padding-bottom:15px;padding-left:60px;background-color:#1fc0c0;color:#fff;border-radius:50px;font-size:18px;\" class=\"ls-button-layer\">Solicita m\u00e1s informaci\u00f3n<\/span><\/a><\/div><\/div>[\/vc_column_text][vc_empty_space][vc_column_text]Muchas empresas aprovechan la migraci\u00f3n de\u00a0 Sage <strong>ContaPlus<\/strong> a <strong>Sage 200c<\/strong> para avanzar a nivel de herramienta de gesti\u00f3n y debido a la desaparici\u00f3n del primero. El proceso es muy simple y adem\u00e1s ha sido optimizado por Sage. Tan s\u00f3lo hace falta disponer de los elementos necesarios y adem\u00e1s de un consultor con experiencia.<\/p>\n<p>Este apoyo de consultor tiene que ayudar tanto para hacer la migraci\u00f3n como para formarse y sacar el m\u00e1ximo provecho al nuevo software m\u00e1s avanzado.<\/p>\n<p><strong>Sage<\/strong> garantiza y desarrolla sus productos para que haya una migraci\u00f3n f\u00e1cil entre ellos. Siempre de un producto inferior a un producto superior.<\/p>\n<p>Es por ello que existen unas herramientas y una metodolog\u00eda para migrar de <strong>ContaPlus<\/strong> a\u00a0 <strong>Sage 200c<\/strong>.<\/p>\n<p>El proceso consiste en realizar una exportaci\u00f3n desde ContaPlus y luego una importaci\u00f3n de una forma orquestrada en Sage200c. Los elementos que se migrar\u00e1n son:<\/p>\n<ul>\n<li>Datos de empresa<\/li>\n<li>Plan de cuentas<\/li>\n<li>Cliente y proveedores<\/li>\n<li>Movimientos<\/li>\n<li>Cartera<\/li>\n<li>Anal\u00edtica<\/li>\n<li>Presupuestos<\/li>\n<li>Activos fijos<\/li>\n<\/ul>\n<p>Dentro de cada apartado se migrar\u00e1n los diferentes elementos que hay conversi\u00f3n entre ambos sistemas.<\/p>\n<p>El procedimiento se debe hacer de forma que el sistema pueda transferir y procesar toda la informaci\u00f3n. Se puede hacer paso a paso, o multiempresa con las herramientas que dispone. Posteriormente hay que revisar las compa\u00f1\u00edas importadas en Sage 200c para acabar de parametrizarlas y configurar las funcionalidades que soporta el ERP.<\/p>\n<p>En algunos casos puede interesar hacer transformaciones de datos antes de importar, es posible hacerla en algunos casos y deber\u00e1 ser estudiada en el proyecto.<\/p>\n<p>Temas a tener en cuenta:<\/p>\n<ul>\n<li>Validar compatibilidad de versiones<\/li>\n<li>Validar que la versi\u00f3n de ContaPlus soporta exportaci\u00f3n<\/li>\n<li>Copia seguridad antes de empezar el proceso<\/li>\n<li>Revisar todos los elementos de ContaPlus para que cumpla con los requisitos de migraci\u00f3n<\/li>\n<\/ul>\n<p>Somos especialistas en Sage 200c y disponemos de una metodolog\u00eda para realizar las migraciones de forma r\u00e1pida y segura. Nuestro equipo presentar\u00e1 un plan de trabajo y ejecutar\u00e1 las diferentes fases del proceso. Finalizando el proceso con el apoyo al cliente en la parametrizaci\u00f3n y formaci\u00f3n del uso de Sage 200c.[\/vc_column_text][vc_empty_space][\/vc_column][\/vc_row][vc_row][vc_column width=\u00bb1\/3&#8243;][\/vc_column][vc_column width=\u00bb1\/3&#8243;]<\/p>\n<div class=\"image wrap-box no-style below\" style=\"\">\n<div class=\"wrap-box-inner\"><img decoding=\"async\" class=\"wrap-box-element\" style=\" \" src=\"http:\/\/www.3llideas.com\/wp-content\/uploads\/2018\/09\/sage-partner-logo-3llideas.png\" alt=\"\"\/><\/div>\n<\/div>\n<p>[\/vc_column][vc_column width=\u00bb1\/3&#8243;][\/vc_column][\/vc_row][vc_row][vc_column]<\/p>\n<div class=\"divider\"><\/div>\n<p>[\/vc_column][\/vc_row][vc_row][vc_column][vc_empty_space height=\u00bb16px\u00bb][vc_column_text]<\/p>\n<h4 style=\"text-align: left;\">Beneficios de migrar a Sage 200c<\/h4>\n<p>[\/vc_column_text][vc_empty_space height=\u00bb16px\u00bb][vc_column_text]Los beneficios de actualizar a Sage 200c son:<\/p>\n<ul>\n<li>ERP con mucha m\u00e1s funcionalidad<\/li>\n<li>Funcionamiento por \u00e1reas<\/li>\n<li>Se pueden dar permisos diferentes a los diferentes departamentos o miembros de la empresa<\/li>\n<li>Soluci\u00f3n de software cliente\/servidor que es m\u00e1s segura y puede soportar m\u00e1s volumen de transacciones e informaci\u00f3n<\/li>\n<li>Es la opci\u00f3n ideal para empresas que requieran m\u00e1s control y herramientas de decisi\u00f3n<\/li>\n<\/ul>\n<p>[\/vc_column_text][vc_empty_space height=\u00bb16px\u00bb][vc_column_text]Los beneficios de actualizar a Sage 200c son:<\/p>\n<ul>\n<li>ERP con mucha m\u00e1s funcionalidad<\/li>\n<li>Funcionamiento por \u00e1reas<\/li>\n<li>Se pueden dar permisos diferentes a los diferentes departamentos o miembros de la empresa<\/li>\n<li>Soluci\u00f3n de software cliente\/servidor que es m\u00e1s segura y puede soportar m\u00e1s volumen de transacciones e informaci\u00f3n<\/li>\n<li>Es la opci\u00f3n ideal para empresas que requieran m\u00e1s control y herramientas de decisi\u00f3n<\/li>\n<\/ul>\n<p>[\/vc_column_text][vc_empty_space][\/vc_column][\/vc_row][vc_row][vc_column width=\u00bb1\/3&#8243;][\/vc_column][vc_column width=\u00bb1\/3&#8243;]<\/p>\n<div class=\"image wrap-box no-style below\" style=\"width:auto; max-width: 200px;\">\n<div class=\"wrap-box-inner\"><img decoding=\"async\" class=\"wrap-box-element\" style=\"width: 200px; \" src=\"http:\/\/www.3llideas.com\/wp-content\/uploads\/2018\/10\/Sage200cloud_RGB.jpg\" alt=\"Descubre Sage 200c\"\/><\/div>\n<\/div>\n<p>[vc_btn title=\u00bbDescubre Sage 200c\u00bb color=\u00bbgreen\u00bb align=\u00bbcenter\u00bb link=\u00bburl:http%3A%2F%2Fwww.3llideas.com%2Fes%2Fsoftware-empresarial-erp-sage-200c%2F|title:Sage%20200c%20soluci%C3%B3n%20de%20gesti%C3%B3n%20integral%20para%20tu%20pyme||\u00bb][\/vc_column][vc_column width=\u00bb1\/3&#8243;][\/vc_column][\/vc_row][vc_row][vc_column]<\/p>\n<div class=\"divider\"><\/div>\n<p>[\/vc_column][\/vc_row][vc_row][vc_column][vc_empty_space][\/vc_column][\/vc_row][vc_row][vc_column][vc_column_text]<\/p>\n<h5>SOLICITA M\u00c1S INFORMACI\u00d3N<\/h5>\n<p>[\/vc_column_text][vc_column_text]Contacta con nosotros para que podamos darte m\u00e1s informaci\u00f3n y ayudarte en el proceso de migraci\u00f3n.[\/vc_column_text][vc_cta h2=\u00bb\u00bb style=\u00bbflat\u00bb add_button=\u00bbtop\u00bb btn_title=\u00bbSOLICITAR INFORMACI\u00d3N Y DEMO\u00bb btn_style=\u00bbflat\u00bb btn_shape=\u00bbsquare\u00bb btn_color=\u00bbdanger\u00bb btn_size=\u00bblg\u00bb btn_align=\u00bbcenter\u00bb btn_link=\u00bburl:https%3A%2F%2Fwww.3llideas.com%2Fes%2Fsobre-nosotros%2F|title:Sobre%20nosotros\u00bb][\/vc_cta][\/vc_column][\/vc_row]<\/p>\n<\/div>","protected":false},"excerpt":{"rendered":"<p>[vc_row][vc_column offset=\u00bbvc_hidden-xs\u00bb][vc_column_text] Migraci\u00f3n Sage ContaPlus a Sage 200c [\/vc_column_text][vc_empty_space][vc_column_text][\/vc_column_text][vc_empty_space][vc_column_text]Muchas empresas aprovechan la migraci\u00f3n de\u00a0 Sage ContaPlus a Sage 200c para&#8230;<\/p>\n","protected":false},"author":1,"featured_media":0,"parent":0,"menu_order":0,"comment_status":"closed","ping_status":"closed","template":"","meta":{"footnotes":""},"class_list":["post-5256","page","type-page","status-publish","hentry"],"yoast_head":"<!-- This site is optimized with the Yoast SEO Premium plugin v18.4 (Yoast SEO v27.4) - https:\/\/yoast.com\/product\/yoast-seo-premium-wordpress\/ -->\n<title>Ayuda en la migraci\u00f3n Sage ContaPlus a Sage 200c<\/title>\n<meta name=\"description\" content=\"Evoluciona tu ContaPlus migrando al software de gesti\u00f3n empresarial Sage 200c. Te apoyamos en el proceso de migraci\u00f3n y para que aproveches Sage 200c.\" \/>\n<meta name=\"robots\" content=\"index, follow, max-snippet:-1, max-image-preview:large, max-video-preview:-1\" \/>\n<link rel=\"canonical\" href=\"https:\/\/www.3llideas.com\/es\/migracion-sage-contaplus-a-sage-200c\/\" \/>\n<meta property=\"og:locale\" content=\"es_ES\" \/>\n<meta property=\"og:type\" content=\"article\" \/>\n<meta property=\"og:title\" content=\"Migraci\u00f3n Sage ContaPlus a Sage 200c\" \/>\n<meta property=\"og:description\" content=\"Evoluciona tu ContaPlus migrando al software de gesti\u00f3n empresarial Sage 200c. Te apoyamos en el proceso de migraci\u00f3n y para que aproveches Sage 200c.\" \/>\n<meta property=\"og:url\" content=\"https:\/\/www.3llideas.com\/es\/migracion-sage-contaplus-a-sage-200c\/\" \/>\n<meta property=\"og:site_name\" content=\"3llideas.com\" \/>\n<meta property=\"article:modified_time\" content=\"2021-10-06T11:09:21+00:00\" \/>\n<meta name=\"twitter:card\" content=\"summary_large_image\" \/>\n<meta name=\"twitter:site\" content=\"@3llideas\" \/>\n<meta name=\"twitter:label1\" content=\"Tiempo de lectura\" \/>\n\t<meta name=\"twitter:data1\" content=\"6 minutos\" \/>\n<script type=\"application\/ld+json\" class=\"yoast-schema-graph\">{\"@context\":\"https:\\\/\\\/schema.org\",\"@graph\":[{\"@type\":\"WebPage\",\"@id\":\"https:\\\/\\\/www.3llideas.com\\\/es\\\/migracion-sage-contaplus-a-sage-200c\\\/\",\"url\":\"https:\\\/\\\/www.3llideas.com\\\/es\\\/migracion-sage-contaplus-a-sage-200c\\\/\",\"name\":\"Ayuda en la migraci\u00f3n Sage ContaPlus a Sage 200c\",\"isPartOf\":{\"@id\":\"https:\\\/\\\/www.3llideas.com\\\/es\\\/#website\"},\"datePublished\":\"2019-09-12T17:16:52+00:00\",\"dateModified\":\"2021-10-06T11:09:21+00:00\",\"description\":\"Evoluciona tu ContaPlus migrando al software de gesti\u00f3n empresarial Sage 200c. Te apoyamos en el proceso de migraci\u00f3n y para que aproveches Sage 200c.\",\"breadcrumb\":{\"@id\":\"https:\\\/\\\/www.3llideas.com\\\/es\\\/migracion-sage-contaplus-a-sage-200c\\\/#breadcrumb\"},\"inLanguage\":\"es\",\"potentialAction\":[{\"@type\":\"ReadAction\",\"target\":[\"https:\\\/\\\/www.3llideas.com\\\/es\\\/migracion-sage-contaplus-a-sage-200c\\\/\"]}]},{\"@type\":\"BreadcrumbList\",\"@id\":\"https:\\\/\\\/www.3llideas.com\\\/es\\\/migracion-sage-contaplus-a-sage-200c\\\/#breadcrumb\",\"itemListElement\":[{\"@type\":\"ListItem\",\"position\":1,\"name\":\"Portada\",\"item\":\"https:\\\/\\\/www.3llideas.com\\\/es\\\/\"},{\"@type\":\"ListItem\",\"position\":2,\"name\":\"Migraci\u00f3n Sage ContaPlus a Sage 200c\"}]},{\"@type\":\"WebSite\",\"@id\":\"https:\\\/\\\/www.3llideas.com\\\/es\\\/#website\",\"url\":\"https:\\\/\\\/www.3llideas.com\\\/es\\\/\",\"name\":\"3llideas.com\",\"description\":\"3llideas, Agencia Ecommerce, Gesti\u00f3n empresarial Microsoft, AWS, Gesti\u00f3n empresarial sage\",\"potentialAction\":[{\"@type\":\"SearchAction\",\"target\":{\"@type\":\"EntryPoint\",\"urlTemplate\":\"https:\\\/\\\/www.3llideas.com\\\/es\\\/?s={search_term_string}\"},\"query-input\":{\"@type\":\"PropertyValueSpecification\",\"valueRequired\":true,\"valueName\":\"search_term_string\"}}],\"inLanguage\":\"es\"}]}<\/script>\n<!-- \/ Yoast SEO Premium plugin. -->","yoast_head_json":{"title":"Ayuda en la migraci\u00f3n Sage ContaPlus a Sage 200c","description":"Evoluciona tu ContaPlus migrando al software de gesti\u00f3n empresarial Sage 200c. Te apoyamos en el proceso de migraci\u00f3n y para que aproveches Sage 200c.","robots":{"index":"index","follow":"follow","max-snippet":"max-snippet:-1","max-image-preview":"max-image-preview:large","max-video-preview":"max-video-preview:-1"},"canonical":"https:\/\/www.3llideas.com\/es\/migracion-sage-contaplus-a-sage-200c\/","og_locale":"es_ES","og_type":"article","og_title":"Migraci\u00f3n Sage ContaPlus a Sage 200c","og_description":"Evoluciona tu ContaPlus migrando al software de gesti\u00f3n empresarial Sage 200c. Te apoyamos en el proceso de migraci\u00f3n y para que aproveches Sage 200c.","og_url":"https:\/\/www.3llideas.com\/es\/migracion-sage-contaplus-a-sage-200c\/","og_site_name":"3llideas.com","article_modified_time":"2021-10-06T11:09:21+00:00","twitter_card":"summary_large_image","twitter_site":"@3llideas","twitter_misc":{"Tiempo de lectura":"6 minutos"},"schema":{"@context":"https:\/\/schema.org","@graph":[{"@type":"WebPage","@id":"https:\/\/www.3llideas.com\/es\/migracion-sage-contaplus-a-sage-200c\/","url":"https:\/\/www.3llideas.com\/es\/migracion-sage-contaplus-a-sage-200c\/","name":"Ayuda en la migraci\u00f3n Sage ContaPlus a Sage 200c","isPartOf":{"@id":"https:\/\/www.3llideas.com\/es\/#website"},"datePublished":"2019-09-12T17:16:52+00:00","dateModified":"2021-10-06T11:09:21+00:00","description":"Evoluciona tu ContaPlus migrando al software de gesti\u00f3n empresarial Sage 200c. Te apoyamos en el proceso de migraci\u00f3n y para que aproveches Sage 200c.","breadcrumb":{"@id":"https:\/\/www.3llideas.com\/es\/migracion-sage-contaplus-a-sage-200c\/#breadcrumb"},"inLanguage":"es","potentialAction":[{"@type":"ReadAction","target":["https:\/\/www.3llideas.com\/es\/migracion-sage-contaplus-a-sage-200c\/"]}]},{"@type":"BreadcrumbList","@id":"https:\/\/www.3llideas.com\/es\/migracion-sage-contaplus-a-sage-200c\/#breadcrumb","itemListElement":[{"@type":"ListItem","position":1,"name":"Portada","item":"https:\/\/www.3llideas.com\/es\/"},{"@type":"ListItem","position":2,"name":"Migraci\u00f3n Sage ContaPlus a Sage 200c"}]},{"@type":"WebSite","@id":"https:\/\/www.3llideas.com\/es\/#website","url":"https:\/\/www.3llideas.com\/es\/","name":"3llideas.com","description":"3llideas, Agencia Ecommerce, Gesti\u00f3n empresarial Microsoft, AWS, Gesti\u00f3n empresarial sage","potentialAction":[{"@type":"SearchAction","target":{"@type":"EntryPoint","urlTemplate":"https:\/\/www.3llideas.com\/es\/?s={search_term_string}"},"query-input":{"@type":"PropertyValueSpecification","valueRequired":true,"valueName":"search_term_string"}}],"inLanguage":"es"}]}},"_links":{"self":[{"href":"https:\/\/www.3llideas.com\/es\/wp-json\/wp\/v2\/pages\/5256","targetHints":{"allow":["GET"]}}],"collection":[{"href":"https:\/\/www.3llideas.com\/es\/wp-json\/wp\/v2\/pages"}],"about":[{"href":"https:\/\/www.3llideas.com\/es\/wp-json\/wp\/v2\/types\/page"}],"author":[{"embeddable":true,"href":"https:\/\/www.3llideas.com\/es\/wp-json\/wp\/v2\/users\/1"}],"replies":[{"embeddable":true,"href":"https:\/\/www.3llideas.com\/es\/wp-json\/wp\/v2\/comments?post=5256"}],"version-history":[{"count":11,"href":"https:\/\/www.3llideas.com\/es\/wp-json\/wp\/v2\/pages\/5256\/revisions"}],"predecessor-version":[{"id":8803,"href":"https:\/\/www.3llideas.com\/es\/wp-json\/wp\/v2\/pages\/5256\/revisions\/8803"}],"wp:attachment":[{"href":"https:\/\/www.3llideas.com\/es\/wp-json\/wp\/v2\/media?parent=5256"}],"curies":[{"name":"wp","href":"https:\/\/api.w.org\/{rel}","templated":true}]}}