{"id":5222,"date":"2019-09-11T10:36:55","date_gmt":"2019-09-11T10:36:55","guid":{"rendered":"http:\/\/www.3llideas.com\/?page_id=5222"},"modified":"2021-10-06T10:02:40","modified_gmt":"2021-10-06T08:02:40","slug":"sage-200-cloud-software-planificacion-captura-planta-fabricacion","status":"publish","type":"page","link":"https:\/\/www.3llideas.com\/es\/sage-200-cloud-software-planificacion-captura-planta-fabricacion\/","title":{"rendered":"Software planificaci\u00f3n y captura de datos en planta para Sage 200c"},"content":{"rendered":"<div class=\"wpb-content-wrapper\"><p>[vc_row][vc_column offset=\u00bbvc_hidden-xs\u00bb][vc_column_text]<\/p>\n<h1 style=\"text-align: left;\">Software planificaci\u00f3n y captura en planta para la industria 4.0<\/h1>\n<p>[\/vc_column_text][vc_empty_space][vc_column_text]<script type=\"text\/javascript\">jQuery(function() { _initLayerSlider( '#layerslider_62_1o9sp1na3355g', {sliderVersion: '7.2.3', type: 'fullwidth', responsiveUnder: 0, layersContainer: 0, hideUnder: 0, hideOver: 100000, pauseOnHover: 'enabled', skin: 'v5', sliderFadeInDuration: 350, useSrcset: true, skinsPath: 'https:\/\/www.3llideas.com\/wp-content\/plugins\/LayerSlider\/assets\/static\/layerslider\/skins\/', performanceMode: true}); });<\/script><div id=\"layerslider_62_1o9sp1na3355g\"  class=\"ls-wp-container fitvidsignore ls-selectable\" style=\"width:1920px;height:470px;margin:0 auto;\"><div class=\"ls-slide\" data-ls=\"duration:4000;\"><img loading=\"lazy\" decoding=\"async\" width=\"1920\" height=\"470\" src=\"https:\/\/www.3llideas.com\/wp-content\/uploads\/2018\/10\/banner_sage200cloud_web_3llideas.jpg\" class=\"ls-bg\" alt=\"\" srcset=\"https:\/\/www.3llideas.com\/wp-content\/uploads\/2018\/10\/banner_sage200cloud_web_3llideas.jpg 1920w, https:\/\/www.3llideas.com\/wp-content\/uploads\/2018\/10\/banner_sage200cloud_web_3llideas-300x73.jpg 300w, https:\/\/www.3llideas.com\/wp-content\/uploads\/2018\/10\/banner_sage200cloud_web_3llideas-768x188.jpg 768w, https:\/\/www.3llideas.com\/wp-content\/uploads\/2018\/10\/banner_sage200cloud_web_3llideas-1024x251.jpg 1024w, https:\/\/www.3llideas.com\/wp-content\/uploads\/2018\/10\/banner_sage200cloud_web_3llideas-1087x266.jpg 1087w\" sizes=\"auto, (max-width: 1920px) 100vw, 1920px\" \/><h3 style=\"color:#FFFFFF;top:55px;left:95px;\" class=\"ls-l ls-text-layer\" data-ls=\"offsetxin:80;offsetxout:-80;durationout:400;parallaxlevel:0;\"><strong>Software captura de datos en planta<\/strong><\/h3><h3 style=\"color:#FFFFFF;top:103px;left:95px;\" class=\"ls-l ls-text-layer\" data-ls=\"offsetxin:80;offsetxout:-80;durationout:400;parallaxlevel:0;\"><strong>Software planificaci\u00f3n producci\u00f3n <\/strong><\/h3><h4 style=\"color:#FFFFFF;top:158px;left:95px;\" class=\"ls-l ls-text-layer\" data-ls=\"offsetxin:80;offsetxout:-80;durationout:400;parallaxlevel:0;\">Prepara tu f\u00e1brica para Industria 4.0<\/h4><img loading=\"lazy\" decoding=\"async\" width=\"226\" height=\"39\" src=\"https:\/\/www.3llideas.com\/wp-content\/uploads\/2018\/10\/Sage200cloud_RGB_sinfondo.png\" class=\"ls-l ls-img-layer\" alt=\"\" style=\"width:250px;top:234px;left:95px;\" data-ls=\"offsetxin:80;offsetxout:-80;durationout:400;parallaxlevel:0;\"><img loading=\"lazy\" decoding=\"async\" width=\"447\" height=\"136\" src=\"https:\/\/www.3llideas.com\/wp-content\/uploads\/2018\/10\/sage-partner-sinfondo.png\" class=\"ls-l ls-img-layer\" alt=\"\" srcset=\"https:\/\/www.3llideas.com\/wp-content\/uploads\/2018\/10\/sage-partner-sinfondo.png 447w, https:\/\/www.3llideas.com\/wp-content\/uploads\/2018\/10\/sage-partner-sinfondo-300x91.png 300w\" sizes=\"auto, (max-width: 447px) 100vw, 447px\" style=\"width:250px;border-radius:5px;top:277px;left:95px;\" data-ls=\"offsetxin:80;offsetxout:-80;durationout:400;parallaxlevel:0;\"><a style=\"\" class=\"ls-l\" href=\"https:\/\/www.3llideas.com\/es\/saber-mas-3llideas\/\" target=\"_self\" data-ls=\"position:relative;\"><span style=\"top:361px;left:95px;font-weight:700;background-size:inherit;background-position:inherit;padding-top:15px;padding-right:60px;padding-bottom:15px;padding-left:60px;background-color:#1fc0c0;color:#fff;border-radius:50px;font-size:20px;\" class=\"ls-button-layer\">Solicita m\u00e1s informaci\u00f3n<\/span><\/a><\/div><\/div>[\/vc_column_text][vc_empty_space][vc_column_text]Software avanzado de planificaci\u00f3n y captura de datos en planta para industrias, talleres y otros negocios de producci\u00f3n\/fabricaci\u00f3n.<\/p>\n<p>Descubre como <strong>Sage 200 cloud<\/strong> puede extenderse para la empresas industriales que su negocio est\u00e1 en la optimizaci\u00f3n de los procesos de producci\u00f3n y la informaci\u00f3n en planta.<\/p>\n<p>Enfocado a Industria 4.0 en donde toda la informaci\u00f3n est\u00e1 disponible para una toma de decisiones \u00e1gil y r\u00e1pida, estas soluciones permitir\u00e1n a empresas de fabricaci\u00f3n, talleres, montaje y subcontrataci\u00f3n disponer de herramientas de optimizaci\u00f3n.[\/vc_column_text][vc_empty_space][\/vc_column][\/vc_row][vc_row css=\u00bb.vc_custom_1523171914046{margin-top: -80px !important;}\u00bb][vc_column offset=\u00bbvc_hidden-lg vc_hidden-md vc_hidden-sm\u00bb css=\u00bb.vc_custom_1568186623328{margin-top: 40px !important;}\u00bb][vc_empty_space][vc_column_text]<\/p>\n<h4 style=\"text-align: left;\">Software planificaci\u00f3n y captura en planta para la industria 4.0<\/h4>\n<p>[\/vc_column_text][vc_empty_space][vc_column_text]<script type=\"text\/javascript\">jQuery(function() { _initLayerSlider( '#layerslider_63_1vckvm310s2jv', {sliderVersion: '7.0.7', type: 'fullwidth', responsiveUnder: 0, layersContainer: 0, hideUnder: 0, hideOver: 100000, pauseOnHover: 'enabled', skin: 'v5', sliderFadeInDuration: 350, useSrcset: true, skinsPath: 'https:\/\/www.3llideas.com\/wp-content\/plugins\/LayerSlider\/assets\/static\/layerslider\/skins\/', performanceMode: true}); });<\/script><link href=\"https:\/\/fonts.googleapis.com\/css?family=DM+Sans:100,100i,200,200i,300,300i,400,400i,500,500i,600,600i,700,700i,800,800i,900,900i\" rel=\"stylesheet\"><div id=\"layerslider_63_1vckvm310s2jv\"  class=\"ls-wp-container fitvidsignore ls-selectable\" style=\"width:750px;height:396px;margin:0 auto;\"><div class=\"ls-slide\" data-ls=\"duration:4000;\"><img loading=\"lazy\" decoding=\"async\" width=\"750\" height=\"396\" src=\"https:\/\/www.3llideas.com\/wp-content\/uploads\/2018\/10\/banner_sage200cloud_peq.jpg\" class=\"ls-bg\" alt=\"\" srcset=\"https:\/\/www.3llideas.com\/wp-content\/uploads\/2018\/10\/banner_sage200cloud_peq.jpg 750w, https:\/\/www.3llideas.com\/wp-content\/uploads\/2018\/10\/banner_sage200cloud_peq-300x158.jpg 300w\" sizes=\"auto, (max-width: 750px) 100vw, 750px\" \/><h3 style=\"color:#FFFFFF;top:69px;left:38px;font-family:DM Sans;font-size:28px;\" class=\"ls-l ls-text-layer\" data-ls=\"offsetxin:80;offsetxout:-80;durationout:400;parallaxlevel:0;\"><strong>Software captura de datos en planta<\/strong><\/h3><h3 style=\"color:#FFFFFF;top:34px;left:38px;font-family:DM Sans;font-size:28px;\" class=\"ls-l ls-text-layer\" data-ls=\"offsetxin:80;offsetxout:-80;durationout:400;parallaxlevel:0;\"><strong>Software planificaci\u00f3n producci\u00f3n avanzado<\/strong><\/h3><h4 style=\"color:#FFFFFF;top:114px;left:38px;font-size:28px;line-height:falsepx;font-family:DM Sans;\" class=\"ls-l ls-text-layer\" data-ls=\"offsetxin:80;offsetxout:-80;durationout:400;parallaxlevel:0;\">Prepara tu f\u00e1brica para Industria 4.0<\/h4><img loading=\"lazy\" decoding=\"async\" width=\"226\" height=\"39\" src=\"https:\/\/www.3llideas.com\/wp-content\/uploads\/2018\/10\/Sage200cloud_RGB_sinfondo.png\" class=\"ls-l ls-img-layer\" alt=\"\" style=\"width:250px;top:178px;left:38px;\" data-ls=\"offsetxin:80;offsetxout:-80;durationout:400;parallaxlevel:0;\"><img loading=\"lazy\" decoding=\"async\" width=\"447\" height=\"136\" src=\"https:\/\/www.3llideas.com\/wp-content\/uploads\/2018\/10\/sage-partner-sinfondo.png\" class=\"ls-l ls-img-layer\" alt=\"\" srcset=\"https:\/\/www.3llideas.com\/wp-content\/uploads\/2018\/10\/sage-partner-sinfondo.png 447w, https:\/\/www.3llideas.com\/wp-content\/uploads\/2018\/10\/sage-partner-sinfondo-300x91.png 300w\" sizes=\"auto, (max-width: 447px) 100vw, 447px\" style=\"width:250px;border-radius:5px;top:230px;left:38px;\" data-ls=\"offsetxin:80;offsetxout:-80;durationout:400;parallaxlevel:0;\"><a style=\"\" class=\"ls-l\" href=\"https:\/\/www.3llideas.com\/es\/saber-mas-3llideas\/\" target=\"_self\" data-ls=\"position:relative;\"><span style=\"top:306px;left:38px;font-weight:700;background-size:inherit;background-position:inherit;padding-top:15px;padding-right:60px;padding-bottom:15px;padding-left:60px;background-color:#1fc0c0;color:#fff;border-radius:50px;font-family:DM Sans;font-size:16px;\" class=\"ls-button-layer\">Solicita m\u00e1s informaci\u00f3n<\/span><\/a><\/div><\/div>[\/vc_column_text][vc_empty_space][vc_column_text]Descubre como <strong>Sage 200 cloud<\/strong> puede extenderse para la empresas industriales que su negocio est\u00e1 en la optimizaci\u00f3n de los procesos de producci\u00f3n y la informaci\u00f3n en planta.<\/p>\n<p>Enfocado a Industria 4.0 en donde toda la informaci\u00f3n est\u00e1 disponible para una toma de decisiones \u00e1gil y r\u00e1pida, estas soluciones permitir\u00e1n a empresas de fabricaci\u00f3n, talleres, montaje y subcontrataci\u00f3n disponer de herramientas de optimizaci\u00f3n.[\/vc_column_text][vc_empty_space][\/vc_column][\/vc_row][vc_row][vc_column width=\u00bb1\/3&#8243;][\/vc_column][vc_column width=\u00bb1\/3&#8243;]<\/p>\n<div class=\"image wrap-box no-style below\" style=\"\">\n<div class=\"wrap-box-inner\"><img decoding=\"async\" class=\"wrap-box-element\" style=\" \" src=\"http:\/\/www.3llideas.com\/wp-content\/uploads\/2018\/09\/sage-partner-logo-3llideas.png\" alt=\"\"\/><\/div>\n<\/div>\n<p>[\/vc_column][vc_column width=\u00bb1\/3&#8243;][\/vc_column][\/vc_row][vc_row][vc_column]<\/p>\n<div class=\"divider\"><\/div>\n<p>[\/vc_column][\/vc_row][vc_row][vc_column][vc_empty_space][vc_column_text]<\/p>\n<h4 style=\"text-align: center;\"><strong>Planificador de la producci\u00f3n &#8211; PLANNER<\/strong><\/h4>\n<p>[\/vc_column_text][vc_empty_space height=\u00bb10px\u00bb][vc_column_text]Aplicaci\u00f3n preparada para mejorar la planificaci\u00f3n y programaci\u00f3n en detalle de la empresa. Esta\u00a0 permite planificar todas las \u00f3rdenes de trabajo de los procesos productivos de la empresa, permitiendo tener en control todo el plan de trabajo y poderlo ajustar din\u00e1micamente. Contiene un potente configurador de reglas y algoritmos 100% abierto para cualquier empresa y sector. Mejora la eficiencia productiva y optimiza los tiempos de producci\u00f3n para rebajar los compromisos y fechas de entrega.<\/p>\n<p>El planificador dispondr\u00e1 de toda la informaci\u00f3n de vital importancia sobre las cargas de trabajo de los recursos humanos y de m\u00e1quinas de la empresa para detectar los cuellos de botella y solventar eficientemente cualquier casu\u00edstica que pueda ocasionar cambios y demoras del proceso productivo. En definitiva, facilitar\u00e1 la toma de decisiones, mejorar el servicio y reducci\u00f3n de costes al optimizar el plan de producci\u00f3n.[\/vc_column_text][vc_empty_space height=\u00bb12px\u00bb][vc_column_text]<\/p>\n<p style=\"text-align: left;\">Descubre los beneficios y principales caracter\u00edsticas:<\/p>\n<p>[\/vc_column_text][\/vc_column][\/vc_row][vc_row][vc_column width=\u00bb1\/2&#8243;][vc_column_text]<strong>Beneficios para el cliente:<\/strong><\/p>\n<ul>\n<li>\u00a0Econ\u00f3micos\n<ul>\n<li>Visi\u00f3n global de la planificaci\u00f3n<\/li>\n<li>Eliminaci\u00f3n de errores<\/li>\n<li>Velocidad en toma decisiones<\/li>\n<li>Mejor aprovechamiento de recursos y reducci\u00f3n de tiempos de parada<\/li>\n<\/ul>\n<\/li>\n<\/ul>\n<ul>\n<li>\u00a0Productividad\n<ul>\n<li>Reducci\u00f3n de errores<\/li>\n<li>Mejora eficiencia productiva y cambios de m\u00e1quina<\/li>\n<li>Optimizaci\u00f3n del proceso productivo para un mejor cumplimiento de los compromisos de entrega<\/li>\n<li>Velocidad de planificaci\u00f3n y toma decisiones<\/li>\n<\/ul>\n<\/li>\n<\/ul>\n<p>[\/vc_column_text][vc_column_text]<strong>Integraci\u00f3n:<\/strong><\/p>\n<p>Integraci\u00f3n con Sage 200c[\/vc_column_text][\/vc_column][vc_column width=\u00bb1\/2&#8243;][vc_column_text]<strong>Principales caracter\u00edsticas:<\/strong><\/p>\n<ul>\n<li>Multi-usuario, multi-centro, multi-empresa<\/li>\n<li>Control de roles y permisos de usuarios y\/o operarios<\/li>\n<li>Planificaci\u00f3n maestra\u00a0 y simulaciones. Disponiendo de indicadores de negocio y pudiendo hacer comparativas.<\/li>\n<li>Informes y exportaci\u00f3n<\/li>\n<li>Indicadores KPI<\/li>\n<li>Configurador con generador de algoritmos y y reglas de optimizaci\u00f3n<\/li>\n<li>Diagramas GANTT 100% interactivos<\/li>\n<li>Posibilidad de personalizar GANTT<\/li>\n<li>Vista GANTT por \u00f3rdenes de producci\u00f3n, art\u00edculo, cliente, tipo de operaci\u00f3n o recurso<\/li>\n<li>Programador de recursos<\/li>\n<li>Calendario y horarios por recurso<\/li>\n<li>Filtro y buscador de operaciones<\/li>\n<li>Consultas stock, pedidos compra art\u00edculo<\/li>\n<li>Acceso directo a escandallos<\/li>\n<li>Centros de trabajo y m\u00e1quinas<\/li>\n<li>Histogramas de carga de trabajo<\/li>\n<li>Bloqueo y divisi\u00f3n de operaciones<\/li>\n<li>Posibilidad de fraccionamiento de operaciones<\/li>\n<li>C\u00e1lculo heur\u00edstico de planificaci\u00f3n de la producci\u00f3n. Permite la optimizaci\u00f3n de las fases y operaciones de acuerdo a los recursos.<\/li>\n<li>Planificaci\u00f3n inversa. Planteando el inicio del trabajo en funci\u00f3n de la fecha de entrega.<\/li>\n<\/ul>\n<p>[\/vc_column_text][\/vc_column][\/vc_row][vc_row][vc_column][vc_empty_space height=\u00bb16px\u00bb][vc_column_text]Esta aplicaci\u00f3n ayudar\u00e1 a una planificaci\u00f3n \u00e1gil y a la toma de decisiones de fabrica. Dotando al departamento de planificaci\u00f3n y producci\u00f3n de herramientas muy avanzadas para optimizar las operaciones.[\/vc_column_text][vc_empty_space][\/vc_column][\/vc_row][vc_row][vc_column][vc_empty_space][vc_column_text]<\/p>\n<h4 style=\"text-align: center;\"><strong>Captura de datos en planta &#8211; CAPTURE<\/strong><\/h4>\n<p>[\/vc_column_text][vc_empty_space height=\u00bb10px\u00bb][vc_column_text]Esta soluci\u00f3n permite disponer de una soluci\u00f3n que las plantas de fabricaci\u00f3n puedan reportar y consultar informaci\u00f3n en las zonas de fabricaci\u00f3n. Los operarios y responsables tienen acceso directo a las tareas u \u00f3rdenes de fabricaci\u00f3n que tienen asignadas. Pudiendo informar en tiempo real cualquier incidencia y las unidades fabricadas. Esto permitir\u00e1 una imputaci\u00f3n de consumos de materiales y stock.<\/p>\n<p>Al disponer de toda esta informaci\u00f3n mejora la toma decisiones, permite tener fiabilidad en los stocks y tambi\u00e9n en los costes de producci\u00f3n. Adem\u00e1s eliminar\u00e1 la burocracia al eliminar la documentaci\u00f3n de papel y el trabajo administrativo que lleva.[\/vc_column_text][vc_empty_space height=\u00bb12px\u00bb][vc_column_text]<\/p>\n<p style=\"text-align: left;\">Descubre los beneficios y principales caracter\u00edsticas:<\/p>\n<p>[\/vc_column_text][\/vc_column][\/vc_row][vc_row][vc_column width=\u00bb1\/2&#8243;][vc_column_text]<strong>Beneficios para el cliente:<\/strong><\/p>\n<ul>\n<li>\u00a0Econ\u00f3micos\n<ul>\n<li>Visi\u00f3n real de lo que est\u00e1 pasando en las plantas<\/li>\n<li>Eliminaci\u00f3n de errores<\/li>\n<li>Velocidad en toma decisiones<\/li>\n<li>Ahorros administrativos<\/li>\n<li>Mejores decisiones<\/li>\n<\/ul>\n<\/li>\n<\/ul>\n<ul>\n<li>\u00a0Productividad\n<ul>\n<li>Reducci\u00f3n de errores<\/li>\n<li>Mejor comunicaci\u00f3n, coordinaci\u00f3n e informaci\u00f3n.Por tanto mejor\u00a0 toma de decisiones<\/li>\n<li>Ayuda en el trabajo en equipo<\/li>\n<\/ul>\n<\/li>\n<\/ul>\n<p>[\/vc_column_text][vc_column_text]<strong>Integraci\u00f3n:<\/strong><\/p>\n<p>Integraci\u00f3n con Sage 200c[\/vc_column_text][\/vc_column][vc_column width=\u00bb1\/2&#8243;][vc_column_text]<strong>Principales caracter\u00edsticas:<\/strong><\/p>\n<ul>\n<li>Soporta todo tipo de industrias y de cualquier tama\u00f1o. M\u00faltiples usuarios, centros de trabajo y multi-empresa<\/li>\n<li>Modos de identificaci\u00f3n autom\u00e1tica (biom\u00e9tricos, tarjetas, listado, contrase\u00f1as)<\/li>\n<li>Software Backoffice &#8211; Permite la gesti\u00f3n de la planta. Terminales, secciones, operarios, m\u00e1quinas e incidencias<\/li>\n<li>M\u00f3dulo visor de documentaci\u00f3n<\/li>\n<li>M\u00f3dulo de cuestionarios o checklists<\/li>\n<li>Informaci\u00f3n del inicio\/paro, tareas de preparaci\u00f3n y producci\u00f3n<\/li>\n<li>M\u00f3dulo de incidencias<\/li>\n<li>Autentificaci\u00f3n y control de acceso<\/li>\n<li>Aplicaci\u00f3n interfaz formato Kiosk<\/li>\n<li>Monitorizaci\u00f3n y trazabilidad<\/li>\n<li>M\u00f3dulo de sin\u00f3pticos &#8211; SCADA para integraci\u00f3n de informaci\u00f3n de planta de forma autom\u00e1tica<\/li>\n<li>Sincronizaci\u00f3n de las OF y OT del ERP<\/li>\n<li>Registro de tiempos y unidades fabricadas<\/li>\n<li>Integraci\u00f3n con soluci\u00f3n PLANNER<\/li>\n<\/ul>\n<p>[\/vc_column_text][\/vc_column][\/vc_row][vc_row][vc_column][vc_empty_space height=\u00bb16px\u00bb][vc_column_text]Esta soluci\u00f3n facilitar\u00e1 la recepci\u00f3n de\u00a0 informaci\u00f3n en los sistemas de producci\u00f3n y ayudar a gestionar a nivel planta las acciones que se env\u00eden a los equipos de producci\u00f3n.[\/vc_column_text][vc_empty_space][\/vc_column][\/vc_row][vc_row][vc_column]<\/p>\n<div class=\"divider\"><\/div>\n<p>[\/vc_column][\/vc_row][vc_row][vc_column][vc_empty_space][\/vc_column][\/vc_row][vc_row][vc_column][vc_column_text]<\/p>\n<h5>SOLICITA M\u00c1S INFORMACI\u00d3N<\/h5>\n<p>[\/vc_column_text][vc_column_text]Contacta con nosotros para que podamos conocer tus requerimientos, mostrarte la soluci\u00f3n y analizar los beneficios para tu entorno productivo.[\/vc_column_text][vc_cta h2=\u00bb\u00bb style=\u00bbflat\u00bb add_button=\u00bbtop\u00bb btn_title=\u00bbSOLICITAR INFORMACI\u00d3N Y DEMO\u00bb btn_style=\u00bbflat\u00bb btn_shape=\u00bbsquare\u00bb btn_color=\u00bbdanger\u00bb btn_size=\u00bblg\u00bb btn_align=\u00bbcenter\u00bb btn_link=\u00bburl:https%3A%2F%2Fwww.3llideas.com%2Fes%2Fsaber-mas-3llideas%2F|title:Saber%20m%C3%A1s\u00bb][\/vc_cta][\/vc_column][\/vc_row]<\/p>\n<\/div>","protected":false},"excerpt":{"rendered":"<p>[vc_row][vc_column offset=\u00bbvc_hidden-xs\u00bb][vc_column_text] Software planificaci\u00f3n y captura en planta para la industria 4.0 [\/vc_column_text][vc_empty_space][vc_column_text][\/vc_column_text][vc_empty_space][vc_column_text]Software avanzado de planificaci\u00f3n y captura de datos&#8230;<\/p>\n","protected":false},"author":1,"featured_media":0,"parent":0,"menu_order":0,"comment_status":"closed","ping_status":"closed","template":"","meta":{"footnotes":""},"class_list":["post-5222","page","type-page","status-publish","hentry"],"yoast_head":"<!-- This site is optimized with the Yoast SEO Premium plugin v18.4 (Yoast SEO v27.6) - https:\/\/yoast.com\/product\/yoast-seo-premium-wordpress\/ -->\n<title>Software para industrias - planificaci\u00f3n y captura planta Sage 200c<\/title>\n<meta name=\"description\" content=\"Resuelve tu planificaci\u00f3n y captura en planta con el software para industrias y talleres, integrado con Sage 200c de forma autom\u00e1tica\" \/>\n<meta name=\"robots\" content=\"index, follow, max-snippet:-1, max-image-preview:large, max-video-preview:-1\" \/>\n<link rel=\"canonical\" href=\"https:\/\/www.3llideas.com\/es\/sage-200-cloud-software-planificacion-captura-planta-fabricacion\/\" \/>\n<meta property=\"og:locale\" content=\"es_ES\" \/>\n<meta property=\"og:type\" content=\"article\" \/>\n<meta property=\"og:title\" content=\"Software planificaci\u00f3n y captura de datos en planta para Sage 200c\" \/>\n<meta property=\"og:description\" content=\"Resuelve tu planificaci\u00f3n y captura en planta con el software para industrias y talleres, integrado con Sage 200c de forma autom\u00e1tica\" \/>\n<meta property=\"og:url\" content=\"https:\/\/www.3llideas.com\/es\/sage-200-cloud-software-planificacion-captura-planta-fabricacion\/\" \/>\n<meta property=\"og:site_name\" content=\"3llideas.com\" \/>\n<meta property=\"article:modified_time\" content=\"2021-10-06T08:02:40+00:00\" \/>\n<meta name=\"twitter:card\" content=\"summary_large_image\" \/>\n<meta name=\"twitter:site\" content=\"@3llideas\" \/>\n<meta name=\"twitter:label1\" content=\"Tiempo de lectura\" \/>\n\t<meta name=\"twitter:data1\" content=\"7 minutos\" \/>\n<script type=\"application\/ld+json\" class=\"yoast-schema-graph\">{\"@context\":\"https:\\\/\\\/schema.org\",\"@graph\":[{\"@type\":\"WebPage\",\"@id\":\"https:\\\/\\\/www.3llideas.com\\\/es\\\/sage-200-cloud-software-planificacion-captura-planta-fabricacion\\\/\",\"url\":\"https:\\\/\\\/www.3llideas.com\\\/es\\\/sage-200-cloud-software-planificacion-captura-planta-fabricacion\\\/\",\"name\":\"Software para industrias - planificaci\u00f3n y captura planta Sage 200c\",\"isPartOf\":{\"@id\":\"https:\\\/\\\/www.3llideas.com\\\/es\\\/#website\"},\"datePublished\":\"2019-09-11T10:36:55+00:00\",\"dateModified\":\"2021-10-06T08:02:40+00:00\",\"description\":\"Resuelve tu planificaci\u00f3n y captura en planta con el software para industrias y talleres, integrado con Sage 200c de forma autom\u00e1tica\",\"breadcrumb\":{\"@id\":\"https:\\\/\\\/www.3llideas.com\\\/es\\\/sage-200-cloud-software-planificacion-captura-planta-fabricacion\\\/#breadcrumb\"},\"inLanguage\":\"es\",\"potentialAction\":[{\"@type\":\"ReadAction\",\"target\":[\"https:\\\/\\\/www.3llideas.com\\\/es\\\/sage-200-cloud-software-planificacion-captura-planta-fabricacion\\\/\"]}]},{\"@type\":\"BreadcrumbList\",\"@id\":\"https:\\\/\\\/www.3llideas.com\\\/es\\\/sage-200-cloud-software-planificacion-captura-planta-fabricacion\\\/#breadcrumb\",\"itemListElement\":[{\"@type\":\"ListItem\",\"position\":1,\"name\":\"Portada\",\"item\":\"https:\\\/\\\/www.3llideas.com\\\/es\\\/\"},{\"@type\":\"ListItem\",\"position\":2,\"name\":\"Software planificaci\u00f3n y captura de datos en planta para Sage 200c\"}]},{\"@type\":\"WebSite\",\"@id\":\"https:\\\/\\\/www.3llideas.com\\\/es\\\/#website\",\"url\":\"https:\\\/\\\/www.3llideas.com\\\/es\\\/\",\"name\":\"3llideas.com\",\"description\":\"3llideas, Agencia Ecommerce, Gesti\u00f3n empresarial Microsoft, AWS, Gesti\u00f3n empresarial sage\",\"potentialAction\":[{\"@type\":\"SearchAction\",\"target\":{\"@type\":\"EntryPoint\",\"urlTemplate\":\"https:\\\/\\\/www.3llideas.com\\\/es\\\/?s={search_term_string}\"},\"query-input\":{\"@type\":\"PropertyValueSpecification\",\"valueRequired\":true,\"valueName\":\"search_term_string\"}}],\"inLanguage\":\"es\"}]}<\/script>\n<!-- \/ Yoast SEO Premium plugin. -->","yoast_head_json":{"title":"Software para industrias - planificaci\u00f3n y captura planta Sage 200c","description":"Resuelve tu planificaci\u00f3n y captura en planta con el software para industrias y talleres, integrado con Sage 200c de forma autom\u00e1tica","robots":{"index":"index","follow":"follow","max-snippet":"max-snippet:-1","max-image-preview":"max-image-preview:large","max-video-preview":"max-video-preview:-1"},"canonical":"https:\/\/www.3llideas.com\/es\/sage-200-cloud-software-planificacion-captura-planta-fabricacion\/","og_locale":"es_ES","og_type":"article","og_title":"Software planificaci\u00f3n y captura de datos en planta para Sage 200c","og_description":"Resuelve tu planificaci\u00f3n y captura en planta con el software para industrias y talleres, integrado con Sage 200c de forma autom\u00e1tica","og_url":"https:\/\/www.3llideas.com\/es\/sage-200-cloud-software-planificacion-captura-planta-fabricacion\/","og_site_name":"3llideas.com","article_modified_time":"2021-10-06T08:02:40+00:00","twitter_card":"summary_large_image","twitter_site":"@3llideas","twitter_misc":{"Tiempo de lectura":"7 minutos"},"schema":{"@context":"https:\/\/schema.org","@graph":[{"@type":"WebPage","@id":"https:\/\/www.3llideas.com\/es\/sage-200-cloud-software-planificacion-captura-planta-fabricacion\/","url":"https:\/\/www.3llideas.com\/es\/sage-200-cloud-software-planificacion-captura-planta-fabricacion\/","name":"Software para industrias - planificaci\u00f3n y captura planta Sage 200c","isPartOf":{"@id":"https:\/\/www.3llideas.com\/es\/#website"},"datePublished":"2019-09-11T10:36:55+00:00","dateModified":"2021-10-06T08:02:40+00:00","description":"Resuelve tu planificaci\u00f3n y captura en planta con el software para industrias y talleres, integrado con Sage 200c de forma autom\u00e1tica","breadcrumb":{"@id":"https:\/\/www.3llideas.com\/es\/sage-200-cloud-software-planificacion-captura-planta-fabricacion\/#breadcrumb"},"inLanguage":"es","potentialAction":[{"@type":"ReadAction","target":["https:\/\/www.3llideas.com\/es\/sage-200-cloud-software-planificacion-captura-planta-fabricacion\/"]}]},{"@type":"BreadcrumbList","@id":"https:\/\/www.3llideas.com\/es\/sage-200-cloud-software-planificacion-captura-planta-fabricacion\/#breadcrumb","itemListElement":[{"@type":"ListItem","position":1,"name":"Portada","item":"https:\/\/www.3llideas.com\/es\/"},{"@type":"ListItem","position":2,"name":"Software planificaci\u00f3n y captura de datos en planta para Sage 200c"}]},{"@type":"WebSite","@id":"https:\/\/www.3llideas.com\/es\/#website","url":"https:\/\/www.3llideas.com\/es\/","name":"3llideas.com","description":"3llideas, Agencia Ecommerce, Gesti\u00f3n empresarial Microsoft, AWS, Gesti\u00f3n empresarial sage","potentialAction":[{"@type":"SearchAction","target":{"@type":"EntryPoint","urlTemplate":"https:\/\/www.3llideas.com\/es\/?s={search_term_string}"},"query-input":{"@type":"PropertyValueSpecification","valueRequired":true,"valueName":"search_term_string"}}],"inLanguage":"es"}]}},"_links":{"self":[{"href":"https:\/\/www.3llideas.com\/es\/wp-json\/wp\/v2\/pages\/5222","targetHints":{"allow":["GET"]}}],"collection":[{"href":"https:\/\/www.3llideas.com\/es\/wp-json\/wp\/v2\/pages"}],"about":[{"href":"https:\/\/www.3llideas.com\/es\/wp-json\/wp\/v2\/types\/page"}],"author":[{"embeddable":true,"href":"https:\/\/www.3llideas.com\/es\/wp-json\/wp\/v2\/users\/1"}],"replies":[{"embeddable":true,"href":"https:\/\/www.3llideas.com\/es\/wp-json\/wp\/v2\/comments?post=5222"}],"version-history":[{"count":14,"href":"https:\/\/www.3llideas.com\/es\/wp-json\/wp\/v2\/pages\/5222\/revisions"}],"predecessor-version":[{"id":8293,"href":"https:\/\/www.3llideas.com\/es\/wp-json\/wp\/v2\/pages\/5222\/revisions\/8293"}],"wp:attachment":[{"href":"https:\/\/www.3llideas.com\/es\/wp-json\/wp\/v2\/media?parent=5222"}],"curies":[{"name":"wp","href":"https:\/\/api.w.org\/{rel}","templated":true}]}}