{"id":5174,"date":"2019-09-10T12:19:13","date_gmt":"2019-09-10T12:19:13","guid":{"rendered":"http:\/\/www.3llideas.com\/?page_id=5174"},"modified":"2021-10-06T09:53:13","modified_gmt":"2021-10-06T07:53:13","slug":"sage-200-cloud-software-almacen-avanzado-sga","status":"publish","type":"page","link":"https:\/\/www.3llideas.com\/es\/sage-200-cloud-software-almacen-avanzado-sga\/","title":{"rendered":"Software  gesti\u00f3n almac\u00e9n  para Sage 200c"},"content":{"rendered":"<div class=\"wpb-content-wrapper\"><p>[vc_row][vc_column offset=\u00bbvc_hidden-xs\u00bb][vc_column_text]<\/p>\n<h1 style=\"text-align: left;\"><strong>Software gesti\u00f3n avanzada almac\u00e9n para Sage 200c<\/strong><\/h1>\n<p>[\/vc_column_text][vc_empty_space][vc_column_text]<script type=\"text\/javascript\">jQuery(function() { _initLayerSlider( '#layerslider_59_14nc5gf7cde94', {sliderVersion: '7.2.3', type: 'fullwidth', responsiveUnder: 0, layersContainer: 0, hideUnder: 0, hideOver: 100000, pauseOnHover: 'enabled', skin: 'v5', sliderFadeInDuration: 350, useSrcset: true, skinsPath: 'https:\/\/www.3llideas.com\/wp-content\/plugins\/LayerSlider\/assets\/static\/layerslider\/skins\/', performanceMode: true}); });<\/script><div id=\"layerslider_59_14nc5gf7cde94\"  class=\"ls-wp-container fitvidsignore ls-selectable\" style=\"width:1920px;height:470px;margin:0 auto;\"><div class=\"ls-slide\" data-ls=\"duration:4000;\"><img loading=\"lazy\" decoding=\"async\" width=\"1920\" height=\"470\" src=\"https:\/\/www.3llideas.com\/wp-content\/uploads\/2018\/10\/banner_sage200cloud_web_3llideas.jpg\" class=\"ls-bg\" alt=\"\" srcset=\"https:\/\/www.3llideas.com\/wp-content\/uploads\/2018\/10\/banner_sage200cloud_web_3llideas.jpg 1920w, https:\/\/www.3llideas.com\/wp-content\/uploads\/2018\/10\/banner_sage200cloud_web_3llideas-300x73.jpg 300w, https:\/\/www.3llideas.com\/wp-content\/uploads\/2018\/10\/banner_sage200cloud_web_3llideas-768x188.jpg 768w, https:\/\/www.3llideas.com\/wp-content\/uploads\/2018\/10\/banner_sage200cloud_web_3llideas-1024x251.jpg 1024w, https:\/\/www.3llideas.com\/wp-content\/uploads\/2018\/10\/banner_sage200cloud_web_3llideas-1087x266.jpg 1087w\" sizes=\"auto, (max-width: 1920px) 100vw, 1920px\" \/><h3 style=\"color:#FFFFFF;top:56px;left:95px;\" class=\"ls-l ls-text-layer\" data-ls=\"offsetxin:80;offsetxout:-80;durationout:400;parallaxlevel:0;\"><strong>software gesti\u00f3n almac\u00e9n para Sage 200c (SGA)<\/strong><\/h3><h4 style=\"color:#FFFFFF;top:145px;left:95px;\" class=\"ls-l ls-text-layer\" data-ls=\"offsetxin:80;offsetxout:-80;durationout:400;parallaxlevel:0;\">las necesidades log\u00edsticas de tu empresa<\/h4><h4 style=\"color:#FFFFFF;top:105px;left:95px;\" class=\"ls-l ls-text-layer\" data-ls=\"offsetxin:80;offsetxout:-80;durationout:400;parallaxlevel:0;\">Software con todas las funcionalidades y requisitos para<\/h4><img loading=\"lazy\" decoding=\"async\" width=\"226\" height=\"39\" src=\"https:\/\/www.3llideas.com\/wp-content\/uploads\/2018\/10\/Sage200cloud_RGB_sinfondo.png\" class=\"ls-l ls-img-layer\" alt=\"\" style=\"width:250px;top:213px;left:95px;\" data-ls=\"offsetxin:80;offsetxout:-80;durationout:400;parallaxlevel:0;\"><img loading=\"lazy\" decoding=\"async\" width=\"447\" height=\"136\" src=\"https:\/\/www.3llideas.com\/wp-content\/uploads\/2018\/10\/sage-partner-sinfondo.png\" class=\"ls-l ls-img-layer\" alt=\"\" srcset=\"https:\/\/www.3llideas.com\/wp-content\/uploads\/2018\/10\/sage-partner-sinfondo.png 447w, https:\/\/www.3llideas.com\/wp-content\/uploads\/2018\/10\/sage-partner-sinfondo-300x91.png 300w\" sizes=\"auto, (max-width: 447px) 100vw, 447px\" style=\"width:250px;border-radius:5px;top:260px;left:95px;\" data-ls=\"offsetxin:80;offsetxout:-80;durationout:400;parallaxlevel:0;\"><a style=\"\" class=\"ls-l\" href=\"https:\/\/www.3llideas.com\/es\/saber-mas-3llideas\/\" target=\"_self\" data-ls=\"position:relative;\"><span style=\"top:354px;left:95px;font-weight:700;background-size:inherit;background-position:inherit;padding-top:15px;padding-right:60px;padding-bottom:15px;padding-left:60px;background-color:#1fc0c0;color:#fff;border-radius:50px;font-size:20px;\" class=\"ls-button-layer\">Solicita m\u00e1s informaci\u00f3n<\/span><\/a><\/div><\/div>[\/vc_column_text][vc_empty_space][vc_column_text]Software avanzado gesti\u00f3n almac\u00e9n para las empresas con requerimientos log\u00edsticos complejos, que necesitan optimizar sus procesos y recursos.<\/p>\n<p>Descubre como <strong>Sage 200 cloud<\/strong> puede extenderse para dar soluciones avanzadas a las empresas que necesitan sistemas de gesti\u00f3n de almac\u00e9n avanzada. Estas soluciones permiten un control de todas las operaciones log\u00edsticas y de optimizaci\u00f3n de espacio del almac\u00e9n. Ayudan a organizar el equipo y disponer de la mayor fiabilidad de tu stock.<\/p>\n<p>Pensado para industrias que requieren criterios de trazabilidad y de operativa muy avanzada.[\/vc_column_text][vc_empty_space][\/vc_column][\/vc_row][vc_row css=\u00bb.vc_custom_1523171914046{margin-top: -80px !important;}\u00bb][vc_column offset=\u00bbvc_hidden-lg vc_hidden-md vc_hidden-sm\u00bb css=\u00bb.vc_custom_1568224282664{margin-top: 30px !important;}\u00bb][vc_column_text]<\/p>\n<h4 style=\"text-align: left;\"><strong>Software gesti\u00f3n avanzada almac\u00e9n para Sage 200c<\/strong><\/h4>\n<p>[\/vc_column_text][vc_empty_space][vc_column_text]<script type=\"text\/javascript\">jQuery(function() { _initLayerSlider( '#layerslider_58_1kkkcv3f3tfpy', {sliderVersion: '7.2.3', type: 'fullwidth', responsiveUnder: 0, layersContainer: 0, hideUnder: 0, hideOver: 100000, pauseOnHover: 'enabled', skin: 'v5', sliderFadeInDuration: 350, useSrcset: true, skinsPath: 'https:\/\/www.3llideas.com\/wp-content\/plugins\/LayerSlider\/assets\/static\/layerslider\/skins\/', performanceMode: true}); });<\/script><div id=\"layerslider_58_1kkkcv3f3tfpy\"  class=\"ls-wp-container fitvidsignore ls-selectable\" style=\"width:750px;height:396px;margin:0 auto;\"><div class=\"ls-slide\" data-ls=\"duration:4000;\"><img loading=\"lazy\" decoding=\"async\" width=\"750\" height=\"396\" src=\"https:\/\/www.3llideas.com\/wp-content\/uploads\/2018\/10\/banner_sage200cloud_peq.jpg\" class=\"ls-bg\" alt=\"\" srcset=\"https:\/\/www.3llideas.com\/wp-content\/uploads\/2018\/10\/banner_sage200cloud_peq.jpg 750w, https:\/\/www.3llideas.com\/wp-content\/uploads\/2018\/10\/banner_sage200cloud_peq-300x158.jpg 300w\" sizes=\"auto, (max-width: 750px) 100vw, 750px\" \/><h3 style=\"color:#FFFFFF;top:29px;left:35px;font-size:24px;\" class=\"ls-l ls-text-layer\" data-ls=\"offsetxin:80;offsetxout:-80;durationout:400;parallaxlevel:0;\"><strong>software gesti\u00f3n almac\u00e9n para Sage 200c (SGA)<\/strong><\/h3><h4 style=\"color:#FFFFFF;top:99px;left:35px;font-size:21px;\" class=\"ls-l ls-text-layer\" data-ls=\"offsetxin:80;offsetxout:-80;durationout:400;parallaxlevel:0;\">las necesidades log\u00edsticas de tu empresa<\/h4><h4 style=\"color:#FFFFFF;top:68px;left:35px;font-size:21px;\" class=\"ls-l ls-text-layer\" data-ls=\"offsetxin:80;offsetxout:-80;durationout:400;parallaxlevel:0;\">Software con todas las funcionalidades y requisitos para<\/h4><img loading=\"lazy\" decoding=\"async\" width=\"226\" height=\"39\" src=\"https:\/\/www.3llideas.com\/wp-content\/uploads\/2018\/10\/Sage200cloud_RGB_sinfondo.png\" class=\"ls-l ls-img-layer\" alt=\"\" style=\"width:250px;top:160px;left:35px;\" data-ls=\"offsetxin:80;offsetxout:-80;durationout:400;parallaxlevel:0;\"><img loading=\"lazy\" decoding=\"async\" width=\"447\" height=\"136\" src=\"https:\/\/www.3llideas.com\/wp-content\/uploads\/2018\/10\/sage-partner-sinfondo.png\" class=\"ls-l ls-img-layer\" alt=\"\" srcset=\"https:\/\/www.3llideas.com\/wp-content\/uploads\/2018\/10\/sage-partner-sinfondo.png 447w, https:\/\/www.3llideas.com\/wp-content\/uploads\/2018\/10\/sage-partner-sinfondo-300x91.png 300w\" sizes=\"auto, (max-width: 447px) 100vw, 447px\" style=\"width:250px;border-radius:5px;top:207px;left:35px;\" data-ls=\"offsetxin:80;offsetxout:-80;durationout:400;parallaxlevel:0;\"><a style=\"\" class=\"ls-l\" href=\"https:\/\/www.3llideas.com\/es\/saber-mas-3llideas\/\" target=\"_self\" data-ls=\"position:relative;\"><span style=\"top:301px;left:35px;font-weight:700;background-size:inherit;background-position:inherit;padding-top:15px;padding-right:60px;padding-bottom:15px;padding-left:60px;background-color:#1fc0c0;color:#fff;border-radius:50px;font-size:20px;\" class=\"ls-button-layer\">Solicita m\u00e1s informaci\u00f3n<\/span><\/a><\/div><\/div>[\/vc_column_text][vc_empty_space][vc_column_text]Descubre como <strong>Sage 200 cloud<\/strong> puede extenderse para dar soluciones avanzadas a las empresas que necesitan sistemas de gesti\u00f3n de almac\u00e9n avanzada. Estas soluciones permiten un control de todas las operaciones log\u00edsticas y de optimizaci\u00f3n de espacio del almac\u00e9n. Ayudan a organizar el equipo y disponer de la mayor fiabilidad de tu stock.<\/p>\n<p>Pensado para industrias que requieren criterios de trazabilidad y de operativa muy avanzada.[\/vc_column_text][vc_empty_space][\/vc_column][\/vc_row][vc_row][vc_column width=\u00bb1\/3&#8243;][\/vc_column][vc_column width=\u00bb1\/3&#8243;]<\/p>\n<div class=\"image wrap-box no-style below\" style=\"\">\n<div class=\"wrap-box-inner\"><img decoding=\"async\" class=\"wrap-box-element\" style=\" \" src=\"http:\/\/www.3llideas.com\/wp-content\/uploads\/2018\/09\/sage-partner-logo-3llideas.png\" alt=\"\"\/><\/div>\n<\/div>\n<p>[\/vc_column][vc_column width=\u00bb1\/3&#8243;][\/vc_column][\/vc_row][vc_row][vc_column]<\/p>\n<div class=\"divider\"><\/div>\n<p>[\/vc_column][\/vc_row][vc_row][vc_column][vc_empty_space][vc_column_text]<\/p>\n<h4 style=\"text-align: center;\"><strong>SOFTWARE GESTI\u00d3N ALMACENES &#8211; SGA para Sage 200c<\/strong><\/h4>\n<p>[\/vc_column_text][vc_empty_space height=\u00bb10px\u00bb][vc_column_text]<\/p>\n<p style=\"text-align: left;\">Las funcionalidades del software de gesti\u00f3n de almac\u00e9n (SGA) ponen al alcance de las pymes el control permanente de los procesos de su almac\u00e9n, permitiendo mejorar estos procesos con una gran flexibilidad y una gran eficiencia en el servicio. Simplificamos su recepci\u00f3n, almacenaje, preparaci\u00f3n de pedidos y expedici\u00f3n.<\/p>\n<p>[\/vc_column_text][vc_empty_space height=\u00bb12px\u00bb][vc_column_text]<\/p>\n<p style=\"text-align: left;\">Descubre los beneficios y principales caracter\u00edsticas:<\/p>\n<p>[\/vc_column_text][vc_empty_space height=\u00bb12px\u00bb][\/vc_column][\/vc_row][vc_row][vc_column width=\u00bb1\/2&#8243;][vc_column_text]<strong>Beneficios para el cliente:<\/strong><\/p>\n<ul>\n<li>\u00a0Econ\u00f3micos\n<ul>\n<li>Mayor productividad<\/li>\n<li>Reducci\u00f3n de errores<\/li>\n<li>Seguridad<\/li>\n<li>Fiabilidad inventario<\/li>\n<\/ul>\n<\/li>\n<\/ul>\n<ul>\n<li>\u00a0Productividad\n<ul>\n<li>Mejora de la productividad<\/li>\n<li>Precisi\u00f3n en el picking<\/li>\n<li>Reducci\u00f3n procesos administrativos<\/li>\n<li>Reducci\u00f3n de errores<\/li>\n<\/ul>\n<\/li>\n<li>Formaci\u00f3n:\n<ul>\n<li>Multiidioma<\/li>\n<li>Puesta en marcha r\u00e1pida<\/li>\n<li>F\u00e1cil de usar y aprender<\/li>\n<\/ul>\n<\/li>\n<\/ul>\n<p>[\/vc_column_text][vc_column_text]<strong>Integraci\u00f3n con Sage 200c completa<\/strong><\/p>\n<ul>\n<li>Captura de albar\u00e1n, EAN 128, lote, fecha caducidad, &#8230;<\/li>\n<li>Comprobaci\u00f3n referencias y cantidades<\/li>\n<li>Impresi\u00f3n de etiquetas identificativas<\/li>\n<li>Cross-docking<\/li>\n<li>Creaci\u00f3n autom\u00e1tica de tareas de ubicaci\u00f3n<\/li>\n<li>Entradas desde producci\u00f3n<\/li>\n<\/ul>\n<p>[\/vc_column_text][\/vc_column][vc_column width=\u00bb1\/2&#8243;][vc_column_text]En el almacenaje podemos controlar el stock, la gesti\u00f3n de ubicaciones y todos los movimientos internos que se producen en el almc\u00e9n. M\u00e1s funcionalidades:<\/p>\n<ul>\n<li>Multi-Almac\u00e9n y Multi-Cliente.<\/li>\n<li>Tipos de ubicaciones (picking,muelles\u2026).<\/li>\n<li>Estado de las ubicaciones (bloqueada,disponible\u2026)<\/li>\n<li>Algoritmos de ubicaci\u00f3n.<\/li>\n<li>Reposiciones al hueco de picking<\/li>\n<li>Inventarios c\u00edclicos.<\/li>\n<\/ul>\n<p>Las expediciones en el SGA se encarga de la gesti\u00f3n de las salidas de la mercanc\u00eda almacenada, del picking y de la integraci\u00f3n con el transporte. M\u00e1s funcionalidades:<\/p>\n<ul>\n<li>Consolidaci\u00f3n de pedidos.<\/li>\n<li>Multipedido en contenedores.<\/li>\n<li>Emisi\u00f3n de etiquetas identificativas<\/li>\n<li>Integraci\u00f3n con transporte<\/li>\n<li>Carga de camiones por radiofrecuencia<\/li>\n<li>Documentaci\u00f3n de salidas (albaranes, paking-list)<\/li>\n<\/ul>\n<p>[\/vc_column_text][\/vc_column][\/vc_row][vc_row][vc_column][vc_empty_space height=\u00bb16px\u00bb][vc_column_text]Esta soluci\u00f3n es parametrizable y adaptable a diferentes requerimientos log\u00edsticos y tipolog\u00edas de almac\u00e9n. Se har\u00e1 un estudio de implantaci\u00f3n para cumplir con las necesidades y objetivos que necesite cada proyecto.[\/vc_column_text][vc_empty_space][\/vc_column][\/vc_row][vc_row][vc_column]<\/p>\n<div class=\"divider\"><\/div>\n<p>[\/vc_column][\/vc_row][vc_row][vc_column][vc_empty_space][\/vc_column][\/vc_row][vc_row][vc_column][vc_column_text]<\/p>\n<h5>SOLICITA M\u00c1S INFORMACI\u00d3N<\/h5>\n<p>[\/vc_column_text][vc_column_text]Contacta con nosotros para que podamos conocer tus requerimientos, mostrarte el producto y analizar los beneficios para tu empresa.[\/vc_column_text][vc_cta h2=\u00bb\u00bb style=\u00bbflat\u00bb add_button=\u00bbtop\u00bb btn_title=\u00bbSOLICITAR INFORMACI\u00d3N Y DEMO\u00bb btn_style=\u00bbflat\u00bb btn_shape=\u00bbsquare\u00bb btn_color=\u00bbdanger\u00bb btn_size=\u00bblg\u00bb btn_align=\u00bbcenter\u00bb btn_link=\u00bburl:https%3A%2F%2Fwww.3llideas.com%2Fes%2Fsaber-mas-3llideas%2F|title:Saber%20m%C3%A1s\u00bb][\/vc_cta][\/vc_column][\/vc_row]<\/p>\n<\/div>","protected":false},"excerpt":{"rendered":"<p>[vc_row][vc_column offset=\u00bbvc_hidden-xs\u00bb][vc_column_text] Software gesti\u00f3n avanzada almac\u00e9n para Sage 200c [\/vc_column_text][vc_empty_space][vc_column_text][\/vc_column_text][vc_empty_space][vc_column_text]Software avanzado gesti\u00f3n almac\u00e9n para las empresas con requerimientos log\u00edsticos complejos,&#8230;<\/p>\n","protected":false},"author":1,"featured_media":0,"parent":0,"menu_order":0,"comment_status":"closed","ping_status":"closed","template":"","meta":{"footnotes":""},"class_list":["post-5174","page","type-page","status-publish","hentry"],"yoast_head":"<!-- This site is optimized with the Yoast SEO Premium plugin v18.4 (Yoast SEO v27.4) - https:\/\/yoast.com\/product\/yoast-seo-premium-wordpress\/ -->\n<title>Software gesti\u00f3n almac\u00e9n avanzado Sage 200c<\/title>\n<meta name=\"description\" content=\"Descubre el software de gesti\u00f3n de almac\u00e9n avanzado integrado con Sage 200c que resuelve la complejidad log\u00edstica de tu negocio\" \/>\n<meta name=\"robots\" content=\"index, follow, max-snippet:-1, max-image-preview:large, max-video-preview:-1\" \/>\n<link rel=\"canonical\" href=\"https:\/\/www.3llideas.com\/es\/sage-200-cloud-software-almacen-avanzado-sga\/\" \/>\n<meta property=\"og:locale\" content=\"es_ES\" \/>\n<meta property=\"og:type\" content=\"article\" \/>\n<meta property=\"og:title\" content=\"Software gesti\u00f3n almac\u00e9n para Sage 200c\" \/>\n<meta property=\"og:description\" content=\"Descubre el software de gesti\u00f3n de almac\u00e9n avanzado integrado con Sage 200c que resuelve la complejidad log\u00edstica de tu negocio\" \/>\n<meta property=\"og:url\" content=\"https:\/\/www.3llideas.com\/es\/sage-200-cloud-software-almacen-avanzado-sga\/\" \/>\n<meta property=\"og:site_name\" content=\"3llideas.com\" \/>\n<meta property=\"article:modified_time\" content=\"2021-10-06T07:53:13+00:00\" \/>\n<meta name=\"twitter:card\" content=\"summary_large_image\" \/>\n<meta name=\"twitter:site\" content=\"@3llideas\" \/>\n<meta name=\"twitter:label1\" content=\"Tiempo de lectura\" \/>\n\t<meta name=\"twitter:data1\" content=\"4 minutos\" \/>\n<script type=\"application\/ld+json\" class=\"yoast-schema-graph\">{\"@context\":\"https:\\\/\\\/schema.org\",\"@graph\":[{\"@type\":\"WebPage\",\"@id\":\"https:\\\/\\\/www.3llideas.com\\\/es\\\/sage-200-cloud-software-almacen-avanzado-sga\\\/\",\"url\":\"https:\\\/\\\/www.3llideas.com\\\/es\\\/sage-200-cloud-software-almacen-avanzado-sga\\\/\",\"name\":\"Software gesti\u00f3n almac\u00e9n avanzado Sage 200c\",\"isPartOf\":{\"@id\":\"https:\\\/\\\/www.3llideas.com\\\/es\\\/#website\"},\"datePublished\":\"2019-09-10T12:19:13+00:00\",\"dateModified\":\"2021-10-06T07:53:13+00:00\",\"description\":\"Descubre el software de gesti\u00f3n de almac\u00e9n avanzado integrado con Sage 200c que resuelve la complejidad log\u00edstica de tu negocio\",\"breadcrumb\":{\"@id\":\"https:\\\/\\\/www.3llideas.com\\\/es\\\/sage-200-cloud-software-almacen-avanzado-sga\\\/#breadcrumb\"},\"inLanguage\":\"es\",\"potentialAction\":[{\"@type\":\"ReadAction\",\"target\":[\"https:\\\/\\\/www.3llideas.com\\\/es\\\/sage-200-cloud-software-almacen-avanzado-sga\\\/\"]}]},{\"@type\":\"BreadcrumbList\",\"@id\":\"https:\\\/\\\/www.3llideas.com\\\/es\\\/sage-200-cloud-software-almacen-avanzado-sga\\\/#breadcrumb\",\"itemListElement\":[{\"@type\":\"ListItem\",\"position\":1,\"name\":\"Portada\",\"item\":\"https:\\\/\\\/www.3llideas.com\\\/es\\\/\"},{\"@type\":\"ListItem\",\"position\":2,\"name\":\"Software gesti\u00f3n almac\u00e9n para Sage 200c\"}]},{\"@type\":\"WebSite\",\"@id\":\"https:\\\/\\\/www.3llideas.com\\\/es\\\/#website\",\"url\":\"https:\\\/\\\/www.3llideas.com\\\/es\\\/\",\"name\":\"3llideas.com\",\"description\":\"3llideas, Agencia Ecommerce, Gesti\u00f3n empresarial Microsoft, AWS, Gesti\u00f3n empresarial sage\",\"potentialAction\":[{\"@type\":\"SearchAction\",\"target\":{\"@type\":\"EntryPoint\",\"urlTemplate\":\"https:\\\/\\\/www.3llideas.com\\\/es\\\/?s={search_term_string}\"},\"query-input\":{\"@type\":\"PropertyValueSpecification\",\"valueRequired\":true,\"valueName\":\"search_term_string\"}}],\"inLanguage\":\"es\"}]}<\/script>\n<!-- \/ Yoast SEO Premium plugin. -->","yoast_head_json":{"title":"Software gesti\u00f3n almac\u00e9n avanzado Sage 200c","description":"Descubre el software de gesti\u00f3n de almac\u00e9n avanzado integrado con Sage 200c que resuelve la complejidad log\u00edstica de tu negocio","robots":{"index":"index","follow":"follow","max-snippet":"max-snippet:-1","max-image-preview":"max-image-preview:large","max-video-preview":"max-video-preview:-1"},"canonical":"https:\/\/www.3llideas.com\/es\/sage-200-cloud-software-almacen-avanzado-sga\/","og_locale":"es_ES","og_type":"article","og_title":"Software gesti\u00f3n almac\u00e9n para Sage 200c","og_description":"Descubre el software de gesti\u00f3n de almac\u00e9n avanzado integrado con Sage 200c que resuelve la complejidad log\u00edstica de tu negocio","og_url":"https:\/\/www.3llideas.com\/es\/sage-200-cloud-software-almacen-avanzado-sga\/","og_site_name":"3llideas.com","article_modified_time":"2021-10-06T07:53:13+00:00","twitter_card":"summary_large_image","twitter_site":"@3llideas","twitter_misc":{"Tiempo de lectura":"4 minutos"},"schema":{"@context":"https:\/\/schema.org","@graph":[{"@type":"WebPage","@id":"https:\/\/www.3llideas.com\/es\/sage-200-cloud-software-almacen-avanzado-sga\/","url":"https:\/\/www.3llideas.com\/es\/sage-200-cloud-software-almacen-avanzado-sga\/","name":"Software gesti\u00f3n almac\u00e9n avanzado Sage 200c","isPartOf":{"@id":"https:\/\/www.3llideas.com\/es\/#website"},"datePublished":"2019-09-10T12:19:13+00:00","dateModified":"2021-10-06T07:53:13+00:00","description":"Descubre el software de gesti\u00f3n de almac\u00e9n avanzado integrado con Sage 200c que resuelve la complejidad log\u00edstica de tu negocio","breadcrumb":{"@id":"https:\/\/www.3llideas.com\/es\/sage-200-cloud-software-almacen-avanzado-sga\/#breadcrumb"},"inLanguage":"es","potentialAction":[{"@type":"ReadAction","target":["https:\/\/www.3llideas.com\/es\/sage-200-cloud-software-almacen-avanzado-sga\/"]}]},{"@type":"BreadcrumbList","@id":"https:\/\/www.3llideas.com\/es\/sage-200-cloud-software-almacen-avanzado-sga\/#breadcrumb","itemListElement":[{"@type":"ListItem","position":1,"name":"Portada","item":"https:\/\/www.3llideas.com\/es\/"},{"@type":"ListItem","position":2,"name":"Software gesti\u00f3n almac\u00e9n para Sage 200c"}]},{"@type":"WebSite","@id":"https:\/\/www.3llideas.com\/es\/#website","url":"https:\/\/www.3llideas.com\/es\/","name":"3llideas.com","description":"3llideas, Agencia Ecommerce, Gesti\u00f3n empresarial Microsoft, AWS, Gesti\u00f3n empresarial sage","potentialAction":[{"@type":"SearchAction","target":{"@type":"EntryPoint","urlTemplate":"https:\/\/www.3llideas.com\/es\/?s={search_term_string}"},"query-input":{"@type":"PropertyValueSpecification","valueRequired":true,"valueName":"search_term_string"}}],"inLanguage":"es"}]}},"_links":{"self":[{"href":"https:\/\/www.3llideas.com\/es\/wp-json\/wp\/v2\/pages\/5174","targetHints":{"allow":["GET"]}}],"collection":[{"href":"https:\/\/www.3llideas.com\/es\/wp-json\/wp\/v2\/pages"}],"about":[{"href":"https:\/\/www.3llideas.com\/es\/wp-json\/wp\/v2\/types\/page"}],"author":[{"embeddable":true,"href":"https:\/\/www.3llideas.com\/es\/wp-json\/wp\/v2\/users\/1"}],"replies":[{"embeddable":true,"href":"https:\/\/www.3llideas.com\/es\/wp-json\/wp\/v2\/comments?post=5174"}],"version-history":[{"count":22,"href":"https:\/\/www.3llideas.com\/es\/wp-json\/wp\/v2\/pages\/5174\/revisions"}],"predecessor-version":[{"id":8812,"href":"https:\/\/www.3llideas.com\/es\/wp-json\/wp\/v2\/pages\/5174\/revisions\/8812"}],"wp:attachment":[{"href":"https:\/\/www.3llideas.com\/es\/wp-json\/wp\/v2\/media?parent=5174"}],"curies":[{"name":"wp","href":"https:\/\/api.w.org\/{rel}","templated":true}]}}