{"id":4977,"date":"2019-05-30T06:47:41","date_gmt":"2019-05-30T06:47:41","guid":{"rendered":"http:\/\/www.3llideas.com\/?page_id=4977"},"modified":"2021-10-06T13:33:25","modified_gmt":"2021-10-06T11:33:25","slug":"looker-business-intelligence-big-data-partner-spain","status":"publish","type":"page","link":"https:\/\/www.3llideas.com\/es\/looker-business-intelligence-big-data-partner-spain\/","title":{"rendered":"Looker data platform: Business Intelligence y Big Data"},"content":{"rendered":"<div class=\"wpb-content-wrapper\"><p>[vc_row][vc_column offset=\u00bbvc_hidden-xs\u00bb][vc_column_text]<script type=\"text\/javascript\">jQuery(function() { _initLayerSlider( '#layerslider_56_115ab4v85qi80', {sliderVersion: '7.2.3', type: 'fullwidth', responsiveUnder: 0, layersContainer: 0, hideUnder: 0, hideOver: 100000, pauseOnHover: 'enabled', skin: 'v5', sliderFadeInDuration: 350, useSrcset: true, skinsPath: 'https:\/\/www.3llideas.com\/wp-content\/plugins\/LayerSlider\/assets\/static\/layerslider\/skins\/', performanceMode: true}); });<\/script><div id=\"layerslider_56_115ab4v85qi80\"  class=\"ls-wp-container fitvidsignore ls-selectable\" style=\"width:1920px;height:470px;margin:0 auto;\"><div class=\"ls-slide\" data-ls=\"duration:4000;\"><img loading=\"lazy\" decoding=\"async\" width=\"1920\" height=\"470\" src=\"https:\/\/www.3llideas.com\/wp-content\/uploads\/2019\/05\/banner_businessintelligence_web_3llideas.png\" class=\"ls-bg\" alt=\"\" srcset=\"https:\/\/www.3llideas.com\/wp-content\/uploads\/2019\/05\/banner_businessintelligence_web_3llideas.png 1920w, https:\/\/www.3llideas.com\/wp-content\/uploads\/2019\/05\/banner_businessintelligence_web_3llideas-300x73.png 300w, https:\/\/www.3llideas.com\/wp-content\/uploads\/2019\/05\/banner_businessintelligence_web_3llideas-768x188.png 768w, https:\/\/www.3llideas.com\/wp-content\/uploads\/2019\/05\/banner_businessintelligence_web_3llideas-1024x251.png 1024w, https:\/\/www.3llideas.com\/wp-content\/uploads\/2019\/05\/banner_businessintelligence_web_3llideas-1087x266.png 1087w\" sizes=\"auto, (max-width: 1920px) 100vw, 1920px\" \/><h1 style=\"color:#FFFFFF;top:173px;left:1197px;\" class=\"ls-l ls-text-layer\" data-ls=\"offsetxin:80;offsetxout:-80;durationout:400;parallaxlevel:0;\"><strong>con <\/strong><\/h1><h1 style=\"color:#FFFFFF;top:81px;left:1197px;\" class=\"ls-l ls-text-layer\" data-ls=\"offsetxin:80;offsetxout:-80;durationout:400;parallaxlevel:0;\"><strong>Business Intelligence <\/strong><\/h1><h1 style=\"color:#FFFFFF;top:247px;left:1197px;\" class=\"ls-l ls-text-layer\" data-ls=\"offsetxin:80;offsetxout:-80;durationout:400;parallaxlevel:0;\"><strong>para tu empresa <\/strong><\/h1><h2 style=\"color:#FFFFFF;top:337px;left:1197px;\" class=\"ls-l ls-text-layer\" data-ls=\"offsetxin:80;offsetxout:-80;durationout:400;parallaxlevel:0;\"><strong> Acelera tus proyectos Big Data<\/strong><\/h2><img loading=\"lazy\" decoding=\"async\" width=\"1353\" height=\"581\" src=\"https:\/\/www.3llideas.com\/wp-content\/uploads\/2019\/05\/looker_impresion_violeta.png\" class=\"ls-l ls-img-layer\" alt=\"\" srcset=\"https:\/\/www.3llideas.com\/wp-content\/uploads\/2019\/05\/looker_impresion_violeta.png 1353w, https:\/\/www.3llideas.com\/wp-content\/uploads\/2019\/05\/looker_impresion_violeta-300x129.png 300w, https:\/\/www.3llideas.com\/wp-content\/uploads\/2019\/05\/looker_impresion_violeta-768x330.png 768w, https:\/\/www.3llideas.com\/wp-content\/uploads\/2019\/05\/looker_impresion_violeta-1024x440.png 1024w, https:\/\/www.3llideas.com\/wp-content\/uploads\/2019\/05\/looker_impresion_violeta-1087x467.png 1087w\" sizes=\"auto, (max-width: 1353px) 100vw, 1353px\" style=\"width:159px;top:144px;left:1287px;height:68px;\" data-ls=\"offsetxin:80;offsetxout:-80;durationout:400;parallaxlevel:0;\"><\/div><\/div>[\/vc_column_text][vc_empty_space][vc_column_text]<\/p>\n<h3 style=\"text-align: center;\"><strong>Looker: Business Intelligence y Big Data<\/strong><\/h3>\n<p>[\/vc_column_text][vc_empty_space][vc_column_text]<\/p>\n<p style=\"text-align: center;\"><a href=\"http:\/\/www.3llideas.com\/wp-content\/uploads\/2019\/05\/3llideas_looker_web_violeta.png\"><img loading=\"lazy\" decoding=\"async\" class=\"aligncenter size-full wp-image-4965\" src=\"http:\/\/www.3llideas.com\/wp-content\/uploads\/2019\/05\/3llideas_looker_web_violeta.png\" alt=\"\" width=\"255\" height=\"56\" \/><\/a><\/p>\n<p>[\/vc_column_text][vc_empty_space][vc_column_text]<\/p>\n<p style=\"text-align: left;\">Somos partners de <strong>Looker <\/strong>en <strong>Espa\u00f1a<\/strong>, una de las herramientas m\u00e1s avanzadas para <strong>Business Intelligence<\/strong> y <strong>Big Data<\/strong>. Con esta herramienta podemos aportar la mejor soluci\u00f3n para obtener respuestas de los datos.<\/p>\n<p style=\"text-align: left;\"><strong>Looker\u00a0<\/strong>se diferencia de otras herramientas al definir una nueva forma de de hacer Anal\u00edtica. Es una plataforma de datos pensada para unificar todas las fuentes de datos y obtener respuestas con un modelo de datos unificado.<\/p>\n<p>[\/vc_column_text][vc_empty_space][\/vc_column][\/vc_row][vc_row][vc_column offset=\u00bbvc_hidden-lg vc_hidden-md vc_hidden-sm\u00bb][vc_column_text]<script type=\"text\/javascript\">jQuery(function() { _initLayerSlider( '#layerslider_57_1j0vdkj138s94', {sliderVersion: '7.0.7', type: 'fullwidth', responsiveUnder: 0, layersContainer: 0, hideUnder: 0, hideOver: 100000, pauseOnHover: 'enabled', skin: 'v5', sliderFadeInDuration: 350, useSrcset: true, skinsPath: 'https:\/\/www.3llideas.com\/wp-content\/plugins\/LayerSlider\/assets\/static\/layerslider\/skins\/', performanceMode: true}); });<\/script><link href=\"https:\/\/fonts.googleapis.com\/css?family=DM+Sans:100,100i,200,200i,300,300i,400,400i,500,500i,600,600i,700,700i,800,800i,900,900i\" rel=\"stylesheet\"><div id=\"layerslider_57_1j0vdkj138s94\"  class=\"ls-wp-container fitvidsignore ls-selectable\" style=\"width:750px;height:396px;margin:0 auto;\"><div class=\"ls-slide\" data-ls=\"duration:4000;\"><img loading=\"lazy\" decoding=\"async\" width=\"750\" height=\"396\" src=\"https:\/\/www.3llideas.com\/wp-content\/uploads\/2019\/05\/banner_businessintelligence_peq.png\" class=\"ls-bg\" alt=\"\" srcset=\"https:\/\/www.3llideas.com\/wp-content\/uploads\/2019\/05\/banner_businessintelligence_peq.png 750w, https:\/\/www.3llideas.com\/wp-content\/uploads\/2019\/05\/banner_businessintelligence_peq-300x158.png 300w\" sizes=\"auto, (max-width: 750px) 100vw, 750px\" \/><img loading=\"lazy\" decoding=\"async\" width=\"103\" height=\"45\" src=\"https:\/\/www.3llideas.com\/wp-content\/uploads\/2019\/05\/looker_web_violeta.png\" class=\"ls-l ls-img-layer\" alt=\"\" style=\"width:100px;top:340px;left:556px;\" data-ls=\"offsetxin:80;offsetxout:-80;durationout:400;parallaxlevel:0;\"><h3 style=\"top:365px;left:460px;font-size:18px;color:#FFFFFF;font-family:DM Sans;\" class=\"ls-l ls-text-layer\" data-ls=\"position:relative;\"><strong>Descubre<\/strong><\/h3><\/div><\/div>[\/vc_column_text][vc_empty_space][vc_column_text]<\/p>\n<h3 style=\"text-align: center;\"><strong>Looker: Business Intelligence y Big Data<\/strong><\/h3>\n<p>[\/vc_column_text][vc_empty_space][vc_column_text]<\/p>\n<p style=\"text-align: center;\"><a href=\"http:\/\/www.3llideas.com\/wp-content\/uploads\/2019\/05\/3llideas_looker_web_violeta.png\"><img loading=\"lazy\" decoding=\"async\" class=\"aligncenter size-full wp-image-4965\" src=\"http:\/\/www.3llideas.com\/wp-content\/uploads\/2019\/05\/3llideas_looker_web_violeta.png\" alt=\"\" width=\"255\" height=\"56\" \/><\/a><\/p>\n<p>[\/vc_column_text][vc_empty_space][vc_column_text]<\/p>\n<p style=\"text-align: left;\">Somos partners de <strong>Looker <\/strong>en <strong>Espa\u00f1a<\/strong>, una de las herramientas m\u00e1s avanzadas para <strong>Business Intelligence<\/strong> y <strong>Big Data<\/strong>. Con esta herramienta podemos aportar la mejor soluci\u00f3n para obtener respuestas de los datos.<\/p>\n<p style=\"text-align: left;\"><strong>Looker\u00a0<\/strong>se diferencia de otras herramientas al definir una nueva forma de de hacer Anal\u00edtica. Es una plataforma de datos pensada para unificar todas las fuentes de datos y obtener respuestas con un modelo de datos unificado.<\/p>\n<p>[\/vc_column_text][vc_empty_space][\/vc_column][\/vc_row][vc_row][vc_column][vc_empty_space][vc_column_text]<\/p>\n<h3 style=\"text-align: center;\"><strong>Acelera tu estrategia Big Data<\/strong><\/h3>\n<p>[\/vc_column_text][vc_empty_space][vc_column_text]<strong>Looker\u00a0<\/strong>es una soluci\u00f3n que resuelve y acelerar la misi\u00f3n de desplegar una estrategia de\u00a0<strong>Big Data<\/strong> en tu empresa.<\/p>\n<p>Descubre como\u00a0<strong>Looker\u00a0<\/strong>puede acelerar esta estrategia y que ventajas traer\u00e1 a tu empresa.[\/vc_column_text][vc_empty_space height=\u00bb16px\u00bb][vc_column_text]Una estrategia enfocada a centralizar toda la informaci\u00f3n:<\/p>\n<p><a href=\"es\/soluciones-big-data-aws\/\"><img loading=\"lazy\" decoding=\"async\" class=\"aligncenter wp-image-4852 size-large\" src=\"http:\/\/www.3llideas.com\/wp-content\/uploads\/2019\/04\/data_lake_big_data-1024x576.png\" alt=\"Big Data\" width=\"1000\" height=\"563\" srcset=\"https:\/\/www.3llideas.com\/wp-content\/uploads\/2019\/04\/data_lake_big_data-1024x576.png 1024w, https:\/\/www.3llideas.com\/wp-content\/uploads\/2019\/04\/data_lake_big_data-300x169.png 300w, https:\/\/www.3llideas.com\/wp-content\/uploads\/2019\/04\/data_lake_big_data-768x432.png 768w, https:\/\/www.3llideas.com\/wp-content\/uploads\/2019\/04\/data_lake_big_data-165x93.png 165w, https:\/\/www.3llideas.com\/wp-content\/uploads\/2019\/04\/data_lake_big_data-1087x611.png 1087w, https:\/\/www.3llideas.com\/wp-content\/uploads\/2019\/04\/data_lake_big_data.png 1920w\" sizes=\"auto, (max-width: 1000px) 100vw, 1000px\" \/><\/a>[\/vc_column_text][vc_btn title=\u00bbSoluciones Big Data\u00bb color=\u00bbblue\u00bb align=\u00bbcenter\u00bb link=\u00bburl:http%3A%2F%2Fwww.3llideas.com%2Fes%2Fsoluciones-big-data-aws%2F|title:Soluciones%20Big%20Data||\u00bb][vc_empty_space][\/vc_column][\/vc_row][vc_row][vc_column][vc_empty_space][vc_column_text]<\/p>\n<h4 style=\"text-align: center;\"><strong>Descubre Looker<\/strong><\/h4>\n<p><a href=\"http:\/\/www.3llideas.com\/wp-content\/uploads\/2019\/05\/looker.jpg\"><img loading=\"lazy\" decoding=\"async\" class=\"aligncenter size-full wp-image-4968\" src=\"http:\/\/www.3llideas.com\/wp-content\/uploads\/2019\/05\/looker.jpg\" alt=\"\" width=\"1920\" height=\"1080\" srcset=\"https:\/\/www.3llideas.com\/wp-content\/uploads\/2019\/05\/looker.jpg 1920w, https:\/\/www.3llideas.com\/wp-content\/uploads\/2019\/05\/looker-300x169.jpg 300w, https:\/\/www.3llideas.com\/wp-content\/uploads\/2019\/05\/looker-768x432.jpg 768w, https:\/\/www.3llideas.com\/wp-content\/uploads\/2019\/05\/looker-1024x576.jpg 1024w, https:\/\/www.3llideas.com\/wp-content\/uploads\/2019\/05\/looker-165x93.jpg 165w, https:\/\/www.3llideas.com\/wp-content\/uploads\/2019\/05\/looker-1087x611.jpg 1087w\" sizes=\"auto, (max-width: 1920px) 100vw, 1920px\" \/><\/a>[\/vc_column_text][vc_column_text]<\/p>\n<h4 style=\"text-align: center;\"><strong>Factores diferenciales de\u00a0Looker<\/strong><\/h4>\n<p>[\/vc_column_text][vc_empty_space][\/vc_column][\/vc_row][vc_row][vc_column width=\u00bb1\/4&#8243;][\/vc_column][vc_column width=\u00bb1\/4&#8243;][vc_icon icon_fontawesome=\u00bbfa fa-arrows-alt\u00bb align=\u00bbcenter\u00bb][vc_column_text]<\/p>\n<h5 style=\"text-align: center;\"><strong>Todos tus datos<\/strong><\/h5>\n<p>Centraliza todos tus datos y obt\u00e9n una vista hol\u00edstica dentro de tu negocio. Rompiendo con silos de datos permite ver como las acciones impactan a trav\u00e9s de tu negocio en los resultados. Al tener una fuente de datos unificada, todo el mundo accede a las mimas m\u00e9tricas. No m\u00e1s caos de datos.[\/vc_column_text][\/vc_column][vc_column width=\u00bb1\/4&#8243;][vc_icon icon_fontawesome=\u00bbfa fa-database\u00bb align=\u00bbcenter\u00bb][vc_column_text]<\/p>\n<h5 style=\"text-align: center;\"><strong>Cualquier base de datos SQL<\/strong><\/h5>\n<p><strong>Looker<\/strong> conecta directamente a tu base de datos SQL para desplegar todo su poder.\u00a0<strong>Looker<\/strong> fue dise\u00f1ado pensando en las bases de datos de hoy en d\u00eda, por ello genera un SQL l\u00edmpio y efectivo.\u00a0<strong>Looker<\/strong> soporta nativamente +30 dialectos y tiene funcionalidades influenciadas por los almacenes de datos en la nube, tales como BigQuery, RedShift y Snowflake.[\/vc_column_text][\/vc_column][vc_column width=\u00bb1\/4&#8243;][\/vc_column][\/vc_row][vc_row][vc_column][vc_empty_space][\/vc_column][\/vc_row][vc_row][vc_column width=\u00bb1\/4&#8243;][\/vc_column][vc_column width=\u00bb1\/4&#8243;][vc_icon icon_fontawesome=\u00bbfa fa-random\u00bb align=\u00bbcenter\u00bb][vc_column_text]<\/p>\n<h5 style=\"text-align: center;\"><strong>L\u00f3gica de negocio a medida<\/strong><\/h5>\n<p><strong>Looker<\/strong> permite a los analistas obtener el conocimiento sobre que significan tus datos a trav\u00e9s de una soluci\u00f3n escalable de software que todos pueden acceder. Gracias a LookML &#8212; el lenguaje revolucionario en el coraz\u00f3n de la plataforma &#8212; Looker ofrece a los usuarios de negocio una forma simple y potente de obtener respuestas r\u00e1pidas y precisas de los datos.[\/vc_column_text][\/vc_column][vc_column width=\u00bb1\/4&#8243;][vc_icon icon_fontawesome=\u00bbfa fa-users\u00bb align=\u00bbcenter\u00bb][vc_column_text]<\/p>\n<h5 style=\"text-align: center;\"><strong>Una herramienta para todos<\/strong><\/h5>\n<p><strong>Looker<\/strong> es un software moderno que se ejecuta en un navegador web y que funciona igual de bien en un m\u00f3vil o un port\u00e1til. Cualquiera puede crear, editar, y compartir visualizaciones bonitas y dashboards \u00fatiles. Y compartiendo o planificando informes es tan f\u00e1cil como darle a un bot\u00f3n.[\/vc_column_text][\/vc_column][vc_column width=\u00bb1\/4&#8243;][\/vc_column][\/vc_row][vc_row][vc_column][vc_empty_space][vc_column_text]<\/p>\n<h3 style=\"text-align: center;\"><strong>Servicios implantaci\u00f3n Looker<\/strong><\/h3>\n<p>[\/vc_column_text][vc_empty_space][vc_column_text]Dentro de un proyecto\u00a0<strong>Big Data<\/strong> al incorporar\u00a0<strong>Looker\u00a0<\/strong>podr\u00e1s disponer de una soluci\u00f3n de Business Intelligence muy avanzada. Democratiza los datos y que tu empresa disponga de un \u00fanico marco de visualizaci\u00f3n y optimiza el desarrollo del proyecto <strong>Big Data<\/strong>.\u00a0<strong>Looker<\/strong> te dar\u00e1 una soluci\u00f3n \u00fanica para cualquier fuente de datos SQL y adem\u00e1s facilitar\u00e1 el compartir esta informaci\u00f3n.<\/p>\n<p>[\/vc_column_text][\/vc_column][\/vc_row][vc_row][vc_column][vc_empty_space][vc_column_text]<\/p>\n<h4><strong>SOLICITA M\u00c1S INFORMACI\u00d3N<\/strong><\/h4>\n<p>[\/vc_column_text][\/vc_column][\/vc_row][vc_row][vc_column][vc_column_text]Necesitas una soluci\u00f3n de <strong>Business Intelligence<\/strong> para tu proyecto <strong>Big Data<\/strong>, analizaremos como <strong>Looker<\/strong>\u00a0 puede acelerar tu proyecto y te apoyaremos para adaptarlo a tus necesidades.[\/vc_column_text][vc_cta h2=\u00bb\u00bb add_button=\u00bbtop\u00bb btn_title=\u00bbSOLICITAR M\u00c1S INFORMACI\u00d3N\u00bb btn_color=\u00bbdanger\u00bb btn_align=\u00bbcenter\u00bb btn_link=\u00bburl:https%3A%2F%2Fwww.3llideas.com%2Fes%2Fsaber-mas-3llideas%2F|title:Saber%20m%C3%A1s\u00bb][\/vc_cta][\/vc_column][\/vc_row]<\/p>\n<\/div>","protected":false},"excerpt":{"rendered":"<p>[vc_row][vc_column offset=\u00bbvc_hidden-xs\u00bb][vc_column_text][\/vc_column_text][vc_empty_space][vc_column_text] Looker: Business Intelligence y Big Data [\/vc_column_text][vc_empty_space][vc_column_text] [\/vc_column_text][vc_empty_space][vc_column_text] Somos partners de Looker en Espa\u00f1a, una de las herramientas&#8230;<\/p>\n","protected":false},"author":1,"featured_media":0,"parent":0,"menu_order":0,"comment_status":"closed","ping_status":"closed","template":"","meta":{"footnotes":""},"class_list":["post-4977","page","type-page","status-publish","hentry"],"yoast_head":"<!-- This site is optimized with the Yoast SEO Premium plugin v18.4 (Yoast SEO v27.4) - https:\/\/yoast.com\/product\/yoast-seo-premium-wordpress\/ -->\n<title>Looker: Soluci\u00f3n business intelligence (BI) y Big Data<\/title>\n<meta name=\"description\" content=\"Descubre Looker como soluci\u00f3n para acelerar tus proyectos de Business Intelligence y Big Data. Le soluci\u00f3n avanzada para an\u00e1lisis de datos en tu empresa.\" \/>\n<meta name=\"robots\" content=\"index, follow, max-snippet:-1, max-image-preview:large, max-video-preview:-1\" \/>\n<link rel=\"canonical\" href=\"https:\/\/www.3llideas.com\/es\/looker-business-intelligence-big-data-partner-spain\/\" \/>\n<meta property=\"og:locale\" content=\"es_ES\" \/>\n<meta property=\"og:type\" content=\"article\" \/>\n<meta property=\"og:title\" content=\"Looker data platform: Business Intelligence y Big Data\" \/>\n<meta property=\"og:description\" content=\"Descubre Looker como soluci\u00f3n para acelerar tus proyectos de Business Intelligence y Big Data. Le soluci\u00f3n avanzada para an\u00e1lisis de datos en tu empresa.\" \/>\n<meta property=\"og:url\" content=\"https:\/\/www.3llideas.com\/es\/looker-business-intelligence-big-data-partner-spain\/\" \/>\n<meta property=\"og:site_name\" content=\"3llideas.com\" \/>\n<meta property=\"article:modified_time\" content=\"2021-10-06T11:33:25+00:00\" \/>\n<meta property=\"og:image\" content=\"http:\/\/www.3llideas.com\/wp-content\/uploads\/2019\/05\/3llideas_looker_web_violeta.png\" \/>\n<meta name=\"twitter:card\" content=\"summary_large_image\" \/>\n<meta name=\"twitter:site\" content=\"@3llideas\" \/>\n<meta name=\"twitter:label1\" content=\"Tiempo de lectura\" \/>\n\t<meta name=\"twitter:data1\" content=\"5 minutos\" \/>\n<script type=\"application\/ld+json\" class=\"yoast-schema-graph\">{\"@context\":\"https:\\\/\\\/schema.org\",\"@graph\":[{\"@type\":\"WebPage\",\"@id\":\"https:\\\/\\\/www.3llideas.com\\\/es\\\/looker-business-intelligence-big-data-partner-spain\\\/\",\"url\":\"https:\\\/\\\/www.3llideas.com\\\/es\\\/looker-business-intelligence-big-data-partner-spain\\\/\",\"name\":\"Looker: Soluci\u00f3n business intelligence (BI) y Big Data\",\"isPartOf\":{\"@id\":\"https:\\\/\\\/www.3llideas.com\\\/es\\\/#website\"},\"primaryImageOfPage\":{\"@id\":\"https:\\\/\\\/www.3llideas.com\\\/es\\\/looker-business-intelligence-big-data-partner-spain\\\/#primaryimage\"},\"image\":{\"@id\":\"https:\\\/\\\/www.3llideas.com\\\/es\\\/looker-business-intelligence-big-data-partner-spain\\\/#primaryimage\"},\"thumbnailUrl\":\"http:\\\/\\\/www.3llideas.com\\\/wp-content\\\/uploads\\\/2019\\\/05\\\/3llideas_looker_web_violeta.png\",\"datePublished\":\"2019-05-30T06:47:41+00:00\",\"dateModified\":\"2021-10-06T11:33:25+00:00\",\"description\":\"Descubre Looker como soluci\u00f3n para acelerar tus proyectos de Business Intelligence y Big Data. Le soluci\u00f3n avanzada para an\u00e1lisis de datos en tu empresa.\",\"breadcrumb\":{\"@id\":\"https:\\\/\\\/www.3llideas.com\\\/es\\\/looker-business-intelligence-big-data-partner-spain\\\/#breadcrumb\"},\"inLanguage\":\"es\",\"potentialAction\":[{\"@type\":\"ReadAction\",\"target\":[\"https:\\\/\\\/www.3llideas.com\\\/es\\\/looker-business-intelligence-big-data-partner-spain\\\/\"]}]},{\"@type\":\"ImageObject\",\"inLanguage\":\"es\",\"@id\":\"https:\\\/\\\/www.3llideas.com\\\/es\\\/looker-business-intelligence-big-data-partner-spain\\\/#primaryimage\",\"url\":\"http:\\\/\\\/www.3llideas.com\\\/wp-content\\\/uploads\\\/2019\\\/05\\\/3llideas_looker_web_violeta.png\",\"contentUrl\":\"http:\\\/\\\/www.3llideas.com\\\/wp-content\\\/uploads\\\/2019\\\/05\\\/3llideas_looker_web_violeta.png\"},{\"@type\":\"BreadcrumbList\",\"@id\":\"https:\\\/\\\/www.3llideas.com\\\/es\\\/looker-business-intelligence-big-data-partner-spain\\\/#breadcrumb\",\"itemListElement\":[{\"@type\":\"ListItem\",\"position\":1,\"name\":\"Portada\",\"item\":\"https:\\\/\\\/www.3llideas.com\\\/es\\\/\"},{\"@type\":\"ListItem\",\"position\":2,\"name\":\"Looker data platform: Business Intelligence y Big Data\"}]},{\"@type\":\"WebSite\",\"@id\":\"https:\\\/\\\/www.3llideas.com\\\/es\\\/#website\",\"url\":\"https:\\\/\\\/www.3llideas.com\\\/es\\\/\",\"name\":\"3llideas.com\",\"description\":\"3llideas, Agencia Ecommerce, Gesti\u00f3n empresarial Microsoft, AWS, Gesti\u00f3n empresarial sage\",\"potentialAction\":[{\"@type\":\"SearchAction\",\"target\":{\"@type\":\"EntryPoint\",\"urlTemplate\":\"https:\\\/\\\/www.3llideas.com\\\/es\\\/?s={search_term_string}\"},\"query-input\":{\"@type\":\"PropertyValueSpecification\",\"valueRequired\":true,\"valueName\":\"search_term_string\"}}],\"inLanguage\":\"es\"}]}<\/script>\n<!-- \/ Yoast SEO Premium plugin. -->","yoast_head_json":{"title":"Looker: Soluci\u00f3n business intelligence (BI) y Big Data","description":"Descubre Looker como soluci\u00f3n para acelerar tus proyectos de Business Intelligence y Big Data. Le soluci\u00f3n avanzada para an\u00e1lisis de datos en tu empresa.","robots":{"index":"index","follow":"follow","max-snippet":"max-snippet:-1","max-image-preview":"max-image-preview:large","max-video-preview":"max-video-preview:-1"},"canonical":"https:\/\/www.3llideas.com\/es\/looker-business-intelligence-big-data-partner-spain\/","og_locale":"es_ES","og_type":"article","og_title":"Looker data platform: Business Intelligence y Big Data","og_description":"Descubre Looker como soluci\u00f3n para acelerar tus proyectos de Business Intelligence y Big Data. Le soluci\u00f3n avanzada para an\u00e1lisis de datos en tu empresa.","og_url":"https:\/\/www.3llideas.com\/es\/looker-business-intelligence-big-data-partner-spain\/","og_site_name":"3llideas.com","article_modified_time":"2021-10-06T11:33:25+00:00","og_image":[{"url":"http:\/\/www.3llideas.com\/wp-content\/uploads\/2019\/05\/3llideas_looker_web_violeta.png","type":"","width":"","height":""}],"twitter_card":"summary_large_image","twitter_site":"@3llideas","twitter_misc":{"Tiempo de lectura":"5 minutos"},"schema":{"@context":"https:\/\/schema.org","@graph":[{"@type":"WebPage","@id":"https:\/\/www.3llideas.com\/es\/looker-business-intelligence-big-data-partner-spain\/","url":"https:\/\/www.3llideas.com\/es\/looker-business-intelligence-big-data-partner-spain\/","name":"Looker: Soluci\u00f3n business intelligence (BI) y Big Data","isPartOf":{"@id":"https:\/\/www.3llideas.com\/es\/#website"},"primaryImageOfPage":{"@id":"https:\/\/www.3llideas.com\/es\/looker-business-intelligence-big-data-partner-spain\/#primaryimage"},"image":{"@id":"https:\/\/www.3llideas.com\/es\/looker-business-intelligence-big-data-partner-spain\/#primaryimage"},"thumbnailUrl":"http:\/\/www.3llideas.com\/wp-content\/uploads\/2019\/05\/3llideas_looker_web_violeta.png","datePublished":"2019-05-30T06:47:41+00:00","dateModified":"2021-10-06T11:33:25+00:00","description":"Descubre Looker como soluci\u00f3n para acelerar tus proyectos de Business Intelligence y Big Data. Le soluci\u00f3n avanzada para an\u00e1lisis de datos en tu empresa.","breadcrumb":{"@id":"https:\/\/www.3llideas.com\/es\/looker-business-intelligence-big-data-partner-spain\/#breadcrumb"},"inLanguage":"es","potentialAction":[{"@type":"ReadAction","target":["https:\/\/www.3llideas.com\/es\/looker-business-intelligence-big-data-partner-spain\/"]}]},{"@type":"ImageObject","inLanguage":"es","@id":"https:\/\/www.3llideas.com\/es\/looker-business-intelligence-big-data-partner-spain\/#primaryimage","url":"http:\/\/www.3llideas.com\/wp-content\/uploads\/2019\/05\/3llideas_looker_web_violeta.png","contentUrl":"http:\/\/www.3llideas.com\/wp-content\/uploads\/2019\/05\/3llideas_looker_web_violeta.png"},{"@type":"BreadcrumbList","@id":"https:\/\/www.3llideas.com\/es\/looker-business-intelligence-big-data-partner-spain\/#breadcrumb","itemListElement":[{"@type":"ListItem","position":1,"name":"Portada","item":"https:\/\/www.3llideas.com\/es\/"},{"@type":"ListItem","position":2,"name":"Looker data platform: Business Intelligence y Big Data"}]},{"@type":"WebSite","@id":"https:\/\/www.3llideas.com\/es\/#website","url":"https:\/\/www.3llideas.com\/es\/","name":"3llideas.com","description":"3llideas, Agencia Ecommerce, Gesti\u00f3n empresarial Microsoft, AWS, Gesti\u00f3n empresarial sage","potentialAction":[{"@type":"SearchAction","target":{"@type":"EntryPoint","urlTemplate":"https:\/\/www.3llideas.com\/es\/?s={search_term_string}"},"query-input":{"@type":"PropertyValueSpecification","valueRequired":true,"valueName":"search_term_string"}}],"inLanguage":"es"}]}},"_links":{"self":[{"href":"https:\/\/www.3llideas.com\/es\/wp-json\/wp\/v2\/pages\/4977","targetHints":{"allow":["GET"]}}],"collection":[{"href":"https:\/\/www.3llideas.com\/es\/wp-json\/wp\/v2\/pages"}],"about":[{"href":"https:\/\/www.3llideas.com\/es\/wp-json\/wp\/v2\/types\/page"}],"author":[{"embeddable":true,"href":"https:\/\/www.3llideas.com\/es\/wp-json\/wp\/v2\/users\/1"}],"replies":[{"embeddable":true,"href":"https:\/\/www.3llideas.com\/es\/wp-json\/wp\/v2\/comments?post=4977"}],"version-history":[{"count":9,"href":"https:\/\/www.3llideas.com\/es\/wp-json\/wp\/v2\/pages\/4977\/revisions"}],"predecessor-version":[{"id":9523,"href":"https:\/\/www.3llideas.com\/es\/wp-json\/wp\/v2\/pages\/4977\/revisions\/9523"}],"wp:attachment":[{"href":"https:\/\/www.3llideas.com\/es\/wp-json\/wp\/v2\/media?parent=4977"}],"curies":[{"name":"wp","href":"https:\/\/api.w.org\/{rel}","templated":true}]}}