{"id":4452,"date":"2018-12-17T09:35:00","date_gmt":"2018-12-17T09:35:00","guid":{"rendered":"http:\/\/www.3llideas.com\/?page_id=4452"},"modified":"2021-10-06T09:52:03","modified_gmt":"2021-10-06T07:52:03","slug":"desarrollo-soluciones-macros-excel","status":"publish","type":"page","link":"https:\/\/www.3llideas.com\/es\/servicios\/desarrollo-soluciones-macros-excel\/","title":{"rendered":"Software Factory &#8211; Desarrollo soluciones Excel"},"content":{"rendered":"<div class=\"wpb-content-wrapper\"><p>[vc_row css=\u00bb.vc_custom_1521007925735{margin-top: -80px !important;}\u00bb][vc_column offset=\u00bbvc_hidden-xs\u00bb][vc_column_text]<\/p>\n<h2 style=\"text-align: center;\">Software Factory &#8211; DESARROLLO EXCEL\u00ae<\/h2>\n<p>[\/vc_column_text][vc_empty_space][vc_column_text css_animation=\u00bbleft-to-right\u00bb]<script type=\"text\/javascript\">jQuery(function() { _initLayerSlider( '#layerslider_46_10ug4j3wt969c', {sliderVersion: '7.2.3', type: 'fullwidth', responsiveUnder: 0, layersContainer: 0, hideUnder: 0, hideOver: 100000, pauseOnHover: 'enabled', skin: 'v5', sliderFadeInDuration: 350, useSrcset: true, skinsPath: 'https:\/\/www.3llideas.com\/wp-content\/plugins\/LayerSlider\/assets\/static\/layerslider\/skins\/', performanceMode: true}); });<\/script><div id=\"layerslider_46_10ug4j3wt969c\"  class=\"ls-wp-container fitvidsignore ls-selectable\" style=\"width:1920px;height:470px;margin:0 auto;\"><div class=\"ls-slide\" data-ls=\"duration:4000;\"><img loading=\"lazy\" decoding=\"async\" width=\"1920\" height=\"470\" src=\"https:\/\/www.3llideas.com\/wp-content\/uploads\/2018\/11\/banner_desarrolloweb_3llideas.png\" class=\"ls-bg\" alt=\"\" srcset=\"https:\/\/www.3llideas.com\/wp-content\/uploads\/2018\/11\/banner_desarrolloweb_3llideas.png 1920w, https:\/\/www.3llideas.com\/wp-content\/uploads\/2018\/11\/banner_desarrolloweb_3llideas-300x73.png 300w, https:\/\/www.3llideas.com\/wp-content\/uploads\/2018\/11\/banner_desarrolloweb_3llideas-768x188.png 768w, https:\/\/www.3llideas.com\/wp-content\/uploads\/2018\/11\/banner_desarrolloweb_3llideas-1024x251.png 1024w, https:\/\/www.3llideas.com\/wp-content\/uploads\/2018\/11\/banner_desarrolloweb_3llideas-1087x266.png 1087w\" sizes=\"auto, (max-width: 1920px) 100vw, 1920px\" \/><h2 style=\"color:#FFFFFF;top:188px;left:1072px;\" class=\"ls-l ls-text-layer\" data-ls=\"offsetxin:80;offsetxout:-80;durationout:400;parallaxlevel:0;\"><strong>Desarrollo de soluciones Excel\u00ae<\/strong><br><strong> a medida<\/strong><\/h2><\/div><\/div>[\/vc_column_text][vc_empty_space][vc_column_text]En <strong>3llideas<\/strong> somos especialistas en desarrollo de aplicaciones con m\u00faltiples lenguajes de programaci\u00f3n. <strong>Microsoft Excel\u00ae<\/strong>\u00a0hoy en d\u00eda sigue siendo la mejor herramienta para automatizaci\u00f3n y para resolver problemas complejos de forma \u00e1gil y r\u00e1pida.<\/p>\n<p>Gracias a su potente motor de macros de <strong>Excel\u00ae (VBA)<\/strong> se pueden hacer algoritmos muy avanzados y soluciones para gesti\u00f3n, automatizaci\u00f3n y an\u00e1lisis.<\/p>\n<p><strong>3llideas<\/strong> es una<strong> software factory<\/strong> en donde nuestro equipo multidisciplinar puede afrontar cualquier proyecto de desarrollo . Aportando al proyecto metodolog\u00eda \u00e1gil y enfoque al resultado deseado del cliente.[\/vc_column_text][vc_empty_space][\/vc_column][\/vc_row][vc_row css=\u00bb.vc_custom_1521007925735{margin-top: -80px !important;}\u00bb][vc_column offset=\u00bbvc_hidden-lg vc_hidden-md vc_hidden-sm\u00bb][vc_column_text]<\/p>\n<h2 style=\"text-align: center;\">Software Factory &#8211; DESARROLLO EXCEL\u00ae<\/h2>\n<p>[\/vc_column_text][vc_empty_space][vc_column_text css_animation=\u00bbleft-to-right\u00bb]<script type=\"text\/javascript\">jQuery(function() { _initLayerSlider( '#layerslider_47_1q058at6pgucn', {sliderVersion: '7.2.3', type: 'fullwidth', responsiveUnder: 0, layersContainer: 0, hideUnder: 0, hideOver: 100000, pauseOnHover: 'enabled', skin: 'v5', sliderFadeInDuration: 350, useSrcset: true, skinsPath: 'https:\/\/www.3llideas.com\/wp-content\/plugins\/LayerSlider\/assets\/static\/layerslider\/skins\/', performanceMode: true}); });<\/script><div id=\"layerslider_47_1q058at6pgucn\"  class=\"ls-wp-container fitvidsignore ls-selectable\" style=\"width:750px;height:396px;margin:0 auto;\"><div class=\"ls-slide\" data-ls=\"duration:4000;\"><img loading=\"lazy\" decoding=\"async\" width=\"750\" height=\"396\" src=\"https:\/\/www.3llideas.com\/wp-content\/uploads\/2018\/11\/banner_desarrolloweb_peq.png\" class=\"ls-bg\" alt=\"\" srcset=\"https:\/\/www.3llideas.com\/wp-content\/uploads\/2018\/11\/banner_desarrolloweb_peq.png 750w, https:\/\/www.3llideas.com\/wp-content\/uploads\/2018\/11\/banner_desarrolloweb_peq-300x158.png 300w\" sizes=\"auto, (max-width: 750px) 100vw, 750px\" \/><h4 style=\"color:#FFFFFF;top:127px;left:356px;\" class=\"ls-l ls-text-layer\" data-ls=\"offsetxin:80;offsetxout:-80;durationout:400;parallaxlevel:0;\"><strong>Desarrollo de<\/strong><\/h4><h4 style=\"color:#FFFFFF;top:174px;left:356px;font-size:36px;line-height:falsepx;\" class=\"ls-l ls-text-layer\" data-ls=\"offsetxin:80;offsetxout:-80;durationout:400;parallaxlevel:0;\">soluciones Excel\u00ae<br><strong>a medida<\/strong><\/h4><\/div><\/div>[\/vc_column_text][vc_empty_space][vc_column_text]En <strong>3llideas<\/strong> somos especialistas en desarrollo de aplicaciones con m\u00faltiples lenguajes de programaci\u00f3n. <strong>Microsoft Excel\u00ae<\/strong>\u00a0hoy en d\u00eda sigue siendo la mejor herramienta para automatizaci\u00f3n y para resolver problemas complejos de forma \u00e1gil y r\u00e1pida.<\/p>\n<p>Gracias a su potente motor de macros se pueden hacer algoritmos muy avanzados y soluciones para gesti\u00f3n, automatizaci\u00f3n y an\u00e1lisis.<\/p>\n<p><strong>3llideas<\/strong> es una<strong> software factory<\/strong> en donde nuestro equipo multidisciplinar puede afrontar cualquier proyecto de desarrollo . Aportando al proyecto metodolog\u00eda \u00e1gil y enfoque al resultado deseado del cliente.[\/vc_column_text][\/vc_column][\/vc_row][vc_row][vc_column][vc_empty_space][vc_column_text]<\/p>\n<h4 style=\"text-align: center;\"><strong>Desarrollo soluciones Excel\u00ae<\/strong><\/h4>\n<p>[\/vc_column_text][vc_empty_space][vc_column_text]Somos una F\u00e1brica de Software y consultores especializados en soluciones empresariales, de gesti\u00f3n y dando apoyo a muchas empresas. Es por ello que algunos proyectos necesitan soluciones basadas en Microsoft Excel\u00ae permitiendo un tiempo de desarrollo r\u00e1pido y pudiendo llegar a soluciones de c\u00e1lculo muy avanzadas. Las principales ventajas de nuestro enfoque:[\/vc_column_text][vc_empty_space][\/vc_column][\/vc_row][vc_row][vc_column]<\/p>\n<div class=\"list arrow\">\n<ul>\n<li><strong>Consultor\u00eda proyecto y pruebas concepto.\u00a0<\/strong>Aportamos consultor\u00eda, direcci\u00f3n de proyecto, desarrollo de prototipos y soluciones avanzadas.<\/li>\n<li><strong>Equipo multidisciplinar<\/strong>. Nuestro equipo est\u00e1 preparado para dar consultor\u00eda y tambi\u00e9n dominar la disciplina de programaci\u00f3n de las herramientas.<\/li>\n<li><strong>Experiencia eCommerce y empresarial.<\/strong> Disponemos de un dominio de soluciones eCommerce y empresarial dando a los proyectos un valor a\u00f1adido.<\/li>\n<li><strong>Especialistas en ERP y soluciones gesti\u00f3n.\u00a0<\/strong>Somos implantadores de diversas soluciones y por ello tenemos experiencia en resolver este tipo de proyectos\u00a0 usando estas herramientas.<\/li>\n<li><strong>Metodolog\u00eda \u00c1gil.<\/strong> Realizamos los proyectos con un enfoque de metodolog\u00eda \u00e1gil que permite iterar en el avance del proyecto e ir alineados a los objetivos marcados<\/li>\n<li><strong>Participaci\u00f3n cliente.\u00a0<\/strong>El cliente participa continuamente en su proyecto y aportamos un prototipado para ver los avances.<\/li>\n<li><strong>Comunicaci\u00f3n.\u00a0<\/strong>Utilizamos sistemas de comunicaci\u00f3n participativos coordinar el proyecto y el equipo.<\/li>\n<\/ul>\n<\/div>\n<p>[\/vc_column][\/vc_row][vc_row][vc_column][vc_empty_space][vc_column_text]<\/p>\n<h4 style=\"text-align: center;\"><strong>TIPOS DE PROYECTOS<\/strong><\/h4>\n<p>[\/vc_column_text][vc_empty_space][vc_column_text]Algunos ejemplos de proyectos con <strong>Microsoft Excel\u00ae<\/strong> que hemos desarrollado:[\/vc_column_text][\/vc_column][\/vc_row][vc_row][vc_column]<\/p>\n<div class=\"list arrow\">\n<ul>\n<li><strong>Soluciones de gesti\u00f3n<\/strong>. Desarrollo de sistemas de control de gesti\u00f3n con el control de los diferentes par\u00e1metros necesarios. Actualizaci\u00f3n de contenidos y alarmas de seguimiento.<\/li>\n<li><strong>Control financiero<\/strong>. Desarrollo de soluciones de control financiero, presupuestos, previsiones, control de costes, ..<\/li>\n<li><strong>Conversi\u00f3n o importaci\u00f3n de datos<\/strong>. Desarrollo de macros para la transformaci\u00f3n de datos entre sistemas de gesti\u00f3n.<\/li>\n<li><strong>C\u00e1lculo de necesidades.<\/strong> Aplicaciones tipo MRP que permiten el c\u00e1lculo y simulaci\u00f3n de escenarios de c\u00e1lculo de necesidades de materiales y capacidad.<\/li>\n<li><strong>Integraci\u00f3n con API.\u00a0<\/strong>Soluciones de c\u00e1lculo integradas con API externas que importan o exportan datos.<\/li>\n<li><strong>Estad\u00edsticas<\/strong>. Soluciones para la generaci\u00f3n de estad\u00edsticas avanzadas y an\u00e1lisis de datos.<\/li>\n<li><strong>Business intelligence.<\/strong> La flexibilidad de Microsoft Excel\u00ae permite crear soluciones de Business intelligence con el uso de otras herramientas.<\/li>\n<\/ul>\n<\/div>\n<p>[\/vc_column][\/vc_row][vc_row][vc_column][vc_empty_space][\/vc_column][\/vc_row][vc_row][vc_column][vc_column_text]Disponemos del equipo de consultor\u00eda y desarrollo para desarrollar soluciones adaptadas a cualquier tipo de proyecto.[\/vc_column_text][vc_empty_space][\/vc_column][\/vc_row][vc_row][vc_column][vc_column_text]<\/p>\n<h4 style=\"text-align: center;\"><strong>VENTAJAS DE NUESTRAS SOLUCIONES<\/strong><\/h4>\n<p>[\/vc_column_text][vc_empty_space][vc_column_text]Nuestro valor a\u00f1adido en proyectos y aplicaciones web:[\/vc_column_text][vc_empty_space][\/vc_column][\/vc_row][vc_row][vc_column]<\/p>\n<div class=\"list arrow\">\n<ul>\n<li><strong>Para todo tipo de proyectos <\/strong>. Desarrollaremos una soluci\u00f3n que se adapte por completo a las necesidades de tu proyecto.<\/li>\n<\/ul>\n<p>&nbsp;<\/p>\n<p>&nbsp;<\/p>\n<ul>\n<li><strong>Desarrollo a medida<\/strong>. Realizaremos una soluci\u00f3n a medida de tus necesidades y planteando el enfoque m\u00e1s productivo para su utilizaci\u00f3n.<\/li>\n<\/ul>\n<p>&nbsp;<\/p>\n<ul>\n<li><strong>Aportamos nuestra experiencia.<\/strong> Somos desarrolladores e implantadores de diversos tipos de soluciones y soluciones de gesti\u00f3n. Aportamos nuestro equipo y soluciones a cada proyecto para optimizar el desarrollo y resolver el proceso de forma eficiente.<\/li>\n<\/ul>\n<p>&nbsp;<\/p>\n<ul>\n<li><strong>Desarrollo VBA avanzado.<\/strong> Conocimiento y experiencia en el desarrollo de macros de Excel\u00ae\u00a0 para optimizar los tiempo de ejecuci\u00f3n y el uso de recursos. Utilizaci\u00f3n de algoritmos avanzados de optimizaci\u00f3n y c\u00e1lculo.<\/li>\n<\/ul>\n<\/div>\n<p>[\/vc_column][\/vc_row][vc_row][vc_column][vc_empty_space][\/vc_column][\/vc_row][vc_row][vc_column][vc_column_text]<br \/>\n[\/vc_column_text][\/vc_column][\/vc_row][vc_row][vc_column][vc_empty_space][\/vc_column][\/vc_row][vc_row][vc_column][vc_cta h2=\u00bb\u00bb h4=\u00bbEstudia como desarrollar tu proyecto\u00bb add_button=\u00bbbottom\u00bb btn_title=\u00bbSolicitar m\u00e1s informaci\u00f3n\u00bb btn_style=\u00bbclassic\u00bb btn_color=\u00bbdanger\u00bb btn_align=\u00bbcenter\u00bb btn_link=\u00bburl:https%3A%2F%2Fwww.3llideas.com%2Fes%2Fsaber-mas-3llideas%2F|title:Saber%20m%C3%A1s\u00bb]Desarrollamos la soluci\u00f3n de <strong>Microsoft Excel\u00ae<\/strong> a trav\u00e9s de macros para resolver problem\u00e1ticas de forma eficiente y flexible. Todo tipo de proyectos, prototipos, tratamiento de datos y soluciones a medida.[\/vc_cta][vc_empty_space][vc_column_text]*Microsoft Excel\u00ae es una marca registrada de Microsoft Corporation[\/vc_column_text][\/vc_column][\/vc_row][vc_column][\/vc_column]<\/p>\n<\/div>","protected":false},"excerpt":{"rendered":"<p>[vc_row css=\u00bb.vc_custom_1521007925735{margin-top: -80px !important;}\u00bb][vc_column offset=\u00bbvc_hidden-xs\u00bb][vc_column_text] Software Factory &#8211; DESARROLLO EXCEL\u00ae [\/vc_column_text][vc_empty_space][vc_column_text css_animation=\u00bbleft-to-right\u00bb][\/vc_column_text][vc_empty_space][vc_column_text]En 3llideas somos especialistas en desarrollo de aplicaciones con&#8230;<\/p>\n","protected":false},"author":1,"featured_media":0,"parent":827,"menu_order":1,"comment_status":"closed","ping_status":"closed","template":"","meta":{"footnotes":""},"class_list":["post-4452","page","type-page","status-publish","hentry"],"yoast_head":"<!-- This site is optimized with the Yoast SEO Premium plugin v18.4 (Yoast SEO v25.1) - https:\/\/yoast.com\/wordpress\/plugins\/seo\/ -->\n<title>3llideas, especialistas en desarrollo soluciones Microsoft Excel<\/title>\n<meta name=\"description\" content=\"Especialistas en desarrollo de soluciones basadas en Microsoft Excel\u00ae para gesti\u00f3n, conversi\u00f3n de datos, c\u00e1lculo de necesidades, estad\u00edsticas, ..\" \/>\n<meta name=\"robots\" content=\"index, follow, max-snippet:-1, max-image-preview:large, max-video-preview:-1\" \/>\n<link rel=\"canonical\" href=\"https:\/\/www.3llideas.com\/es\/servicios\/desarrollo-soluciones-macros-excel\/\" \/>\n<meta property=\"og:locale\" content=\"es_ES\" \/>\n<meta property=\"og:type\" content=\"article\" \/>\n<meta property=\"og:title\" content=\"Software Factory - Desarrollo soluciones Excel\" \/>\n<meta property=\"og:description\" content=\"Especialistas en desarrollo de soluciones basadas en Microsoft Excel\u00ae para gesti\u00f3n, conversi\u00f3n de datos, c\u00e1lculo de necesidades, estad\u00edsticas, ..\" \/>\n<meta property=\"og:url\" content=\"https:\/\/www.3llideas.com\/es\/servicios\/desarrollo-soluciones-macros-excel\/\" \/>\n<meta property=\"og:site_name\" content=\"3llideas.com\" \/>\n<meta property=\"article:modified_time\" content=\"2021-10-06T07:52:03+00:00\" \/>\n<meta name=\"twitter:card\" content=\"summary_large_image\" \/>\n<meta name=\"twitter:site\" content=\"@3llideas\" \/>\n<meta name=\"twitter:label1\" content=\"Tiempo de lectura\" \/>\n\t<meta name=\"twitter:data1\" content=\"6 minutos\" \/>\n<script type=\"application\/ld+json\" class=\"yoast-schema-graph\">{\"@context\":\"https:\/\/schema.org\",\"@graph\":[{\"@type\":\"WebPage\",\"@id\":\"https:\/\/www.3llideas.com\/es\/servicios\/desarrollo-soluciones-macros-excel\/\",\"url\":\"https:\/\/www.3llideas.com\/es\/servicios\/desarrollo-soluciones-macros-excel\/\",\"name\":\"3llideas, especialistas en desarrollo soluciones Microsoft Excel\",\"isPartOf\":{\"@id\":\"https:\/\/www.3llideas.com\/es\/#website\"},\"datePublished\":\"2018-12-17T09:35:00+00:00\",\"dateModified\":\"2021-10-06T07:52:03+00:00\",\"description\":\"Especialistas en desarrollo de soluciones basadas en Microsoft Excel\u00ae para gesti\u00f3n, conversi\u00f3n de datos, c\u00e1lculo de necesidades, estad\u00edsticas, ..\",\"breadcrumb\":{\"@id\":\"https:\/\/www.3llideas.com\/es\/servicios\/desarrollo-soluciones-macros-excel\/#breadcrumb\"},\"inLanguage\":\"es\",\"potentialAction\":[{\"@type\":\"ReadAction\",\"target\":[\"https:\/\/www.3llideas.com\/es\/servicios\/desarrollo-soluciones-macros-excel\/\"]}]},{\"@type\":\"BreadcrumbList\",\"@id\":\"https:\/\/www.3llideas.com\/es\/servicios\/desarrollo-soluciones-macros-excel\/#breadcrumb\",\"itemListElement\":[{\"@type\":\"ListItem\",\"position\":1,\"name\":\"Portada\",\"item\":\"https:\/\/www.3llideas.com\/es\/\"},{\"@type\":\"ListItem\",\"position\":2,\"name\":\"Servicios\",\"item\":\"https:\/\/www.3llideas.com\/es\/servicios\/\"},{\"@type\":\"ListItem\",\"position\":3,\"name\":\"Software Factory &#8211; Desarrollo soluciones Excel\"}]},{\"@type\":\"WebSite\",\"@id\":\"https:\/\/www.3llideas.com\/es\/#website\",\"url\":\"https:\/\/www.3llideas.com\/es\/\",\"name\":\"3llideas.com\",\"description\":\"3llideas, Agencia Ecommerce, Gesti\u00f3n empresarial Microsoft, AWS, Gesti\u00f3n empresarial sage\",\"potentialAction\":[{\"@type\":\"SearchAction\",\"target\":{\"@type\":\"EntryPoint\",\"urlTemplate\":\"https:\/\/www.3llideas.com\/es\/?s={search_term_string}\"},\"query-input\":{\"@type\":\"PropertyValueSpecification\",\"valueRequired\":true,\"valueName\":\"search_term_string\"}}],\"inLanguage\":\"es\"}]}<\/script>\n<!-- \/ Yoast SEO Premium plugin. -->","yoast_head_json":{"title":"3llideas, especialistas en desarrollo soluciones Microsoft Excel","description":"Especialistas en desarrollo de soluciones basadas en Microsoft Excel\u00ae para gesti\u00f3n, conversi\u00f3n de datos, c\u00e1lculo de necesidades, estad\u00edsticas, ..","robots":{"index":"index","follow":"follow","max-snippet":"max-snippet:-1","max-image-preview":"max-image-preview:large","max-video-preview":"max-video-preview:-1"},"canonical":"https:\/\/www.3llideas.com\/es\/servicios\/desarrollo-soluciones-macros-excel\/","og_locale":"es_ES","og_type":"article","og_title":"Software Factory - Desarrollo soluciones Excel","og_description":"Especialistas en desarrollo de soluciones basadas en Microsoft Excel\u00ae para gesti\u00f3n, conversi\u00f3n de datos, c\u00e1lculo de necesidades, estad\u00edsticas, ..","og_url":"https:\/\/www.3llideas.com\/es\/servicios\/desarrollo-soluciones-macros-excel\/","og_site_name":"3llideas.com","article_modified_time":"2021-10-06T07:52:03+00:00","twitter_card":"summary_large_image","twitter_site":"@3llideas","twitter_misc":{"Tiempo de lectura":"6 minutos"},"schema":{"@context":"https:\/\/schema.org","@graph":[{"@type":"WebPage","@id":"https:\/\/www.3llideas.com\/es\/servicios\/desarrollo-soluciones-macros-excel\/","url":"https:\/\/www.3llideas.com\/es\/servicios\/desarrollo-soluciones-macros-excel\/","name":"3llideas, especialistas en desarrollo soluciones Microsoft Excel","isPartOf":{"@id":"https:\/\/www.3llideas.com\/es\/#website"},"datePublished":"2018-12-17T09:35:00+00:00","dateModified":"2021-10-06T07:52:03+00:00","description":"Especialistas en desarrollo de soluciones basadas en Microsoft Excel\u00ae para gesti\u00f3n, conversi\u00f3n de datos, c\u00e1lculo de necesidades, estad\u00edsticas, ..","breadcrumb":{"@id":"https:\/\/www.3llideas.com\/es\/servicios\/desarrollo-soluciones-macros-excel\/#breadcrumb"},"inLanguage":"es","potentialAction":[{"@type":"ReadAction","target":["https:\/\/www.3llideas.com\/es\/servicios\/desarrollo-soluciones-macros-excel\/"]}]},{"@type":"BreadcrumbList","@id":"https:\/\/www.3llideas.com\/es\/servicios\/desarrollo-soluciones-macros-excel\/#breadcrumb","itemListElement":[{"@type":"ListItem","position":1,"name":"Portada","item":"https:\/\/www.3llideas.com\/es\/"},{"@type":"ListItem","position":2,"name":"Servicios","item":"https:\/\/www.3llideas.com\/es\/servicios\/"},{"@type":"ListItem","position":3,"name":"Software Factory &#8211; Desarrollo soluciones Excel"}]},{"@type":"WebSite","@id":"https:\/\/www.3llideas.com\/es\/#website","url":"https:\/\/www.3llideas.com\/es\/","name":"3llideas.com","description":"3llideas, Agencia Ecommerce, Gesti\u00f3n empresarial Microsoft, AWS, Gesti\u00f3n empresarial sage","potentialAction":[{"@type":"SearchAction","target":{"@type":"EntryPoint","urlTemplate":"https:\/\/www.3llideas.com\/es\/?s={search_term_string}"},"query-input":{"@type":"PropertyValueSpecification","valueRequired":true,"valueName":"search_term_string"}}],"inLanguage":"es"}]}},"_links":{"self":[{"href":"https:\/\/www.3llideas.com\/es\/wp-json\/wp\/v2\/pages\/4452","targetHints":{"allow":["GET"]}}],"collection":[{"href":"https:\/\/www.3llideas.com\/es\/wp-json\/wp\/v2\/pages"}],"about":[{"href":"https:\/\/www.3llideas.com\/es\/wp-json\/wp\/v2\/types\/page"}],"author":[{"embeddable":true,"href":"https:\/\/www.3llideas.com\/es\/wp-json\/wp\/v2\/users\/1"}],"replies":[{"embeddable":true,"href":"https:\/\/www.3llideas.com\/es\/wp-json\/wp\/v2\/comments?post=4452"}],"version-history":[{"count":12,"href":"https:\/\/www.3llideas.com\/es\/wp-json\/wp\/v2\/pages\/4452\/revisions"}],"predecessor-version":[{"id":8809,"href":"https:\/\/www.3llideas.com\/es\/wp-json\/wp\/v2\/pages\/4452\/revisions\/8809"}],"up":[{"embeddable":true,"href":"https:\/\/www.3llideas.com\/es\/wp-json\/wp\/v2\/pages\/827"}],"wp:attachment":[{"href":"https:\/\/www.3llideas.com\/es\/wp-json\/wp\/v2\/media?parent=4452"}],"curies":[{"name":"wp","href":"https:\/\/api.w.org\/{rel}","templated":true}]}}