{"id":4385,"date":"2018-11-26T15:16:25","date_gmt":"2018-11-26T15:16:25","guid":{"rendered":"http:\/\/www.3llideas.com\/?page_id=4385"},"modified":"2018-11-26T15:17:44","modified_gmt":"2018-11-26T15:17:44","slug":"sage50cloud-contaplus-comprar-oferta","status":"publish","type":"page","link":"https:\/\/www.3llideas.com\/es\/sage50cloud-contaplus-comprar-oferta\/","title":{"rendered":"Ofertas sage50cloud tienda online"},"content":{"rendered":"<div class=\"wpb-content-wrapper\"><p>[vc_row css=\u00bb.vc_custom_1523171914046{margin-top: -80px !important;}\u00bb][vc_column offset=\u00bbvc_hidden-xs\u00bb][vc_column_text]<\/p>\n<h4 style=\"text-align: left;\"><strong>Consigue la mejor oferta de\u00a0 Sage 50cloud<\/strong><\/h4>\n<p>[\/vc_column_text][vc_empty_space][vc_column_text]Selecciona la versi\u00f3n de <strong>Sage 50cloud<\/strong> que mejor se adapta a tu negocio y c\u00f3mprala en nuestra tienda online.[\/vc_column_text][vc_empty_space][\/vc_column][\/vc_row][vc_row][vc_column][vc_column_text]<\/p>\n<h4 style=\"text-align: center;\"><strong>Selecciona la\u00a0 versi\u00f3n que se adapta m\u00e1s a tu negocio<\/strong><\/h4>\n<p>[\/vc_column_text][vc_empty_space][vc_column_text]<strong>Sage 50cloud<\/strong> dispone de diferentes versiones adaptadas a las particularidades de cada negocio. Aqu\u00ed podr\u00e1s seleccionando cada opci\u00f3n ir a ver la mejor oferta disponible.[\/vc_column_text][vc_empty_space][\/vc_column][\/vc_row][vc_row full_width=\u00bbstretch_row_content\u00bb][vc_column offset=\u00bbvc_hidden-xs\u00bb][vc_raw_html]JTNDaWZyYW1lJTIwc3JjJTNEJTIyaHR0cHMlM0ElMkYlMkZpbXBlcy50cmFkZWRvdWJsZXIuY29tJTJGaW1wJTNGdHlwZSUyOGlmcmFtZSUyOWclMjgyNDMzNjcwNCUyOWElMjgzMDY5OTMzJTI5JTIyJTIwd2lkdGglM0QlMjIxOTIwJTIyJTIwaGVpZ2h0JTNEJTIyMzMwJTIyJTIwZnJhbWVib3JkZXIlM0QlMjIwJTIyJTIwYm9yZGVyJTNEJTIyMCUyMiUyMG1hcmdpbndpZHRoJTNEJTIyMCUyMiUyMG1hcmdpbmhlaWdodCUzRCUyMjAlMjIlMjBzY3JvbGxpbmclM0QlMjJubyUyMiUzRSUzQyUyRmlmcmFtZSUzRQ==[\/vc_raw_html][vc_empty_space][vc_raw_html]JTNDaWZyYW1lJTIwc3JjJTNEJTIyaHR0cHMlM0ElMkYlMkZpbXBlcy50cmFkZWRvdWJsZXIuY29tJTJGaW1wJTNGdHlwZSUyOGlmcmFtZSUyOWclMjgyNDQ1NDY5MiUyOWElMjgzMDY5OTMzJTI5JTIyJTIwd2lkdGglM0QlMjIxOTIwJTIyJTIwaGVpZ2h0JTNEJTIyMzMwJTIyJTIwZnJhbWVib3JkZXIlM0QlMjIwJTIyJTIwYm9yZGVyJTNEJTIyMCUyMiUyMG1hcmdpbndpZHRoJTNEJTIyMCUyMiUyMG1hcmdpbmhlaWdodCUzRCUyMjAlMjIlMjBzY3JvbGxpbmclM0QlMjJubyUyMiUzRSUzQyUyRmlmcmFtZSUzRQ==[\/vc_raw_html][vc_empty_space][vc_raw_html]JTNDaWZyYW1lJTIwc3JjJTNEJTIyaHR0cHMlM0ElMkYlMkZpbXBlcy50cmFkZWRvdWJsZXIuY29tJTJGaW1wJTNGdHlwZSUyOGlmcmFtZSUyOWclMjgyNDQ1NDcxNCUyOWElMjgzMDY5OTMzJTI5JTIyJTIwd2lkdGglM0QlMjIxOTIwJTIyJTIwaGVpZ2h0JTNEJTIyMzMwJTIyJTIwZnJhbWVib3JkZXIlM0QlMjIwJTIyJTIwYm9yZGVyJTNEJTIyMCUyMiUyMG1hcmdpbndpZHRoJTNEJTIyMCUyMiUyMG1hcmdpbmhlaWdodCUzRCUyMjAlMjIlMjBzY3JvbGxpbmclM0QlMjJubyUyMiUzRSUzQyUyRmlmcmFtZSUzRQ==[\/vc_raw_html][vc_empty_space][vc_raw_html]JTNDaWZyYW1lJTIwc3JjJTNEJTIyaHR0cHMlM0ElMkYlMkZpbXBlcy50cmFkZWRvdWJsZXIuY29tJTJGaW1wJTNGdHlwZSUyOGlmcmFtZSUyOWclMjgyNDQ1NDY0OCUyOWElMjgzMDY5OTMzJTI5JTIyJTIwd2lkdGglM0QlMjIxOTIwJTIyJTIwaGVpZ2h0JTNEJTIyMzMwJTIyJTIwZnJhbWVib3JkZXIlM0QlMjIwJTIyJTIwYm9yZGVyJTNEJTIyMCUyMiUyMG1hcmdpbndpZHRoJTNEJTIyMCUyMiUyMG1hcmdpbmhlaWdodCUzRCUyMjAlMjIlMjBzY3JvbGxpbmclM0QlMjJubyUyMiUzRSUzQyUyRmlmcmFtZSUzRQ==[\/vc_raw_html][vc_empty_space][vc_raw_html]JTNDaWZyYW1lJTIwc3JjJTNEJTIyaHR0cHMlM0ElMkYlMkZpbXBlcy50cmFkZWRvdWJsZXIuY29tJTJGaW1wJTNGdHlwZSUyOGlmcmFtZSUyOWclMjgyNDQ1NDY3MCUyOWElMjgzMDY5OTMzJTI5JTIyJTIwd2lkdGglM0QlMjIxOTIwJTIyJTIwaGVpZ2h0JTNEJTIyMzMwJTIyJTIwZnJhbWVib3JkZXIlM0QlMjIwJTIyJTIwYm9yZGVyJTNEJTIyMCUyMiUyMG1hcmdpbndpZHRoJTNEJTIyMCUyMiUyMG1hcmdpbmhlaWdodCUzRCUyMjAlMjIlMjBzY3JvbGxpbmclM0QlMjJubyUyMiUzRSUzQyUyRmlmcmFtZSUzRQ==[\/vc_raw_html][vc_empty_space][vc_raw_html]JTNDaWZyYW1lJTIwc3JjJTNEJTIyaHR0cHMlM0ElMkYlMkZpbXBlcy50cmFkZWRvdWJsZXIuY29tJTJGaW1wJTNGdHlwZSUyOGlmcmFtZSUyOWclMjgyNDQ1NDYyNiUyOWElMjgzMDY5OTMzJTI5JTIyJTIwd2lkdGglM0QlMjIxOTIwJTIyJTIwaGVpZ2h0JTNEJTIyMzMwJTIyJTIwZnJhbWVib3JkZXIlM0QlMjIwJTIyJTIwYm9yZGVyJTNEJTIyMCUyMiUyMG1hcmdpbndpZHRoJTNEJTIyMCUyMiUyMG1hcmdpbmhlaWdodCUzRCUyMjAlMjIlMjBzY3JvbGxpbmclM0QlMjJubyUyMiUzRSUzQyUyRmlmcmFtZSUzRQ==[\/vc_raw_html][vc_empty_space][vc_raw_html]JTNDaWZyYW1lJTIwc3JjJTNEJTIyaHR0cHMlM0ElMkYlMkZpbXBlcy50cmFkZWRvdWJsZXIuY29tJTJGaW1wJTNGdHlwZSUyOGlmcmFtZSUyOWclMjgyNDQ1NDU5NCUyOWElMjgzMDY5OTMzJTI5JTIyJTIwd2lkdGglM0QlMjIxOTIwJTIyJTIwaGVpZ2h0JTNEJTIyMzMwJTIyJTIwZnJhbWVib3JkZXIlM0QlMjIwJTIyJTIwYm9yZGVyJTNEJTIyMCUyMiUyMG1hcmdpbndpZHRoJTNEJTIyMCUyMiUyMG1hcmdpbmhlaWdodCUzRCUyMjAlMjIlMjBzY3JvbGxpbmclM0QlMjJubyUyMiUzRSUzQyUyRmlmcmFtZSUzRQ==[\/vc_raw_html][vc_empty_space][vc_empty_space][vc_empty_space][\/vc_column][\/vc_row][vc_row full_width=\u00bbstretch_row_content_no_spaces\u00bb][vc_column offset=\u00bbvc_hidden-lg vc_hidden-md vc_hidden-sm\u00bb][vc_raw_html]JTNDaWZyYW1lJTIwc3JjJTNEJTIyaHR0cHMlM0ElMkYlMkZpbXBlcy50cmFkZWRvdWJsZXIuY29tJTJGaW1wJTNGdHlwZSUyOGlmcmFtZSUyOWclMjgyNDI5OTc3MiUyOWElMjgzMDY5OTMzJTI5JTIyJTIwd2lkdGglM0QlMjIzMDAlMjIlMjBoZWlnaHQlM0QlMjIyNTAlMjIlMjBmcmFtZWJvcmRlciUzRCUyMjAlMjIlMjBib3JkZXIlM0QlMjIwJTIyJTIwbWFyZ2lud2lkdGglM0QlMjIwJTIyJTIwbWFyZ2luaGVpZ2h0JTNEJTIyMCUyMiUyMHNjcm9sbGluZyUzRCUyMm5vJTIyJTNFJTNDJTJGaWZyYW1lJTNF[\/vc_raw_html][vc_empty_space][vc_raw_html]JTNDaWZyYW1lJTIwc3JjJTNEJTIyaHR0cHMlM0ElMkYlMkZpbXBlcy50cmFkZWRvdWJsZXIuY29tJTJGaW1wJTNGdHlwZSUyOGlmcmFtZSUyOWclMjgyNDQ1NDU5OCUyOWElMjgzMDY5OTMzJTI5JTIyJTIwd2lkdGglM0QlMjIzMDAlMjIlMjBoZWlnaHQlM0QlMjIyNTAlMjIlMjBmcmFtZWJvcmRlciUzRCUyMjAlMjIlMjBib3JkZXIlM0QlMjIwJTIyJTIwbWFyZ2lud2lkdGglM0QlMjIwJTIyJTIwbWFyZ2luaGVpZ2h0JTNEJTIyMCUyMiUyMHNjcm9sbGluZyUzRCUyMm5vJTIyJTNFJTNDJTJGaWZyYW1lJTNF[\/vc_raw_html][vc_empty_space][vc_raw_html]JTNDaWZyYW1lJTIwc3JjJTNEJTIyaHR0cHMlM0ElMkYlMkZpbXBlcy50cmFkZWRvdWJsZXIuY29tJTJGaW1wJTNGdHlwZSUyOGlmcmFtZSUyOWclMjgyNDQ1NDYyMiUyOWElMjgzMDY5OTMzJTI5JTIyJTIwd2lkdGglM0QlMjIzMDAlMjIlMjBoZWlnaHQlM0QlMjIyNTAlMjIlMjBmcmFtZWJvcmRlciUzRCUyMjAlMjIlMjBib3JkZXIlM0QlMjIwJTIyJTIwbWFyZ2lud2lkdGglM0QlMjIwJTIyJTIwbWFyZ2luaGVpZ2h0JTNEJTIyMCUyMiUyMHNjcm9sbGluZyUzRCUyMm5vJTIyJTNFJTNDJTJGaWZyYW1lJTNF[\/vc_raw_html][vc_empty_space][vc_raw_html]JTNDaWZyYW1lJTIwc3JjJTNEJTIyaHR0cHMlM0ElMkYlMkZpbXBlcy50cmFkZWRvdWJsZXIuY29tJTJGaW1wJTNGdHlwZSUyOGlmcmFtZSUyOWclMjgyNDQ1NDY2NiUyOWElMjgzMDY5OTMzJTI5JTIyJTIwd2lkdGglM0QlMjIzMDAlMjIlMjBoZWlnaHQlM0QlMjIyNTAlMjIlMjBmcmFtZWJvcmRlciUzRCUyMjAlMjIlMjBib3JkZXIlM0QlMjIwJTIyJTIwbWFyZ2lud2lkdGglM0QlMjIwJTIyJTIwbWFyZ2luaGVpZ2h0JTNEJTIyMCUyMiUyMHNjcm9sbGluZyUzRCUyMm5vJTIyJTNFJTNDJTJGaWZyYW1lJTNF[\/vc_raw_html][vc_empty_space][vc_raw_html]JTNDaWZyYW1lJTIwc3JjJTNEJTIyaHR0cHMlM0ElMkYlMkZpbXBlcy50cmFkZWRvdWJsZXIuY29tJTJGaW1wJTNGdHlwZSUyOGlmcmFtZSUyOWclMjgyNDQ1NDY0NCUyOWElMjgzMDY5OTMzJTI5JTIyJTIwd2lkdGglM0QlMjIzMDAlMjIlMjBoZWlnaHQlM0QlMjIyNTAlMjIlMjBmcmFtZWJvcmRlciUzRCUyMjAlMjIlMjBib3JkZXIlM0QlMjIwJTIyJTIwbWFyZ2lud2lkdGglM0QlMjIwJTIyJTIwbWFyZ2luaGVpZ2h0JTNEJTIyMCUyMiUyMHNjcm9sbGluZyUzRCUyMm5vJTIyJTNFJTNDJTJGaWZyYW1lJTNF[\/vc_raw_html][vc_empty_space][vc_raw_html]JTNDYSUyMGhyZWYlM0QlMjJodHRwcyUzQSUyRiUyRmNsay50cmFkZWRvdWJsZXIuY29tJTJGY2xpY2slM0ZwJTNEMjg4Nzc2JTI2YSUzRDMwNjk5MzMlMjZnJTNEMjQ0NTQ3MTAlMjIlMjB0YXJnZXQlM0QlMjJfQkxBTkslMjIlM0UlM0NpbWclMjBzcmMlM0QlMjJodHRwcyUzQSUyRiUyRmltcGVzLnRyYWRlZG91Ymxlci5jb20lMkZpbXAlM0Z0eXBlJTI4aW1nJTI5ZyUyODI0NDU0NzEwJTI5YSUyODMwNjk5MzMlMjklMjIlMjBib3JkZXIlM0QwJTNFJTNDJTJGYSUzRQ==[\/vc_raw_html][vc_empty_space][vc_raw_html]JTNDYSUyMGhyZWYlM0QlMjJodHRwcyUzQSUyRiUyRmNsay50cmFkZWRvdWJsZXIuY29tJTJGY2xpY2slM0ZwJTNEMjg4Nzc2JTI2YSUzRDMwNjk5MzMlMjZnJTNEMjQ0NTQ2ODglMjIlMjB0YXJnZXQlM0QlMjJfQkxBTkslMjIlM0UlM0NpbWclMjBzcmMlM0QlMjJodHRwcyUzQSUyRiUyRmltcGVzLnRyYWRlZG91Ymxlci5jb20lMkZpbXAlM0Z0eXBlJTI4aW1nJTI5ZyUyODI0NDU0Njg4JTI5YSUyODMwNjk5MzMlMjklMjIlMjBib3JkZXIlM0QwJTNFJTNDJTJGYSUzRQ==[\/vc_raw_html][vc_empty_space][vc_empty_space][vc_empty_space][\/vc_column][\/vc_row][vc_row][vc_column width=\u00bb1\/3&#8243;][\/vc_column][vc_column width=\u00bb1\/3&#8243;]<\/p>\n<div class=\"image wrap-box no-style left\" style=\"\">\n<div class=\"wrap-box-inner\"><img decoding=\"async\" class=\"wrap-box-element\" style=\" \" src=\"http:\/\/www.3llideas.com\/wp-content\/uploads\/2018\/09\/sage-partner-logo-3llideas.png\" alt=\"\"\/><\/div>\n<\/div>\n<p>[\/vc_column][vc_column width=\u00bb1\/3&#8243;][\/vc_column][\/vc_row][vc_row][vc_column][vc_empty_space height=\u00bb72px\u00bb][vc_column_text]<\/p>\n<h5 style=\"text-align: center;\"><strong>Sage 50cloud, la evoluci\u00f3n natural de Sage ContaPlus<\/strong><\/h5>\n<p>[\/vc_column_text][vc_empty_space height=\u00bb12px\u00bb][vc_column_text]<\/p>\n<p style=\"text-align: center;\">Todo el potencial de Sage Contaplus, ahora con mejoras en productividad y movilidad gracias a la integraci\u00f3n con Office 365.<\/p>\n<p>[\/vc_column_text][vc_empty_space height=\u00bb72px\u00bb][vc_btn title=\u00bbSaber m\u00e1s de Sage50cloud\u00bb color=\u00bbsuccess\u00bb align=\u00bbcenter\u00bb link=\u00bburl:http%3A%2F%2Fwww.3llideas.com%2Fes%2Fsoftware-contabilidad-gestion-comercial-sage-50-cloud%2F|||\u00bb][\/vc_column][\/vc_row]<\/p>\n<\/div>","protected":false},"excerpt":{"rendered":"<p>[vc_row css=\u00bb.vc_custom_1523171914046{margin-top: -80px !important;}\u00bb][vc_column offset=\u00bbvc_hidden-xs\u00bb][vc_column_text] Consigue la mejor oferta de\u00a0 Sage 50cloud [\/vc_column_text][vc_empty_space][vc_column_text]Selecciona la versi\u00f3n de Sage 50cloud que mejor&#8230;<\/p>\n","protected":false},"author":1,"featured_media":0,"parent":0,"menu_order":0,"comment_status":"closed","ping_status":"closed","template":"","meta":{"footnotes":""},"class_list":["post-4385","page","type-page","status-publish","hentry"],"yoast_head":"<!-- This site is optimized with the Yoast SEO Premium plugin v18.4 (Yoast SEO v27.5) - https:\/\/yoast.com\/product\/yoast-seo-premium-wordpress\/ -->\n<title>Descubre ofertas y versiones de Sage 50cloud en nuestra tienda online<\/title>\n<meta name=\"description\" content=\"Ofertas de Sage 50cloud adaptada a tu negocio, descubre nuestra tienda online de software Sage y disfruta de las mejores ofertas.\" \/>\n<meta name=\"robots\" content=\"index, follow, max-snippet:-1, max-image-preview:large, max-video-preview:-1\" \/>\n<link rel=\"canonical\" href=\"https:\/\/www.3llideas.com\/es\/sage50cloud-contaplus-comprar-oferta\/\" \/>\n<meta property=\"og:locale\" content=\"es_ES\" \/>\n<meta property=\"og:type\" content=\"article\" \/>\n<meta property=\"og:title\" content=\"Ofertas sage50cloud tienda online\" \/>\n<meta property=\"og:description\" content=\"Ofertas de Sage 50cloud adaptada a tu negocio, descubre nuestra tienda online de software Sage y disfruta de las mejores ofertas.\" \/>\n<meta property=\"og:url\" content=\"https:\/\/www.3llideas.com\/es\/sage50cloud-contaplus-comprar-oferta\/\" \/>\n<meta property=\"og:site_name\" content=\"3llideas.com\" \/>\n<meta property=\"article:modified_time\" content=\"2018-11-26T15:17:44+00:00\" \/>\n<meta name=\"twitter:card\" content=\"summary_large_image\" \/>\n<meta name=\"twitter:site\" content=\"@3llideas\" \/>\n<meta name=\"twitter:label1\" content=\"Tiempo de lectura\" \/>\n\t<meta name=\"twitter:data1\" content=\"4 minutos\" \/>\n<script type=\"application\/ld+json\" class=\"yoast-schema-graph\">{\"@context\":\"https:\\\/\\\/schema.org\",\"@graph\":[{\"@type\":\"WebPage\",\"@id\":\"https:\\\/\\\/www.3llideas.com\\\/es\\\/sage50cloud-contaplus-comprar-oferta\\\/\",\"url\":\"https:\\\/\\\/www.3llideas.com\\\/es\\\/sage50cloud-contaplus-comprar-oferta\\\/\",\"name\":\"Descubre ofertas y versiones de Sage 50cloud en nuestra tienda online\",\"isPartOf\":{\"@id\":\"https:\\\/\\\/www.3llideas.com\\\/es\\\/#website\"},\"datePublished\":\"2018-11-26T15:16:25+00:00\",\"dateModified\":\"2018-11-26T15:17:44+00:00\",\"description\":\"Ofertas de Sage 50cloud adaptada a tu negocio, descubre nuestra tienda online de software Sage y disfruta de las mejores ofertas.\",\"breadcrumb\":{\"@id\":\"https:\\\/\\\/www.3llideas.com\\\/es\\\/sage50cloud-contaplus-comprar-oferta\\\/#breadcrumb\"},\"inLanguage\":\"es\",\"potentialAction\":[{\"@type\":\"ReadAction\",\"target\":[\"https:\\\/\\\/www.3llideas.com\\\/es\\\/sage50cloud-contaplus-comprar-oferta\\\/\"]}]},{\"@type\":\"BreadcrumbList\",\"@id\":\"https:\\\/\\\/www.3llideas.com\\\/es\\\/sage50cloud-contaplus-comprar-oferta\\\/#breadcrumb\",\"itemListElement\":[{\"@type\":\"ListItem\",\"position\":1,\"name\":\"Portada\",\"item\":\"https:\\\/\\\/www.3llideas.com\\\/es\\\/\"},{\"@type\":\"ListItem\",\"position\":2,\"name\":\"Ofertas sage50cloud tienda online\"}]},{\"@type\":\"WebSite\",\"@id\":\"https:\\\/\\\/www.3llideas.com\\\/es\\\/#website\",\"url\":\"https:\\\/\\\/www.3llideas.com\\\/es\\\/\",\"name\":\"3llideas.com\",\"description\":\"3llideas, Agencia Ecommerce, Gesti\u00f3n empresarial Microsoft, AWS, Gesti\u00f3n empresarial sage\",\"potentialAction\":[{\"@type\":\"SearchAction\",\"target\":{\"@type\":\"EntryPoint\",\"urlTemplate\":\"https:\\\/\\\/www.3llideas.com\\\/es\\\/?s={search_term_string}\"},\"query-input\":{\"@type\":\"PropertyValueSpecification\",\"valueRequired\":true,\"valueName\":\"search_term_string\"}}],\"inLanguage\":\"es\"}]}<\/script>\n<!-- \/ Yoast SEO Premium plugin. -->","yoast_head_json":{"title":"Descubre ofertas y versiones de Sage 50cloud en nuestra tienda online","description":"Ofertas de Sage 50cloud adaptada a tu negocio, descubre nuestra tienda online de software Sage y disfruta de las mejores ofertas.","robots":{"index":"index","follow":"follow","max-snippet":"max-snippet:-1","max-image-preview":"max-image-preview:large","max-video-preview":"max-video-preview:-1"},"canonical":"https:\/\/www.3llideas.com\/es\/sage50cloud-contaplus-comprar-oferta\/","og_locale":"es_ES","og_type":"article","og_title":"Ofertas sage50cloud tienda online","og_description":"Ofertas de Sage 50cloud adaptada a tu negocio, descubre nuestra tienda online de software Sage y disfruta de las mejores ofertas.","og_url":"https:\/\/www.3llideas.com\/es\/sage50cloud-contaplus-comprar-oferta\/","og_site_name":"3llideas.com","article_modified_time":"2018-11-26T15:17:44+00:00","twitter_card":"summary_large_image","twitter_site":"@3llideas","twitter_misc":{"Tiempo de lectura":"4 minutos"},"schema":{"@context":"https:\/\/schema.org","@graph":[{"@type":"WebPage","@id":"https:\/\/www.3llideas.com\/es\/sage50cloud-contaplus-comprar-oferta\/","url":"https:\/\/www.3llideas.com\/es\/sage50cloud-contaplus-comprar-oferta\/","name":"Descubre ofertas y versiones de Sage 50cloud en nuestra tienda online","isPartOf":{"@id":"https:\/\/www.3llideas.com\/es\/#website"},"datePublished":"2018-11-26T15:16:25+00:00","dateModified":"2018-11-26T15:17:44+00:00","description":"Ofertas de Sage 50cloud adaptada a tu negocio, descubre nuestra tienda online de software Sage y disfruta de las mejores ofertas.","breadcrumb":{"@id":"https:\/\/www.3llideas.com\/es\/sage50cloud-contaplus-comprar-oferta\/#breadcrumb"},"inLanguage":"es","potentialAction":[{"@type":"ReadAction","target":["https:\/\/www.3llideas.com\/es\/sage50cloud-contaplus-comprar-oferta\/"]}]},{"@type":"BreadcrumbList","@id":"https:\/\/www.3llideas.com\/es\/sage50cloud-contaplus-comprar-oferta\/#breadcrumb","itemListElement":[{"@type":"ListItem","position":1,"name":"Portada","item":"https:\/\/www.3llideas.com\/es\/"},{"@type":"ListItem","position":2,"name":"Ofertas sage50cloud tienda online"}]},{"@type":"WebSite","@id":"https:\/\/www.3llideas.com\/es\/#website","url":"https:\/\/www.3llideas.com\/es\/","name":"3llideas.com","description":"3llideas, Agencia Ecommerce, Gesti\u00f3n empresarial Microsoft, AWS, Gesti\u00f3n empresarial sage","potentialAction":[{"@type":"SearchAction","target":{"@type":"EntryPoint","urlTemplate":"https:\/\/www.3llideas.com\/es\/?s={search_term_string}"},"query-input":{"@type":"PropertyValueSpecification","valueRequired":true,"valueName":"search_term_string"}}],"inLanguage":"es"}]}},"_links":{"self":[{"href":"https:\/\/www.3llideas.com\/es\/wp-json\/wp\/v2\/pages\/4385","targetHints":{"allow":["GET"]}}],"collection":[{"href":"https:\/\/www.3llideas.com\/es\/wp-json\/wp\/v2\/pages"}],"about":[{"href":"https:\/\/www.3llideas.com\/es\/wp-json\/wp\/v2\/types\/page"}],"author":[{"embeddable":true,"href":"https:\/\/www.3llideas.com\/es\/wp-json\/wp\/v2\/users\/1"}],"replies":[{"embeddable":true,"href":"https:\/\/www.3llideas.com\/es\/wp-json\/wp\/v2\/comments?post=4385"}],"version-history":[{"count":3,"href":"https:\/\/www.3llideas.com\/es\/wp-json\/wp\/v2\/pages\/4385\/revisions"}],"predecessor-version":[{"id":8805,"href":"https:\/\/www.3llideas.com\/es\/wp-json\/wp\/v2\/pages\/4385\/revisions\/8805"}],"wp:attachment":[{"href":"https:\/\/www.3llideas.com\/es\/wp-json\/wp\/v2\/media?parent=4385"}],"curies":[{"name":"wp","href":"https:\/\/api.w.org\/{rel}","templated":true}]}}