{"id":3717,"date":"2018-10-02T14:37:41","date_gmt":"2018-10-02T14:37:41","guid":{"rendered":"http:\/\/www.3llideas.com\/?page_id=3717"},"modified":"2021-10-06T12:58:33","modified_gmt":"2021-10-06T10:58:33","slug":"software-contabilidad-gestion-comercial-sage-50-cloud","status":"publish","type":"page","link":"https:\/\/www.3llideas.com\/es\/software-contabilidad-gestion-comercial-sage-50-cloud\/","title":{"rendered":"Soluci\u00f3n integral de contabilidad y gesti\u00f3n comercial Sage 50cloud"},"content":{"rendered":"<div class=\"wpb-content-wrapper\"><p>[vc_row css=\u00bb.vc_custom_1523171914046{margin-top: -80px !important;}\u00bb][vc_column offset=\u00bbvc_hidden-xs\u00bb][vc_empty_space height=\u00bb16px\u00bb][vc_column_text]<\/p>\n<h4 style=\"text-align: left;\"><strong>Sage 50cloud<\/strong><\/h4>\n<p>[\/vc_column_text][vc_empty_space][vc_empty_space][vc_column_text]<script type=\"text\/javascript\">jQuery(function() { _initLayerSlider( '#layerslider_41_es952iqc979o', {sliderVersion: '6.0.5', type: 'fullwidth', responsiveUnder: 0, layersContainer: 0, hideUnder: 0, hideOver: 100000, pauseOnHover: 'enabled', skin: 'v5', sliderFadeInDuration: 350, useSrcset: true, skinsPath: 'https:\/\/www.3llideas.com\/wp-content\/plugins\/LayerSlider\/assets\/static\/layerslider\/skins\/', performanceMode: true}); });<\/script><div id=\"layerslider_41_es952iqc979o\"  class=\"ls-wp-container fitvidsignore ls-selectable\" style=\"width:1920px;height:330px;margin:0 auto;\"><div class=\"ls-slide\" data-ls=\"duration:4000;\"><img decoding=\"async\" src=\"https:\/\/impes.tradedoubler.com\/imp?type(img)g(24336704)a(3069933)\" class=\"ls-bg\" alt=\"Slide background\" \/><img loading=\"lazy\" decoding=\"async\" width=\"208\" height=\"39\" src=\"https:\/\/www.3llideas.com\/wp-content\/uploads\/2018\/10\/Sage50cloud_RGB_sinfondo.png\" class=\"ls-l ls-img-layer\" alt=\"\" style=\"width:250px;top:267px;left:1609px;\" data-ls=\"offsetxin:80;offsetxout:-80;durationout:400;parallaxlevel:0;\"><a href=\"https:\/\/clk.tradedoubler.com\/click?p=288776&a=3069933&g=24336704\" target=\"_self\" class=\"ls-link ls-link-on-top\"><\/a><\/div><\/div>[\/vc_column_text][vc_empty_space][vc_column_text]Dise\u00f1ada como evoluci\u00f3n\u00a0 de Sage ContaPlus, aplicaci\u00f3n con m\u00e1s de 30 a\u00f1os de vida en el sector del software de gesti\u00f3n, <strong>Sage 50cloud<\/strong> es una nueva soluci\u00f3n de gesti\u00f3n que nace para dar respuesta a las necesidades de peque\u00f1as y medianas empresas. Una soluci\u00f3n \u00abconectada\u00bb que combina toda la potencia de una herramienta desktop con la flexibilidad de las aplicaciones online.[\/vc_column_text][vc_empty_space][\/vc_column][\/vc_row][vc_row css=\u00bb.vc_custom_1523171914046{margin-top: -80px !important;}\u00bb][vc_column offset=\u00bbvc_hidden-lg vc_hidden-md vc_hidden-sm\u00bb][vc_column_text]<\/p>\n<h4 style=\"text-align: left;\"><strong>Sage 50cloud<\/strong><\/h4>\n<p>[\/vc_column_text][vc_empty_space][vc_column_text]<script type=\"text\/javascript\">jQuery(function() { _initLayerSlider( '#layerslider_42_1w8rhga92ygow', {sliderVersion: '6.0.5', type: 'fullwidth', responsiveUnder: 0, layersContainer: 0, hideUnder: 0, hideOver: 100000, pauseOnHover: 'enabled', skin: 'v5', sliderFadeInDuration: 350, useSrcset: true, skinsPath: 'https:\/\/www.3llideas.com\/wp-content\/plugins\/LayerSlider\/assets\/static\/layerslider\/skins\/', performanceMode: true}); });<\/script><div id=\"layerslider_42_1w8rhga92ygow\"  class=\"ls-wp-container fitvidsignore ls-selectable\" style=\"width:300px;height:250px;margin:0 auto;\"><div class=\"ls-slide\" data-ls=\"duration:4000;\"><img decoding=\"async\" src=\"https:\/\/impes.tradedoubler.com\/imp?type(img)g(24299772)a(3069933)\" class=\"ls-bg\" alt=\"Slide background\" \/><a href=\"https:\/\/clk.tradedoubler.com\/click?p=288776&a=3069933&g=24299772\" target=\"_self\" class=\"ls-link ls-link-on-top\"><\/a><\/div><\/div>[\/vc_column_text][vc_empty_space][vc_column_text]Dise\u00f1ada como evoluci\u00f3n\u00a0 de Sage ContaPlus, aplicaci\u00f3n con m\u00e1s de 30 a\u00f1os de vida en el sector del software de gesti\u00f3n, <strong>Sage 50cloud<\/strong> es una nueva soluci\u00f3n de gesti\u00f3n que nace para dar respuesta a las necesidades de peque\u00f1as y medianas empresas. Una soluci\u00f3n \u00abconectada\u00bb que combina toda la potencia de una herramienta desktop con la flexibilidad de las aplicaciones online.[\/vc_column_text][vc_empty_space][\/vc_column][\/vc_row][vc_row][vc_column width=\u00bb1\/3&#8243;][\/vc_column][vc_column width=\u00bb1\/3&#8243;]<\/p>\n<div class=\"image wrap-box no-style below\" style=\"\">\n<div class=\"wrap-box-inner\"><img decoding=\"async\" class=\"wrap-box-element\" style=\" \" src=\"http:\/\/www.3llideas.com\/wp-content\/uploads\/2018\/09\/sage-partner-logo-3llideas.png\" alt=\"\"\/><\/div>\n<\/div>\n<p>[\/vc_column][vc_column width=\u00bb1\/3&#8243;][\/vc_column][\/vc_row][vc_row][vc_column][vc_column_text]<\/p>\n<p style=\"text-align: center;\">Servicios de implementaci\u00f3n, consultor\u00eda, desarrollo y mantenimiento de conectores ERP con tu tienda online.<br \/>\nCatalunya, Barcelona y area metropolitana y tambi\u00e9n en toda Espa\u00f1a.<\/p>\n<p>[\/vc_column_text]<\/p>\n<div class=\"divider\"><\/div>\n<p>[\/vc_column][\/vc_row][vc_row][vc_column width=\u00bb1\/3&#8243;]<\/p>\n<div class=\"iconed-text clearfix\"><span class=\"icon\" style=\"border-color: #88b722; background-color: ; color: ;\">&#xe6b2;<\/span><\/p>\n<div class=\"text\">\n<h6>Integraci\u00f3n con Office 365<\/h6>\n<div><\/div>\n<\/div>\n<\/div>\n<p>[vc_column_text]<\/p>\n<p style=\"text-align: center;\">Comparte la informaci\u00f3n e int\u00e9grala con Office 365 para aumentar tu productividad.<\/p>\n<p>[\/vc_column_text][\/vc_column][vc_column width=\u00bb1\/3&#8243;]<\/p>\n<div class=\"iconed-text clearfix\"><span class=\"icon\" style=\"border-color: #88b722; background-color: ; color: ;\">&#xe603;<\/span><\/p>\n<div class=\"text\">\n<h6>F\u00e1cil instalaci\u00f3n y puesta en marcha<\/h6>\n<div><\/div>\n<\/div>\n<\/div>\n<p>[vc_column_text]<\/p>\n<p style=\"text-align: center;\">R\u00e1pida puesta en marcha y f\u00e1cil aprendizaje con el producto, lo que facilita el\u00a0 trabajar con \u00e9l.<\/p>\n<p>[\/vc_column_text][\/vc_column][vc_column width=\u00bb1\/3&#8243;]<\/p>\n<div class=\"iconed-text clearfix\"><span class=\"icon\" style=\"border-color: #88b722; background-color: ; color: ;\">&#xe65b;<\/span><\/p>\n<div class=\"text\">\n<h6>Mayor productividad<\/h6>\n<div><\/div>\n<\/div>\n<\/div>\n<p>[vc_column_text]<\/p>\n<p style=\"text-align: center;\">Funciones como c\u00f3digos QR, integraci\u00f3n de datos de la comunidad Sage 50cloud, actualizaciones autom\u00e1ticas, opci\u00f3n multipantalla y opciones de b\u00fasqueda desde la aplicaci\u00f3n.<\/p>\n<p>[\/vc_column_text][\/vc_column][\/vc_row][vc_row][vc_column][vc_empty_space][\/vc_column][\/vc_row][vc_row][vc_column width=\u00bb1\/3&#8243;]<\/p>\n<div class=\"iconed-text clearfix\"><span class=\"icon\" style=\"border-color: #88b722; background-color: ; color: ;\">&#xe61d;<\/span><\/p>\n<div class=\"text\">\n<h6>Personalizaci\u00f3n<\/h6>\n<div><\/div>\n<\/div>\n<\/div>\n<p>[vc_column_text]<\/p>\n<p style=\"text-align: center;\">Personaliza los men\u00fas de la aplicaci\u00f3n online adapt\u00e1ndolos a las opciones que tu necesites con tu perfil, configura opciones de acceso directo y consulta el historial de lo que has utilizado.<\/p>\n<p>[\/vc_column_text][\/vc_column][vc_column width=\u00bb1\/3&#8243;]<\/p>\n<div class=\"iconed-text clearfix\"><span class=\"icon\" style=\"border-color: #88b722; background-color: ; color: ;\">&#xe65c;<\/span><\/p>\n<div class=\"text\">\n<h6>Informes y gr\u00e1ficos<\/h6>\n<div><\/div>\n<\/div>\n<\/div>\n<p>[vc_column_text]<\/p>\n<p style=\"text-align: center;\">Nuevo motor de informes y gr\u00e1ficos para tu an\u00e1lisis avanzado. Permite impresi\u00f3n color, exportar informaci\u00f3n de forma f\u00e1cil y generaci\u00f3n de c\u00f3digo QR.<\/p>\n<p>[\/vc_column_text][\/vc_column][vc_column width=\u00bb1\/3&#8243;]<\/p>\n<div class=\"iconed-text clearfix\"><span class=\"icon\" style=\"border-color: #88b722; background-color: ; color: ;\">&#xe602;<\/span><\/p>\n<div class=\"text\">\n<h6>Niveles de servicio<\/h6>\n<div><\/div>\n<\/div>\n<\/div>\n<p>[vc_column_text]<\/p>\n<p style=\"text-align: center;\">Soporte multicanal, \u00e1rea de autoservicio y zona exclusivo con contenidos adicionales. Adapta el nivel de servicio a las necesidades de tu peque\u00f1a o mediana empresa.<\/p>\n<p>[\/vc_column_text][\/vc_column][\/vc_row][vc_row][vc_column][vc_empty_space height=\u00bb72px\u00bb][vc_column_text]<\/p>\n<h5 style=\"text-align: center;\"><strong>Sage 50cloud, la evoluci\u00f3n natural de Sage ContaPlus<\/strong><\/h5>\n<p>[\/vc_column_text][vc_empty_space height=\u00bb12px\u00bb][vc_column_text]<\/p>\n<p style=\"text-align: center;\">Todo el potencial de Sage Contaplus, ahora con mejoras en productividad y movilidad gracias a la integraci\u00f3n con Office 365.<\/p>\n<p>[\/vc_column_text][vc_empty_space height=\u00bb72px\u00bb][\/vc_column][\/vc_row][vc_row][vc_column width=\u00bb1\/4&#8243;]<\/p>\n<div class=\"iconed-text clearfix\"><span class=\"icon\" style=\"border-color: #88b722; background-color: ; color: ;\">&#xe65b;<\/span><\/p>\n<div class=\"text\">\n<h6>Contabilidad<\/h6>\n<div><\/div>\n<\/div>\n<\/div>\n<p>[\/vc_column][vc_column width=\u00bb1\/4&#8243;]<\/p>\n<div class=\"iconed-text clearfix\"><span class=\"icon\" style=\"border-color: #88b722; background-color: ; color: ;\">&#xe6c1;<\/span><\/p>\n<div class=\"text\">\n<h6>Ventas y compras<\/h6>\n<div><\/div>\n<\/div>\n<\/div>\n<p>[\/vc_column][vc_column width=\u00bb1\/4&#8243;]<\/p>\n<div class=\"iconed-text clearfix\"><span class=\"icon\" style=\"border-color: #88b722; background-color: ; color: ;\">&#xe60b;<\/span><\/p>\n<div class=\"text\">\n<h6>Fabricaci\u00f3n, almac\u00e9n y tesorer\u00eda<\/h6>\n<div><\/div>\n<\/div>\n<\/div>\n<p>[\/vc_column][vc_column width=\u00bb1\/4&#8243;]<\/p>\n<div class=\"iconed-text clearfix\"><span class=\"icon\" style=\"border-color: #88b722; background-color: ; color: ;\">&#xe603;<\/span><\/p>\n<div class=\"text\">\n<h6>Informes y an\u00e1lisis<\/h6>\n<div><\/div>\n<\/div>\n<\/div>\n<p>[\/vc_column][\/vc_row][vc_row][vc_column][vc_empty_space][\/vc_column][\/vc_row][vc_row][vc_column width=\u00bb1\/3&#8243;][\/vc_column][vc_column width=\u00bb1\/3&#8243;]<\/p>\n<div class=\"iconed-text clearfix\"><span class=\"icon\" style=\"border-color: #88b722; background-color: ; color: ;\">&#xe61d;<\/span><\/p>\n<div class=\"text\">\n<h6>Sage Contacts<\/h6>\n<div><\/div>\n<\/div>\n<\/div>\n<p>[\/vc_column][vc_column width=\u00bb1\/3&#8243;][\/vc_column][\/vc_row][vc_row][vc_column][vc_empty_space][\/vc_column][\/vc_row][vc_row][vc_column][vc_empty_space]<\/p>\n<div class=\"divider\"><\/div>\n<p>[vc_empty_space][\/vc_column][\/vc_row][vc_row][vc_column][vc_column_text]<\/p>\n<h4 style=\"text-align: center;\"><strong>Sage 50cloud, descubre y compra la versi\u00f3n que se adapta mejor<\/strong><\/h4>\n<p>[\/vc_column_text][vc_empty_space][vc_column_text]<\/p>\n<p style=\"text-align: center;\">Podr\u00e1s escoger la mejor versi\u00f3n que se adapta a tu negocio y descubrir las ofertas directamente desde nuestra tienda online<\/p>\n<p>[\/vc_column_text][vc_empty_space height=\u00bb16px\u00bb][vc_btn title=\u00bbDescubre las ofertas\u00bb color=\u00bbdanger\u00bb align=\u00bbcenter\u00bb link=\u00bburl:http%3A%2F%2Fwww.3llideas.com%2Fes%2Fsage50cloud-contaplus-comprar-oferta%2F|||\u00bb][vc_empty_space][\/vc_column][\/vc_row][vc_row][vc_column][vc_column_text]<\/p>\n<h4 style=\"text-align: center;\"><strong>Sage 50cloud, la evoluci\u00f3n natural de Sage ContaPlus<\/strong><\/h4>\n<p>[\/vc_column_text][vc_empty_space][\/vc_column][\/vc_row][vc_row][vc_column width=\u00bb1\/2&#8243;][vc_column_text]<\/p>\n<h5 style=\"text-align: center;\">Panel de control de la empresa<\/h5>\n<p style=\"text-align: left;\">Disp\u00f3n de toda la informaci\u00f3n clave de la empresa a la vista con el panel de control. Vista clara con gr\u00e1ficos explicativos de los par\u00e1metros de negocio.<\/p>\n<p>[\/vc_column_text][\/vc_column][vc_column width=\u00bb1\/2&#8243;]<\/p>\n<div class=\"image wrap-box no-style below\" style=\"\">\n<div class=\"wrap-box-inner\"><img decoding=\"async\" class=\"wrap-box-element\" style=\" \" src=\"http:\/\/www.3llideas.com\/wp-content\/uploads\/2018\/10\/50cpremium.jpg\" alt=\"\"\/><\/div>\n<\/div>\n<p>[\/vc_column][\/vc_row][vc_row][vc_column][vc_empty_space][\/vc_column][\/vc_row][vc_row][vc_column width=\u00bb1\/2&#8243;]<\/p>\n<div class=\"image wrap-box no-style below\" style=\"\">\n<div class=\"wrap-box-inner\"><img decoding=\"async\" class=\"wrap-box-element\" style=\" \" src=\"http:\/\/www.3llideas.com\/wp-content\/uploads\/2018\/10\/50ccontabilidad.jpg\" alt=\"\"\/><\/div>\n<\/div>\n<p>[\/vc_column][vc_column width=\u00bb1\/2&#8243;][vc_column_text]<\/p>\n<h5 style=\"text-align: center;\">Contabilidad<\/h5>\n<p style=\"text-align: left;\">Permite contabilizar los documentos de compra y de venta, as\u00ed como los cobros y los pagos. Dispone de capacidad anal\u00edtica para la gesti\u00f3n de \u00e1reas de la empresa y un bloque de contabilidad presupuestaria para hacer seguimiento a nivel de subcuentas. Incluye adem\u00e1s modelos fiscales y cuentas anuales.<\/p>\n<p>[\/vc_column_text][\/vc_column][\/vc_row][vc_row][vc_column][vc_empty_space][vc_column_text]<\/p>\n<h4 style=\"text-align: center;\"><strong>Sage 50cloud Essential<\/strong><\/h4>\n<p>[\/vc_column_text][vc_empty_space][vc_column_text]<\/p>\n<h6 style=\"text-align: center;\">Edici\u00f3n Sage ContaPlus<\/h6>\n<p>[\/vc_column_text][vc_empty_space height=\u00bb20px\u00bb][\/vc_column][\/vc_row][vc_row][vc_column width=\u00bb1\/2&#8243;]<\/p>\n<div class=\"list check\">\n<ul class=\"styled\">\n<li>Multipuesto y multiempresa<\/li>\n<li>Hasta 2 usuarios<\/li>\n<li>Gesti\u00f3n comercial y contabilidad integrada<\/li>\n<li>Factura electr\u00f3nica<\/li>\n<li>Libros contables<\/li>\n<li>Gesti\u00f3n de stock, art\u00edculos con propiedades, pagos y cobros<\/li>\n<\/ul>\n<\/div>\n<p>[\/vc_column][vc_column width=\u00bb1\/2&#8243;]<\/p>\n<div class=\"list check\">\n<ul class=\"styled\">\n<li>Integraci\u00f3n con Office 365<\/li>\n<li>Sage Contact y copias de seguridad en la nube<\/li>\n<li>Modelos de IVA incluidos<\/li>\n<li>Adaptado al nuevo Reglamento General de Protecci\u00f3n de Datos (RGPD)<\/li>\n<\/ul>\n<\/div>\n<p>[\/vc_column][\/vc_row][vc_row][vc_column][vc_empty_space][vc_column_text]<\/p>\n<h5>Aprovecha las ofertas disponibles<\/h5>\n<p>[\/vc_column_text][vc_cta h2=\u00bb\u00bb style=\u00bbflat\u00bb add_button=\u00bbtop\u00bb btn_title=\u00bbPonte al d\u00eda\u00bb btn_style=\u00bbflat\u00bb btn_shape=\u00bbsquare\u00bb btn_color=\u00bbdanger\u00bb btn_size=\u00bblg\u00bb btn_align=\u00bbcenter\u00bb btn_link=\u00bburl:https%3A%2F%2Fclk.tradedoubler.com%2Fclick%3Fp%3D288776%26a%3D3069933%26g%3D24336704|||\u00bb]Descubre las ofertas en nuestra tienda online con flexibilidad de pago y con opci\u00f3n para prueba gratu\u00edta.[\/vc_cta][vc_column_text]<\/p>\n<h5>Necesitas m\u00e1s informaci\u00f3n<\/h5>\n<p>[\/vc_column_text][vc_cta h2=\u00bb\u00bb style=\u00bbflat\u00bb add_button=\u00bbtop\u00bb btn_title=\u00bbSOLICITAR INFORMACI\u00d3N Y DEMO\u00bb btn_style=\u00bbflat\u00bb btn_shape=\u00bbsquare\u00bb btn_color=\u00bbdanger\u00bb btn_size=\u00bblg\u00bb btn_align=\u00bbcenter\u00bb btn_link=\u00bburl:https%3A%2F%2Fwww.3llideas.com%2Fes%2Fsobre-nosotros%2F|title:Sobre%20nosotros\u00bb][\/vc_cta][\/vc_column][\/vc_row]<\/p>\n<\/div>","protected":false},"excerpt":{"rendered":"<p>[vc_row css=\u00bb.vc_custom_1523171914046{margin-top: -80px !important;}\u00bb][vc_column offset=\u00bbvc_hidden-xs\u00bb][vc_empty_space height=\u00bb16px\u00bb][vc_column_text] Sage 50cloud [\/vc_column_text][vc_empty_space][vc_empty_space][vc_column_text][\/vc_column_text][vc_empty_space][vc_column_text]Dise\u00f1ada como evoluci\u00f3n\u00a0 de Sage ContaPlus, aplicaci\u00f3n con m\u00e1s de 30 a\u00f1os&#8230;<\/p>\n","protected":false},"author":1,"featured_media":0,"parent":0,"menu_order":0,"comment_status":"closed","ping_status":"closed","template":"","meta":{"footnotes":""},"class_list":["post-3717","page","type-page","status-publish","hentry"],"yoast_head":"<!-- This site is optimized with the Yoast SEO Premium plugin v18.4 (Yoast SEO v27.5) - https:\/\/yoast.com\/product\/yoast-seo-premium-wordpress\/ -->\n<title>Software de contabilidad y gesti\u00f3n sage 50cloud<\/title>\n<meta name=\"description\" content=\"Soluci\u00f3n integral de contabilidad y gesti\u00f3n comercial Sage 50cloud, el sucesor de ContaPlus, renovado y actualizado para empresas peque\u00f1as y medianas\" \/>\n<meta name=\"robots\" content=\"index, follow, max-snippet:-1, max-image-preview:large, max-video-preview:-1\" \/>\n<link rel=\"canonical\" href=\"https:\/\/www.3llideas.com\/es\/software-contabilidad-gestion-comercial-sage-50-cloud\/\" \/>\n<meta property=\"og:locale\" content=\"es_ES\" \/>\n<meta property=\"og:type\" content=\"article\" \/>\n<meta property=\"og:title\" content=\"Soluci\u00f3n integral de contabilidad y gesti\u00f3n comercial Sage 50cloud\" \/>\n<meta property=\"og:description\" content=\"Soluci\u00f3n integral de contabilidad y gesti\u00f3n comercial Sage 50cloud, el sucesor de ContaPlus, renovado y actualizado para empresas peque\u00f1as y medianas\" \/>\n<meta property=\"og:url\" content=\"https:\/\/www.3llideas.com\/es\/software-contabilidad-gestion-comercial-sage-50-cloud\/\" \/>\n<meta property=\"og:site_name\" content=\"3llideas.com\" \/>\n<meta property=\"article:modified_time\" content=\"2021-10-06T10:58:33+00:00\" \/>\n<meta name=\"twitter:card\" content=\"summary_large_image\" \/>\n<meta name=\"twitter:site\" content=\"@3llideas\" \/>\n<meta name=\"twitter:label1\" content=\"Tiempo de lectura\" \/>\n\t<meta name=\"twitter:data1\" content=\"7 minutos\" \/>\n<script type=\"application\/ld+json\" class=\"yoast-schema-graph\">{\"@context\":\"https:\\\/\\\/schema.org\",\"@graph\":[{\"@type\":\"WebPage\",\"@id\":\"https:\\\/\\\/www.3llideas.com\\\/es\\\/software-contabilidad-gestion-comercial-sage-50-cloud\\\/\",\"url\":\"https:\\\/\\\/www.3llideas.com\\\/es\\\/software-contabilidad-gestion-comercial-sage-50-cloud\\\/\",\"name\":\"Software de contabilidad y gesti\u00f3n sage 50cloud\",\"isPartOf\":{\"@id\":\"https:\\\/\\\/www.3llideas.com\\\/es\\\/#website\"},\"datePublished\":\"2018-10-02T14:37:41+00:00\",\"dateModified\":\"2021-10-06T10:58:33+00:00\",\"description\":\"Soluci\u00f3n integral de contabilidad y gesti\u00f3n comercial Sage 50cloud, el sucesor de ContaPlus, renovado y actualizado para empresas peque\u00f1as y medianas\",\"breadcrumb\":{\"@id\":\"https:\\\/\\\/www.3llideas.com\\\/es\\\/software-contabilidad-gestion-comercial-sage-50-cloud\\\/#breadcrumb\"},\"inLanguage\":\"es\",\"potentialAction\":[{\"@type\":\"ReadAction\",\"target\":[\"https:\\\/\\\/www.3llideas.com\\\/es\\\/software-contabilidad-gestion-comercial-sage-50-cloud\\\/\"]}]},{\"@type\":\"BreadcrumbList\",\"@id\":\"https:\\\/\\\/www.3llideas.com\\\/es\\\/software-contabilidad-gestion-comercial-sage-50-cloud\\\/#breadcrumb\",\"itemListElement\":[{\"@type\":\"ListItem\",\"position\":1,\"name\":\"Portada\",\"item\":\"https:\\\/\\\/www.3llideas.com\\\/es\\\/\"},{\"@type\":\"ListItem\",\"position\":2,\"name\":\"Soluci\u00f3n integral de contabilidad y gesti\u00f3n comercial Sage 50cloud\"}]},{\"@type\":\"WebSite\",\"@id\":\"https:\\\/\\\/www.3llideas.com\\\/es\\\/#website\",\"url\":\"https:\\\/\\\/www.3llideas.com\\\/es\\\/\",\"name\":\"3llideas.com\",\"description\":\"3llideas, Agencia Ecommerce, Gesti\u00f3n empresarial Microsoft, AWS, Gesti\u00f3n empresarial sage\",\"potentialAction\":[{\"@type\":\"SearchAction\",\"target\":{\"@type\":\"EntryPoint\",\"urlTemplate\":\"https:\\\/\\\/www.3llideas.com\\\/es\\\/?s={search_term_string}\"},\"query-input\":{\"@type\":\"PropertyValueSpecification\",\"valueRequired\":true,\"valueName\":\"search_term_string\"}}],\"inLanguage\":\"es\"}]}<\/script>\n<!-- \/ Yoast SEO Premium plugin. -->","yoast_head_json":{"title":"Software de contabilidad y gesti\u00f3n sage 50cloud","description":"Soluci\u00f3n integral de contabilidad y gesti\u00f3n comercial Sage 50cloud, el sucesor de ContaPlus, renovado y actualizado para empresas peque\u00f1as y medianas","robots":{"index":"index","follow":"follow","max-snippet":"max-snippet:-1","max-image-preview":"max-image-preview:large","max-video-preview":"max-video-preview:-1"},"canonical":"https:\/\/www.3llideas.com\/es\/software-contabilidad-gestion-comercial-sage-50-cloud\/","og_locale":"es_ES","og_type":"article","og_title":"Soluci\u00f3n integral de contabilidad y gesti\u00f3n comercial Sage 50cloud","og_description":"Soluci\u00f3n integral de contabilidad y gesti\u00f3n comercial Sage 50cloud, el sucesor de ContaPlus, renovado y actualizado para empresas peque\u00f1as y medianas","og_url":"https:\/\/www.3llideas.com\/es\/software-contabilidad-gestion-comercial-sage-50-cloud\/","og_site_name":"3llideas.com","article_modified_time":"2021-10-06T10:58:33+00:00","twitter_card":"summary_large_image","twitter_site":"@3llideas","twitter_misc":{"Tiempo de lectura":"7 minutos"},"schema":{"@context":"https:\/\/schema.org","@graph":[{"@type":"WebPage","@id":"https:\/\/www.3llideas.com\/es\/software-contabilidad-gestion-comercial-sage-50-cloud\/","url":"https:\/\/www.3llideas.com\/es\/software-contabilidad-gestion-comercial-sage-50-cloud\/","name":"Software de contabilidad y gesti\u00f3n sage 50cloud","isPartOf":{"@id":"https:\/\/www.3llideas.com\/es\/#website"},"datePublished":"2018-10-02T14:37:41+00:00","dateModified":"2021-10-06T10:58:33+00:00","description":"Soluci\u00f3n integral de contabilidad y gesti\u00f3n comercial Sage 50cloud, el sucesor de ContaPlus, renovado y actualizado para empresas peque\u00f1as y medianas","breadcrumb":{"@id":"https:\/\/www.3llideas.com\/es\/software-contabilidad-gestion-comercial-sage-50-cloud\/#breadcrumb"},"inLanguage":"es","potentialAction":[{"@type":"ReadAction","target":["https:\/\/www.3llideas.com\/es\/software-contabilidad-gestion-comercial-sage-50-cloud\/"]}]},{"@type":"BreadcrumbList","@id":"https:\/\/www.3llideas.com\/es\/software-contabilidad-gestion-comercial-sage-50-cloud\/#breadcrumb","itemListElement":[{"@type":"ListItem","position":1,"name":"Portada","item":"https:\/\/www.3llideas.com\/es\/"},{"@type":"ListItem","position":2,"name":"Soluci\u00f3n integral de contabilidad y gesti\u00f3n comercial Sage 50cloud"}]},{"@type":"WebSite","@id":"https:\/\/www.3llideas.com\/es\/#website","url":"https:\/\/www.3llideas.com\/es\/","name":"3llideas.com","description":"3llideas, Agencia Ecommerce, Gesti\u00f3n empresarial Microsoft, AWS, Gesti\u00f3n empresarial sage","potentialAction":[{"@type":"SearchAction","target":{"@type":"EntryPoint","urlTemplate":"https:\/\/www.3llideas.com\/es\/?s={search_term_string}"},"query-input":{"@type":"PropertyValueSpecification","valueRequired":true,"valueName":"search_term_string"}}],"inLanguage":"es"}]}},"_links":{"self":[{"href":"https:\/\/www.3llideas.com\/es\/wp-json\/wp\/v2\/pages\/3717","targetHints":{"allow":["GET"]}}],"collection":[{"href":"https:\/\/www.3llideas.com\/es\/wp-json\/wp\/v2\/pages"}],"about":[{"href":"https:\/\/www.3llideas.com\/es\/wp-json\/wp\/v2\/types\/page"}],"author":[{"embeddable":true,"href":"https:\/\/www.3llideas.com\/es\/wp-json\/wp\/v2\/users\/1"}],"replies":[{"embeddable":true,"href":"https:\/\/www.3llideas.com\/es\/wp-json\/wp\/v2\/comments?post=3717"}],"version-history":[{"count":38,"href":"https:\/\/www.3llideas.com\/es\/wp-json\/wp\/v2\/pages\/3717\/revisions"}],"predecessor-version":[{"id":8814,"href":"https:\/\/www.3llideas.com\/es\/wp-json\/wp\/v2\/pages\/3717\/revisions\/8814"}],"wp:attachment":[{"href":"https:\/\/www.3llideas.com\/es\/wp-json\/wp\/v2\/media?parent=3717"}],"curies":[{"name":"wp","href":"https:\/\/api.w.org\/{rel}","templated":true}]}}