{"id":3686,"date":"2018-09-28T14:47:48","date_gmt":"2018-09-28T14:47:48","guid":{"rendered":"http:\/\/www.3llideas.com\/?page_id=3686"},"modified":"2019-09-13T04:35:46","modified_gmt":"2019-09-13T04:35:46","slug":"politica-de-privacidad","status":"publish","type":"page","link":"https:\/\/www.3llideas.com\/es\/politica-de-privacidad\/","title":{"rendered":"Pol\u00edtica de privacidad"},"content":{"rendered":"<p>3llideas\u00a0 garantiza expresamente que los datos que el usuario nos facilita son tratados con absoluta confidencialidad y discreci\u00f3n y se compromete a su protecci\u00f3n seg\u00fan la legislaci\u00f3n vigente en la materia. Pol\u00edtica de Privacidad actualizada a 23 de mayo de 2018.<\/p>\n<h3>\u00bfQui\u00e9n es el responsable del tratamiento de tus datos?<\/h3>\n<p>El responsable del tratamiento de tus datos es Tres elles ideas 2008, S.L. Unipersonal(3llideas.com), con NIF B64272557. Nuestros datos de contacto son:<\/p>\n<ul>\n<li><strong>Nombre empresa\u00a0<\/strong>Tres elles ideas 2008, S.L.U.<\/li>\n<li><strong>NIF\u00a0<\/strong>B64972557 | Registro mercantil de Barcelona hoja n\u00ba377391, Folio 42, Tomo 40851<\/li>\n<li><strong>Direcci\u00f3n\u00a0<\/strong>c\/Agricultura 24(local). El Masnou 08320. Barcelona.<\/li>\n<li><strong>Tel\u00e9fono<\/strong> (+34) 935407318<\/li>\n<li><strong>Email\u00a0<\/strong>info@3llideas.com<\/li>\n<\/ul>\n<h3>\u00bfQu\u00e9 datos personales de sus clientes recopila 3llideas.com?<\/h3>\n<p>La informaci\u00f3n personal que recabamos de nuestros contactos y clientes que han enviado formularios de contacto o suscrito a newsletter.<\/p>\n<p>En general, utilizamos la informaci\u00f3n para contactar, promocionar e informar bajo su solicitud.<\/p>\n<p>Estos son los tipos de informaci\u00f3n que recopilamos:<\/p>\n<ul>\n<li><strong>Informaci\u00f3n t\u00fa nos facilitas:\u00a0<\/strong>Recibimos y almacenamos toda la informaci\u00f3n que t\u00fa introduces en nuestra p\u00e1gina web o que nos facilitas de cualquier otro modo, como por ejemplo el nombre, tel\u00e9fono, . Puede elegir no facilitar cierta informaci\u00f3n. La informaci\u00f3n que nos facilitas nos es \u00fatil para responder a tus peticiones y ponernos en contacto contigo.<\/li>\n<li><strong>Informaci\u00f3n autom\u00e1tica:\u00a0<\/strong>Cada vez que interact\u00faas con nosotros, recibimos y almacenamos ciertos tipos de informaci\u00f3n. Por ejemplo, al igual que hacen muchas otras p\u00e1ginas web, utilizamos cookies para recabar cierta informaci\u00f3n cuando su navegador de Internet accede a cosaderegalo.com o a publicidad u otros tipos de contenidos que te son ofrecidos por parte de o en nombre de 3llideas.com en otras p\u00e1ginas web. Como por ejemplo la direcci\u00f3n IP de Internet que utilizas para conectarse a Internet con tu ordenador, nombre de usuario, direcci\u00f3n de correo electr\u00f3nico y contrase\u00f1a de tu cuenta, informaci\u00f3n sobre tu ordenador y tu conexi\u00f3n a Internet y sobre la versi\u00f3n y tipo de tu navegador; tu configuraci\u00f3n de zona horaria, los tipos y versiones de la conexi\u00f3n de tu navegador el sistema operativo y plataforma que utiliza.Todos los datos personales que recopila 3llideas.com proceden del interesado, a excepci\u00f3n de los datos de contacto que nos pueden ser facilitados por amigos o familiares para el env\u00edo de un obsequio.<br \/>\n<h3>\u00bfCon qu\u00e9 finalidad tratamos los datos personales?<\/h3>\n<p>Los datos personales del interesado ser\u00e1n tratados con las siguientes finalidades seg\u00fan apliquen:<\/p>\n<ul>\n<li style=\"list-style-type: none;\">\n<ul>\n<li>Gestionar y enviar informaci\u00f3n sobre promociones exclusivas, \u00faltimas novedades e informaci\u00f3n a trav\u00e9s de correo electr\u00f3nicoGestionar y desarrollar el registro en la WEB. El registro supondr\u00e1 la elaboraci\u00f3n de perfiles de la navegaci\u00f3n del usuario en la WEB. Dicho perfilado consiste en el uso de los datos personales del cliente y de la informaci\u00f3n de su navegaci\u00f3n tal como los productos vistos o a\u00f1adidos a la cesta, las secciones de la WEB visitadas, la ubicaci\u00f3n para evaluar sus preferencias y\/o intereses personales con el objetivo de ofrecerle los contenidos de la WEB, las ofertas, los servicios y los productos adecuados a su perfil.<\/li>\n<\/ul>\n<\/li>\n<\/ul>\n<\/li>\n<\/ul>\n<h3>\u00a0 \u00a0 \u00a0 \u00a0 \u00a0\u00bfPor cu\u00e1nto tiempo conservaremos los datos?<\/h3>\n<p>3llideas.com conservar\u00e1 tus datos siempre que no solicites su supresi\u00f3n y\/u oposici\u00f3n.<\/p>\n<ul>\n<li style=\"list-style-type: none;\">\n<ul>\n<li style=\"list-style-type: none;\">\n<h3>\u00bfCu\u00e1les son tus derechos en relaci\u00f3n con los datos personales?<\/h3>\n<p>Te corresponden los siguientes derechos que pueden ser ejercitados a trav\u00e9s de la direcci\u00f3n de correo electr\u00f3nico info@3llideas.com<\/p>\n<ul>\n<li>Derecho de acceso: Tienes derecho a obtener confirmaci\u00f3n sobre si en 3llideas.com estamos tratando datos personales que te conciernen, o no, as\u00ed como a acceder a los datos personales que 3llideas.com disponga de ti.<\/li>\n<li>Derecho de rectificaci\u00f3n: Tienes derecho a solicitar que 3llideas.com rectifique los datos personales cuando sean inexactos o que se completen cuando sean incompletos. Si est\u00e1s registrado en nuestra WEB, puede resultar m\u00e1s sencillo que los corrijas directamente t\u00fa mediante la modificaci\u00f3n del perfil.<\/li>\n<li>Derecho de supresi\u00f3n\/derecho al olvido:Puedes solicitarnos que los datos personales sean suprimidos cuando, entre otros motivos, los datos ya no sean necesarios para los fines que fueron recogidos.<\/li>\n<li>Derecho a limitar el tratamiento de los datos: Puedes pedir que no se apliquen tus datos personales a las operaciones de tratamiento que en cada caso corresponder\u00edan.<\/li>\n<li>Derecho de portabilidad: Tienes derecho a recibir los datos personales en un formato estructurado, de uso com\u00fan y lectura mec\u00e1nica, y a transmitirlos a otro responsable cuando el tratamiento se base en el consentimiento o en un contrato, y se efect\u00fae por medios automatizados.<\/li>\n<li>Derecho de oposici\u00f3n:Puedes oponerte al tratamiento y solicitar a 3llideas.com que deje de tratar tus datos, salvo por motivos leg\u00edtimos imperiosos o el ejercicio o la defensa de posibles reclamaciones.<\/li>\n<li>Derecho a presentar una reclamaci\u00f3n:Tienes derecho a presentar una reclamaci\u00f3n ante la Agencia Espa\u00f1ola de Protecci\u00f3n de Datos.<\/li>\n<\/ul>\n<p>Para tramitar la solicitud, podremos pedirte que acredites tu identidad. con tu documento nacional de identidad, pasaporte y otro documento v\u00e1lido que te identifique.<\/p>\n<p>Podr\u00e1s revocar en cualquier momento el consentimiento prestado para el env\u00edo de comunicaciones comerciales electr\u00f3nicas, enviando un e-mail a la direcci\u00f3n de correo electr\u00f3nico: info@3llideas.com<\/p>\n<p>Si tienes alguna duda acerca del ejercicio de tus derechos, puedes dirigirte a la Agencia Espa\u00f1ola de Protecci\u00f3n de Datos para realizar cualquier consulta acerca de los mismos. Asimismo, puedes presentar una reclamaci\u00f3n ante la Agencia Espa\u00f1ola de Protecci\u00f3n de Datos, especialmente cuando no hayas obtenido satisfacci\u00f3n en el ejercicio de tus derechos.<\/p>\n<p>Cookies: Para la utilizaci\u00f3n de nuestro sitio web es necesario la utilizaci\u00f3n de cookies. Las cookies se utilizan con la finalidad de almacenar los datos de la cesta de la compra y mejorar la usabilidad en la navegaci\u00f3n, si lo deseas, puedes configurar tu navegador para ser avisado en pantalla de la recepci\u00f3n de cookies y para impedir la instalaci\u00f3n de cookies en el disco duro. Por favor, consulta las instrucciones y manuales en el navegador para ampliar su informaci\u00f3n.<\/p>\n<h3>\u00bfEst\u00e1 a salvo mi informaci\u00f3n personal?<\/h3>\n<ul>\n<li>Contamos con sistemas de seguridad f\u00edsicos, electr\u00f3nicos y procedimentales en relaci\u00f3n con la recogida, almacenamiento y divulgaci\u00f3n de informaci\u00f3n personal del cliente. Nuestros procedimientos de seguridad implican que en ocasiones podamos solicitarle pruebas de identidad antes de facilitarle informaci\u00f3n confidencial.<\/li>\n<li>Es importante que protejas contra el acceso no autorizado de terceros a tu contrase\u00f1a y a tu ordenador. Comprueba que cierras tu sesi\u00f3n al acabar siempre que est\u00e9s utilizando un ordenador compartido.<\/li>\n<\/ul>\n<\/li>\n<\/ul>\n<\/li>\n<\/ul>\n","protected":false},"excerpt":{"rendered":"<p>3llideas\u00a0 garantiza expresamente que los datos que el usuario nos facilita son tratados con absoluta confidencialidad y discreci\u00f3n y se&#8230;<\/p>\n","protected":false},"author":1,"featured_media":0,"parent":0,"menu_order":0,"comment_status":"closed","ping_status":"closed","template":"","meta":{"footnotes":""},"class_list":["post-3686","page","type-page","status-publish","hentry"],"yoast_head":"<!-- This site is optimized with the Yoast SEO Premium plugin v18.4 (Yoast SEO v27.4) - https:\/\/yoast.com\/product\/yoast-seo-premium-wordpress\/ -->\n<title>Pol\u00edtica de privacidad -<\/title>\n<meta name=\"robots\" content=\"index, follow, max-snippet:-1, max-image-preview:large, max-video-preview:-1\" \/>\n<link rel=\"canonical\" href=\"https:\/\/www.3llideas.com\/es\/politica-de-privacidad\/\" \/>\n<meta property=\"og:locale\" content=\"es_ES\" \/>\n<meta property=\"og:type\" content=\"article\" \/>\n<meta property=\"og:title\" content=\"Pol\u00edtica de privacidad\" \/>\n<meta property=\"og:description\" content=\"3llideas\u00a0 garantiza expresamente que los datos que el usuario nos facilita son tratados con absoluta confidencialidad y discreci\u00f3n y se...\" \/>\n<meta property=\"og:url\" content=\"https:\/\/www.3llideas.com\/es\/politica-de-privacidad\/\" \/>\n<meta property=\"og:site_name\" content=\"3llideas.com\" \/>\n<meta property=\"article:modified_time\" content=\"2019-09-13T04:35:46+00:00\" \/>\n<meta name=\"twitter:card\" content=\"summary_large_image\" \/>\n<meta name=\"twitter:site\" content=\"@3llideas\" \/>\n<meta name=\"twitter:label1\" content=\"Tiempo de lectura\" \/>\n\t<meta name=\"twitter:data1\" content=\"6 minutos\" \/>\n<script type=\"application\/ld+json\" class=\"yoast-schema-graph\">{\"@context\":\"https:\\\/\\\/schema.org\",\"@graph\":[{\"@type\":\"WebPage\",\"@id\":\"https:\\\/\\\/www.3llideas.com\\\/es\\\/politica-de-privacidad\\\/\",\"url\":\"https:\\\/\\\/www.3llideas.com\\\/es\\\/politica-de-privacidad\\\/\",\"name\":\"Pol\u00edtica de privacidad -\",\"isPartOf\":{\"@id\":\"https:\\\/\\\/www.3llideas.com\\\/es\\\/#website\"},\"datePublished\":\"2018-09-28T14:47:48+00:00\",\"dateModified\":\"2019-09-13T04:35:46+00:00\",\"breadcrumb\":{\"@id\":\"https:\\\/\\\/www.3llideas.com\\\/es\\\/politica-de-privacidad\\\/#breadcrumb\"},\"inLanguage\":\"es\",\"potentialAction\":[{\"@type\":\"ReadAction\",\"target\":[\"https:\\\/\\\/www.3llideas.com\\\/es\\\/politica-de-privacidad\\\/\"]}]},{\"@type\":\"BreadcrumbList\",\"@id\":\"https:\\\/\\\/www.3llideas.com\\\/es\\\/politica-de-privacidad\\\/#breadcrumb\",\"itemListElement\":[{\"@type\":\"ListItem\",\"position\":1,\"name\":\"Portada\",\"item\":\"https:\\\/\\\/www.3llideas.com\\\/es\\\/\"},{\"@type\":\"ListItem\",\"position\":2,\"name\":\"Pol\u00edtica de privacidad\"}]},{\"@type\":\"WebSite\",\"@id\":\"https:\\\/\\\/www.3llideas.com\\\/es\\\/#website\",\"url\":\"https:\\\/\\\/www.3llideas.com\\\/es\\\/\",\"name\":\"3llideas.com\",\"description\":\"3llideas, Agencia Ecommerce, Gesti\u00f3n empresarial Microsoft, AWS, Gesti\u00f3n empresarial sage\",\"potentialAction\":[{\"@type\":\"SearchAction\",\"target\":{\"@type\":\"EntryPoint\",\"urlTemplate\":\"https:\\\/\\\/www.3llideas.com\\\/es\\\/?s={search_term_string}\"},\"query-input\":{\"@type\":\"PropertyValueSpecification\",\"valueRequired\":true,\"valueName\":\"search_term_string\"}}],\"inLanguage\":\"es\"}]}<\/script>\n<!-- \/ Yoast SEO Premium plugin. -->","yoast_head_json":{"title":"Pol\u00edtica de privacidad -","robots":{"index":"index","follow":"follow","max-snippet":"max-snippet:-1","max-image-preview":"max-image-preview:large","max-video-preview":"max-video-preview:-1"},"canonical":"https:\/\/www.3llideas.com\/es\/politica-de-privacidad\/","og_locale":"es_ES","og_type":"article","og_title":"Pol\u00edtica de privacidad","og_description":"3llideas\u00a0 garantiza expresamente que los datos que el usuario nos facilita son tratados con absoluta confidencialidad y discreci\u00f3n y se...","og_url":"https:\/\/www.3llideas.com\/es\/politica-de-privacidad\/","og_site_name":"3llideas.com","article_modified_time":"2019-09-13T04:35:46+00:00","twitter_card":"summary_large_image","twitter_site":"@3llideas","twitter_misc":{"Tiempo de lectura":"6 minutos"},"schema":{"@context":"https:\/\/schema.org","@graph":[{"@type":"WebPage","@id":"https:\/\/www.3llideas.com\/es\/politica-de-privacidad\/","url":"https:\/\/www.3llideas.com\/es\/politica-de-privacidad\/","name":"Pol\u00edtica de privacidad -","isPartOf":{"@id":"https:\/\/www.3llideas.com\/es\/#website"},"datePublished":"2018-09-28T14:47:48+00:00","dateModified":"2019-09-13T04:35:46+00:00","breadcrumb":{"@id":"https:\/\/www.3llideas.com\/es\/politica-de-privacidad\/#breadcrumb"},"inLanguage":"es","potentialAction":[{"@type":"ReadAction","target":["https:\/\/www.3llideas.com\/es\/politica-de-privacidad\/"]}]},{"@type":"BreadcrumbList","@id":"https:\/\/www.3llideas.com\/es\/politica-de-privacidad\/#breadcrumb","itemListElement":[{"@type":"ListItem","position":1,"name":"Portada","item":"https:\/\/www.3llideas.com\/es\/"},{"@type":"ListItem","position":2,"name":"Pol\u00edtica de privacidad"}]},{"@type":"WebSite","@id":"https:\/\/www.3llideas.com\/es\/#website","url":"https:\/\/www.3llideas.com\/es\/","name":"3llideas.com","description":"3llideas, Agencia Ecommerce, Gesti\u00f3n empresarial Microsoft, AWS, Gesti\u00f3n empresarial sage","potentialAction":[{"@type":"SearchAction","target":{"@type":"EntryPoint","urlTemplate":"https:\/\/www.3llideas.com\/es\/?s={search_term_string}"},"query-input":{"@type":"PropertyValueSpecification","valueRequired":true,"valueName":"search_term_string"}}],"inLanguage":"es"}]}},"_links":{"self":[{"href":"https:\/\/www.3llideas.com\/es\/wp-json\/wp\/v2\/pages\/3686","targetHints":{"allow":["GET"]}}],"collection":[{"href":"https:\/\/www.3llideas.com\/es\/wp-json\/wp\/v2\/pages"}],"about":[{"href":"https:\/\/www.3llideas.com\/es\/wp-json\/wp\/v2\/types\/page"}],"author":[{"embeddable":true,"href":"https:\/\/www.3llideas.com\/es\/wp-json\/wp\/v2\/users\/1"}],"replies":[{"embeddable":true,"href":"https:\/\/www.3llideas.com\/es\/wp-json\/wp\/v2\/comments?post=3686"}],"version-history":[{"count":8,"href":"https:\/\/www.3llideas.com\/es\/wp-json\/wp\/v2\/pages\/3686\/revisions"}],"predecessor-version":[{"id":5270,"href":"https:\/\/www.3llideas.com\/es\/wp-json\/wp\/v2\/pages\/3686\/revisions\/5270"}],"wp:attachment":[{"href":"https:\/\/www.3llideas.com\/es\/wp-json\/wp\/v2\/media?parent=3686"}],"curies":[{"name":"wp","href":"https:\/\/api.w.org\/{rel}","templated":true}]}}