{"id":3644,"date":"2018-09-28T06:36:03","date_gmt":"2018-09-28T06:36:03","guid":{"rendered":"http:\/\/www.3llideas.com\/?page_id=3644"},"modified":"2018-09-28T07:29:30","modified_gmt":"2018-09-28T07:29:30","slug":"tiendas-online-software-estandar-prestashop-woocommerce","status":"publish","type":"page","link":"https:\/\/www.3llideas.com\/es\/servicios\/tiendas-online-software-estandar-prestashop-woocommerce\/","title":{"rendered":"Tiendas online con Software est\u00e1ndar"},"content":{"rendered":"<div class=\"wpb-content-wrapper\"><p>[vc_row css=\u00bb.vc_custom_1521008741792{margin-top: -80px !important;}\u00bb][vc_column][vc_column_text]<\/p>\n<h2 style=\"text-align: center;\">SOFTWARE EST\u00c1NDAR\u00a0 PARA TIENDAS ONLINE<\/h2>\n<p>[\/vc_column_text][vc_empty_space][\/vc_column][\/vc_row][vc_row][vc_column][vc_column_text css_animation=\u00bbleft-to-right\u00bb]En <strong>3llideas<\/strong> somos especialistas en el desarrollo, administraci\u00f3n y gesti\u00f3n de tiendas online. Utilizamos software de \u00faltima tecnolog\u00eda y probada calidad, disponiendo de amplia experiencia con diversos clientes que tienen diferentes problem\u00e1ticas.<\/p>\n<p>Todos estos clientes tienen en com\u00fan que han desarrollado su negocio primando el poder adaptar su Ecommerce al negocio en aquellos aspectos clave, realizando una inversi\u00f3n controlada y que cuadraba en su negocio.[\/vc_column_text][\/vc_column][\/vc_row][vc_row][vc_column][vc_empty_space][\/vc_column][\/vc_row][vc_row][vc_column][vc_column_text css_animation=\u00bbleft-to-right\u00bb]<\/p>\n<h5 style=\"text-align: center;\"><strong>Software Est\u00e1ndar<\/strong><\/h5>\n<p>[\/vc_column_text][vc_empty_space][vc_column_text css_animation=\u00bbleft-to-right\u00bb]Podemos apoyar el proyecto del Ecommerce instalando un software Est\u00e1ndar existente en el mercado. Este software tiene las siguiente ventajas:<\/p>\n<ul>\n<li>Es software que se instala de forma directa o que se contratan como servicio<\/li>\n<li>Da la funcionalidad de una tienda online<\/li>\n<li>Disponen de opciones de m\u00f3dulos y temas para personalizarlos<\/li>\n<li>Vienen con unas funcionalidades preestablecidas<\/li>\n<\/ul>\n<p>Este tipo de soluci\u00f3n es ideal para aquellos Ecommerce que les encaja la soluci\u00f3n y que su negocio se resolver\u00e1 bien sobre una soluci\u00f3n est\u00e1ndar.[\/vc_column_text][\/vc_column][\/vc_row][vc_row][vc_column][vc_empty_space][vc_column_text css_animation=\u00bbleft-to-right\u00bb]<\/p>\n<h5 style=\"text-align: center;\"><strong>Software de tiendas online\u00a0<\/strong><\/h5>\n<p>[\/vc_column_text][vc_empty_space][\/vc_column][\/vc_row][vc_row][vc_column width=\u00bb1\/3&#8243;][vc_column_text]<\/p>\n<p style=\"text-align: center;\"><strong>Shopify<\/strong><\/p>\n<p>[\/vc_column_text]<\/p>\n<div class=\"image wrap-box no-style left\" style=\"width:auto; max-width: 150px;\">\n<div class=\"wrap-box-inner\"><img decoding=\"async\" class=\"wrap-box-element\" style=\"width: 150px; \" src=\"http:\/\/www.3llideas.com\/wp-content\/uploads\/2018\/09\/shopify.png\" alt=\"\"\/><\/div>\n<\/div>\n<p>[vc_column_text]<strong>Shopify<\/strong> es una plataforma SaSS que permite crear tiendas. Podemos apoyar en el proceso de configuraci\u00f3n y apoyo.[\/vc_column_text][\/vc_column][vc_column width=\u00bb1\/3&#8243;][vc_column_text]<\/p>\n<p style=\"text-align: center;\"><strong>Prestashop<\/strong><\/p>\n<p>[\/vc_column_text]<\/p>\n<div class=\"image wrap-box no-style left\" style=\"width:auto; max-width: 150px;\">\n<div class=\"wrap-box-inner\"><img decoding=\"async\" class=\"wrap-box-element\" style=\"width: 150px; \" src=\"http:\/\/www.3llideas.com\/wp-content\/uploads\/2018\/09\/logoprestashop.png\" alt=\"\"\/><\/div>\n<\/div>\n<p>[vc_column_text]<strong>Prestashop<\/strong> es un software de tiendas online que se instala en un hosting, dispone de una serie de m\u00f3dulos y temas para configurarlo. Te apoyamos en la instalaci\u00f3n y configuraci\u00f3n del proyecto.[\/vc_column_text][\/vc_column][vc_column width=\u00bb1\/3&#8243;][vc_column_text]<\/p>\n<p style=\"text-align: center;\"><strong>WooCommerce<\/strong><\/p>\n<p>[\/vc_column_text]<\/p>\n<div class=\"image wrap-box no-style left\" style=\"width:auto; max-width: 150px;\">\n<div class=\"wrap-box-inner\"><img decoding=\"async\" class=\"wrap-box-element\" style=\"width: 150px; \" src=\"http:\/\/www.3llideas.com\/wp-content\/uploads\/2018\/09\/woocommerce.png\" alt=\"\"\/><\/div>\n<\/div>\n<p>[vc_column_text]<strong>WooCommerce<\/strong> es un plugin que convierte el software WordPress en una tienda online. Te podemos acompa\u00f1ar instalando el software y ayud\u00e1ndote a configurarlo.[\/vc_column_text][vc_column_text]<br \/>\n[\/vc_column_text][\/vc_column][\/vc_row][vc_row][vc_column][vc_empty_space][vc_column_text css_animation=\u00bbleft-to-right\u00bb]<\/p>\n<h5 style=\"text-align: center;\"><strong>SABEMOS COMO HACERLO<\/strong><\/h5>\n<p>[\/vc_column_text][\/vc_column][\/vc_row][vc_row][vc_column][vc_empty_space][\/vc_column][\/vc_row][vc_row][vc_column css=\u00bb.vc_custom_1446567054043{padding-left: 100px !important;}\u00bb]<\/p>\n<div>\n<h6 class=\"iconed-title\" ><span class=\"icon active\">&#xe633;<\/span>Tenemos la experiencia y el equipo para acompa\u00f1arte en la implantaci\u00f3n<\/h6>\n<\/div>\n<p>[vc_empty_space height=\u00bb20px\u00bb]<\/p>\n<div>\n<h6 class=\"iconed-title\" ><span class=\"icon active\">&#xe637;<\/span>Te asesoraremos en los m\u00f3dulos y elementos que necesitas<\/h6>\n<\/div>\n<p>[vc_empty_space height=\u00bb20px\u00bb]<\/p>\n<div>\n<h6 class=\"iconed-title\" ><span class=\"icon active\">&#xe604;<\/span>Te dejaremos la tienda online instalada y preparada para tu gesti\u00f3n<\/h6>\n<\/div>\n<p>[vc_empty_space height=\u00bb20px\u00bb]<\/p>\n<div>\n<h6 class=\"iconed-title\" ><span class=\"icon active\">&#xe6c1;<\/span>Multitud de clientes han confiado en nosotros para sus proyectos de tienda online<\/h6>\n<\/div>\n<p>[vc_empty_space height=\u00bb20px\u00bb][\/vc_column][\/vc_row][vc_row][vc_column][vc_empty_space][\/vc_column][\/vc_row][vc_row][vc_column][vc_cta h2=\u00bb\u00bb h4=\u00bbSoluciones para tu tienda online\u00bb add_button=\u00bbbottom\u00bb btn_title=\u00bbSolicitar informaci\u00f3n\u00bb btn_style=\u00bbclassic\u00bb btn_color=\u00bbdanger\u00bb btn_align=\u00bbcenter\u00bb btn_i_icon_fontawesome=\u00bbfa fa-check\u00bb btn_add_icon=\u00bbtrue\u00bb btn_link=\u00bburl:%2Ftu-proyecto%2F||\u00bb]<\/p>\n<p style=\"text-align: left;\"><span style=\"font-weight: 400;\">Te encaja un software Est\u00e1ndar y necesitas apoyo en tu proyecto. Contacta con nosotros para que estudiemos tu necesidades.<\/span><\/p>\n<p>[\/vc_cta][\/vc_column][\/vc_row]<\/p>\n<\/div>","protected":false},"excerpt":{"rendered":"<p>[vc_row css=\u00bb.vc_custom_1521008741792{margin-top: -80px !important;}\u00bb][vc_column][vc_column_text] SOFTWARE EST\u00c1NDAR\u00a0 PARA TIENDAS ONLINE [\/vc_column_text][vc_empty_space][\/vc_column][\/vc_row][vc_row][vc_column][vc_column_text css_animation=\u00bbleft-to-right\u00bb]En 3llideas somos especialistas en el desarrollo, administraci\u00f3n y gesti\u00f3n&#8230;<\/p>\n","protected":false},"author":1,"featured_media":1459,"parent":827,"menu_order":2,"comment_status":"closed","ping_status":"closed","template":"","meta":{"footnotes":""},"class_list":["post-3644","page","type-page","status-publish","has-post-thumbnail","hentry"],"yoast_head":"<!-- This site is optimized with the Yoast SEO Premium plugin v18.4 (Yoast SEO v27.5) - https:\/\/yoast.com\/product\/yoast-seo-premium-wordpress\/ -->\n<title>Agencia ecommerce proyecto con software est\u00e1ndar tiendas online<\/title>\n<meta name=\"description\" content=\"Somos expertos en la creaci\u00f3n de tiendas online y te acompa\u00f1amos en la elecci\u00f3n de tu software preferido: prestashop, woocommerce, ...\" \/>\n<meta name=\"robots\" content=\"index, follow, max-snippet:-1, max-image-preview:large, max-video-preview:-1\" \/>\n<link rel=\"canonical\" href=\"https:\/\/www.3llideas.com\/es\/servicios\/tiendas-online-software-estandar-prestashop-woocommerce\/\" \/>\n<meta property=\"og:locale\" content=\"es_ES\" \/>\n<meta property=\"og:type\" content=\"article\" \/>\n<meta property=\"og:title\" content=\"Tiendas online con Software est\u00e1ndar\" \/>\n<meta property=\"og:description\" content=\"Somos expertos en la creaci\u00f3n de tiendas online y te acompa\u00f1amos en la elecci\u00f3n de tu software preferido: prestashop, woocommerce, ...\" \/>\n<meta property=\"og:url\" content=\"https:\/\/www.3llideas.com\/es\/servicios\/tiendas-online-software-estandar-prestashop-woocommerce\/\" \/>\n<meta property=\"og:site_name\" content=\"3llideas.com\" \/>\n<meta property=\"article:modified_time\" content=\"2018-09-28T07:29:30+00:00\" \/>\n<meta property=\"og:image\" content=\"https:\/\/www.3llideas.com\/wp-content\/uploads\/2015\/11\/cart.jpg\" \/>\n\t<meta property=\"og:image:width\" content=\"387\" \/>\n\t<meta property=\"og:image:height\" content=\"257\" \/>\n\t<meta property=\"og:image:type\" content=\"image\/jpeg\" \/>\n<meta name=\"twitter:card\" content=\"summary_large_image\" \/>\n<meta name=\"twitter:site\" content=\"@3llideas\" \/>\n<meta name=\"twitter:label1\" content=\"Tiempo de lectura\" \/>\n\t<meta name=\"twitter:data1\" content=\"3 minutos\" \/>\n<script type=\"application\/ld+json\" class=\"yoast-schema-graph\">{\"@context\":\"https:\\\/\\\/schema.org\",\"@graph\":[{\"@type\":\"WebPage\",\"@id\":\"https:\\\/\\\/www.3llideas.com\\\/es\\\/servicios\\\/tiendas-online-software-estandar-prestashop-woocommerce\\\/\",\"url\":\"https:\\\/\\\/www.3llideas.com\\\/es\\\/servicios\\\/tiendas-online-software-estandar-prestashop-woocommerce\\\/\",\"name\":\"Agencia ecommerce proyecto con software est\u00e1ndar tiendas online\",\"isPartOf\":{\"@id\":\"https:\\\/\\\/www.3llideas.com\\\/es\\\/#website\"},\"primaryImageOfPage\":{\"@id\":\"https:\\\/\\\/www.3llideas.com\\\/es\\\/servicios\\\/tiendas-online-software-estandar-prestashop-woocommerce\\\/#primaryimage\"},\"image\":{\"@id\":\"https:\\\/\\\/www.3llideas.com\\\/es\\\/servicios\\\/tiendas-online-software-estandar-prestashop-woocommerce\\\/#primaryimage\"},\"thumbnailUrl\":\"https:\\\/\\\/www.3llideas.com\\\/wp-content\\\/uploads\\\/2015\\\/11\\\/cart.jpg\",\"datePublished\":\"2018-09-28T06:36:03+00:00\",\"dateModified\":\"2018-09-28T07:29:30+00:00\",\"description\":\"Somos expertos en la creaci\u00f3n de tiendas online y te acompa\u00f1amos en la elecci\u00f3n de tu software preferido: prestashop, woocommerce, ...\",\"breadcrumb\":{\"@id\":\"https:\\\/\\\/www.3llideas.com\\\/es\\\/servicios\\\/tiendas-online-software-estandar-prestashop-woocommerce\\\/#breadcrumb\"},\"inLanguage\":\"es\",\"potentialAction\":[{\"@type\":\"ReadAction\",\"target\":[\"https:\\\/\\\/www.3llideas.com\\\/es\\\/servicios\\\/tiendas-online-software-estandar-prestashop-woocommerce\\\/\"]}]},{\"@type\":\"ImageObject\",\"inLanguage\":\"es\",\"@id\":\"https:\\\/\\\/www.3llideas.com\\\/es\\\/servicios\\\/tiendas-online-software-estandar-prestashop-woocommerce\\\/#primaryimage\",\"url\":\"https:\\\/\\\/www.3llideas.com\\\/wp-content\\\/uploads\\\/2015\\\/11\\\/cart.jpg\",\"contentUrl\":\"https:\\\/\\\/www.3llideas.com\\\/wp-content\\\/uploads\\\/2015\\\/11\\\/cart.jpg\",\"width\":387,\"height\":257},{\"@type\":\"BreadcrumbList\",\"@id\":\"https:\\\/\\\/www.3llideas.com\\\/es\\\/servicios\\\/tiendas-online-software-estandar-prestashop-woocommerce\\\/#breadcrumb\",\"itemListElement\":[{\"@type\":\"ListItem\",\"position\":1,\"name\":\"Portada\",\"item\":\"https:\\\/\\\/www.3llideas.com\\\/es\\\/\"},{\"@type\":\"ListItem\",\"position\":2,\"name\":\"Servicios\",\"item\":\"https:\\\/\\\/www.3llideas.com\\\/es\\\/servicios\\\/\"},{\"@type\":\"ListItem\",\"position\":3,\"name\":\"Tiendas online con Software est\u00e1ndar\"}]},{\"@type\":\"WebSite\",\"@id\":\"https:\\\/\\\/www.3llideas.com\\\/es\\\/#website\",\"url\":\"https:\\\/\\\/www.3llideas.com\\\/es\\\/\",\"name\":\"3llideas.com\",\"description\":\"3llideas, Agencia Ecommerce, Gesti\u00f3n empresarial Microsoft, AWS, Gesti\u00f3n empresarial sage\",\"potentialAction\":[{\"@type\":\"SearchAction\",\"target\":{\"@type\":\"EntryPoint\",\"urlTemplate\":\"https:\\\/\\\/www.3llideas.com\\\/es\\\/?s={search_term_string}\"},\"query-input\":{\"@type\":\"PropertyValueSpecification\",\"valueRequired\":true,\"valueName\":\"search_term_string\"}}],\"inLanguage\":\"es\"}]}<\/script>\n<!-- \/ Yoast SEO Premium plugin. -->","yoast_head_json":{"title":"Agencia ecommerce proyecto con software est\u00e1ndar tiendas online","description":"Somos expertos en la creaci\u00f3n de tiendas online y te acompa\u00f1amos en la elecci\u00f3n de tu software preferido: prestashop, woocommerce, ...","robots":{"index":"index","follow":"follow","max-snippet":"max-snippet:-1","max-image-preview":"max-image-preview:large","max-video-preview":"max-video-preview:-1"},"canonical":"https:\/\/www.3llideas.com\/es\/servicios\/tiendas-online-software-estandar-prestashop-woocommerce\/","og_locale":"es_ES","og_type":"article","og_title":"Tiendas online con Software est\u00e1ndar","og_description":"Somos expertos en la creaci\u00f3n de tiendas online y te acompa\u00f1amos en la elecci\u00f3n de tu software preferido: prestashop, woocommerce, ...","og_url":"https:\/\/www.3llideas.com\/es\/servicios\/tiendas-online-software-estandar-prestashop-woocommerce\/","og_site_name":"3llideas.com","article_modified_time":"2018-09-28T07:29:30+00:00","og_image":[{"width":387,"height":257,"url":"https:\/\/www.3llideas.com\/wp-content\/uploads\/2015\/11\/cart.jpg","type":"image\/jpeg"}],"twitter_card":"summary_large_image","twitter_site":"@3llideas","twitter_misc":{"Tiempo de lectura":"3 minutos"},"schema":{"@context":"https:\/\/schema.org","@graph":[{"@type":"WebPage","@id":"https:\/\/www.3llideas.com\/es\/servicios\/tiendas-online-software-estandar-prestashop-woocommerce\/","url":"https:\/\/www.3llideas.com\/es\/servicios\/tiendas-online-software-estandar-prestashop-woocommerce\/","name":"Agencia ecommerce proyecto con software est\u00e1ndar tiendas online","isPartOf":{"@id":"https:\/\/www.3llideas.com\/es\/#website"},"primaryImageOfPage":{"@id":"https:\/\/www.3llideas.com\/es\/servicios\/tiendas-online-software-estandar-prestashop-woocommerce\/#primaryimage"},"image":{"@id":"https:\/\/www.3llideas.com\/es\/servicios\/tiendas-online-software-estandar-prestashop-woocommerce\/#primaryimage"},"thumbnailUrl":"https:\/\/www.3llideas.com\/wp-content\/uploads\/2015\/11\/cart.jpg","datePublished":"2018-09-28T06:36:03+00:00","dateModified":"2018-09-28T07:29:30+00:00","description":"Somos expertos en la creaci\u00f3n de tiendas online y te acompa\u00f1amos en la elecci\u00f3n de tu software preferido: prestashop, woocommerce, ...","breadcrumb":{"@id":"https:\/\/www.3llideas.com\/es\/servicios\/tiendas-online-software-estandar-prestashop-woocommerce\/#breadcrumb"},"inLanguage":"es","potentialAction":[{"@type":"ReadAction","target":["https:\/\/www.3llideas.com\/es\/servicios\/tiendas-online-software-estandar-prestashop-woocommerce\/"]}]},{"@type":"ImageObject","inLanguage":"es","@id":"https:\/\/www.3llideas.com\/es\/servicios\/tiendas-online-software-estandar-prestashop-woocommerce\/#primaryimage","url":"https:\/\/www.3llideas.com\/wp-content\/uploads\/2015\/11\/cart.jpg","contentUrl":"https:\/\/www.3llideas.com\/wp-content\/uploads\/2015\/11\/cart.jpg","width":387,"height":257},{"@type":"BreadcrumbList","@id":"https:\/\/www.3llideas.com\/es\/servicios\/tiendas-online-software-estandar-prestashop-woocommerce\/#breadcrumb","itemListElement":[{"@type":"ListItem","position":1,"name":"Portada","item":"https:\/\/www.3llideas.com\/es\/"},{"@type":"ListItem","position":2,"name":"Servicios","item":"https:\/\/www.3llideas.com\/es\/servicios\/"},{"@type":"ListItem","position":3,"name":"Tiendas online con Software est\u00e1ndar"}]},{"@type":"WebSite","@id":"https:\/\/www.3llideas.com\/es\/#website","url":"https:\/\/www.3llideas.com\/es\/","name":"3llideas.com","description":"3llideas, Agencia Ecommerce, Gesti\u00f3n empresarial Microsoft, AWS, Gesti\u00f3n empresarial sage","potentialAction":[{"@type":"SearchAction","target":{"@type":"EntryPoint","urlTemplate":"https:\/\/www.3llideas.com\/es\/?s={search_term_string}"},"query-input":{"@type":"PropertyValueSpecification","valueRequired":true,"valueName":"search_term_string"}}],"inLanguage":"es"}]}},"_links":{"self":[{"href":"https:\/\/www.3llideas.com\/es\/wp-json\/wp\/v2\/pages\/3644","targetHints":{"allow":["GET"]}}],"collection":[{"href":"https:\/\/www.3llideas.com\/es\/wp-json\/wp\/v2\/pages"}],"about":[{"href":"https:\/\/www.3llideas.com\/es\/wp-json\/wp\/v2\/types\/page"}],"author":[{"embeddable":true,"href":"https:\/\/www.3llideas.com\/es\/wp-json\/wp\/v2\/users\/1"}],"replies":[{"embeddable":true,"href":"https:\/\/www.3llideas.com\/es\/wp-json\/wp\/v2\/comments?post=3644"}],"version-history":[{"count":5,"href":"https:\/\/www.3llideas.com\/es\/wp-json\/wp\/v2\/pages\/3644\/revisions"}],"predecessor-version":[{"id":3662,"href":"https:\/\/www.3llideas.com\/es\/wp-json\/wp\/v2\/pages\/3644\/revisions\/3662"}],"up":[{"embeddable":true,"href":"https:\/\/www.3llideas.com\/es\/wp-json\/wp\/v2\/pages\/827"}],"wp:featuredmedia":[{"embeddable":true,"href":"https:\/\/www.3llideas.com\/es\/wp-json\/wp\/v2\/media\/1459"}],"wp:attachment":[{"href":"https:\/\/www.3llideas.com\/es\/wp-json\/wp\/v2\/media?parent=3644"}],"curies":[{"name":"wp","href":"https:\/\/api.w.org\/{rel}","templated":true}]}}