{"id":30,"date":"2015-09-25T10:42:57","date_gmt":"2015-09-25T10:42:57","guid":{"rendered":"http:\/\/www.3llideas.com\/?page_id=30"},"modified":"2023-07-20T11:35:44","modified_gmt":"2023-07-20T09:35:44","slug":"sobre-nosotros","status":"publish","type":"page","link":"https:\/\/www.3llideas.com\/es\/sobre-nosotros\/","title":{"rendered":"Sobre nosotros"},"content":{"rendered":"<div class=\"wpb-content-wrapper\"><p>[vc_row][vc_column width=\u00bb2\/3&#8243;][vc_column_text]<\/p>\n<h3>D\u00f3nde estamos<\/h3>\n<div style=\"text-align:center;\">\n<div class=\"map wrap-box no-style middle\">\n<div class=\"wrap-box-inner\" style=\"width:100%; height:300px\"><iframe class=\"wrap-box-element\" frameborder=\"0\" scrolling=\"no\" marginheight=\"0\" marginwidth=\"0\" src=\"https:\/\/maps.google.com\/maps?q=41.48304,2.33232&amp;ll=41.48304,2.33232&amp;z=12&amp;output=embed\"><\/iframe><\/div>\n<\/div>\n<\/div>\n<p>[\/vc_column_text][\/vc_column][vc_column width=\u00bb1\/3&#8243;]<\/p>\n<div class=\"text_box\" style=\"border: none; background-color:#ffffff;\">\n<div class=\"text clearfix\" style=\"\">[vc_column_text]<\/p>\n<h3>Contacto<\/h3>\n<p><strong>Oficinas<\/strong>:<br \/>\nAvenida Maresme 19<br \/>\n( Edificio Voramar 16-18 bajos)<br \/>\n08320 El Masnou (Barcelona)<\/p>\n<p><strong>Almac\u00e9n<\/strong>:<br \/>\nCalle Agricultura 24 (local)<br \/>\n( Edificio Voramar 16-18 bajos<br \/>\n08320 El Masnou (Barcelona)<\/p>\n<p>93 540 73 18<br \/>\ninfo@3llideas.com[\/vc_column_text]<\/p><\/div>\n<\/div>\n<p>[\/vc_column][\/vc_row][vc_row][vc_column][vc_empty_space][vc_cta h2=\u00bb\u00bb h4=\u00bbSolicita informaci\u00f3n\u00bb add_button=\u00bbbottom\u00bb btn_title=\u00bbD\u00e9janos tus datos\u00bb btn_style=\u00bbclassic\u00bb btn_color=\u00bbprimary\u00bb btn_align=\u00bbcenter\u00bb btn_link=\u00bburl:https%3A%2F%2Fwww.3llideas.com%2Fes%2Fsaber-mas-3llideas%2F|title:Contacta%20con%20nosotros\u00bb]Env\u00edanos tu informaci\u00f3n a trav\u00e9s de un formulario y nosotros contactaremos contigo para resolver tus dudas.[\/vc_cta][\/vc_column][\/vc_row][vc_row css=\u00bb.vc_custom_1521523435847{margin-top: -80px !important;}\u00bb][vc_column][vc_empty_space][vc_column_text]<\/p>\n<h2 style=\"text-align: center;\">Sobre nosotros<\/h2>\n<p>[\/vc_column_text][vc_empty_space][vc_column_text]<\/p>\n<p><a href=\"http:\/\/www.3llideas.com\/wp-content\/uploads\/2015\/09\/equipo_qcercade_cabecera.jpg\" rel=\"attachment wp-att-1034\"><img loading=\"lazy\" decoding=\"async\" class=\"size-full wp-image-1034 aligncenter\" src=\"http:\/\/www.3llideas.com\/wp-content\/uploads\/2015\/09\/equipo_qcercade_cabecera.jpg\" alt=\"equipo_qcercade_cabecera\" width=\"1170\" height=\"247\" srcset=\"https:\/\/www.3llideas.com\/wp-content\/uploads\/2015\/09\/equipo_qcercade_cabecera.jpg 1170w, https:\/\/www.3llideas.com\/wp-content\/uploads\/2015\/09\/equipo_qcercade_cabecera-300x63.jpg 300w, https:\/\/www.3llideas.com\/wp-content\/uploads\/2015\/09\/equipo_qcercade_cabecera-768x162.jpg 768w, https:\/\/www.3llideas.com\/wp-content\/uploads\/2015\/09\/equipo_qcercade_cabecera-1024x216.jpg 1024w, https:\/\/www.3llideas.com\/wp-content\/uploads\/2015\/09\/equipo_qcercade_cabecera-1087x229.jpg 1087w\" sizes=\"auto, (max-width: 1170px) 100vw, 1170px\" \/><\/a><\/p>\n<p>[\/vc_column_text][vc_empty_space][vc_column_text]<\/p>\n<p><strong>3llideas<\/strong> nace como empresa comercial con la misi\u00f3n de aprovechar el crecimiento y adopci\u00f3n de internet. Con este objetivo, se desarrolla la plataforma de comercio electr\u00f3nico, se incorpora el equipo multidisciplinar y se implementa un plan de negocio.<\/p>\n<p>[\/vc_column_text][\/vc_column][\/vc_row][vc_row][vc_column][vc_empty_space][vc_column_text]<\/p>\n<p>Se inicia comercialmente con el lanzamiento de dos tiendas on-line especializadas en regalo y accesorios para mascotas; dos sectores muy diferentes que requieren una especializaci\u00f3n y enfoque totalmente diferentes para conseguir ofrecer productos y servicios que satisfagan a los cliente. Estos dos comercios nos han permitido tener una experiencia real y desplegar las diferentes estrategias de marketing y posicionamiento de productos con muy\u00a0buen resultado.<\/p>\n<p>[\/vc_column_text][\/vc_column][\/vc_row][vc_row][vc_column][vc_empty_space][vc_column_text]<\/p>\n<p>Entendemos la problem\u00e1tica de expandir un negocio a trav\u00e9s de internet. Y es por ello que ofrecemos soluciones y asesoramiento a comerciantes. Estas soluciones est\u00e1n pensadas en permitir al comerciante focalizarse en su negocio y, adem\u00e1s, en ser f\u00e1cilmente adaptable a todos los tama\u00f1os de comercios.<\/p>\n<p>[\/vc_column_text][\/vc_column][\/vc_row][vc_row][vc_column][vc_empty_space][vc_column_text]Nuestra empresa pertenece a un grupo inversor con tradici\u00f3n industrial y de servicios. Esto nos ha llevado a gestionar todo tipo de proyectos e incluso gestionar para clientes determinadas actividades. En nuestra actividad hemos desarrollado capacidad de analizar negocios, implementar soluciones de software y en definitiva optimizar procesos de negocio.<\/p>\n<p>Buscando soluciones para clientes, nos hacemos con <strong>Sage<\/strong> y pasamos a ser Partner de ellos. Sus soluciones de gesti\u00f3n empresarial son una gran herramienta para ayudar a las empresas a mejorar su funcionamiento y sobre todo para aquellas que van evolucionando en sus primeras etapas. Desarrollamos servicios de consultor\u00eda, implantaci\u00f3n y desarrollo de aplicaciones <strong>Sage<\/strong>.<\/p>\n<p>En los \u00faltimos a\u00f1os hemos la inform\u00e1tica ha evolucionado a la nube, el pago por uso, y es por ello que hemos cogido mucho expertice con uno de los l\u00edderes de cloud computing llamado <strong>Amazon AWS<\/strong>. Aplicando estas soluciones tanto a soluciones web en Ecommerce y entornos Windows para proyectos de gesti\u00f3n. Estamos explorando otras actividades como Big Data, Machine Learning y otros que puedan permitir a nuestros clientes obtener valor de la nube y la informaci\u00f3n.<\/p>\n<p>Incluimos en nuestro de soluciones de gesti\u00f3n las soluciones de <strong>Microsoft<\/strong> y en especial su soluci\u00f3n de gesti\u00f3n <strong>Dynamics 365 Business Central<\/strong> que es una soluci\u00f3n en la nube que ayuda a impulsar los proyectos empresariales.[\/vc_column_text][\/vc_column][\/vc_row][vc_row][vc_column][vc_empty_space][vc_column_text]Podemos ayudarte a encontrar la mejor opci\u00f3n para desplegar o potenciar tu negocio. Sea online o offline, mejorar los procesos y definitivamente ayudarte a mejorar tu rentabilidad.[\/vc_column_text][\/vc_column][\/vc_row][vc_row][vc_column][vc_empty_space][vc_cta h2=\u00bb\u00bb h4=\u00bbTrabaja con nosotros\u00bb add_button=\u00bbbottom\u00bb btn_title=\u00bbD\u00e9janos tus datos\u00bb btn_style=\u00bbclassic\u00bb btn_color=\u00bbprimary\u00bb btn_align=\u00bbcenter\u00bb btn_link=\u00bburl:%2Fsobre-nosotros%2Ftrabaja-con-nosotros%2F||\u00bb]\u00bfTe interesa entrar en nuestro equipo? \u00bfPosees experiencia, conocimientos e inquietudes que\u00a0encajan\u00a0dentro de los servicios\u00a0que ofrecemos a\u00a0nuestros clientes? Env\u00edanos tu curr\u00edculum: te tendremos en cuenta para pr\u00f3ximas incorporaciones.[\/vc_cta][\/vc_column][\/vc_row]<\/p>\n<\/div>","protected":false},"excerpt":{"rendered":"<p>[vc_row][vc_column width=\u00bb2\/3&#8243;][vc_column_text] D\u00f3nde estamos [\/vc_column_text][\/vc_column][vc_column width=\u00bb1\/3&#8243;][\/vc_column][\/vc_row][vc_row][vc_column][vc_empty_space][vc_cta h2=\u00bb\u00bb h4=\u00bbSolicita informaci\u00f3n\u00bb add_button=\u00bbbottom\u00bb btn_title=\u00bbD\u00e9janos tus datos\u00bb btn_style=\u00bbclassic\u00bb btn_color=\u00bbprimary\u00bb btn_align=\u00bbcenter\u00bb btn_link=\u00bburl:https%3A%2F%2Fwww.3llideas.com%2Fes%2Fsaber-mas-3llideas%2F|title:Contacta%20con%20nosotros\u00bb]Env\u00edanos tu informaci\u00f3n a&#8230;<\/p>\n","protected":false},"author":2,"featured_media":0,"parent":0,"menu_order":0,"comment_status":"closed","ping_status":"closed","template":"","meta":{"footnotes":""},"class_list":["post-30","page","type-page","status-publish","hentry"],"yoast_head":"<!-- This site is optimized with the Yoast SEO Premium plugin v18.4 (Yoast SEO v27.5) - https:\/\/yoast.com\/product\/yoast-seo-premium-wordpress\/ -->\n<title>Equipo, historia y proyectos de la empresa 3llideas<\/title>\n<meta name=\"description\" content=\"Breve historia de la empresa con algunos de los retos planteados desde el inicio, proyectos realizados, integrantes y localizaci\u00f3n de 3llideas.\" \/>\n<meta name=\"robots\" content=\"index, follow, max-snippet:-1, max-image-preview:large, max-video-preview:-1\" \/>\n<link rel=\"canonical\" href=\"https:\/\/www.3llideas.com\/es\/sobre-nosotros\/\" \/>\n<meta property=\"og:locale\" content=\"es_ES\" \/>\n<meta property=\"og:type\" content=\"article\" \/>\n<meta property=\"og:title\" content=\"Sobre nosotros\" \/>\n<meta property=\"og:description\" content=\"Breve historia de la empresa con algunos de los retos planteados desde el inicio, proyectos realizados, integrantes y localizaci\u00f3n de 3llideas.\" \/>\n<meta property=\"og:url\" content=\"https:\/\/www.3llideas.com\/es\/sobre-nosotros\/\" \/>\n<meta property=\"og:site_name\" content=\"3llideas.com\" \/>\n<meta property=\"article:modified_time\" content=\"2023-07-20T09:35:44+00:00\" \/>\n<meta property=\"og:image\" content=\"http:\/\/www.3llideas.com\/wp-content\/uploads\/2015\/09\/equipo_qcercade_cabecera.jpg\" \/>\n<meta name=\"twitter:card\" content=\"summary_large_image\" \/>\n<meta name=\"twitter:site\" content=\"@3llideas\" \/>\n<meta name=\"twitter:label1\" content=\"Tiempo de lectura\" \/>\n\t<meta name=\"twitter:data1\" content=\"3 minutos\" \/>\n<script type=\"application\/ld+json\" class=\"yoast-schema-graph\">{\"@context\":\"https:\\\/\\\/schema.org\",\"@graph\":[{\"@type\":\"WebPage\",\"@id\":\"https:\\\/\\\/www.3llideas.com\\\/es\\\/sobre-nosotros\\\/\",\"url\":\"https:\\\/\\\/www.3llideas.com\\\/es\\\/sobre-nosotros\\\/\",\"name\":\"Equipo, historia y proyectos de la empresa 3llideas\",\"isPartOf\":{\"@id\":\"https:\\\/\\\/www.3llideas.com\\\/es\\\/#website\"},\"primaryImageOfPage\":{\"@id\":\"https:\\\/\\\/www.3llideas.com\\\/es\\\/sobre-nosotros\\\/#primaryimage\"},\"image\":{\"@id\":\"https:\\\/\\\/www.3llideas.com\\\/es\\\/sobre-nosotros\\\/#primaryimage\"},\"thumbnailUrl\":\"http:\\\/\\\/www.3llideas.com\\\/wp-content\\\/uploads\\\/2015\\\/09\\\/equipo_qcercade_cabecera.jpg\",\"datePublished\":\"2015-09-25T10:42:57+00:00\",\"dateModified\":\"2023-07-20T09:35:44+00:00\",\"description\":\"Breve historia de la empresa con algunos de los retos planteados desde el inicio, proyectos realizados, integrantes y localizaci\u00f3n de 3llideas.\",\"breadcrumb\":{\"@id\":\"https:\\\/\\\/www.3llideas.com\\\/es\\\/sobre-nosotros\\\/#breadcrumb\"},\"inLanguage\":\"es\",\"potentialAction\":[{\"@type\":\"ReadAction\",\"target\":[\"https:\\\/\\\/www.3llideas.com\\\/es\\\/sobre-nosotros\\\/\"]}]},{\"@type\":\"ImageObject\",\"inLanguage\":\"es\",\"@id\":\"https:\\\/\\\/www.3llideas.com\\\/es\\\/sobre-nosotros\\\/#primaryimage\",\"url\":\"http:\\\/\\\/www.3llideas.com\\\/wp-content\\\/uploads\\\/2015\\\/09\\\/equipo_qcercade_cabecera.jpg\",\"contentUrl\":\"http:\\\/\\\/www.3llideas.com\\\/wp-content\\\/uploads\\\/2015\\\/09\\\/equipo_qcercade_cabecera.jpg\"},{\"@type\":\"BreadcrumbList\",\"@id\":\"https:\\\/\\\/www.3llideas.com\\\/es\\\/sobre-nosotros\\\/#breadcrumb\",\"itemListElement\":[{\"@type\":\"ListItem\",\"position\":1,\"name\":\"Portada\",\"item\":\"https:\\\/\\\/www.3llideas.com\\\/es\\\/\"},{\"@type\":\"ListItem\",\"position\":2,\"name\":\"Sobre nosotros\"}]},{\"@type\":\"WebSite\",\"@id\":\"https:\\\/\\\/www.3llideas.com\\\/es\\\/#website\",\"url\":\"https:\\\/\\\/www.3llideas.com\\\/es\\\/\",\"name\":\"3llideas.com\",\"description\":\"3llideas, Agencia Ecommerce, Gesti\u00f3n empresarial Microsoft, AWS, Gesti\u00f3n empresarial sage\",\"potentialAction\":[{\"@type\":\"SearchAction\",\"target\":{\"@type\":\"EntryPoint\",\"urlTemplate\":\"https:\\\/\\\/www.3llideas.com\\\/es\\\/?s={search_term_string}\"},\"query-input\":{\"@type\":\"PropertyValueSpecification\",\"valueRequired\":true,\"valueName\":\"search_term_string\"}}],\"inLanguage\":\"es\"}]}<\/script>\n<!-- \/ Yoast SEO Premium plugin. -->","yoast_head_json":{"title":"Equipo, historia y proyectos de la empresa 3llideas","description":"Breve historia de la empresa con algunos de los retos planteados desde el inicio, proyectos realizados, integrantes y localizaci\u00f3n de 3llideas.","robots":{"index":"index","follow":"follow","max-snippet":"max-snippet:-1","max-image-preview":"max-image-preview:large","max-video-preview":"max-video-preview:-1"},"canonical":"https:\/\/www.3llideas.com\/es\/sobre-nosotros\/","og_locale":"es_ES","og_type":"article","og_title":"Sobre nosotros","og_description":"Breve historia de la empresa con algunos de los retos planteados desde el inicio, proyectos realizados, integrantes y localizaci\u00f3n de 3llideas.","og_url":"https:\/\/www.3llideas.com\/es\/sobre-nosotros\/","og_site_name":"3llideas.com","article_modified_time":"2023-07-20T09:35:44+00:00","og_image":[{"url":"http:\/\/www.3llideas.com\/wp-content\/uploads\/2015\/09\/equipo_qcercade_cabecera.jpg","type":"","width":"","height":""}],"twitter_card":"summary_large_image","twitter_site":"@3llideas","twitter_misc":{"Tiempo de lectura":"3 minutos"},"schema":{"@context":"https:\/\/schema.org","@graph":[{"@type":"WebPage","@id":"https:\/\/www.3llideas.com\/es\/sobre-nosotros\/","url":"https:\/\/www.3llideas.com\/es\/sobre-nosotros\/","name":"Equipo, historia y proyectos de la empresa 3llideas","isPartOf":{"@id":"https:\/\/www.3llideas.com\/es\/#website"},"primaryImageOfPage":{"@id":"https:\/\/www.3llideas.com\/es\/sobre-nosotros\/#primaryimage"},"image":{"@id":"https:\/\/www.3llideas.com\/es\/sobre-nosotros\/#primaryimage"},"thumbnailUrl":"http:\/\/www.3llideas.com\/wp-content\/uploads\/2015\/09\/equipo_qcercade_cabecera.jpg","datePublished":"2015-09-25T10:42:57+00:00","dateModified":"2023-07-20T09:35:44+00:00","description":"Breve historia de la empresa con algunos de los retos planteados desde el inicio, proyectos realizados, integrantes y localizaci\u00f3n de 3llideas.","breadcrumb":{"@id":"https:\/\/www.3llideas.com\/es\/sobre-nosotros\/#breadcrumb"},"inLanguage":"es","potentialAction":[{"@type":"ReadAction","target":["https:\/\/www.3llideas.com\/es\/sobre-nosotros\/"]}]},{"@type":"ImageObject","inLanguage":"es","@id":"https:\/\/www.3llideas.com\/es\/sobre-nosotros\/#primaryimage","url":"http:\/\/www.3llideas.com\/wp-content\/uploads\/2015\/09\/equipo_qcercade_cabecera.jpg","contentUrl":"http:\/\/www.3llideas.com\/wp-content\/uploads\/2015\/09\/equipo_qcercade_cabecera.jpg"},{"@type":"BreadcrumbList","@id":"https:\/\/www.3llideas.com\/es\/sobre-nosotros\/#breadcrumb","itemListElement":[{"@type":"ListItem","position":1,"name":"Portada","item":"https:\/\/www.3llideas.com\/es\/"},{"@type":"ListItem","position":2,"name":"Sobre nosotros"}]},{"@type":"WebSite","@id":"https:\/\/www.3llideas.com\/es\/#website","url":"https:\/\/www.3llideas.com\/es\/","name":"3llideas.com","description":"3llideas, Agencia Ecommerce, Gesti\u00f3n empresarial Microsoft, AWS, Gesti\u00f3n empresarial sage","potentialAction":[{"@type":"SearchAction","target":{"@type":"EntryPoint","urlTemplate":"https:\/\/www.3llideas.com\/es\/?s={search_term_string}"},"query-input":{"@type":"PropertyValueSpecification","valueRequired":true,"valueName":"search_term_string"}}],"inLanguage":"es"}]}},"_links":{"self":[{"href":"https:\/\/www.3llideas.com\/es\/wp-json\/wp\/v2\/pages\/30","targetHints":{"allow":["GET"]}}],"collection":[{"href":"https:\/\/www.3llideas.com\/es\/wp-json\/wp\/v2\/pages"}],"about":[{"href":"https:\/\/www.3llideas.com\/es\/wp-json\/wp\/v2\/types\/page"}],"author":[{"embeddable":true,"href":"https:\/\/www.3llideas.com\/es\/wp-json\/wp\/v2\/users\/2"}],"replies":[{"embeddable":true,"href":"https:\/\/www.3llideas.com\/es\/wp-json\/wp\/v2\/comments?post=30"}],"version-history":[{"count":53,"href":"https:\/\/www.3llideas.com\/es\/wp-json\/wp\/v2\/pages\/30\/revisions"}],"predecessor-version":[{"id":10991,"href":"https:\/\/www.3llideas.com\/es\/wp-json\/wp\/v2\/pages\/30\/revisions\/10991"}],"wp:attachment":[{"href":"https:\/\/www.3llideas.com\/es\/wp-json\/wp\/v2\/media?parent=30"}],"curies":[{"name":"wp","href":"https:\/\/api.w.org\/{rel}","templated":true}]}}