{"id":2939,"date":"2018-04-05T04:38:02","date_gmt":"2018-04-05T04:38:02","guid":{"rendered":"http:\/\/www.3llideas.com\/?page_id=2939"},"modified":"2018-04-12T06:44:14","modified_gmt":"2018-04-12T06:44:14","slug":"tecnologia-software-de-gestion","status":"publish","type":"page","link":"https:\/\/www.3llideas.com\/es\/tecnologia-software-de-gestion\/","title":{"rendered":"Tecnolog\u00eda y software de gesti\u00f3n"},"content":{"rendered":"<div class=\"wpb-content-wrapper\"><p>[vc_row css=\u00bb.vc_custom_1521446842371{margin-top: -80px !important;}\u00bb][vc_column][layerslider_vc id=\u00bb18&#8243;][vc_column_text]<\/p>\n<p style=\"text-align: center;\"><strong>Partners e ISV de<\/strong> <img loading=\"lazy\" decoding=\"async\" class=\"wp-image-2370 size-full alignnone aligncenter\" src=\"http:\/\/www.3llideas.com\/wp-content\/uploads\/2017\/05\/logo-sage.jpg\" alt=\"logo sage\" width=\"80\" height=\"34\" \/><\/p>\n<p>[\/vc_column_text][vc_column_text]Soluciones que facilitan la gesti\u00f3n de la contabilidad, la facturaci\u00f3n, los recursos humanos, las n\u00f3minas, los pagos y los activos, entre otras tareas, de empresas de distinto tama\u00f1o y de distintos sectores.<\/p>\n<p>Las soluciones de Sage se adaptan a las necesidades de las startups o de los negocios que est\u00e1n empezando, de las empresas en expansi\u00f3n y de las grandes compa\u00f1\u00edas, ya sea para mantenerse al d\u00eda de sus finanzas, para capacitar a su equipo humano o para potenciar su crecimiento.[\/vc_column_text][\/vc_column][\/vc_row][vc_row][vc_column][vc_empty_space][\/vc_column][\/vc_row][vc_row][vc_column][vc_column_text]<\/p>\n<h2 style=\"text-align: center;\">Tecnolog\u00eda y software de gesti\u00f3n<\/h2>\n<p>[\/vc_column_text][vc_empty_space][vc_column_text]<\/p>\n<p style=\"text-align: justify;\">Somos especialistas y distribuimos soluciones de <strong>tecnolog\u00eda y software de gesti\u00f3n<\/strong> que han de ayudar a la empresa a mejorar su control y eficiencia. Disponemos de soluciones adaptadas a todos los tama\u00f1os de empresa y diferentes funcionalidades.<\/p>\n<p>[\/vc_column_text][vc_empty_space][\/vc_column][\/vc_row][vc_row][vc_column width=\u00bb1\/3&#8243;]<\/p>\n<div class=\"iconed-text clearfix\"><span class=\"icon\" style=\"border-color: ; background-color: ; color: ;\">&#xe629;<\/span><\/p>\n<div class=\"text\">\n<h5>INFORM\u00c1TICA<\/h5>\n<div><\/div>\n<\/div>\n<\/div>\n<p>[vc_empty_space height=\u00bb10px\u00bb][vc_column_text]Tu parque inform\u00e1tico siempre al dia con nuestras\u00a0<span class=\"st\"><em>soluciones inform\u00e1ticas<\/em> integrales <em>para gesti\u00f3n<\/em> de PYMES.<\/span>[\/vc_column_text][vc_empty_space height=\u00bb15px\u00bb]<\/p>\n<div class=\"list minus\">\n<ul class=\"styled\">\n<li>Soluciones infom\u00e1ticas para servidores y productos de gesti\u00f3n<\/li>\n<li>Servicio de hospedaje de aplicacions SAGE<\/li>\n<\/ul>\n<\/div>\n<p>[\/vc_column][vc_column width=\u00bb1\/3&#8243;]<\/p>\n<div class=\"iconed-text clearfix\"><span class=\"icon\" style=\"border-color: ; background-color: ; color: ;\">&#xe638;<\/span><\/p>\n<div class=\"text\">\n<h5>Software de gesti\u00f3n<\/h5>\n<div><\/div>\n<\/div>\n<\/div>\n<p>[vc_empty_space height=\u00bb10px\u00bb][vc_column_text]El software m\u00e1s completo para la gesti\u00f3n integral de tu negocio online-Pyme.[\/vc_column_text][vc_empty_space height=\u00bb35px\u00bb]<\/p>\n<div class=\"list minus\">\n<ul class=\"styled\">\n<li>Sage 200c<\/li>\n<li>Sage 50c<\/li>\n<li>Sage Live<\/li>\n<li>Productos Plus<\/li>\n<li>ISV STOAM<\/li>\n<li>Otras soluciones<\/li>\n<\/ul>\n<\/div>\n<p>[\/vc_column][vc_column width=\u00bb1\/3&#8243;]<\/p>\n<div class=\"iconed-text clearfix\"><span class=\"icon\" style=\"border-color: ; background-color: ; color: ;\">&#xe6ae;<\/span><\/p>\n<div class=\"text\">\n<h5>Desarrollo inform\u00e1tico<\/h5>\n<div><\/div>\n<\/div>\n<\/div>\n<p>[vc_empty_space height=\u00bb10px\u00bb][vc_column_text]Aportamos soluciones concretas y ofrecemos servicios de <strong>desarrollo inform\u00e1tico profesional<\/strong>.[\/vc_column_text][vc_empty_space height=\u00bb35px\u00bb]<\/p>\n<div class=\"list minus\">\n<ul class=\"styled\">\n<li>Especialistas en desarrollo de soluciones ISV para Sage<\/li>\n<li>Experiencia integraci\u00f3n con sistemas externos<\/li>\n<li>Equipo certificado de desarrolladores Sage<\/li>\n<li>Desarrollo en 200c y 50c<\/li>\n<\/ul>\n<\/div>\n<p>[\/vc_column][\/vc_row][vc_row][vc_column][vc_empty_space][vc_column_text]<\/p>\n<p style=\"text-align: center;\">Saber m\u00e1s acerca de <a href=\"http:\/\/www.3llideas.com\/es\/que-es-empresa-virtual\/\">Empresa Virtual<\/a> | Saber m\u00e1s acerca de <a href=\"http:\/\/www.3llideas.com\/es\/servicio-de-consultoria\/\">Consultor\u00eda<\/a> | Saber m\u00e1s acerca de <a href=\"http:\/\/www.3llideas.com\/es\/gestion-proactiva\/\">Gesti\u00f3n proactiva<\/a><\/p>\n<p>[\/vc_column_text][\/vc_column][\/vc_row][vc_row][vc_column][vc_empty_space height=\u00bb70px\u00bb][vc_cta h2=\u00bb\u00bb h4=\u00bbPerm\u00edtenos estudiar tu proyecto\u00bb add_button=\u00bbbottom\u00bb btn_title=\u00bbContacta con nosotros\u00bb btn_color=\u00bbdanger\u00bb btn_align=\u00bbcenter\u00bb btn_i_icon_fontawesome=\u00bbfa fa-check\u00bb btn_add_icon=\u00bbtrue\u00bb btn_link=\u00bburl:%2Fes%2Ftu-proyecto%2F||target:%20_blank|\u00bb]\u00bfQuieres saber m\u00e1s acerca de nuestros servicios de tecnolog\u00eda y software de gesti\u00f3n? Ponte en contacto con nosotros.[\/vc_cta][\/vc_column][\/vc_row]<\/p>\n<\/div>","protected":false},"excerpt":{"rendered":"<p>[vc_row css=\u00bb.vc_custom_1521446842371{margin-top: -80px !important;}\u00bb][vc_column][layerslider_vc id=\u00bb18&#8243;][vc_column_text] Partners e ISV de [\/vc_column_text][vc_column_text]Soluciones que facilitan la gesti\u00f3n de la contabilidad, la facturaci\u00f3n, los&#8230;<\/p>\n","protected":false},"author":1,"featured_media":0,"parent":0,"menu_order":0,"comment_status":"closed","ping_status":"closed","template":"","meta":{"footnotes":""},"class_list":["post-2939","page","type-page","status-publish","hentry"],"yoast_head":"<!-- This site is optimized with the Yoast SEO Premium plugin v18.4 (Yoast SEO v27.5) - https:\/\/yoast.com\/product\/yoast-seo-premium-wordpress\/ -->\n<title>Tecnolog\u00eda y software de gesti\u00f3 adaptado a tus necesidades<\/title>\n<meta name=\"description\" content=\"Somos especialistas y distribuimos soluciones de tecnolog\u00eda y software de gesti\u00f3n que han de ayudar a la empresa a mejorar su control y eficiencia.\" \/>\n<meta name=\"robots\" content=\"index, follow, max-snippet:-1, max-image-preview:large, max-video-preview:-1\" \/>\n<link rel=\"canonical\" href=\"https:\/\/www.3llideas.com\/es\/tecnologia-software-de-gestion\/\" \/>\n<meta property=\"og:locale\" content=\"es_ES\" \/>\n<meta property=\"og:type\" content=\"article\" \/>\n<meta property=\"og:title\" content=\"Tecnolog\u00eda y software de gesti\u00f3n\" \/>\n<meta property=\"og:description\" content=\"Somos especialistas y distribuimos soluciones de tecnolog\u00eda y software de gesti\u00f3n que han de ayudar a la empresa a mejorar su control y eficiencia.\" \/>\n<meta property=\"og:url\" content=\"https:\/\/www.3llideas.com\/es\/tecnologia-software-de-gestion\/\" \/>\n<meta property=\"og:site_name\" content=\"3llideas.com\" \/>\n<meta property=\"article:modified_time\" content=\"2018-04-12T06:44:14+00:00\" \/>\n<meta property=\"og:image\" content=\"http:\/\/www.3llideas.com\/wp-content\/uploads\/2017\/05\/logo-sage.jpg\" \/>\n<meta name=\"twitter:card\" content=\"summary_large_image\" \/>\n<meta name=\"twitter:site\" content=\"@3llideas\" \/>\n<meta name=\"twitter:label1\" content=\"Tiempo de lectura\" \/>\n\t<meta name=\"twitter:data1\" content=\"3 minutos\" \/>\n<script type=\"application\/ld+json\" class=\"yoast-schema-graph\">{\"@context\":\"https:\\\/\\\/schema.org\",\"@graph\":[{\"@type\":\"WebPage\",\"@id\":\"https:\\\/\\\/www.3llideas.com\\\/es\\\/tecnologia-software-de-gestion\\\/\",\"url\":\"https:\\\/\\\/www.3llideas.com\\\/es\\\/tecnologia-software-de-gestion\\\/\",\"name\":\"Tecnolog\u00eda y software de gesti\u00f3 adaptado a tus necesidades\",\"isPartOf\":{\"@id\":\"https:\\\/\\\/www.3llideas.com\\\/es\\\/#website\"},\"primaryImageOfPage\":{\"@id\":\"https:\\\/\\\/www.3llideas.com\\\/es\\\/tecnologia-software-de-gestion\\\/#primaryimage\"},\"image\":{\"@id\":\"https:\\\/\\\/www.3llideas.com\\\/es\\\/tecnologia-software-de-gestion\\\/#primaryimage\"},\"thumbnailUrl\":\"http:\\\/\\\/www.3llideas.com\\\/wp-content\\\/uploads\\\/2017\\\/05\\\/logo-sage.jpg\",\"datePublished\":\"2018-04-05T04:38:02+00:00\",\"dateModified\":\"2018-04-12T06:44:14+00:00\",\"description\":\"Somos especialistas y distribuimos soluciones de tecnolog\u00eda y software de gesti\u00f3n que han de ayudar a la empresa a mejorar su control y eficiencia.\",\"breadcrumb\":{\"@id\":\"https:\\\/\\\/www.3llideas.com\\\/es\\\/tecnologia-software-de-gestion\\\/#breadcrumb\"},\"inLanguage\":\"es\",\"potentialAction\":[{\"@type\":\"ReadAction\",\"target\":[\"https:\\\/\\\/www.3llideas.com\\\/es\\\/tecnologia-software-de-gestion\\\/\"]}]},{\"@type\":\"ImageObject\",\"inLanguage\":\"es\",\"@id\":\"https:\\\/\\\/www.3llideas.com\\\/es\\\/tecnologia-software-de-gestion\\\/#primaryimage\",\"url\":\"http:\\\/\\\/www.3llideas.com\\\/wp-content\\\/uploads\\\/2017\\\/05\\\/logo-sage.jpg\",\"contentUrl\":\"http:\\\/\\\/www.3llideas.com\\\/wp-content\\\/uploads\\\/2017\\\/05\\\/logo-sage.jpg\"},{\"@type\":\"BreadcrumbList\",\"@id\":\"https:\\\/\\\/www.3llideas.com\\\/es\\\/tecnologia-software-de-gestion\\\/#breadcrumb\",\"itemListElement\":[{\"@type\":\"ListItem\",\"position\":1,\"name\":\"Portada\",\"item\":\"https:\\\/\\\/www.3llideas.com\\\/es\\\/\"},{\"@type\":\"ListItem\",\"position\":2,\"name\":\"Tecnolog\u00eda y software de gesti\u00f3n\"}]},{\"@type\":\"WebSite\",\"@id\":\"https:\\\/\\\/www.3llideas.com\\\/es\\\/#website\",\"url\":\"https:\\\/\\\/www.3llideas.com\\\/es\\\/\",\"name\":\"3llideas.com\",\"description\":\"3llideas, Agencia Ecommerce, Gesti\u00f3n empresarial Microsoft, AWS, Gesti\u00f3n empresarial sage\",\"potentialAction\":[{\"@type\":\"SearchAction\",\"target\":{\"@type\":\"EntryPoint\",\"urlTemplate\":\"https:\\\/\\\/www.3llideas.com\\\/es\\\/?s={search_term_string}\"},\"query-input\":{\"@type\":\"PropertyValueSpecification\",\"valueRequired\":true,\"valueName\":\"search_term_string\"}}],\"inLanguage\":\"es\"}]}<\/script>\n<!-- \/ Yoast SEO Premium plugin. -->","yoast_head_json":{"title":"Tecnolog\u00eda y software de gesti\u00f3 adaptado a tus necesidades","description":"Somos especialistas y distribuimos soluciones de tecnolog\u00eda y software de gesti\u00f3n que han de ayudar a la empresa a mejorar su control y eficiencia.","robots":{"index":"index","follow":"follow","max-snippet":"max-snippet:-1","max-image-preview":"max-image-preview:large","max-video-preview":"max-video-preview:-1"},"canonical":"https:\/\/www.3llideas.com\/es\/tecnologia-software-de-gestion\/","og_locale":"es_ES","og_type":"article","og_title":"Tecnolog\u00eda y software de gesti\u00f3n","og_description":"Somos especialistas y distribuimos soluciones de tecnolog\u00eda y software de gesti\u00f3n que han de ayudar a la empresa a mejorar su control y eficiencia.","og_url":"https:\/\/www.3llideas.com\/es\/tecnologia-software-de-gestion\/","og_site_name":"3llideas.com","article_modified_time":"2018-04-12T06:44:14+00:00","og_image":[{"url":"http:\/\/www.3llideas.com\/wp-content\/uploads\/2017\/05\/logo-sage.jpg","type":"","width":"","height":""}],"twitter_card":"summary_large_image","twitter_site":"@3llideas","twitter_misc":{"Tiempo de lectura":"3 minutos"},"schema":{"@context":"https:\/\/schema.org","@graph":[{"@type":"WebPage","@id":"https:\/\/www.3llideas.com\/es\/tecnologia-software-de-gestion\/","url":"https:\/\/www.3llideas.com\/es\/tecnologia-software-de-gestion\/","name":"Tecnolog\u00eda y software de gesti\u00f3 adaptado a tus necesidades","isPartOf":{"@id":"https:\/\/www.3llideas.com\/es\/#website"},"primaryImageOfPage":{"@id":"https:\/\/www.3llideas.com\/es\/tecnologia-software-de-gestion\/#primaryimage"},"image":{"@id":"https:\/\/www.3llideas.com\/es\/tecnologia-software-de-gestion\/#primaryimage"},"thumbnailUrl":"http:\/\/www.3llideas.com\/wp-content\/uploads\/2017\/05\/logo-sage.jpg","datePublished":"2018-04-05T04:38:02+00:00","dateModified":"2018-04-12T06:44:14+00:00","description":"Somos especialistas y distribuimos soluciones de tecnolog\u00eda y software de gesti\u00f3n que han de ayudar a la empresa a mejorar su control y eficiencia.","breadcrumb":{"@id":"https:\/\/www.3llideas.com\/es\/tecnologia-software-de-gestion\/#breadcrumb"},"inLanguage":"es","potentialAction":[{"@type":"ReadAction","target":["https:\/\/www.3llideas.com\/es\/tecnologia-software-de-gestion\/"]}]},{"@type":"ImageObject","inLanguage":"es","@id":"https:\/\/www.3llideas.com\/es\/tecnologia-software-de-gestion\/#primaryimage","url":"http:\/\/www.3llideas.com\/wp-content\/uploads\/2017\/05\/logo-sage.jpg","contentUrl":"http:\/\/www.3llideas.com\/wp-content\/uploads\/2017\/05\/logo-sage.jpg"},{"@type":"BreadcrumbList","@id":"https:\/\/www.3llideas.com\/es\/tecnologia-software-de-gestion\/#breadcrumb","itemListElement":[{"@type":"ListItem","position":1,"name":"Portada","item":"https:\/\/www.3llideas.com\/es\/"},{"@type":"ListItem","position":2,"name":"Tecnolog\u00eda y software de gesti\u00f3n"}]},{"@type":"WebSite","@id":"https:\/\/www.3llideas.com\/es\/#website","url":"https:\/\/www.3llideas.com\/es\/","name":"3llideas.com","description":"3llideas, Agencia Ecommerce, Gesti\u00f3n empresarial Microsoft, AWS, Gesti\u00f3n empresarial sage","potentialAction":[{"@type":"SearchAction","target":{"@type":"EntryPoint","urlTemplate":"https:\/\/www.3llideas.com\/es\/?s={search_term_string}"},"query-input":{"@type":"PropertyValueSpecification","valueRequired":true,"valueName":"search_term_string"}}],"inLanguage":"es"}]}},"_links":{"self":[{"href":"https:\/\/www.3llideas.com\/es\/wp-json\/wp\/v2\/pages\/2939","targetHints":{"allow":["GET"]}}],"collection":[{"href":"https:\/\/www.3llideas.com\/es\/wp-json\/wp\/v2\/pages"}],"about":[{"href":"https:\/\/www.3llideas.com\/es\/wp-json\/wp\/v2\/types\/page"}],"author":[{"embeddable":true,"href":"https:\/\/www.3llideas.com\/es\/wp-json\/wp\/v2\/users\/1"}],"replies":[{"embeddable":true,"href":"https:\/\/www.3llideas.com\/es\/wp-json\/wp\/v2\/comments?post=2939"}],"version-history":[{"count":41,"href":"https:\/\/www.3llideas.com\/es\/wp-json\/wp\/v2\/pages\/2939\/revisions"}],"predecessor-version":[{"id":3120,"href":"https:\/\/www.3llideas.com\/es\/wp-json\/wp\/v2\/pages\/2939\/revisions\/3120"}],"wp:attachment":[{"href":"https:\/\/www.3llideas.com\/es\/wp-json\/wp\/v2\/media?parent=2939"}],"curies":[{"name":"wp","href":"https:\/\/api.w.org\/{rel}","templated":true}]}}