{"id":2844,"date":"2018-03-15T05:40:51","date_gmt":"2018-03-15T05:40:51","guid":{"rendered":"http:\/\/www.3llideas.com\/?page_id=2844"},"modified":"2018-09-30T07:16:18","modified_gmt":"2018-09-30T07:16:18","slug":"marketing-online","status":"publish","type":"page","link":"https:\/\/www.3llideas.com\/es\/servicios\/marketing-online\/","title":{"rendered":"Marketing Online"},"content":{"rendered":"<div class=\"wpb-content-wrapper\"><p>[vc_row css=\u00bb.vc_custom_1521092432451{margin-top: -80px !important;}\u00bb][vc_column][vc_column_text]<\/p>\n<h2 style=\"text-align: center;\">MARKETING ONLINE<\/h2>\n<p>[\/vc_column_text][vc_empty_space][vc_column_text]<\/p>\n<p style=\"text-align: center;\"><strong>El Marketing Online recoje todas las acciones y estrategias publicitarias o comerciales que se ejecutan en los medios y canales de Internet:<\/strong><br \/>\n<strong>webs y blogs, redes sociales, plataformas de v\u00eddeo, foros&#8230;<\/strong><\/p>\n<p>[\/vc_column_text][vc_empty_space height=\u00bb72px\u00bb][\/vc_column][\/vc_row][vc_row][vc_column width=\u00bb1\/3&#8243;][vc_column_text]<a href=\"http:\/\/www.3llideas.com\/wp-content\/uploads\/2018\/03\/inbound175.png\"><img loading=\"lazy\" decoding=\"async\" class=\"size-full wp-image-2870 aligncenter\" src=\"http:\/\/www.3llideas.com\/wp-content\/uploads\/2018\/03\/inbound175.png\" alt=\"\" width=\"176\" height=\"175\" srcset=\"https:\/\/www.3llideas.com\/wp-content\/uploads\/2018\/03\/inbound175.png 176w, https:\/\/www.3llideas.com\/wp-content\/uploads\/2018\/03\/inbound175-150x150.png 150w, https:\/\/www.3llideas.com\/wp-content\/uploads\/2018\/03\/inbound175-72x72.png 72w\" sizes=\"auto, (max-width: 176px) 100vw, 176px\" \/><\/a>[\/vc_column_text][vc_empty_space height=\u00bb15px\u00bb][vc_column_text]<\/p>\n<h4 style=\"text-align: center;\">INBOUND MARKETING<\/h4>\n<p>[\/vc_column_text][vc_empty_space height=\u00bb15px\u00bb][vc_column_text]El Inbound Marketing utiliza todos los canales de marketing online para apuntarlos a un \u00fanico objetivo: generar posibles clientes que vayan m\u00e1s all\u00e1 de la compra, ofreci\u00e9ndoles una experiencia global que enriquezca el uso que le den a los productos y servicios del proyecto.[\/vc_column_text][\/vc_column][vc_column width=\u00bb1\/3&#8243;][vc_column_text]<a href=\"http:\/\/www.3llideas.com\/wp-content\/uploads\/2018\/03\/seo180.png\"><img loading=\"lazy\" decoding=\"async\" class=\"size-full wp-image-2861 aligncenter\" src=\"http:\/\/www.3llideas.com\/wp-content\/uploads\/2018\/03\/seo180.png\" alt=\"\" width=\"179\" height=\"175\" \/><\/a>[\/vc_column_text][vc_empty_space height=\u00bb15px\u00bb][vc_column_text]<\/p>\n<h4 style=\"text-align: center;\">SEO Y POSICIONAMIENTO ORG\u00c0NICO<\/h4>\n<p>[\/vc_column_text][vc_empty_space height=\u00bb15px\u00bb][vc_column_text]Disponemos de un equipo especialista en SEO que te asesorar\u00e1 y te orientar\u00e1 para que tu p\u00e1gina aparezca en las mejores posiciones para aquellas b\u00fasquedas que sean m\u00e1s destacadas para tu negocio.[\/vc_column_text][\/vc_column][vc_column width=\u00bb1\/3&#8243;][vc_column_text]<a href=\"http:\/\/www.3llideas.com\/wp-content\/uploads\/2018\/03\/publicidad180.png\"><img loading=\"lazy\" decoding=\"async\" class=\"size-full wp-image-2856 aligncenter\" src=\"http:\/\/www.3llideas.com\/wp-content\/uploads\/2018\/03\/publicidad180.png\" alt=\"\" width=\"180\" height=\"175\" \/><\/a>[\/vc_column_text][vc_empty_space height=\u00bb15px\u00bb][vc_column_text]<\/p>\n<h4 style=\"text-align: center;\">PUBLICIDAD PPC, ADWORDS Y SEM<\/h4>\n<p>[\/vc_column_text][vc_empty_space height=\u00bb15px\u00bb][vc_column_text]Tu campa\u00f1a est\u00e1 bajo control en cada momento, pondremos toda nuestra amplia experiencia de AdWords y SEM en tu proyecto para que logres los mejores resultados con la publicidad.[\/vc_column_text][\/vc_column][\/vc_row][vc_row][vc_column][vc_empty_space height=\u00bb82px\u00bb][\/vc_column][\/vc_row][vc_row][vc_column width=\u00bb1\/3&#8243;][vc_column_text]<a href=\"http:\/\/www.3llideas.com\/wp-content\/uploads\/2018\/03\/contenidos175.png\"><img loading=\"lazy\" decoding=\"async\" class=\"size-full wp-image-2865 aligncenter\" src=\"http:\/\/www.3llideas.com\/wp-content\/uploads\/2018\/03\/contenidos175.png\" alt=\"\" width=\"142\" height=\"175\" \/><\/a>[\/vc_column_text][vc_empty_space height=\u00bb15px\u00bb][vc_column_text]<\/p>\n<h4 style=\"text-align: center;\">MARKETING DE CONTENIDOS<\/h4>\n<p>[\/vc_column_text][vc_empty_space height=\u00bb15px\u00bb][vc_column_text]En <strong>3llideas<\/strong> sabemos de crear contenidos: tenemos un equipo experto de \u201ccopywriters\u201d y de dise\u00f1adores que crear\u00e1n justo lo que necesita tu proyecto. Posts de blog, contenido para la web, banners, creaci\u00f3n multimedia\u2026[\/vc_column_text][\/vc_column][vc_column width=\u00bb1\/3&#8243;][vc_column_text]<a href=\"http:\/\/www.3llideas.com\/wp-content\/uploads\/2018\/03\/email180.png\"><img loading=\"lazy\" decoding=\"async\" class=\"size-full wp-image-2863 aligncenter\" src=\"http:\/\/www.3llideas.com\/wp-content\/uploads\/2018\/03\/email180.png\" alt=\"\" width=\"151\" height=\"175\" \/><\/a>[\/vc_column_text][vc_empty_space height=\u00bb15px\u00bb][vc_column_text]<\/p>\n<h4 style=\"text-align: center;\">EMAIL MARKETING<\/h4>\n<p>[\/vc_column_text][vc_empty_space height=\u00bb15px\u00bb][vc_column_text]Un canal de comunicaci\u00f3n, que, a trav\u00e9s de la personalizaci\u00f3n y segmentaci\u00f3n, proporciona una experiencia relevante y personal.\u00a0En <strong>3llideas<\/strong> te asesoraremos para\u00a0hacer del email marketing una de las herramientas principales\u00a0para tu negocio.[\/vc_column_text][\/vc_column][vc_column width=\u00bb1\/3&#8243;][vc_column_text]<a href=\"http:\/\/www.3llideas.com\/wp-content\/uploads\/2018\/03\/socialmedia175.png\"><img loading=\"lazy\" decoding=\"async\" class=\"size-full wp-image-2868 aligncenter\" src=\"http:\/\/www.3llideas.com\/wp-content\/uploads\/2018\/03\/socialmedia175.png\" alt=\"\" width=\"246\" height=\"175\" \/><\/a>[\/vc_column_text][vc_empty_space height=\u00bb15px\u00bb][vc_column_text]<\/p>\n<h4 style=\"text-align: center;\">SOCIAL MEDIA MARKETING<\/h4>\n<p>[\/vc_column_text][vc_empty_space height=\u00bb15px\u00bb][vc_column_text]Las redes sociales se han convertido en una plataforma de comunicaci\u00f3n impagable entre empresas y usuarios, debiendo utilizarlas activamente como canal de atenci\u00f3n al cliente y tambi\u00e9n de marketing.[\/vc_column_text][\/vc_column][\/vc_row][vc_row][vc_column][vc_empty_space height=\u00bb100px\u00bb][vc_cta h2=\u00bb\u00bb txt_align=\u00bbcenter\u00bb add_button=\u00bbtop\u00bb btn_title=\u00bbPIDE INFORMACI\u00d3N\u00bb btn_style=\u00bbclassic\u00bb btn_color=\u00bbdanger\u00bb btn_size=\u00bblg\u00bb btn_align=\u00bbcenter\u00bb btn_i_icon_fontawesome=\u00bbfa fa-check\u00bb use_custom_fonts_h2=\u00bbtrue\u00bb use_custom_fonts_h4=\u00bbtrue\u00bb btn_add_icon=\u00bbtrue\u00bb h2_link=\u00bburl:%2Fes%2Ftu-proyecto%2F|||\u00bb btn_link=\u00bburl:%2Fes%2Ftu-proyecto%2F|||\u00bb]<\/p>\n<p style=\"text-align: center;\">Te ayudamos a alcanzar tus objetivos, a mejorar tu posicionamiento para que llegues a m\u00e1s personas, enriqueceremos tus contenidos y aprovechar\u00e1s todas las oportunidades de promoci\u00f3n que Internet te ofrece.<\/p>\n<p>[\/vc_cta][\/vc_column][\/vc_row]<\/p>\n<\/div>","protected":false},"excerpt":{"rendered":"<p>[vc_row css=\u00bb.vc_custom_1521092432451{margin-top: -80px !important;}\u00bb][vc_column][vc_column_text] MARKETING ONLINE [\/vc_column_text][vc_empty_space][vc_column_text] El Marketing Online recoje todas las acciones y estrategias publicitarias o comerciales que&#8230;<\/p>\n","protected":false},"author":1,"featured_media":1160,"parent":827,"menu_order":2,"comment_status":"closed","ping_status":"closed","template":"","meta":{"footnotes":""},"class_list":["post-2844","page","type-page","status-publish","has-post-thumbnail","hentry"],"yoast_head":"<!-- This site is optimized with the Yoast SEO Premium plugin v18.4 (Yoast SEO v27.5) - https:\/\/yoast.com\/product\/yoast-seo-premium-wordpress\/ -->\n<title>Marketing Online -<\/title>\n<meta name=\"description\" content=\"El Marketing Online recoje todas las acciones y estrategias publicitarias o comerciales que se ejecutan en los medios y canales de Internet\" \/>\n<meta name=\"robots\" content=\"index, follow, max-snippet:-1, max-image-preview:large, max-video-preview:-1\" \/>\n<link rel=\"canonical\" href=\"https:\/\/www.3llideas.com\/es\/servicios\/marketing-online\/\" \/>\n<meta property=\"og:locale\" content=\"es_ES\" \/>\n<meta property=\"og:type\" content=\"article\" \/>\n<meta property=\"og:title\" content=\"Marketing Online\" \/>\n<meta property=\"og:description\" content=\"El Marketing Online recoje todas las acciones y estrategias publicitarias o comerciales que se ejecutan en los medios y canales de Internet\" \/>\n<meta property=\"og:url\" content=\"https:\/\/www.3llideas.com\/es\/servicios\/marketing-online\/\" \/>\n<meta property=\"og:site_name\" content=\"3llideas.com\" \/>\n<meta property=\"article:modified_time\" content=\"2018-09-30T07:16:18+00:00\" \/>\n<meta property=\"og:image\" content=\"https:\/\/www.3llideas.com\/wp-content\/uploads\/2016\/02\/marketing_online.jpg\" \/>\n\t<meta property=\"og:image:width\" content=\"387\" \/>\n\t<meta property=\"og:image:height\" content=\"257\" \/>\n\t<meta property=\"og:image:type\" content=\"image\/jpeg\" \/>\n<meta name=\"twitter:card\" content=\"summary_large_image\" \/>\n<meta name=\"twitter:site\" content=\"@3llideas\" \/>\n<meta name=\"twitter:label1\" content=\"Tiempo de lectura\" \/>\n\t<meta name=\"twitter:data1\" content=\"3 minutos\" \/>\n<script type=\"application\/ld+json\" class=\"yoast-schema-graph\">{\"@context\":\"https:\\\/\\\/schema.org\",\"@graph\":[{\"@type\":\"WebPage\",\"@id\":\"https:\\\/\\\/www.3llideas.com\\\/es\\\/servicios\\\/marketing-online\\\/\",\"url\":\"https:\\\/\\\/www.3llideas.com\\\/es\\\/servicios\\\/marketing-online\\\/\",\"name\":\"Marketing Online -\",\"isPartOf\":{\"@id\":\"https:\\\/\\\/www.3llideas.com\\\/es\\\/#website\"},\"primaryImageOfPage\":{\"@id\":\"https:\\\/\\\/www.3llideas.com\\\/es\\\/servicios\\\/marketing-online\\\/#primaryimage\"},\"image\":{\"@id\":\"https:\\\/\\\/www.3llideas.com\\\/es\\\/servicios\\\/marketing-online\\\/#primaryimage\"},\"thumbnailUrl\":\"https:\\\/\\\/www.3llideas.com\\\/wp-content\\\/uploads\\\/2016\\\/02\\\/marketing_online.jpg\",\"datePublished\":\"2018-03-15T05:40:51+00:00\",\"dateModified\":\"2018-09-30T07:16:18+00:00\",\"description\":\"El Marketing Online recoje todas las acciones y estrategias publicitarias o comerciales que se ejecutan en los medios y canales de Internet\",\"breadcrumb\":{\"@id\":\"https:\\\/\\\/www.3llideas.com\\\/es\\\/servicios\\\/marketing-online\\\/#breadcrumb\"},\"inLanguage\":\"es\",\"potentialAction\":[{\"@type\":\"ReadAction\",\"target\":[\"https:\\\/\\\/www.3llideas.com\\\/es\\\/servicios\\\/marketing-online\\\/\"]}]},{\"@type\":\"ImageObject\",\"inLanguage\":\"es\",\"@id\":\"https:\\\/\\\/www.3llideas.com\\\/es\\\/servicios\\\/marketing-online\\\/#primaryimage\",\"url\":\"https:\\\/\\\/www.3llideas.com\\\/wp-content\\\/uploads\\\/2016\\\/02\\\/marketing_online.jpg\",\"contentUrl\":\"https:\\\/\\\/www.3llideas.com\\\/wp-content\\\/uploads\\\/2016\\\/02\\\/marketing_online.jpg\",\"width\":387,\"height\":257},{\"@type\":\"BreadcrumbList\",\"@id\":\"https:\\\/\\\/www.3llideas.com\\\/es\\\/servicios\\\/marketing-online\\\/#breadcrumb\",\"itemListElement\":[{\"@type\":\"ListItem\",\"position\":1,\"name\":\"Portada\",\"item\":\"https:\\\/\\\/www.3llideas.com\\\/es\\\/\"},{\"@type\":\"ListItem\",\"position\":2,\"name\":\"Servicios\",\"item\":\"https:\\\/\\\/www.3llideas.com\\\/es\\\/servicios\\\/\"},{\"@type\":\"ListItem\",\"position\":3,\"name\":\"Marketing Online\"}]},{\"@type\":\"WebSite\",\"@id\":\"https:\\\/\\\/www.3llideas.com\\\/es\\\/#website\",\"url\":\"https:\\\/\\\/www.3llideas.com\\\/es\\\/\",\"name\":\"3llideas.com\",\"description\":\"3llideas, Agencia Ecommerce, Gesti\u00f3n empresarial Microsoft, AWS, Gesti\u00f3n empresarial sage\",\"potentialAction\":[{\"@type\":\"SearchAction\",\"target\":{\"@type\":\"EntryPoint\",\"urlTemplate\":\"https:\\\/\\\/www.3llideas.com\\\/es\\\/?s={search_term_string}\"},\"query-input\":{\"@type\":\"PropertyValueSpecification\",\"valueRequired\":true,\"valueName\":\"search_term_string\"}}],\"inLanguage\":\"es\"}]}<\/script>\n<!-- \/ Yoast SEO Premium plugin. -->","yoast_head_json":{"title":"Marketing Online -","description":"El Marketing Online recoje todas las acciones y estrategias publicitarias o comerciales que se ejecutan en los medios y canales de Internet","robots":{"index":"index","follow":"follow","max-snippet":"max-snippet:-1","max-image-preview":"max-image-preview:large","max-video-preview":"max-video-preview:-1"},"canonical":"https:\/\/www.3llideas.com\/es\/servicios\/marketing-online\/","og_locale":"es_ES","og_type":"article","og_title":"Marketing Online","og_description":"El Marketing Online recoje todas las acciones y estrategias publicitarias o comerciales que se ejecutan en los medios y canales de Internet","og_url":"https:\/\/www.3llideas.com\/es\/servicios\/marketing-online\/","og_site_name":"3llideas.com","article_modified_time":"2018-09-30T07:16:18+00:00","og_image":[{"width":387,"height":257,"url":"https:\/\/www.3llideas.com\/wp-content\/uploads\/2016\/02\/marketing_online.jpg","type":"image\/jpeg"}],"twitter_card":"summary_large_image","twitter_site":"@3llideas","twitter_misc":{"Tiempo de lectura":"3 minutos"},"schema":{"@context":"https:\/\/schema.org","@graph":[{"@type":"WebPage","@id":"https:\/\/www.3llideas.com\/es\/servicios\/marketing-online\/","url":"https:\/\/www.3llideas.com\/es\/servicios\/marketing-online\/","name":"Marketing Online -","isPartOf":{"@id":"https:\/\/www.3llideas.com\/es\/#website"},"primaryImageOfPage":{"@id":"https:\/\/www.3llideas.com\/es\/servicios\/marketing-online\/#primaryimage"},"image":{"@id":"https:\/\/www.3llideas.com\/es\/servicios\/marketing-online\/#primaryimage"},"thumbnailUrl":"https:\/\/www.3llideas.com\/wp-content\/uploads\/2016\/02\/marketing_online.jpg","datePublished":"2018-03-15T05:40:51+00:00","dateModified":"2018-09-30T07:16:18+00:00","description":"El Marketing Online recoje todas las acciones y estrategias publicitarias o comerciales que se ejecutan en los medios y canales de Internet","breadcrumb":{"@id":"https:\/\/www.3llideas.com\/es\/servicios\/marketing-online\/#breadcrumb"},"inLanguage":"es","potentialAction":[{"@type":"ReadAction","target":["https:\/\/www.3llideas.com\/es\/servicios\/marketing-online\/"]}]},{"@type":"ImageObject","inLanguage":"es","@id":"https:\/\/www.3llideas.com\/es\/servicios\/marketing-online\/#primaryimage","url":"https:\/\/www.3llideas.com\/wp-content\/uploads\/2016\/02\/marketing_online.jpg","contentUrl":"https:\/\/www.3llideas.com\/wp-content\/uploads\/2016\/02\/marketing_online.jpg","width":387,"height":257},{"@type":"BreadcrumbList","@id":"https:\/\/www.3llideas.com\/es\/servicios\/marketing-online\/#breadcrumb","itemListElement":[{"@type":"ListItem","position":1,"name":"Portada","item":"https:\/\/www.3llideas.com\/es\/"},{"@type":"ListItem","position":2,"name":"Servicios","item":"https:\/\/www.3llideas.com\/es\/servicios\/"},{"@type":"ListItem","position":3,"name":"Marketing Online"}]},{"@type":"WebSite","@id":"https:\/\/www.3llideas.com\/es\/#website","url":"https:\/\/www.3llideas.com\/es\/","name":"3llideas.com","description":"3llideas, Agencia Ecommerce, Gesti\u00f3n empresarial Microsoft, AWS, Gesti\u00f3n empresarial sage","potentialAction":[{"@type":"SearchAction","target":{"@type":"EntryPoint","urlTemplate":"https:\/\/www.3llideas.com\/es\/?s={search_term_string}"},"query-input":{"@type":"PropertyValueSpecification","valueRequired":true,"valueName":"search_term_string"}}],"inLanguage":"es"}]}},"_links":{"self":[{"href":"https:\/\/www.3llideas.com\/es\/wp-json\/wp\/v2\/pages\/2844","targetHints":{"allow":["GET"]}}],"collection":[{"href":"https:\/\/www.3llideas.com\/es\/wp-json\/wp\/v2\/pages"}],"about":[{"href":"https:\/\/www.3llideas.com\/es\/wp-json\/wp\/v2\/types\/page"}],"author":[{"embeddable":true,"href":"https:\/\/www.3llideas.com\/es\/wp-json\/wp\/v2\/users\/1"}],"replies":[{"embeddable":true,"href":"https:\/\/www.3llideas.com\/es\/wp-json\/wp\/v2\/comments?post=2844"}],"version-history":[{"count":28,"href":"https:\/\/www.3llideas.com\/es\/wp-json\/wp\/v2\/pages\/2844\/revisions"}],"predecessor-version":[{"id":3696,"href":"https:\/\/www.3llideas.com\/es\/wp-json\/wp\/v2\/pages\/2844\/revisions\/3696"}],"up":[{"embeddable":true,"href":"https:\/\/www.3llideas.com\/es\/wp-json\/wp\/v2\/pages\/827"}],"wp:featuredmedia":[{"embeddable":true,"href":"https:\/\/www.3llideas.com\/es\/wp-json\/wp\/v2\/media\/1160"}],"wp:attachment":[{"href":"https:\/\/www.3llideas.com\/es\/wp-json\/wp\/v2\/media?parent=2844"}],"curies":[{"name":"wp","href":"https:\/\/api.w.org\/{rel}","templated":true}]}}