{"id":2389,"date":"2017-05-31T10:38:25","date_gmt":"2017-05-31T10:38:25","guid":{"rendered":"http:\/\/www.3llideas.com\/?page_id=2389\/"},"modified":"2018-09-21T08:53:00","modified_gmt":"2018-09-21T08:53:00","slug":"empresa-virtual","status":"publish","type":"page","link":"https:\/\/www.3llideas.com\/es\/empresa-virtual\/","title":{"rendered":"Empresa virtual"},"content":{"rendered":"<div class=\"wpb-content-wrapper\"><p>[vc_row][vc_column width=\u00bb1\/4&#8243;]<\/p>\n<div class=\"quickfinder\">\n<ul class=\"styled\">\n<li class=\"lazy-loading\" data-ll-finish-delay=\"200\"><a href=\"http:\/\/www.3llideas.com\/es\/servicios\/hosting-y-asesoramiento-tecnico\/\" class=\"clearfix\" target=\"_self\"><span class=\"image thumb lazy-loading-item\" data-ll-item-delay=\"0\" data-ll-effect=\"clip\"><img decoding=\"async\" src=\"https:\/\/www.3llideas.com\/wp-content\/uploads\/2016\/02\/circle_hosting-170x170.jpg\" alt=\"\" \/><span class=\"overlay\"><\/span><\/span><span class=\"lazy-loading-item caption\" data-ll-item-delay=\"200\" data-ll-effect=\"fading\"><span class=\"title\"><\/span><\/span><\/a><\/li>\n<\/ul>\n<\/div>\n<p>[\/vc_column][vc_column width=\u00bb1\/2&#8243;][vc_empty_space height=\u00bb72px\u00bb][vc_column_text css_animation=\u00bbbottom-to-top\u00bb]<\/p>\n<h2><span style=\"color: #ffa588;\"><strong><a style=\"text-decoration: none; color: #ffa588;\" href=\"http:\/\/www.3llideas.com\/es\/que-es-empresa-virtual\/\">\u00bfQU\u00c9 ES UNA EMPRESA VIRTUAL?<\/a><\/strong><\/span><\/h2>\n<p class=\"p1\"><span class=\"s1\">Descubre nuestro servicio completo de acompa\u00f1amiento al empresario con el objetivo de ayudarle a mejorar su eficiencia<\/span><\/p>\n<p>[\/vc_column_text][\/vc_column][vc_column width=\u00bb1\/4&#8243;][vc_empty_space height=\u00bb92px\u00bb]<a class=\"button\" href=\"\/que-es-empresa-virtual\/\" target=\"_self\" style=\"background-color: #48afdb;\">SABER M\u00c1S<\/a>[\/vc_column][\/vc_row][vc_row][vc_column]<\/p>\n<div class=\"divider\" style=\"border-color: #c9c9c9\"><\/div>\n<p>[\/vc_column][\/vc_row][vc_row][vc_column width=\u00bb1\/4&#8243;]<\/p>\n<div class=\"quickfinder\">\n<ul class=\"styled\">\n<li class=\"lazy-loading\" data-ll-finish-delay=\"200\"><a href=\"http:\/\/www.3llideas.com\/es\/servicios\/diseno-graficoweb-y-branding\/\" class=\"clearfix\" target=\"_self\"><span class=\"image thumb lazy-loading-item\" data-ll-item-delay=\"0\" data-ll-effect=\"clip\"><img decoding=\"async\" src=\"https:\/\/www.3llideas.com\/wp-content\/uploads\/2016\/02\/branding-170x170.jpg\" alt=\"\" \/><span class=\"overlay\"><\/span><\/span><span class=\"lazy-loading-item caption\" data-ll-item-delay=\"200\" data-ll-effect=\"fading\"><span class=\"title\"><\/span><\/span><\/a><\/li>\n<\/ul>\n<\/div>\n<p>[\/vc_column][vc_column width=\u00bb1\/2&#8243;][vc_empty_space height=\u00bb72px\u00bb][vc_column_text css_animation=\u00bbbottom-to-top\u00bb]<\/p>\n<h2><span style=\"color: #ffa588;\"><strong><a style=\"text-decoration: none; color: #ffa588;\" href=\"http:\/\/www.3llideas.com\/es\/servicio-de-consultoria\/\">CONSULTORIA<\/a><\/strong><\/span><\/h2>\n<p class=\"p1\"><span class=\"s1\">Descubre todo lo que podemos aportar a tu empresa con nuestro servicio de consultor\u00eda.<\/span><\/p>\n<p>[\/vc_column_text][\/vc_column][vc_column width=\u00bb1\/4&#8243;][vc_empty_space height=\u00bb92px\u00bb]<a class=\"button\" href=\"servicio-de-consultoria\/\" target=\"_self\" style=\"background-color: #48afdb;\">SABER M\u00c1S<\/a>[\/vc_column][\/vc_row][vc_row][vc_column]<\/p>\n<div class=\"divider\" style=\"border-color: #c9c9c9\"><\/div>\n<p>[\/vc_column][\/vc_row][vc_row][vc_column width=\u00bb1\/4&#8243;]<\/p>\n<div class=\"quickfinder\">\n<ul class=\"styled\">\n<li class=\"lazy-loading\" data-ll-finish-delay=\"200\"><a href=\"http:\/\/www.3llideas.com\/es\/servicios\/desarrollo-web\/\" class=\"clearfix\" target=\"_self\"><span class=\"image thumb lazy-loading-item\" data-ll-item-delay=\"0\" data-ll-effect=\"clip\"><img decoding=\"async\" src=\"https:\/\/www.3llideas.com\/wp-content\/uploads\/2016\/02\/circle_desarrollo_web-170x170.jpg\" alt=\"\" \/><span class=\"overlay\"><\/span><\/span><span class=\"lazy-loading-item caption\" data-ll-item-delay=\"200\" data-ll-effect=\"fading\"><span class=\"title\"><\/span><\/span><\/a><\/li>\n<\/ul>\n<\/div>\n<p>[\/vc_column][vc_column width=\u00bb1\/2&#8243;][vc_empty_space height=\u00bb72px\u00bb][vc_column_text css_animation=\u00bbbottom-to-top\u00bb]<\/p>\n<h2><span style=\"color: #ffa588;\"><strong><a style=\"text-decoration: none; color: #ffa588;\" href=\"http:\/\/www.3llideas.com\/es\/tecnologia-software\/\">TECNOLOG\u00cdA Y SOFTWARE DE GESTI\u00d3N<\/a><\/strong><\/span><\/h2>\n<p class=\"p1\"><span class=\"s1\">Somos especialistas y distribuimos soluciones de tecnolog\u00eda y software de gesti\u00f3n que han de ayudar a la empresa de mejorar su control y eficiencia.<\/span><\/p>\n<p>[\/vc_column_text][\/vc_column][vc_column width=\u00bb1\/4&#8243;][vc_empty_space height=\u00bb92px\u00bb]<a class=\"button\" href=\"\/tecnologia-software\/\" target=\"_self\" style=\"background-color: #48afdb;\">SABER M\u00c1S<\/a>[\/vc_column][\/vc_row][vc_row][vc_column]<\/p>\n<div class=\"divider\" style=\"border-color: #c9c9c9\"><\/div>\n<p>[\/vc_column][\/vc_row][vc_row][vc_column width=\u00bb1\/4&#8243;]<\/p>\n<div class=\"quickfinder\">\n<ul class=\"styled\">\n<li class=\"lazy-loading\" data-ll-finish-delay=\"200\"><a href=\"http:\/\/www.3llideas.com\/es\/servicios\/integracion-erp\/\" class=\"clearfix\" target=\"_self\"><span class=\"image thumb lazy-loading-item\" data-ll-item-delay=\"0\" data-ll-effect=\"clip\"><img decoding=\"async\" src=\"https:\/\/www.3llideas.com\/wp-content\/uploads\/2016\/01\/erp_quick-170x170.jpg\" alt=\"\" \/><span class=\"overlay\"><\/span><\/span><span class=\"lazy-loading-item caption\" data-ll-item-delay=\"200\" data-ll-effect=\"fading\"><span class=\"title\"><\/span><\/span><\/a><\/li>\n<\/ul>\n<\/div>\n<p>[\/vc_column][vc_column width=\u00bb1\/2&#8243;][vc_empty_space height=\u00bb72px\u00bb][vc_column_text css_animation=\u00bbbottom-to-top\u00bb]<\/p>\n<h2><span style=\"color: #ffa588;\"><strong><a style=\"text-decoration: none; color: #ffa588;\" href=\"http:\/\/www.3llideas.com\/es\/servicios\/gestionamos-tienda-online\/\">GESTI\u00d3N PROACTIVA<\/a><\/strong><\/span><\/h2>\n<p class=\"p1\"><span class=\"s1\">La gesti\u00f3n proactiva es nuestro factor diferencial, descubre nuestro servicio de externalizaci\u00f3n de tareas de gesti\u00f3n <\/span><\/p>\n<p>[\/vc_column_text][\/vc_column][vc_column width=\u00bb1\/4&#8243;][vc_empty_space height=\u00bb92px\u00bb]<a class=\"button\" href=\"\/gestion-proactiva\/\" target=\"_self\" style=\"background-color: #48afdb;\">SABER M\u00c1S<\/a>[\/vc_column][\/vc_row]<\/p>\n<\/div>","protected":false},"excerpt":{"rendered":"<p>[vc_row][vc_column width=\u00bb1\/4&#8243;][\/vc_column][vc_column width=\u00bb1\/2&#8243;][vc_empty_space height=\u00bb72px\u00bb][vc_column_text css_animation=\u00bbbottom-to-top\u00bb] \u00bfQU\u00c9 ES UNA EMPRESA VIRTUAL? Descubre nuestro servicio completo de acompa\u00f1amiento al empresario con el&#8230;<\/p>\n","protected":false},"author":4,"featured_media":0,"parent":0,"menu_order":0,"comment_status":"closed","ping_status":"closed","template":"","meta":{"footnotes":""},"class_list":["post-2389","page","type-page","status-publish","hentry"],"yoast_head":"<!-- This site is optimized with the Yoast SEO Premium plugin v18.4 (Yoast SEO v25.1) - https:\/\/yoast.com\/wordpress\/plugins\/seo\/ -->\n<title>Servicios de 3llideas: tiendas online, marketing, ERP...<\/title>\n<meta name=\"description\" content=\"3llideas es una empresa de desarrollo web que ofrece servicios de creaci\u00f3n de tiendas online, SEO, SEM, marketing online, asesoramiento tecnol\u00f3gico...\" \/>\n<meta name=\"robots\" content=\"index, follow, max-snippet:-1, max-image-preview:large, max-video-preview:-1\" \/>\n<link rel=\"canonical\" href=\"https:\/\/www.3llideas.com\/es\/empresa-virtual\/\" \/>\n<meta property=\"og:locale\" content=\"es_ES\" \/>\n<meta property=\"og:type\" content=\"article\" \/>\n<meta property=\"og:title\" content=\"Empresa virtual\" \/>\n<meta property=\"og:description\" content=\"3llideas es una empresa de desarrollo web que ofrece servicios de creaci\u00f3n de tiendas online, SEO, SEM, marketing online, asesoramiento tecnol\u00f3gico...\" \/>\n<meta property=\"og:url\" content=\"https:\/\/www.3llideas.com\/es\/empresa-virtual\/\" \/>\n<meta property=\"og:site_name\" content=\"3llideas.com\" \/>\n<meta property=\"article:modified_time\" content=\"2018-09-21T08:53:00+00:00\" \/>\n<meta name=\"twitter:card\" content=\"summary_large_image\" \/>\n<meta name=\"twitter:site\" content=\"@3llideas\" \/>\n<meta name=\"twitter:label1\" content=\"Tiempo de lectura\" \/>\n\t<meta name=\"twitter:data1\" content=\"2 minutos\" \/>\n<script type=\"application\/ld+json\" class=\"yoast-schema-graph\">{\"@context\":\"https:\/\/schema.org\",\"@graph\":[{\"@type\":\"WebPage\",\"@id\":\"https:\/\/www.3llideas.com\/es\/empresa-virtual\/\",\"url\":\"https:\/\/www.3llideas.com\/es\/empresa-virtual\/\",\"name\":\"Servicios de 3llideas: tiendas online, marketing, ERP...\",\"isPartOf\":{\"@id\":\"https:\/\/www.3llideas.com\/es\/#website\"},\"datePublished\":\"2017-05-31T10:38:25+00:00\",\"dateModified\":\"2018-09-21T08:53:00+00:00\",\"description\":\"3llideas es una empresa de desarrollo web que ofrece servicios de creaci\u00f3n de tiendas online, SEO, SEM, marketing online, asesoramiento tecnol\u00f3gico...\",\"breadcrumb\":{\"@id\":\"https:\/\/www.3llideas.com\/es\/empresa-virtual\/#breadcrumb\"},\"inLanguage\":\"es\",\"potentialAction\":[{\"@type\":\"ReadAction\",\"target\":[\"https:\/\/www.3llideas.com\/es\/empresa-virtual\/\"]}]},{\"@type\":\"BreadcrumbList\",\"@id\":\"https:\/\/www.3llideas.com\/es\/empresa-virtual\/#breadcrumb\",\"itemListElement\":[{\"@type\":\"ListItem\",\"position\":1,\"name\":\"Portada\",\"item\":\"https:\/\/www.3llideas.com\/es\/\"},{\"@type\":\"ListItem\",\"position\":2,\"name\":\"Empresa virtual\"}]},{\"@type\":\"WebSite\",\"@id\":\"https:\/\/www.3llideas.com\/es\/#website\",\"url\":\"https:\/\/www.3llideas.com\/es\/\",\"name\":\"3llideas.com\",\"description\":\"3llideas, Agencia Ecommerce, Gesti\u00f3n empresarial Microsoft, AWS, Gesti\u00f3n empresarial sage\",\"potentialAction\":[{\"@type\":\"SearchAction\",\"target\":{\"@type\":\"EntryPoint\",\"urlTemplate\":\"https:\/\/www.3llideas.com\/es\/?s={search_term_string}\"},\"query-input\":{\"@type\":\"PropertyValueSpecification\",\"valueRequired\":true,\"valueName\":\"search_term_string\"}}],\"inLanguage\":\"es\"}]}<\/script>\n<!-- \/ Yoast SEO Premium plugin. -->","yoast_head_json":{"title":"Servicios de 3llideas: tiendas online, marketing, ERP...","description":"3llideas es una empresa de desarrollo web que ofrece servicios de creaci\u00f3n de tiendas online, SEO, SEM, marketing online, asesoramiento tecnol\u00f3gico...","robots":{"index":"index","follow":"follow","max-snippet":"max-snippet:-1","max-image-preview":"max-image-preview:large","max-video-preview":"max-video-preview:-1"},"canonical":"https:\/\/www.3llideas.com\/es\/empresa-virtual\/","og_locale":"es_ES","og_type":"article","og_title":"Empresa virtual","og_description":"3llideas es una empresa de desarrollo web que ofrece servicios de creaci\u00f3n de tiendas online, SEO, SEM, marketing online, asesoramiento tecnol\u00f3gico...","og_url":"https:\/\/www.3llideas.com\/es\/empresa-virtual\/","og_site_name":"3llideas.com","article_modified_time":"2018-09-21T08:53:00+00:00","twitter_card":"summary_large_image","twitter_site":"@3llideas","twitter_misc":{"Tiempo de lectura":"2 minutos"},"schema":{"@context":"https:\/\/schema.org","@graph":[{"@type":"WebPage","@id":"https:\/\/www.3llideas.com\/es\/empresa-virtual\/","url":"https:\/\/www.3llideas.com\/es\/empresa-virtual\/","name":"Servicios de 3llideas: tiendas online, marketing, ERP...","isPartOf":{"@id":"https:\/\/www.3llideas.com\/es\/#website"},"datePublished":"2017-05-31T10:38:25+00:00","dateModified":"2018-09-21T08:53:00+00:00","description":"3llideas es una empresa de desarrollo web que ofrece servicios de creaci\u00f3n de tiendas online, SEO, SEM, marketing online, asesoramiento tecnol\u00f3gico...","breadcrumb":{"@id":"https:\/\/www.3llideas.com\/es\/empresa-virtual\/#breadcrumb"},"inLanguage":"es","potentialAction":[{"@type":"ReadAction","target":["https:\/\/www.3llideas.com\/es\/empresa-virtual\/"]}]},{"@type":"BreadcrumbList","@id":"https:\/\/www.3llideas.com\/es\/empresa-virtual\/#breadcrumb","itemListElement":[{"@type":"ListItem","position":1,"name":"Portada","item":"https:\/\/www.3llideas.com\/es\/"},{"@type":"ListItem","position":2,"name":"Empresa virtual"}]},{"@type":"WebSite","@id":"https:\/\/www.3llideas.com\/es\/#website","url":"https:\/\/www.3llideas.com\/es\/","name":"3llideas.com","description":"3llideas, Agencia Ecommerce, Gesti\u00f3n empresarial Microsoft, AWS, Gesti\u00f3n empresarial sage","potentialAction":[{"@type":"SearchAction","target":{"@type":"EntryPoint","urlTemplate":"https:\/\/www.3llideas.com\/es\/?s={search_term_string}"},"query-input":{"@type":"PropertyValueSpecification","valueRequired":true,"valueName":"search_term_string"}}],"inLanguage":"es"}]}},"_links":{"self":[{"href":"https:\/\/www.3llideas.com\/es\/wp-json\/wp\/v2\/pages\/2389","targetHints":{"allow":["GET"]}}],"collection":[{"href":"https:\/\/www.3llideas.com\/es\/wp-json\/wp\/v2\/pages"}],"about":[{"href":"https:\/\/www.3llideas.com\/es\/wp-json\/wp\/v2\/types\/page"}],"author":[{"embeddable":true,"href":"https:\/\/www.3llideas.com\/es\/wp-json\/wp\/v2\/users\/4"}],"replies":[{"embeddable":true,"href":"https:\/\/www.3llideas.com\/es\/wp-json\/wp\/v2\/comments?post=2389"}],"version-history":[{"count":11,"href":"https:\/\/www.3llideas.com\/es\/wp-json\/wp\/v2\/pages\/2389\/revisions"}],"predecessor-version":[{"id":3373,"href":"https:\/\/www.3llideas.com\/es\/wp-json\/wp\/v2\/pages\/2389\/revisions\/3373"}],"wp:attachment":[{"href":"https:\/\/www.3llideas.com\/es\/wp-json\/wp\/v2\/media?parent=2389"}],"curies":[{"name":"wp","href":"https:\/\/api.w.org\/{rel}","templated":true}]}}