{"id":2376,"date":"2017-05-31T10:00:11","date_gmt":"2017-05-31T10:00:11","guid":{"rendered":"http:\/\/www.3llideas.com\/?page_id=2376\/"},"modified":"2021-10-06T10:07:51","modified_gmt":"2021-10-06T08:07:51","slug":"gestion-proactiva","status":"publish","type":"page","link":"https:\/\/www.3llideas.com\/es\/gestion-proactiva\/","title":{"rendered":"Gesti\u00f3n proactiva"},"content":{"rendered":"<div class=\"wpb-content-wrapper\"><p>[vc_row css=\u00bb.vc_custom_1521446919772{margin-top: -80px !important;}\u00bb][vc_column][vc_empty_space height=\u00bb16px\u00bb][vc_column_text]<\/p>\n<h2 style=\"text-align: center;\">Gesti\u00f3n proactiva<\/h2>\n<p>[\/vc_column_text][\/vc_column][\/vc_row][vc_row][vc_column][vc_empty_space][vc_column_text]<\/p>\n<p style=\"text-align: justify;\"><a href=\"http:\/\/www.3llideas.com\/wp-content\/uploads\/2018\/10\/banner_gestproact1_web_3llideas.png\"><img loading=\"lazy\" decoding=\"async\" class=\"aligncenter size-full wp-image-4052\" src=\"http:\/\/www.3llideas.com\/wp-content\/uploads\/2018\/10\/banner_gestproact1_web_3llideas.png\" alt=\"\" width=\"1170\" height=\"300\" srcset=\"https:\/\/www.3llideas.com\/wp-content\/uploads\/2018\/10\/banner_gestproact1_web_3llideas.png 1170w, https:\/\/www.3llideas.com\/wp-content\/uploads\/2018\/10\/banner_gestproact1_web_3llideas-300x77.png 300w, https:\/\/www.3llideas.com\/wp-content\/uploads\/2018\/10\/banner_gestproact1_web_3llideas-768x197.png 768w, https:\/\/www.3llideas.com\/wp-content\/uploads\/2018\/10\/banner_gestproact1_web_3llideas-1024x263.png 1024w, https:\/\/www.3llideas.com\/wp-content\/uploads\/2018\/10\/banner_gestproact1_web_3llideas-1087x279.png 1087w\" sizes=\"auto, (max-width: 1170px) 100vw, 1170px\" \/><\/a><\/p>\n<p>[\/vc_column_text][vc_empty_space][vc_column_text]<\/p>\n<p style=\"text-align: justify;\">La gesti\u00f3n proactiva es nuestro factor diferencial, nos hacemos part\u00edcipes del d\u00eda a d\u00eda del cliente permiti\u00e9ndole delegar en nosotros las tareas que no son clave para \u00e9l y que nuestro equipo es especialista en ellas. Se trata de un servicio de <strong>externalizaci\u00f3n de tareas de gesti\u00f3n<\/strong>. Con nuestro servicio puede crecer con costes variables, optimizar costes y aumentar la productividad de su empresa.<\/p>\n<p>[\/vc_column_text][vc_empty_space][vc_empty_space][\/vc_column][\/vc_row][vc_row][vc_column width=\u00bb1\/3&#8243;]<\/p>\n<div class=\"iconed-text clearfix\"><span class=\"icon\" style=\"border-color: ; background-color: ; color: ;\">&#xe6b9;<\/span><\/p>\n<div class=\"text\">\n<h5>Management<\/h5>\n<div><\/div>\n<\/div>\n<\/div>\n<p>[vc_empty_space height=\u00bb10px\u00bb]<\/p>\n<div class=\"list minus\">Acompa\u00f1amos:<\/p>\n<ul class=\"styled\">\n<li>Lanzamiento de empresas<\/li>\n<li>Crecimiento y organizaci\u00f3n<\/li>\n<li>Elaboraci\u00f3n planes de negocio<\/li>\n<li>Financiaci\u00f3n y tesorer\u00eda<\/li>\n<li>Temas legales<\/li>\n<\/ul>\n<\/div>\n<p>[\/vc_column][vc_column width=\u00bb1\/3&#8243;]<\/p>\n<div class=\"iconed-text clearfix\"><span class=\"icon\" style=\"border-color: ; background-color: ; color: ;\">&#xe6a6;<\/span><\/p>\n<div class=\"text\">\n<h5>Gesti\u00f3n \u00e1reas<\/h5>\n<div><\/div>\n<\/div>\n<\/div>\n<p>[vc_empty_space height=\u00bb10px\u00bb]<\/p>\n<div class=\"list minus\">\n<ul class=\"styled\">\n<li>Asumimos cometidos de \u00e1reas como contabilidad, pedidos, compras, finanzas&#8230;Registramos lo que haga tu empresa para que puedas tener bajo control y optimizar recursos especializados<\/li>\n<\/ul>\n<\/div>\n<p>[\/vc_column][vc_column width=\u00bb1\/3&#8243;]<\/p>\n<div class=\"iconed-text clearfix\"><span class=\"icon\" style=\"border-color: ; background-color: ; color: ;\">&#xe666;<\/span><\/p>\n<div class=\"text\">\n<h5>Gesti\u00f3n delegada<\/h5>\n<div><\/div>\n<\/div>\n<\/div>\n<p>[vc_empty_space height=\u00bb10px\u00bb]<\/p>\n<div class=\"list minus\">\n<ul class=\"styled\">\n<li>Disponemos de un equipo administrativo muy productivo que puede gestionar tareas en la soluci\u00f3n de gesti\u00f3n<\/li>\n<li>Gestionamos proyectos de gesti\u00f3n delegada completa de las empresas, en Empresa virtual &#8211; www.empresavirtual.io<\/li>\n<\/ul>\n<\/div>\n<p>[\/vc_column][\/vc_row][vc_row][vc_column][vc_empty_space height=\u00bb70px\u00bb][vc_column_text]<\/p>\n<p style=\"text-align: center;\">M\u00e1s informaci\u00f3n acerca de nuestro servicio de <a href=\"http:\/\/www.empresavirtual.io\">Empresa Virtual, www.empresavirtual.io<\/a><\/p>\n<p>[\/vc_column_text][vc_empty_space][vc_column_text]<\/p>\n<p style=\"text-align: center;\">Saber m\u00e1s acerca de <a href=\"http:\/\/www.3llideas.com\/es\/que-es-empresa-virtual\/\">Empresa Virtual<\/a> | Saber m\u00e1s acerca de <a href=\"http:\/\/www.3llideas.com\/es\/servicio-de-consultoria\/\">Consultor\u00eda<\/a> | Saber m\u00e1s acerca de <a href=\"http:\/\/www.3llideas.com\/es\/tecnologia-software-de-gestion\/\">Tecnolog\u00eda y SW<\/a><\/p>\n<p>[\/vc_column_text][vc_empty_space height=\u00bb70px\u00bb][\/vc_column][\/vc_row][vc_row][vc_column][vc_cta h2=\u00bb\u00bb h4=\u00bbPerm\u00edtenos estudiar tu proyecto\u00bb add_button=\u00bbbottom\u00bb btn_title=\u00bbContacta con nosotros\u00bb btn_color=\u00bbdanger\u00bb btn_align=\u00bbcenter\u00bb btn_link=\u00bburl:https%3A%2F%2Fwww.3llideas.com%2Fes%2Fsaber-mas-3llideas%2F|title:Saber%20m%C3%A1s\u00bb]\u00bfQuieres saber m\u00e1s acerca de nuestro servicio de gesti\u00f3n proactiva? Ponte en contacto con nosotros.[\/vc_cta][\/vc_column][\/vc_row]<\/p>\n<\/div>","protected":false},"excerpt":{"rendered":"<p>[vc_row css=\u00bb.vc_custom_1521446919772{margin-top: -80px !important;}\u00bb][vc_column][vc_empty_space height=\u00bb16px\u00bb][vc_column_text] Gesti\u00f3n proactiva [\/vc_column_text][\/vc_column][\/vc_row][vc_row][vc_column][vc_empty_space][vc_column_text] [\/vc_column_text][vc_empty_space][vc_column_text] La gesti\u00f3n proactiva es nuestro factor diferencial, nos hacemos part\u00edcipes del&#8230;<\/p>\n","protected":false},"author":4,"featured_media":0,"parent":0,"menu_order":0,"comment_status":"closed","ping_status":"closed","template":"","meta":{"footnotes":""},"class_list":["post-2376","page","type-page","status-publish","hentry"],"yoast_head":"<!-- This site is optimized with the Yoast SEO Premium plugin v18.4 (Yoast SEO v27.4) - https:\/\/yoast.com\/product\/yoast-seo-premium-wordpress\/ -->\n<title>Empresa virtual, servicio de gesti\u00f3n proactiva para empresas<\/title>\n<meta name=\"description\" content=\"Empresa Virtual es un servicio completo de acompa\u00f1amiento al empresario con el objetivo de ayudarle a mejorar su eficiencia. Delegue la gesti\u00f3n en nuestro equipo.\" \/>\n<meta name=\"robots\" content=\"index, follow, max-snippet:-1, max-image-preview:large, max-video-preview:-1\" \/>\n<link rel=\"canonical\" href=\"https:\/\/www.3llideas.com\/es\/gestion-proactiva\/\" \/>\n<meta property=\"og:locale\" content=\"es_ES\" \/>\n<meta property=\"og:type\" content=\"article\" \/>\n<meta property=\"og:title\" content=\"Gesti\u00f3n proactiva\" \/>\n<meta property=\"og:description\" content=\"Empresa Virtual es un servicio completo de acompa\u00f1amiento al empresario con el objetivo de ayudarle a mejorar su eficiencia. Delegue la gesti\u00f3n en nuestro equipo.\" \/>\n<meta property=\"og:url\" content=\"https:\/\/www.3llideas.com\/es\/gestion-proactiva\/\" \/>\n<meta property=\"og:site_name\" content=\"3llideas.com\" \/>\n<meta property=\"article:modified_time\" content=\"2021-10-06T08:07:51+00:00\" \/>\n<meta property=\"og:image\" content=\"http:\/\/www.3llideas.com\/wp-content\/uploads\/2018\/10\/banner_gestproact1_web_3llideas.png\" \/>\n<meta name=\"twitter:card\" content=\"summary_large_image\" \/>\n<meta name=\"twitter:site\" content=\"@3llideas\" \/>\n<meta name=\"twitter:label1\" content=\"Tiempo de lectura\" \/>\n\t<meta name=\"twitter:data1\" content=\"2 minutos\" \/>\n<script type=\"application\/ld+json\" class=\"yoast-schema-graph\">{\"@context\":\"https:\\\/\\\/schema.org\",\"@graph\":[{\"@type\":\"WebPage\",\"@id\":\"https:\\\/\\\/www.3llideas.com\\\/es\\\/gestion-proactiva\\\/\",\"url\":\"https:\\\/\\\/www.3llideas.com\\\/es\\\/gestion-proactiva\\\/\",\"name\":\"Empresa virtual, servicio de gesti\u00f3n proactiva para empresas\",\"isPartOf\":{\"@id\":\"https:\\\/\\\/www.3llideas.com\\\/es\\\/#website\"},\"primaryImageOfPage\":{\"@id\":\"https:\\\/\\\/www.3llideas.com\\\/es\\\/gestion-proactiva\\\/#primaryimage\"},\"image\":{\"@id\":\"https:\\\/\\\/www.3llideas.com\\\/es\\\/gestion-proactiva\\\/#primaryimage\"},\"thumbnailUrl\":\"http:\\\/\\\/www.3llideas.com\\\/wp-content\\\/uploads\\\/2018\\\/10\\\/banner_gestproact1_web_3llideas.png\",\"datePublished\":\"2017-05-31T10:00:11+00:00\",\"dateModified\":\"2021-10-06T08:07:51+00:00\",\"description\":\"Empresa Virtual es un servicio completo de acompa\u00f1amiento al empresario con el objetivo de ayudarle a mejorar su eficiencia. Delegue la gesti\u00f3n en nuestro equipo.\",\"breadcrumb\":{\"@id\":\"https:\\\/\\\/www.3llideas.com\\\/es\\\/gestion-proactiva\\\/#breadcrumb\"},\"inLanguage\":\"es\",\"potentialAction\":[{\"@type\":\"ReadAction\",\"target\":[\"https:\\\/\\\/www.3llideas.com\\\/es\\\/gestion-proactiva\\\/\"]}]},{\"@type\":\"ImageObject\",\"inLanguage\":\"es\",\"@id\":\"https:\\\/\\\/www.3llideas.com\\\/es\\\/gestion-proactiva\\\/#primaryimage\",\"url\":\"http:\\\/\\\/www.3llideas.com\\\/wp-content\\\/uploads\\\/2018\\\/10\\\/banner_gestproact1_web_3llideas.png\",\"contentUrl\":\"http:\\\/\\\/www.3llideas.com\\\/wp-content\\\/uploads\\\/2018\\\/10\\\/banner_gestproact1_web_3llideas.png\"},{\"@type\":\"BreadcrumbList\",\"@id\":\"https:\\\/\\\/www.3llideas.com\\\/es\\\/gestion-proactiva\\\/#breadcrumb\",\"itemListElement\":[{\"@type\":\"ListItem\",\"position\":1,\"name\":\"Portada\",\"item\":\"https:\\\/\\\/www.3llideas.com\\\/es\\\/\"},{\"@type\":\"ListItem\",\"position\":2,\"name\":\"Gesti\u00f3n proactiva\"}]},{\"@type\":\"WebSite\",\"@id\":\"https:\\\/\\\/www.3llideas.com\\\/es\\\/#website\",\"url\":\"https:\\\/\\\/www.3llideas.com\\\/es\\\/\",\"name\":\"3llideas.com\",\"description\":\"3llideas, Agencia Ecommerce, Gesti\u00f3n empresarial Microsoft, AWS, Gesti\u00f3n empresarial sage\",\"potentialAction\":[{\"@type\":\"SearchAction\",\"target\":{\"@type\":\"EntryPoint\",\"urlTemplate\":\"https:\\\/\\\/www.3llideas.com\\\/es\\\/?s={search_term_string}\"},\"query-input\":{\"@type\":\"PropertyValueSpecification\",\"valueRequired\":true,\"valueName\":\"search_term_string\"}}],\"inLanguage\":\"es\"}]}<\/script>\n<!-- \/ Yoast SEO Premium plugin. -->","yoast_head_json":{"title":"Empresa virtual, servicio de gesti\u00f3n proactiva para empresas","description":"Empresa Virtual es un servicio completo de acompa\u00f1amiento al empresario con el objetivo de ayudarle a mejorar su eficiencia. Delegue la gesti\u00f3n en nuestro equipo.","robots":{"index":"index","follow":"follow","max-snippet":"max-snippet:-1","max-image-preview":"max-image-preview:large","max-video-preview":"max-video-preview:-1"},"canonical":"https:\/\/www.3llideas.com\/es\/gestion-proactiva\/","og_locale":"es_ES","og_type":"article","og_title":"Gesti\u00f3n proactiva","og_description":"Empresa Virtual es un servicio completo de acompa\u00f1amiento al empresario con el objetivo de ayudarle a mejorar su eficiencia. Delegue la gesti\u00f3n en nuestro equipo.","og_url":"https:\/\/www.3llideas.com\/es\/gestion-proactiva\/","og_site_name":"3llideas.com","article_modified_time":"2021-10-06T08:07:51+00:00","og_image":[{"url":"http:\/\/www.3llideas.com\/wp-content\/uploads\/2018\/10\/banner_gestproact1_web_3llideas.png","type":"","width":"","height":""}],"twitter_card":"summary_large_image","twitter_site":"@3llideas","twitter_misc":{"Tiempo de lectura":"2 minutos"},"schema":{"@context":"https:\/\/schema.org","@graph":[{"@type":"WebPage","@id":"https:\/\/www.3llideas.com\/es\/gestion-proactiva\/","url":"https:\/\/www.3llideas.com\/es\/gestion-proactiva\/","name":"Empresa virtual, servicio de gesti\u00f3n proactiva para empresas","isPartOf":{"@id":"https:\/\/www.3llideas.com\/es\/#website"},"primaryImageOfPage":{"@id":"https:\/\/www.3llideas.com\/es\/gestion-proactiva\/#primaryimage"},"image":{"@id":"https:\/\/www.3llideas.com\/es\/gestion-proactiva\/#primaryimage"},"thumbnailUrl":"http:\/\/www.3llideas.com\/wp-content\/uploads\/2018\/10\/banner_gestproact1_web_3llideas.png","datePublished":"2017-05-31T10:00:11+00:00","dateModified":"2021-10-06T08:07:51+00:00","description":"Empresa Virtual es un servicio completo de acompa\u00f1amiento al empresario con el objetivo de ayudarle a mejorar su eficiencia. Delegue la gesti\u00f3n en nuestro equipo.","breadcrumb":{"@id":"https:\/\/www.3llideas.com\/es\/gestion-proactiva\/#breadcrumb"},"inLanguage":"es","potentialAction":[{"@type":"ReadAction","target":["https:\/\/www.3llideas.com\/es\/gestion-proactiva\/"]}]},{"@type":"ImageObject","inLanguage":"es","@id":"https:\/\/www.3llideas.com\/es\/gestion-proactiva\/#primaryimage","url":"http:\/\/www.3llideas.com\/wp-content\/uploads\/2018\/10\/banner_gestproact1_web_3llideas.png","contentUrl":"http:\/\/www.3llideas.com\/wp-content\/uploads\/2018\/10\/banner_gestproact1_web_3llideas.png"},{"@type":"BreadcrumbList","@id":"https:\/\/www.3llideas.com\/es\/gestion-proactiva\/#breadcrumb","itemListElement":[{"@type":"ListItem","position":1,"name":"Portada","item":"https:\/\/www.3llideas.com\/es\/"},{"@type":"ListItem","position":2,"name":"Gesti\u00f3n proactiva"}]},{"@type":"WebSite","@id":"https:\/\/www.3llideas.com\/es\/#website","url":"https:\/\/www.3llideas.com\/es\/","name":"3llideas.com","description":"3llideas, Agencia Ecommerce, Gesti\u00f3n empresarial Microsoft, AWS, Gesti\u00f3n empresarial sage","potentialAction":[{"@type":"SearchAction","target":{"@type":"EntryPoint","urlTemplate":"https:\/\/www.3llideas.com\/es\/?s={search_term_string}"},"query-input":{"@type":"PropertyValueSpecification","valueRequired":true,"valueName":"search_term_string"}}],"inLanguage":"es"}]}},"_links":{"self":[{"href":"https:\/\/www.3llideas.com\/es\/wp-json\/wp\/v2\/pages\/2376","targetHints":{"allow":["GET"]}}],"collection":[{"href":"https:\/\/www.3llideas.com\/es\/wp-json\/wp\/v2\/pages"}],"about":[{"href":"https:\/\/www.3llideas.com\/es\/wp-json\/wp\/v2\/types\/page"}],"author":[{"embeddable":true,"href":"https:\/\/www.3llideas.com\/es\/wp-json\/wp\/v2\/users\/4"}],"replies":[{"embeddable":true,"href":"https:\/\/www.3llideas.com\/es\/wp-json\/wp\/v2\/comments?post=2376"}],"version-history":[{"count":19,"href":"https:\/\/www.3llideas.com\/es\/wp-json\/wp\/v2\/pages\/2376\/revisions"}],"predecessor-version":[{"id":8297,"href":"https:\/\/www.3llideas.com\/es\/wp-json\/wp\/v2\/pages\/2376\/revisions\/8297"}],"wp:attachment":[{"href":"https:\/\/www.3llideas.com\/es\/wp-json\/wp\/v2\/media?parent=2376"}],"curies":[{"name":"wp","href":"https:\/\/api.w.org\/{rel}","templated":true}]}}