{"id":2349,"date":"2017-05-31T09:16:48","date_gmt":"2017-05-31T09:16:48","guid":{"rendered":"http:\/\/www.3llideas.com\/?page_id=2349\/"},"modified":"2018-10-08T09:42:54","modified_gmt":"2018-10-08T09:42:54","slug":"tecnologia-software","status":"publish","type":"page","link":"https:\/\/www.3llideas.com\/es\/tecnologia-software\/","title":{"rendered":"Tecnolog\u00eda y software de gesti\u00f3n"},"content":{"rendered":"<div class=\"wpb-content-wrapper\"><p>[vc_row css=\u00bb.vc_custom_1521446842371{margin-top: -80px !important;}\u00bb][vc_column][vc_column_text]<\/p>\n<h2 style=\"text-align: center;\">Tecnolog\u00eda y software de gesti\u00f3n<\/h2>\n<p>[\/vc_column_text][\/vc_column][\/vc_row][vc_row][vc_column][vc_empty_space][vc_column_text]<\/p>\n<p style=\"text-align: justify;\"><img loading=\"lazy\" decoding=\"async\" class=\"aligncenter\" src=\"http:\/\/www.3llideas.com\/wp-content\/uploads\/2017\/05\/cabecera-tecnologia-software.jpg\" alt=\"Tecnolog\u00eda y software de gesti\u00f3n\" width=\"1170\" height=\"300\" \/><\/p>\n<p>[\/vc_column_text][vc_empty_space][vc_column_text]<\/p>\n<p style=\"text-align: justify;\">Somos especialistas y distribuimos soluciones de tecnolog\u00eda y software de gesti\u00f3n que han de ayudar a la empresa de mejorar su control y eficiencia. Disponemos de soluciones adaptadas a todos los tama\u00f1os de empresa y diferentes funcionalidades.<\/p>\n<p>[\/vc_column_text][vc_column_text]<\/p>\n<p style=\"text-align: justify;\"><img loading=\"lazy\" decoding=\"async\" class=\"aligncenter\" src=\"http:\/\/www.3llideas.com\/wp-content\/uploads\/2017\/05\/tecnologia.png\" alt=\"tecnologia y software de gesti\u00f3n\" width=\"781\" height=\"300\" \/><\/p>\n<p>[\/vc_column_text][vc_column_text]<\/p>\n<p style=\"text-align: center;\"><strong>Partners de<\/strong> <img loading=\"lazy\" decoding=\"async\" class=\"wp-image-2370 size-full alignnone aligncenter\" src=\"http:\/\/www.3llideas.com\/wp-content\/uploads\/2017\/05\/logo-sage.jpg\" alt=\"logo sage\" width=\"80\" height=\"34\" \/><\/p>\n<p>[\/vc_column_text][vc_empty_space][\/vc_column][\/vc_row][vc_row][vc_column][vc_empty_space][\/vc_column][\/vc_row][vc_row][vc_column][vc_cta h2=\u00bb\u00bb h4=\u00bbPerm\u00edtenos estudiar tu proyecto\u00bb add_button=\u00bbbottom\u00bb btn_title=\u00bbContacta con nosotros\u00bb btn_color=\u00bbdanger\u00bb btn_align=\u00bbcenter\u00bb btn_i_icon_fontawesome=\u00bbfa fa-check\u00bb btn_add_icon=\u00bbtrue\u00bb btn_link=\u00bburl:%2Fes%2Ftu-proyecto%2F||target:%20_blank|\u00bb]\u00bfQuieres saber m\u00e1s acerca de nuestros servicios de tecnolog\u00eda y software de gesti\u00f3n? Ponte en contacto con nosotros.[\/vc_cta][\/vc_column][\/vc_row]<\/p>\n<\/div>","protected":false},"excerpt":{"rendered":"<p>[vc_row css=\u00bb.vc_custom_1521446842371{margin-top: -80px !important;}\u00bb][vc_column][vc_column_text] Tecnolog\u00eda y software de gesti\u00f3n [\/vc_column_text][\/vc_column][\/vc_row][vc_row][vc_column][vc_empty_space][vc_column_text] [\/vc_column_text][vc_empty_space][vc_column_text] Somos especialistas y distribuimos soluciones de tecnolog\u00eda y software&#8230;<\/p>\n","protected":false},"author":4,"featured_media":0,"parent":0,"menu_order":0,"comment_status":"closed","ping_status":"closed","template":"","meta":{"footnotes":""},"class_list":["post-2349","page","type-page","status-publish","hentry"],"yoast_head":"<!-- This site is optimized with the Yoast SEO Premium plugin v18.4 (Yoast SEO v25.1) - https:\/\/yoast.com\/wordpress\/plugins\/seo\/ -->\n<title>Empresa virtual, software de gesti\u00f3n sage para optimizar tu negocio<\/title>\n<meta name=\"description\" content=\"Empleamos las mejores herramientas de gesti\u00f3n para optimizar tu negocio y que puedas obtener mejor rentabilidad. Somos partners de sage ofreciendo soluciones.\" \/>\n<meta name=\"robots\" content=\"index, follow, max-snippet:-1, max-image-preview:large, max-video-preview:-1\" \/>\n<link rel=\"canonical\" href=\"https:\/\/www.3llideas.com\/es\/tecnologia-software\/\" \/>\n<meta property=\"og:locale\" content=\"es_ES\" \/>\n<meta property=\"og:type\" content=\"article\" \/>\n<meta property=\"og:title\" content=\"Tecnolog\u00eda y software de gesti\u00f3n\" \/>\n<meta property=\"og:description\" content=\"Empleamos las mejores herramientas de gesti\u00f3n para optimizar tu negocio y que puedas obtener mejor rentabilidad. Somos partners de sage ofreciendo soluciones.\" \/>\n<meta property=\"og:url\" content=\"https:\/\/www.3llideas.com\/es\/tecnologia-software\/\" \/>\n<meta property=\"og:site_name\" content=\"3llideas.com\" \/>\n<meta property=\"article:modified_time\" content=\"2018-10-08T09:42:54+00:00\" \/>\n<meta property=\"og:image\" content=\"http:\/\/www.3llideas.com\/wp-content\/uploads\/2017\/05\/cabecera-tecnologia-software.jpg\" \/>\n<meta name=\"twitter:card\" content=\"summary_large_image\" \/>\n<meta name=\"twitter:site\" content=\"@3llideas\" \/>\n<meta name=\"twitter:label1\" content=\"Tiempo de lectura\" \/>\n\t<meta name=\"twitter:data1\" content=\"1 minuto\" \/>\n<script type=\"application\/ld+json\" class=\"yoast-schema-graph\">{\"@context\":\"https:\/\/schema.org\",\"@graph\":[{\"@type\":\"WebPage\",\"@id\":\"https:\/\/www.3llideas.com\/es\/tecnologia-software\/\",\"url\":\"https:\/\/www.3llideas.com\/es\/tecnologia-software\/\",\"name\":\"Empresa virtual, software de gesti\u00f3n sage para optimizar tu negocio\",\"isPartOf\":{\"@id\":\"https:\/\/www.3llideas.com\/es\/#website\"},\"primaryImageOfPage\":{\"@id\":\"https:\/\/www.3llideas.com\/es\/tecnologia-software\/#primaryimage\"},\"image\":{\"@id\":\"https:\/\/www.3llideas.com\/es\/tecnologia-software\/#primaryimage\"},\"thumbnailUrl\":\"http:\/\/www.3llideas.com\/wp-content\/uploads\/2017\/05\/cabecera-tecnologia-software.jpg\",\"datePublished\":\"2017-05-31T09:16:48+00:00\",\"dateModified\":\"2018-10-08T09:42:54+00:00\",\"description\":\"Empleamos las mejores herramientas de gesti\u00f3n para optimizar tu negocio y que puedas obtener mejor rentabilidad. Somos partners de sage ofreciendo soluciones.\",\"breadcrumb\":{\"@id\":\"https:\/\/www.3llideas.com\/es\/tecnologia-software\/#breadcrumb\"},\"inLanguage\":\"es\",\"potentialAction\":[{\"@type\":\"ReadAction\",\"target\":[\"https:\/\/www.3llideas.com\/es\/tecnologia-software\/\"]}]},{\"@type\":\"ImageObject\",\"inLanguage\":\"es\",\"@id\":\"https:\/\/www.3llideas.com\/es\/tecnologia-software\/#primaryimage\",\"url\":\"http:\/\/www.3llideas.com\/wp-content\/uploads\/2017\/05\/cabecera-tecnologia-software.jpg\",\"contentUrl\":\"http:\/\/www.3llideas.com\/wp-content\/uploads\/2017\/05\/cabecera-tecnologia-software.jpg\"},{\"@type\":\"BreadcrumbList\",\"@id\":\"https:\/\/www.3llideas.com\/es\/tecnologia-software\/#breadcrumb\",\"itemListElement\":[{\"@type\":\"ListItem\",\"position\":1,\"name\":\"Portada\",\"item\":\"https:\/\/www.3llideas.com\/es\/\"},{\"@type\":\"ListItem\",\"position\":2,\"name\":\"Tecnolog\u00eda y software de gesti\u00f3n\"}]},{\"@type\":\"WebSite\",\"@id\":\"https:\/\/www.3llideas.com\/es\/#website\",\"url\":\"https:\/\/www.3llideas.com\/es\/\",\"name\":\"3llideas.com\",\"description\":\"3llideas, Agencia Ecommerce, Gesti\u00f3n empresarial Microsoft, AWS, Gesti\u00f3n empresarial sage\",\"potentialAction\":[{\"@type\":\"SearchAction\",\"target\":{\"@type\":\"EntryPoint\",\"urlTemplate\":\"https:\/\/www.3llideas.com\/es\/?s={search_term_string}\"},\"query-input\":{\"@type\":\"PropertyValueSpecification\",\"valueRequired\":true,\"valueName\":\"search_term_string\"}}],\"inLanguage\":\"es\"}]}<\/script>\n<!-- \/ Yoast SEO Premium plugin. -->","yoast_head_json":{"title":"Empresa virtual, software de gesti\u00f3n sage para optimizar tu negocio","description":"Empleamos las mejores herramientas de gesti\u00f3n para optimizar tu negocio y que puedas obtener mejor rentabilidad. Somos partners de sage ofreciendo soluciones.","robots":{"index":"index","follow":"follow","max-snippet":"max-snippet:-1","max-image-preview":"max-image-preview:large","max-video-preview":"max-video-preview:-1"},"canonical":"https:\/\/www.3llideas.com\/es\/tecnologia-software\/","og_locale":"es_ES","og_type":"article","og_title":"Tecnolog\u00eda y software de gesti\u00f3n","og_description":"Empleamos las mejores herramientas de gesti\u00f3n para optimizar tu negocio y que puedas obtener mejor rentabilidad. Somos partners de sage ofreciendo soluciones.","og_url":"https:\/\/www.3llideas.com\/es\/tecnologia-software\/","og_site_name":"3llideas.com","article_modified_time":"2018-10-08T09:42:54+00:00","og_image":[{"url":"http:\/\/www.3llideas.com\/wp-content\/uploads\/2017\/05\/cabecera-tecnologia-software.jpg","type":"","width":"","height":""}],"twitter_card":"summary_large_image","twitter_site":"@3llideas","twitter_misc":{"Tiempo de lectura":"1 minuto"},"schema":{"@context":"https:\/\/schema.org","@graph":[{"@type":"WebPage","@id":"https:\/\/www.3llideas.com\/es\/tecnologia-software\/","url":"https:\/\/www.3llideas.com\/es\/tecnologia-software\/","name":"Empresa virtual, software de gesti\u00f3n sage para optimizar tu negocio","isPartOf":{"@id":"https:\/\/www.3llideas.com\/es\/#website"},"primaryImageOfPage":{"@id":"https:\/\/www.3llideas.com\/es\/tecnologia-software\/#primaryimage"},"image":{"@id":"https:\/\/www.3llideas.com\/es\/tecnologia-software\/#primaryimage"},"thumbnailUrl":"http:\/\/www.3llideas.com\/wp-content\/uploads\/2017\/05\/cabecera-tecnologia-software.jpg","datePublished":"2017-05-31T09:16:48+00:00","dateModified":"2018-10-08T09:42:54+00:00","description":"Empleamos las mejores herramientas de gesti\u00f3n para optimizar tu negocio y que puedas obtener mejor rentabilidad. Somos partners de sage ofreciendo soluciones.","breadcrumb":{"@id":"https:\/\/www.3llideas.com\/es\/tecnologia-software\/#breadcrumb"},"inLanguage":"es","potentialAction":[{"@type":"ReadAction","target":["https:\/\/www.3llideas.com\/es\/tecnologia-software\/"]}]},{"@type":"ImageObject","inLanguage":"es","@id":"https:\/\/www.3llideas.com\/es\/tecnologia-software\/#primaryimage","url":"http:\/\/www.3llideas.com\/wp-content\/uploads\/2017\/05\/cabecera-tecnologia-software.jpg","contentUrl":"http:\/\/www.3llideas.com\/wp-content\/uploads\/2017\/05\/cabecera-tecnologia-software.jpg"},{"@type":"BreadcrumbList","@id":"https:\/\/www.3llideas.com\/es\/tecnologia-software\/#breadcrumb","itemListElement":[{"@type":"ListItem","position":1,"name":"Portada","item":"https:\/\/www.3llideas.com\/es\/"},{"@type":"ListItem","position":2,"name":"Tecnolog\u00eda y software de gesti\u00f3n"}]},{"@type":"WebSite","@id":"https:\/\/www.3llideas.com\/es\/#website","url":"https:\/\/www.3llideas.com\/es\/","name":"3llideas.com","description":"3llideas, Agencia Ecommerce, Gesti\u00f3n empresarial Microsoft, AWS, Gesti\u00f3n empresarial sage","potentialAction":[{"@type":"SearchAction","target":{"@type":"EntryPoint","urlTemplate":"https:\/\/www.3llideas.com\/es\/?s={search_term_string}"},"query-input":{"@type":"PropertyValueSpecification","valueRequired":true,"valueName":"search_term_string"}}],"inLanguage":"es"}]}},"_links":{"self":[{"href":"https:\/\/www.3llideas.com\/es\/wp-json\/wp\/v2\/pages\/2349","targetHints":{"allow":["GET"]}}],"collection":[{"href":"https:\/\/www.3llideas.com\/es\/wp-json\/wp\/v2\/pages"}],"about":[{"href":"https:\/\/www.3llideas.com\/es\/wp-json\/wp\/v2\/types\/page"}],"author":[{"embeddable":true,"href":"https:\/\/www.3llideas.com\/es\/wp-json\/wp\/v2\/users\/4"}],"replies":[{"embeddable":true,"href":"https:\/\/www.3llideas.com\/es\/wp-json\/wp\/v2\/comments?post=2349"}],"version-history":[{"count":18,"href":"https:\/\/www.3llideas.com\/es\/wp-json\/wp\/v2\/pages\/2349\/revisions"}],"predecessor-version":[{"id":3861,"href":"https:\/\/www.3llideas.com\/es\/wp-json\/wp\/v2\/pages\/2349\/revisions\/3861"}],"wp:attachment":[{"href":"https:\/\/www.3llideas.com\/es\/wp-json\/wp\/v2\/media?parent=2349"}],"curies":[{"name":"wp","href":"https:\/\/api.w.org\/{rel}","templated":true}]}}