{"id":2328,"date":"2017-05-30T11:32:22","date_gmt":"2017-05-30T11:32:22","guid":{"rendered":"http:\/\/www.3llideas.com\/?page_id=2328\/"},"modified":"2021-10-06T13:43:33","modified_gmt":"2021-10-06T11:43:33","slug":"que-es-empresa-virtual","status":"publish","type":"page","link":"https:\/\/www.3llideas.com\/es\/que-es-empresa-virtual\/","title":{"rendered":"\u00bfQu\u00e9 es una Empresa Virtual?"},"content":{"rendered":"<div class=\"wpb-content-wrapper\"><p>[vc_row css=\u00bb.vc_custom_1521446669709{margin-top: -80px !important;}\u00bb][vc_column][vc_empty_space][vc_column_text]<\/p>\n<h2 style=\"text-align: center;\">\u00bfEmpresa Virtual qu\u00e9 es?<\/h2>\n<p>[\/vc_column_text][\/vc_column][\/vc_row][vc_row][vc_column][vc_empty_space][vc_column_text]<\/p>\n<p style=\"text-align: justify;\"><a href=\"http:\/\/www.3llideas.com\/wp-content\/uploads\/2018\/09\/emp_virtual.png\"><img loading=\"lazy\" decoding=\"async\" class=\"size-full wp-image-3601 aligncenter\" src=\"http:\/\/www.3llideas.com\/wp-content\/uploads\/2018\/09\/emp_virtual.png\" alt=\"\" width=\"1170\" height=\"300\" srcset=\"https:\/\/www.3llideas.com\/wp-content\/uploads\/2018\/09\/emp_virtual.png 1170w, https:\/\/www.3llideas.com\/wp-content\/uploads\/2018\/09\/emp_virtual-300x77.png 300w, https:\/\/www.3llideas.com\/wp-content\/uploads\/2018\/09\/emp_virtual-768x197.png 768w, https:\/\/www.3llideas.com\/wp-content\/uploads\/2018\/09\/emp_virtual-1024x263.png 1024w, https:\/\/www.3llideas.com\/wp-content\/uploads\/2018\/09\/emp_virtual-1087x279.png 1087w\" sizes=\"auto, (max-width: 1170px) 100vw, 1170px\" \/><\/a><\/p>\n<p>[\/vc_column_text][vc_empty_space][vc_column_text]<\/p>\n<p style=\"text-align: justify;\"><strong>Empresa Virtual<\/strong> es un servicio completo de acompa\u00f1amiento al empresario con el objetivo de ayudarle a mejorar su eficiencia. Aportamos tecnolog\u00eda, conocimiento, herramientas y gesti\u00f3n a la medida que se necesite.<\/p>\n<p style=\"text-align: justify;\"><strong>Necesidad:<\/strong> Toda empresa desde su nacimiento debe organizarse, aprender, utilizar recursos y utilizar herramientas correctas para evolucionar con control y eficiencia.<\/p>\n<p style=\"text-align: justify;\"><strong>Propuesta de valor<\/strong>: Acompa\u00f1ar a la empresa con soluciones y servicios para que pueda mejorar a nivel eficiencia, costes y estar preparada para el crecimiento futuro.<\/p>\n<p>[\/vc_column_text][vc_empty_space][\/vc_column][\/vc_row][vc_row][vc_column][vc_column_text]<\/p>\n<h3 style=\"text-align: center;\">Una empresa virtual es:<\/h3>\n<p>[\/vc_column_text][vc_empty_space][vc_column_text]<\/p>\n<h4 style=\"text-align: center;\">Una soluci\u00f3n completa<\/h4>\n<p>[\/vc_column_text][vc_empty_space][\/vc_column][\/vc_row][vc_row][vc_column width=\u00bb1\/3&#8243;][vc_icon icon_fontawesome=\u00bbfa fa-comments-o\u00bb color=\u00bbcustom\u00bb size=\u00bbxl\u00bb align=\u00bbcenter\u00bb link=\u00bburl:http%3A%2F%2Fwww.3llideas.com%2Fes%2Fservicio-de-consultoria%2F|||\u00bb custom_color=\u00bb#48afdb\u00bb][vc_custom_heading text=\u00bbCONSULTORIA\u00bb font_container=\u00bbtag:h5|text_align:center\u00bb use_theme_fonts=\u00bbyes\u00bb link=\u00bburl:http%3A%2F%2Fwww.3llideas.com%2Fes%2Fservicio-de-consultoria%2F|||\u00bb][vc_empty_space height=\u00bb10px\u00bb]<\/p>\n<div class=\"list circle\">\n<ul style=\"text-align: center;\">\n<li>Consultor\u00eda negocio<\/li>\n<li>Implantaci\u00f3n software<\/li>\n<li>Formaci\u00f3n y financiaci\u00f3n<\/li>\n<\/ul>\n<\/div>\n<p>[\/vc_column][vc_column width=\u00bb1\/3&#8243;][vc_icon icon_fontawesome=\u00bbfa fa-tasks\u00bb color=\u00bbcustom\u00bb size=\u00bbxl\u00bb align=\u00bbcenter\u00bb link=\u00bburl:http%3A%2F%2Fwww.3llideas.com%2Fes%2Ftecnologia-software-de-gestion%2F|||\u00bb custom_color=\u00bb#48afdb\u00bb][vc_custom_heading text=\u00bbTECNOLOG\u00cdA Y SW\u00bb font_container=\u00bbtag:h5|text_align:center\u00bb use_theme_fonts=\u00bbyes\u00bb link=\u00bburl:http%3A%2F%2Fwww.3llideas.com%2Fes%2Ftecnologia-software-de-gestion%2F|||\u00bb][vc_empty_space height=\u00bb10px\u00bb]<\/p>\n<div class=\"list circle\">\n<ul class=\"styled\">\n<li style=\"text-align: center;\">Inform\u00e1tica<\/li>\n<li style=\"text-align: center;\">Software Gesti\u00f3n<\/li>\n<li style=\"text-align: center;\">Desarrollo inform\u00e1tico<\/li>\n<\/ul>\n<\/div>\n<p>[\/vc_column][vc_column width=\u00bb1\/3&#8243;][vc_icon icon_fontawesome=\u00bbfa fa-refresh\u00bb color=\u00bbcustom\u00bb size=\u00bbxl\u00bb align=\u00bbcenter\u00bb link=\u00bburl:http%3A%2F%2Fwww.3llideas.com%2Fes%2Fgestion-proactiva%2F|||\u00bb custom_color=\u00bb#48afdb\u00bb][vc_custom_heading text=\u00bbGESTI\u00d3N PROACTIVA\u00bb font_container=\u00bbtag:h5|text_align:center\u00bb use_theme_fonts=\u00bbyes\u00bb link=\u00bburl:http%3A%2F%2Fwww.3llideas.com%2Fes%2Fgestion-proactiva%2F|||\u00bb][vc_empty_space height=\u00bb10px\u00bb]<\/p>\n<div class=\"list circle\">\n<ul class=\"styled\">\n<li style=\"text-align: center;\">Management<\/li>\n<li style=\"text-align: center;\">Gesti\u00f3n \u00e1reas<\/li>\n<li style=\"text-align: center;\">Gesti\u00f3n delegada<\/li>\n<\/ul>\n<\/div>\n<p>[\/vc_column][\/vc_row][vc_row][vc_column][vc_empty_space height=\u00bb72px\u00bb][vc_column_text]<\/p>\n<p style=\"text-align: center;\">Saber m\u00e1s acerca de <a href=\" http:\/\/www.3llideas.com\/es\/servicio-de-consultoria\/\">Consultor\u00eda<\/a> | Saber m\u00e1s acerca de <a href=\" http:\/\/www.3llideas.com\/es\/tecnologia-software-de-gestion\/\">Tecnolog\u00eda<\/a> | Saber m\u00e1s acerca de <a href=\" http:\/\/www.3llideas.com\/es\/gestion-proactiva\/\">Gesti\u00f3n proactiva<\/a><\/p>\n<p>[\/vc_column_text][\/vc_column][\/vc_row][vc_row][vc_column][vc_empty_space]<\/p>\n<div class=\"divider\"><\/div>\n<p>[vc_empty_space][\/vc_column][vc_column][vc_empty_space][vc_row_inner css=\u00bb.vc_custom_1523334831004{margin-right: 60px !important;margin-left: 60px !important;}\u00bb][vc_column_inner width=\u00bb1\/4&#8243;][\/vc_column_inner][vc_column_inner width=\u00bb1\/2&#8243;]<\/p>\n<div class=\"diagram-item\">\n<div class=\"diagram-wrapper\">\n<h3 >Soluciones adaptables a todos los tama\u00f1os de empresa<\/h3>\n<div class=\"lazy-loading lazy-loading-not-hide\" data-ll-item-delay=\"0\">\n<div class=\"digram-line-box lazy-loading-item\" data-ll-effect=\"action\" data-ll-action-func=\"codeus_start_line_digram\">\n<div class=\"skill-element\">\n<div class=\"skill-header clearfix\">\n<div class=\"skill-title\">Empresa Mediana<\/div>\n<div class=\"skill-amount\">30<\/div>\n<\/div>\n<div class=\"skill-line\">\n<div data-amount=\"30\" style=\"width: 0; background: #d7eaf9;\"><\/div>\n<\/div>\n<\/div>\n<div class=\"skill-element\">\n<div class=\"skill-header clearfix\">\n<div class=\"skill-title\">Empresa Peque\u00f1a<\/div>\n<div class=\"skill-amount\">60<\/div>\n<\/div>\n<div class=\"skill-line\">\n<div data-amount=\"60\" style=\"width: 0; background: #6facef;\"><\/div>\n<\/div>\n<\/div>\n<div class=\"skill-element\">\n<div class=\"skill-header clearfix\">\n<div class=\"skill-title\">Emprendedor \/ Startup<\/div>\n<div class=\"skill-amount\">80<\/div>\n<\/div>\n<div class=\"skill-line\">\n<div data-amount=\"80\" style=\"width: 0; background: #4584d3;\"><\/div>\n<\/div>\n<\/div>\n<\/div>\n<\/div>\n<\/div>\n<\/div>\n<p>[\/vc_column_inner][vc_column_inner width=\u00bb1\/4&#8243;][\/vc_column_inner][\/vc_row_inner][\/vc_column][\/vc_row][vc_row][vc_column]<\/p>\n<div class=\"divider\"><\/div>\n<p>[vc_empty_space height=\u00bb72px\u00bb][vc_cta h2=\u00bb\u00bb h4=\u00bbPerm\u00edtenos estudiar tu proyecto\u00bb add_button=\u00bbbottom\u00bb btn_title=\u00bbContacta con nosotros\u00bb btn_color=\u00bbdanger\u00bb btn_align=\u00bbcenter\u00bb btn_link=\u00bburl:https%3A%2F%2Fwww.3llideas.com%2Fes%2Fsaber-mas-3llideas%2F|title:Saber%20m%C3%A1s\u00bb]\u00bfQuieres saber m\u00e1s acerca de nuestro servicio de empresa virtual? Ponte en contacto con nosotros.[\/vc_cta][\/vc_column][\/vc_row]<\/p>\n<\/div>","protected":false},"excerpt":{"rendered":"<p>[vc_row css=\u00bb.vc_custom_1521446669709{margin-top: -80px !important;}\u00bb][vc_column][vc_empty_space][vc_column_text] \u00bfEmpresa Virtual qu\u00e9 es? [\/vc_column_text][\/vc_column][\/vc_row][vc_row][vc_column][vc_empty_space][vc_column_text] [\/vc_column_text][vc_empty_space][vc_column_text] Empresa Virtual es un servicio completo de acompa\u00f1amiento al empresario&#8230;<\/p>\n","protected":false},"author":4,"featured_media":0,"parent":0,"menu_order":0,"comment_status":"closed","ping_status":"closed","template":"","meta":{"footnotes":""},"class_list":["post-2328","page","type-page","status-publish","hentry"],"yoast_head":"<!-- This site is optimized with the Yoast SEO Premium plugin v18.4 (Yoast SEO v25.1) - https:\/\/yoast.com\/wordpress\/plugins\/seo\/ -->\n<title>Empresa virtual, servicio de acompa\u00f1amiento empresarial<\/title>\n<meta name=\"description\" content=\"Empresa Virtual es un servicio completo de acompa\u00f1amiento al empresario con el objetivo de ayudarle a mejorar su eficiencia.\" \/>\n<meta name=\"robots\" content=\"index, follow, max-snippet:-1, max-image-preview:large, max-video-preview:-1\" \/>\n<link rel=\"canonical\" href=\"https:\/\/www.3llideas.com\/es\/que-es-empresa-virtual\/\" \/>\n<meta property=\"og:locale\" content=\"es_ES\" \/>\n<meta property=\"og:type\" content=\"article\" \/>\n<meta property=\"og:title\" content=\"\u00bfQu\u00e9 es una Empresa Virtual?\" \/>\n<meta property=\"og:description\" content=\"Empresa Virtual es un servicio completo de acompa\u00f1amiento al empresario con el objetivo de ayudarle a mejorar su eficiencia.\" \/>\n<meta property=\"og:url\" content=\"https:\/\/www.3llideas.com\/es\/que-es-empresa-virtual\/\" \/>\n<meta property=\"og:site_name\" content=\"3llideas.com\" \/>\n<meta property=\"article:modified_time\" content=\"2021-10-06T11:43:33+00:00\" \/>\n<meta property=\"og:image\" content=\"http:\/\/www.3llideas.com\/wp-content\/uploads\/2018\/09\/emp_virtual.png\" \/>\n<meta name=\"twitter:card\" content=\"summary_large_image\" \/>\n<meta name=\"twitter:site\" content=\"@3llideas\" \/>\n<meta name=\"twitter:label1\" content=\"Tiempo de lectura\" \/>\n\t<meta name=\"twitter:data1\" content=\"3 minutos\" \/>\n<script type=\"application\/ld+json\" class=\"yoast-schema-graph\">{\"@context\":\"https:\/\/schema.org\",\"@graph\":[{\"@type\":\"WebPage\",\"@id\":\"https:\/\/www.3llideas.com\/es\/que-es-empresa-virtual\/\",\"url\":\"https:\/\/www.3llideas.com\/es\/que-es-empresa-virtual\/\",\"name\":\"Empresa virtual, servicio de acompa\u00f1amiento empresarial\",\"isPartOf\":{\"@id\":\"https:\/\/www.3llideas.com\/es\/#website\"},\"primaryImageOfPage\":{\"@id\":\"https:\/\/www.3llideas.com\/es\/que-es-empresa-virtual\/#primaryimage\"},\"image\":{\"@id\":\"https:\/\/www.3llideas.com\/es\/que-es-empresa-virtual\/#primaryimage\"},\"thumbnailUrl\":\"http:\/\/www.3llideas.com\/wp-content\/uploads\/2018\/09\/emp_virtual.png\",\"datePublished\":\"2017-05-30T11:32:22+00:00\",\"dateModified\":\"2021-10-06T11:43:33+00:00\",\"description\":\"Empresa Virtual es un servicio completo de acompa\u00f1amiento al empresario con el objetivo de ayudarle a mejorar su eficiencia.\",\"breadcrumb\":{\"@id\":\"https:\/\/www.3llideas.com\/es\/que-es-empresa-virtual\/#breadcrumb\"},\"inLanguage\":\"es\",\"potentialAction\":[{\"@type\":\"ReadAction\",\"target\":[\"https:\/\/www.3llideas.com\/es\/que-es-empresa-virtual\/\"]}]},{\"@type\":\"ImageObject\",\"inLanguage\":\"es\",\"@id\":\"https:\/\/www.3llideas.com\/es\/que-es-empresa-virtual\/#primaryimage\",\"url\":\"http:\/\/www.3llideas.com\/wp-content\/uploads\/2018\/09\/emp_virtual.png\",\"contentUrl\":\"http:\/\/www.3llideas.com\/wp-content\/uploads\/2018\/09\/emp_virtual.png\"},{\"@type\":\"BreadcrumbList\",\"@id\":\"https:\/\/www.3llideas.com\/es\/que-es-empresa-virtual\/#breadcrumb\",\"itemListElement\":[{\"@type\":\"ListItem\",\"position\":1,\"name\":\"Portada\",\"item\":\"https:\/\/www.3llideas.com\/es\/\"},{\"@type\":\"ListItem\",\"position\":2,\"name\":\"\u00bfQu\u00e9 es una Empresa Virtual?\"}]},{\"@type\":\"WebSite\",\"@id\":\"https:\/\/www.3llideas.com\/es\/#website\",\"url\":\"https:\/\/www.3llideas.com\/es\/\",\"name\":\"3llideas.com\",\"description\":\"3llideas, Agencia Ecommerce, Gesti\u00f3n empresarial Microsoft, AWS, Gesti\u00f3n empresarial sage\",\"potentialAction\":[{\"@type\":\"SearchAction\",\"target\":{\"@type\":\"EntryPoint\",\"urlTemplate\":\"https:\/\/www.3llideas.com\/es\/?s={search_term_string}\"},\"query-input\":{\"@type\":\"PropertyValueSpecification\",\"valueRequired\":true,\"valueName\":\"search_term_string\"}}],\"inLanguage\":\"es\"}]}<\/script>\n<!-- \/ Yoast SEO Premium plugin. -->","yoast_head_json":{"title":"Empresa virtual, servicio de acompa\u00f1amiento empresarial","description":"Empresa Virtual es un servicio completo de acompa\u00f1amiento al empresario con el objetivo de ayudarle a mejorar su eficiencia.","robots":{"index":"index","follow":"follow","max-snippet":"max-snippet:-1","max-image-preview":"max-image-preview:large","max-video-preview":"max-video-preview:-1"},"canonical":"https:\/\/www.3llideas.com\/es\/que-es-empresa-virtual\/","og_locale":"es_ES","og_type":"article","og_title":"\u00bfQu\u00e9 es una Empresa Virtual?","og_description":"Empresa Virtual es un servicio completo de acompa\u00f1amiento al empresario con el objetivo de ayudarle a mejorar su eficiencia.","og_url":"https:\/\/www.3llideas.com\/es\/que-es-empresa-virtual\/","og_site_name":"3llideas.com","article_modified_time":"2021-10-06T11:43:33+00:00","og_image":[{"url":"http:\/\/www.3llideas.com\/wp-content\/uploads\/2018\/09\/emp_virtual.png","type":"","width":"","height":""}],"twitter_card":"summary_large_image","twitter_site":"@3llideas","twitter_misc":{"Tiempo de lectura":"3 minutos"},"schema":{"@context":"https:\/\/schema.org","@graph":[{"@type":"WebPage","@id":"https:\/\/www.3llideas.com\/es\/que-es-empresa-virtual\/","url":"https:\/\/www.3llideas.com\/es\/que-es-empresa-virtual\/","name":"Empresa virtual, servicio de acompa\u00f1amiento empresarial","isPartOf":{"@id":"https:\/\/www.3llideas.com\/es\/#website"},"primaryImageOfPage":{"@id":"https:\/\/www.3llideas.com\/es\/que-es-empresa-virtual\/#primaryimage"},"image":{"@id":"https:\/\/www.3llideas.com\/es\/que-es-empresa-virtual\/#primaryimage"},"thumbnailUrl":"http:\/\/www.3llideas.com\/wp-content\/uploads\/2018\/09\/emp_virtual.png","datePublished":"2017-05-30T11:32:22+00:00","dateModified":"2021-10-06T11:43:33+00:00","description":"Empresa Virtual es un servicio completo de acompa\u00f1amiento al empresario con el objetivo de ayudarle a mejorar su eficiencia.","breadcrumb":{"@id":"https:\/\/www.3llideas.com\/es\/que-es-empresa-virtual\/#breadcrumb"},"inLanguage":"es","potentialAction":[{"@type":"ReadAction","target":["https:\/\/www.3llideas.com\/es\/que-es-empresa-virtual\/"]}]},{"@type":"ImageObject","inLanguage":"es","@id":"https:\/\/www.3llideas.com\/es\/que-es-empresa-virtual\/#primaryimage","url":"http:\/\/www.3llideas.com\/wp-content\/uploads\/2018\/09\/emp_virtual.png","contentUrl":"http:\/\/www.3llideas.com\/wp-content\/uploads\/2018\/09\/emp_virtual.png"},{"@type":"BreadcrumbList","@id":"https:\/\/www.3llideas.com\/es\/que-es-empresa-virtual\/#breadcrumb","itemListElement":[{"@type":"ListItem","position":1,"name":"Portada","item":"https:\/\/www.3llideas.com\/es\/"},{"@type":"ListItem","position":2,"name":"\u00bfQu\u00e9 es una Empresa Virtual?"}]},{"@type":"WebSite","@id":"https:\/\/www.3llideas.com\/es\/#website","url":"https:\/\/www.3llideas.com\/es\/","name":"3llideas.com","description":"3llideas, Agencia Ecommerce, Gesti\u00f3n empresarial Microsoft, AWS, Gesti\u00f3n empresarial sage","potentialAction":[{"@type":"SearchAction","target":{"@type":"EntryPoint","urlTemplate":"https:\/\/www.3llideas.com\/es\/?s={search_term_string}"},"query-input":{"@type":"PropertyValueSpecification","valueRequired":true,"valueName":"search_term_string"}}],"inLanguage":"es"}]}},"_links":{"self":[{"href":"https:\/\/www.3llideas.com\/es\/wp-json\/wp\/v2\/pages\/2328","targetHints":{"allow":["GET"]}}],"collection":[{"href":"https:\/\/www.3llideas.com\/es\/wp-json\/wp\/v2\/pages"}],"about":[{"href":"https:\/\/www.3llideas.com\/es\/wp-json\/wp\/v2\/types\/page"}],"author":[{"embeddable":true,"href":"https:\/\/www.3llideas.com\/es\/wp-json\/wp\/v2\/users\/4"}],"replies":[{"embeddable":true,"href":"https:\/\/www.3llideas.com\/es\/wp-json\/wp\/v2\/comments?post=2328"}],"version-history":[{"count":57,"href":"https:\/\/www.3llideas.com\/es\/wp-json\/wp\/v2\/pages\/2328\/revisions"}],"predecessor-version":[{"id":8328,"href":"https:\/\/www.3llideas.com\/es\/wp-json\/wp\/v2\/pages\/2328\/revisions\/8328"}],"wp:attachment":[{"href":"https:\/\/www.3llideas.com\/es\/wp-json\/wp\/v2\/media?parent=2328"}],"curies":[{"name":"wp","href":"https:\/\/api.w.org\/{rel}","templated":true}]}}