{"id":1574,"date":"2016-02-29T09:44:15","date_gmt":"2016-02-29T09:44:15","guid":{"rendered":"http:\/\/www.3llideas.com\/es\/?page_id=1574"},"modified":"2016-03-14T13:09:47","modified_gmt":"2016-03-14T13:09:47","slug":"social-media-marketing","status":"publish","type":"page","link":"https:\/\/www.3llideas.com\/es\/social-media-marketing\/","title":{"rendered":"Social Media Marketing"},"content":{"rendered":"<div class=\"wpb-content-wrapper\"><p>[vc_row][vc_column][vc_empty_space][vc_column_text css_animation=\u00bbappear\u00bb]<a href=\"http:\/\/www.3llideas.com\/wp-content\/uploads\/2016\/02\/social_media_marketing_banner.jpg\" rel=\"attachment wp-att-1637\"><img loading=\"lazy\" decoding=\"async\" class=\"size-full wp-image-1637 aligncenter\" src=\"http:\/\/www.3llideas.com\/wp-content\/uploads\/2016\/02\/social_media_marketing_banner.jpg\" alt=\"social_media_marketing_banner\" width=\"1170\" height=\"247\" srcset=\"https:\/\/www.3llideas.com\/wp-content\/uploads\/2016\/02\/social_media_marketing_banner.jpg 1170w, https:\/\/www.3llideas.com\/wp-content\/uploads\/2016\/02\/social_media_marketing_banner-300x63.jpg 300w, https:\/\/www.3llideas.com\/wp-content\/uploads\/2016\/02\/social_media_marketing_banner-768x162.jpg 768w, https:\/\/www.3llideas.com\/wp-content\/uploads\/2016\/02\/social_media_marketing_banner-1024x216.jpg 1024w, https:\/\/www.3llideas.com\/wp-content\/uploads\/2016\/02\/social_media_marketing_banner-1087x229.jpg 1087w\" sizes=\"auto, (max-width: 1170px) 100vw, 1170px\" \/><\/a>[\/vc_column_text][vc_empty_space][vc_column_text]<\/p>\n<p>Las redes sociales han revolucionado la manera de comunicar de las marcas, disponiendo de un canal cercano a su p\u00fablico objetivo a trav\u00e9s del cual no s\u00f3lo promocionar sus productos, tambi\u00e9n se puede ofrecer atenci\u00f3n al cliente y, algo a tener en cuenta, utilizarse como medio de presi\u00f3n por parte de usuarios contrariados. De ah\u00ed que se tengan que\u00a0mantener ciertos criterios dentro de las campa\u00f1as de <strong>Social Media<\/strong>, debiendo desarrollar\u00a0una estrategia a largo plazo basada no s\u00f3lo en publicar, tambi\u00e9n en saber responder a tiempo y sin encender m\u00e1s los \u00e1nimos.<\/p>\n<p>[\/vc_column_text][\/vc_column][\/vc_row][vc_row][vc_column][vc_empty_space][vc_column_text]<\/p>\n<p>En 3llideas disponemos de experiencia administrando canales sociales de distinto tipo de proyectos, habiendo alcanzado un notable \u00e9xito dentro de nuestra propia empresa conociendo a la perfecci\u00f3n las principales redes y c\u00f3mo actuar en ellas. \u00bfY qu\u00e9 te ofrecemos aparte de dicha\u00a0experiencia?<\/p>\n<p>[\/vc_column_text][\/vc_column][\/vc_row][vc_row][vc_column]<\/p>\n<div class=\"list arrow\">\n<ul>\n<li><strong>Podemos registrar tu proyecto en todas las redes sociales que necesite<\/strong>, creando el perfil al completo as\u00ed como el dise\u00f1o de im\u00e1genes de cabecera, avatares o, incluso, material gr\u00e1fico a incluir en las actualizaciones.<\/li>\n<li><strong>Te aconsejaremos de cu\u00e1les utilizar y de qu\u00e9 forma<\/strong>, trazando un plan de actuaci\u00f3n a largo plazo con las pautas que incluir, el gui\u00f3n de estilo y el n\u00famero de actualizaciones necesario para obtener los mejores resultados para tu proyecto.<\/li>\n<li><strong>Podemos ser los Community Manager de tu negocio<\/strong>. Garantizamos la calidad de los escritos, su idoneidad, el nivel de respuesta ante posibles altercados sociales, generamos material para compartir\u2026 Crearemos una estrategia de Social Media poni\u00e9ndonos a los mandos de tus redes sociales.<\/li>\n<\/ul>\n<\/div>\n<p>[\/vc_column][\/vc_row][vc_row][vc_column][vc_empty_space][vc_cta h2=\u00bb\u00bb h4=\u00bbTu marca bien presente en redes sociales\u00bb add_button=\u00bbbottom\u00bb btn_title=\u00bbAumenta la presencia en redes sociales\u00bb btn_style=\u00bbclassic\u00bb btn_color=\u00bbdanger\u00bb btn_align=\u00bbcenter\u00bb btn_i_icon_fontawesome=\u00bbfa fa-check\u00bb btn_link=\u00bburl:%2Fes%2Ftu-proyecto%2F||\u00bb btn_add_icon=\u00bbtrue\u00bb]<\/p>\n<p>Las redes sociales se han convertido en una plataforma de comunicaci\u00f3n impagable entre\u00a0empresas y usuarios, debiendo utilizarlas activamente como canal de atenci\u00f3n al cliente y tambi\u00e9n de marketing. \u00bfNo sabes por d\u00f3nde empezar? En <strong>3llideas<\/strong>\u00a0trazaremos un plan\u00a0de Social Media para que tu negocio no s\u00f3lo tenga presencia en\u00a0redes sociales, tambi\u00e9n aprovechar\u00e1 todas las oportunidades con promoci\u00f3n de productos, contenidos y SEO.<\/p>\n<p>[\/vc_cta][\/vc_column][\/vc_row]<\/p>\n<\/div>","protected":false},"excerpt":{"rendered":"<p>[vc_row][vc_column][vc_empty_space][vc_column_text css_animation=\u00bbappear\u00bb][\/vc_column_text][vc_empty_space][vc_column_text] Las redes sociales han revolucionado la manera de comunicar de las marcas, disponiendo de un canal cercano a&#8230;<\/p>\n","protected":false},"author":2,"featured_media":0,"parent":0,"menu_order":0,"comment_status":"closed","ping_status":"closed","template":"","meta":{"footnotes":""},"class_list":["post-1574","page","type-page","status-publish","hentry"],"yoast_head":"<!-- This site is optimized with the Yoast SEO Premium plugin v18.4 (Yoast SEO v27.5) - https:\/\/yoast.com\/product\/yoast-seo-premium-wordpress\/ -->\n<title>Social media marketing en 3llideas: mucho m\u00e1s que redes sociales<\/title>\n<meta name=\"description\" content=\"Administrar las redes sociales es complicado, sobre todo si se utilizan tambi\u00e9n para vender. \u00bfQuieres mejorar en social media marketing?\" \/>\n<meta name=\"robots\" content=\"index, follow, max-snippet:-1, max-image-preview:large, max-video-preview:-1\" \/>\n<link rel=\"canonical\" href=\"https:\/\/www.3llideas.com\/es\/social-media-marketing\/\" \/>\n<meta property=\"og:locale\" content=\"es_ES\" \/>\n<meta property=\"og:type\" content=\"article\" \/>\n<meta property=\"og:title\" content=\"Social Media Marketing\" \/>\n<meta property=\"og:description\" content=\"Administrar las redes sociales es complicado, sobre todo si se utilizan tambi\u00e9n para vender. \u00bfQuieres mejorar en social media marketing?\" \/>\n<meta property=\"og:url\" content=\"https:\/\/www.3llideas.com\/es\/social-media-marketing\/\" \/>\n<meta property=\"og:site_name\" content=\"3llideas.com\" \/>\n<meta property=\"article:modified_time\" content=\"2016-03-14T13:09:47+00:00\" \/>\n<meta property=\"og:image\" content=\"http:\/\/www.3llideas.com\/wp-content\/uploads\/2016\/02\/social_media_marketing_banner.jpg\" \/>\n<meta name=\"twitter:card\" content=\"summary_large_image\" \/>\n<meta name=\"twitter:site\" content=\"@3llideas\" \/>\n<meta name=\"twitter:label1\" content=\"Tiempo de lectura\" \/>\n\t<meta name=\"twitter:data1\" content=\"2 minutos\" \/>\n<script type=\"application\/ld+json\" class=\"yoast-schema-graph\">{\"@context\":\"https:\\\/\\\/schema.org\",\"@graph\":[{\"@type\":\"WebPage\",\"@id\":\"https:\\\/\\\/www.3llideas.com\\\/es\\\/social-media-marketing\\\/\",\"url\":\"https:\\\/\\\/www.3llideas.com\\\/es\\\/social-media-marketing\\\/\",\"name\":\"Social media marketing en 3llideas: mucho m\u00e1s que redes sociales\",\"isPartOf\":{\"@id\":\"https:\\\/\\\/www.3llideas.com\\\/es\\\/#website\"},\"primaryImageOfPage\":{\"@id\":\"https:\\\/\\\/www.3llideas.com\\\/es\\\/social-media-marketing\\\/#primaryimage\"},\"image\":{\"@id\":\"https:\\\/\\\/www.3llideas.com\\\/es\\\/social-media-marketing\\\/#primaryimage\"},\"thumbnailUrl\":\"http:\\\/\\\/www.3llideas.com\\\/wp-content\\\/uploads\\\/2016\\\/02\\\/social_media_marketing_banner.jpg\",\"datePublished\":\"2016-02-29T09:44:15+00:00\",\"dateModified\":\"2016-03-14T13:09:47+00:00\",\"description\":\"Administrar las redes sociales es complicado, sobre todo si se utilizan tambi\u00e9n para vender. \u00bfQuieres mejorar en social media marketing?\",\"breadcrumb\":{\"@id\":\"https:\\\/\\\/www.3llideas.com\\\/es\\\/social-media-marketing\\\/#breadcrumb\"},\"inLanguage\":\"es\",\"potentialAction\":[{\"@type\":\"ReadAction\",\"target\":[\"https:\\\/\\\/www.3llideas.com\\\/es\\\/social-media-marketing\\\/\"]}]},{\"@type\":\"ImageObject\",\"inLanguage\":\"es\",\"@id\":\"https:\\\/\\\/www.3llideas.com\\\/es\\\/social-media-marketing\\\/#primaryimage\",\"url\":\"http:\\\/\\\/www.3llideas.com\\\/wp-content\\\/uploads\\\/2016\\\/02\\\/social_media_marketing_banner.jpg\",\"contentUrl\":\"http:\\\/\\\/www.3llideas.com\\\/wp-content\\\/uploads\\\/2016\\\/02\\\/social_media_marketing_banner.jpg\"},{\"@type\":\"BreadcrumbList\",\"@id\":\"https:\\\/\\\/www.3llideas.com\\\/es\\\/social-media-marketing\\\/#breadcrumb\",\"itemListElement\":[{\"@type\":\"ListItem\",\"position\":1,\"name\":\"Portada\",\"item\":\"https:\\\/\\\/www.3llideas.com\\\/es\\\/\"},{\"@type\":\"ListItem\",\"position\":2,\"name\":\"Social Media Marketing\"}]},{\"@type\":\"WebSite\",\"@id\":\"https:\\\/\\\/www.3llideas.com\\\/es\\\/#website\",\"url\":\"https:\\\/\\\/www.3llideas.com\\\/es\\\/\",\"name\":\"3llideas.com\",\"description\":\"3llideas, Agencia Ecommerce, Gesti\u00f3n empresarial Microsoft, AWS, Gesti\u00f3n empresarial sage\",\"potentialAction\":[{\"@type\":\"SearchAction\",\"target\":{\"@type\":\"EntryPoint\",\"urlTemplate\":\"https:\\\/\\\/www.3llideas.com\\\/es\\\/?s={search_term_string}\"},\"query-input\":{\"@type\":\"PropertyValueSpecification\",\"valueRequired\":true,\"valueName\":\"search_term_string\"}}],\"inLanguage\":\"es\"}]}<\/script>\n<!-- \/ Yoast SEO Premium plugin. -->","yoast_head_json":{"title":"Social media marketing en 3llideas: mucho m\u00e1s que redes sociales","description":"Administrar las redes sociales es complicado, sobre todo si se utilizan tambi\u00e9n para vender. \u00bfQuieres mejorar en social media marketing?","robots":{"index":"index","follow":"follow","max-snippet":"max-snippet:-1","max-image-preview":"max-image-preview:large","max-video-preview":"max-video-preview:-1"},"canonical":"https:\/\/www.3llideas.com\/es\/social-media-marketing\/","og_locale":"es_ES","og_type":"article","og_title":"Social Media Marketing","og_description":"Administrar las redes sociales es complicado, sobre todo si se utilizan tambi\u00e9n para vender. \u00bfQuieres mejorar en social media marketing?","og_url":"https:\/\/www.3llideas.com\/es\/social-media-marketing\/","og_site_name":"3llideas.com","article_modified_time":"2016-03-14T13:09:47+00:00","og_image":[{"url":"http:\/\/www.3llideas.com\/wp-content\/uploads\/2016\/02\/social_media_marketing_banner.jpg","type":"","width":"","height":""}],"twitter_card":"summary_large_image","twitter_site":"@3llideas","twitter_misc":{"Tiempo de lectura":"2 minutos"},"schema":{"@context":"https:\/\/schema.org","@graph":[{"@type":"WebPage","@id":"https:\/\/www.3llideas.com\/es\/social-media-marketing\/","url":"https:\/\/www.3llideas.com\/es\/social-media-marketing\/","name":"Social media marketing en 3llideas: mucho m\u00e1s que redes sociales","isPartOf":{"@id":"https:\/\/www.3llideas.com\/es\/#website"},"primaryImageOfPage":{"@id":"https:\/\/www.3llideas.com\/es\/social-media-marketing\/#primaryimage"},"image":{"@id":"https:\/\/www.3llideas.com\/es\/social-media-marketing\/#primaryimage"},"thumbnailUrl":"http:\/\/www.3llideas.com\/wp-content\/uploads\/2016\/02\/social_media_marketing_banner.jpg","datePublished":"2016-02-29T09:44:15+00:00","dateModified":"2016-03-14T13:09:47+00:00","description":"Administrar las redes sociales es complicado, sobre todo si se utilizan tambi\u00e9n para vender. \u00bfQuieres mejorar en social media marketing?","breadcrumb":{"@id":"https:\/\/www.3llideas.com\/es\/social-media-marketing\/#breadcrumb"},"inLanguage":"es","potentialAction":[{"@type":"ReadAction","target":["https:\/\/www.3llideas.com\/es\/social-media-marketing\/"]}]},{"@type":"ImageObject","inLanguage":"es","@id":"https:\/\/www.3llideas.com\/es\/social-media-marketing\/#primaryimage","url":"http:\/\/www.3llideas.com\/wp-content\/uploads\/2016\/02\/social_media_marketing_banner.jpg","contentUrl":"http:\/\/www.3llideas.com\/wp-content\/uploads\/2016\/02\/social_media_marketing_banner.jpg"},{"@type":"BreadcrumbList","@id":"https:\/\/www.3llideas.com\/es\/social-media-marketing\/#breadcrumb","itemListElement":[{"@type":"ListItem","position":1,"name":"Portada","item":"https:\/\/www.3llideas.com\/es\/"},{"@type":"ListItem","position":2,"name":"Social Media Marketing"}]},{"@type":"WebSite","@id":"https:\/\/www.3llideas.com\/es\/#website","url":"https:\/\/www.3llideas.com\/es\/","name":"3llideas.com","description":"3llideas, Agencia Ecommerce, Gesti\u00f3n empresarial Microsoft, AWS, Gesti\u00f3n empresarial sage","potentialAction":[{"@type":"SearchAction","target":{"@type":"EntryPoint","urlTemplate":"https:\/\/www.3llideas.com\/es\/?s={search_term_string}"},"query-input":{"@type":"PropertyValueSpecification","valueRequired":true,"valueName":"search_term_string"}}],"inLanguage":"es"}]}},"_links":{"self":[{"href":"https:\/\/www.3llideas.com\/es\/wp-json\/wp\/v2\/pages\/1574","targetHints":{"allow":["GET"]}}],"collection":[{"href":"https:\/\/www.3llideas.com\/es\/wp-json\/wp\/v2\/pages"}],"about":[{"href":"https:\/\/www.3llideas.com\/es\/wp-json\/wp\/v2\/types\/page"}],"author":[{"embeddable":true,"href":"https:\/\/www.3llideas.com\/es\/wp-json\/wp\/v2\/users\/2"}],"replies":[{"embeddable":true,"href":"https:\/\/www.3llideas.com\/es\/wp-json\/wp\/v2\/comments?post=1574"}],"version-history":[{"count":5,"href":"https:\/\/www.3llideas.com\/es\/wp-json\/wp\/v2\/pages\/1574\/revisions"}],"predecessor-version":[{"id":1639,"href":"https:\/\/www.3llideas.com\/es\/wp-json\/wp\/v2\/pages\/1574\/revisions\/1639"}],"wp:attachment":[{"href":"https:\/\/www.3llideas.com\/es\/wp-json\/wp\/v2\/media?parent=1574"}],"curies":[{"name":"wp","href":"https:\/\/api.w.org\/{rel}","templated":true}]}}