{"id":1484,"date":"2016-02-23T20:02:19","date_gmt":"2016-02-23T20:02:19","guid":{"rendered":"http:\/\/www.3llideas.com\/es\/?page_id=1484"},"modified":"2018-03-14T06:38:33","modified_gmt":"2018-03-14T06:38:33","slug":"diseno-graficoweb-y-branding","status":"publish","type":"page","link":"https:\/\/www.3llideas.com\/es\/servicios\/diseno-graficoweb-y-branding\/","title":{"rendered":"Dise\u00f1o gr\u00e1fico\/web y Branding"},"content":{"rendered":"<div class=\"wpb-content-wrapper\"><p>[vc_row css=\u00bb.vc_custom_1521009507318{margin-top: -80px !important;}\u00bb][vc_column][vc_column_text]<\/p>\n<h2 style=\"text-align: center;\">DISE\u00d1O GR\u00c1FICO\/WEB Y BRANDING<\/h2>\n<p>[\/vc_column_text][vc_empty_space][vc_column_text css_animation=\u00bbleft-to-right\u00bb]<\/p>\n<p><a href=\"http:\/\/www.3llideas.com\/wp-content\/uploads\/2016\/02\/banner_cabecera_design.jpg\" rel=\"attachment wp-att-1490\"><img loading=\"lazy\" decoding=\"async\" class=\"size-full wp-image-1490 aligncenter\" src=\"http:\/\/www.3llideas.com\/wp-content\/uploads\/2016\/02\/banner_cabecera_design.jpg\" alt=\"banner_cabecera_design\" width=\"1170\" height=\"247\" srcset=\"https:\/\/www.3llideas.com\/wp-content\/uploads\/2016\/02\/banner_cabecera_design.jpg 1170w, https:\/\/www.3llideas.com\/wp-content\/uploads\/2016\/02\/banner_cabecera_design-300x63.jpg 300w, https:\/\/www.3llideas.com\/wp-content\/uploads\/2016\/02\/banner_cabecera_design-768x162.jpg 768w, https:\/\/www.3llideas.com\/wp-content\/uploads\/2016\/02\/banner_cabecera_design-1024x216.jpg 1024w, https:\/\/www.3llideas.com\/wp-content\/uploads\/2016\/02\/banner_cabecera_design-1087x229.jpg 1087w\" sizes=\"auto, (max-width: 1170px) 100vw, 1170px\" \/><\/a><\/p>\n<p>[\/vc_column_text][vc_empty_space][vc_column_text]<\/p>\n<h5><em><span style=\"font-weight: 400;\"><strong><span style=\"color: #48afdb;\">\u00abTe ayudamos a desarrollar la parte visual y est\u00e9tica de tu proyecto<\/span><\/strong>, tocando las teclas necesarias para hacer vibrar a tus clientes.\u00bb<\/span><\/em><\/h5>\n<h5><em><span style=\"font-weight: 400;\">\u00ab\u00bfTienes una idea en la cabeza pero no sabes c\u00f3mo llevarla a tu web? <strong><span style=\"color: #48afdb;\">Nosotros podemos ser ese puente intermedio entre tus ideas y tu objetivo.\u00bb<\/span><\/strong><\/span><\/em><\/h5>\n<p>[\/vc_column_text][vc_empty_space][vc_text_separator title=\u00bb\u00bfQU\u00c9 PODEMOS HACER POR TI?\u00bb][vc_empty_space][\/vc_column][\/vc_row][vc_row][vc_column width=\u00bb1\/6&#8243;][vc_column_text css_animation=\u00bbappear\u00bb]<\/p>\n<p><a href=\"http:\/\/www.3llideas.com\/wp-content\/uploads\/2016\/02\/logo_quick.jpg\" rel=\"attachment wp-att-1493\"><img loading=\"lazy\" decoding=\"async\" class=\"size-thumbnail wp-image-1493 aligncenter\" src=\"http:\/\/www.3llideas.com\/wp-content\/uploads\/2016\/02\/logo_quick-150x150.jpg\" alt=\"logo_quick\" width=\"150\" height=\"150\" srcset=\"https:\/\/www.3llideas.com\/wp-content\/uploads\/2016\/02\/logo_quick-150x150.jpg 150w, https:\/\/www.3llideas.com\/wp-content\/uploads\/2016\/02\/logo_quick-72x72.jpg 72w\" sizes=\"auto, (max-width: 150px) 100vw, 150px\" \/><\/a><\/p>\n<p>[\/vc_column_text][\/vc_column][vc_column width=\u00bb1\/6&#8243;][vc_column_text css_animation=\u00bbappear\u00bb]<\/p>\n<p><a href=\"http:\/\/www.3llideas.com\/wp-content\/uploads\/2016\/02\/branding_quick.png\" rel=\"attachment wp-att-1494\"><img loading=\"lazy\" decoding=\"async\" class=\"size-thumbnail wp-image-1494 aligncenter\" src=\"http:\/\/www.3llideas.com\/wp-content\/uploads\/2016\/02\/branding_quick-150x150.png\" alt=\"branding_quick\" width=\"150\" height=\"150\" srcset=\"https:\/\/www.3llideas.com\/wp-content\/uploads\/2016\/02\/branding_quick-150x150.png 150w, https:\/\/www.3llideas.com\/wp-content\/uploads\/2016\/02\/branding_quick-72x72.png 72w\" sizes=\"auto, (max-width: 150px) 100vw, 150px\" \/><\/a><\/p>\n<p>[\/vc_column_text][\/vc_column][vc_column width=\u00bb1\/6&#8243;][vc_column_text css_animation=\u00bbappear\u00bb]<\/p>\n<p><a href=\"http:\/\/www.3llideas.com\/wp-content\/uploads\/2016\/02\/disenoweb_quick.png\" rel=\"attachment wp-att-1495\"><img loading=\"lazy\" decoding=\"async\" class=\"size-thumbnail wp-image-1495 aligncenter\" src=\"http:\/\/www.3llideas.com\/wp-content\/uploads\/2016\/02\/disenoweb_quick-150x150.png\" alt=\"disenoweb_quick\" width=\"150\" height=\"150\" srcset=\"https:\/\/www.3llideas.com\/wp-content\/uploads\/2016\/02\/disenoweb_quick-150x150.png 150w, https:\/\/www.3llideas.com\/wp-content\/uploads\/2016\/02\/disenoweb_quick-72x72.png 72w\" sizes=\"auto, (max-width: 150px) 100vw, 150px\" \/><\/a><\/p>\n<p>[\/vc_column_text][\/vc_column][vc_column width=\u00bb1\/6&#8243;][vc_column_text css_animation=\u00bbappear\u00bb]<\/p>\n<p><a href=\"http:\/\/www.3llideas.com\/wp-content\/uploads\/2016\/02\/mailing_quick.png\" rel=\"attachment wp-att-1496\"><img loading=\"lazy\" decoding=\"async\" class=\"size-thumbnail wp-image-1496 aligncenter\" src=\"http:\/\/www.3llideas.com\/wp-content\/uploads\/2016\/02\/mailing_quick-150x150.png\" alt=\"mailing_quick\" width=\"150\" height=\"150\" srcset=\"https:\/\/www.3llideas.com\/wp-content\/uploads\/2016\/02\/mailing_quick-150x150.png 150w, https:\/\/www.3llideas.com\/wp-content\/uploads\/2016\/02\/mailing_quick-72x72.png 72w\" sizes=\"auto, (max-width: 150px) 100vw, 150px\" \/><\/a><\/p>\n<p>[\/vc_column_text][\/vc_column][vc_column width=\u00bb1\/6&#8243;][vc_column_text css_animation=\u00bbappear\u00bb]<\/p>\n<p><a href=\"http:\/\/www.3llideas.com\/wp-content\/uploads\/2016\/02\/interface_quick.png\" rel=\"attachment wp-att-1497\"><img loading=\"lazy\" decoding=\"async\" class=\"size-thumbnail wp-image-1497 aligncenter\" src=\"http:\/\/www.3llideas.com\/wp-content\/uploads\/2016\/02\/interface_quick-150x150.png\" alt=\"interface_quick\" width=\"150\" height=\"150\" srcset=\"https:\/\/www.3llideas.com\/wp-content\/uploads\/2016\/02\/interface_quick-150x150.png 150w, https:\/\/www.3llideas.com\/wp-content\/uploads\/2016\/02\/interface_quick-72x72.png 72w\" sizes=\"auto, (max-width: 150px) 100vw, 150px\" \/><\/a><\/p>\n<p>[\/vc_column_text][\/vc_column][vc_column width=\u00bb1\/6&#8243;][vc_column_text css_animation=\u00bbappear\u00bb]<\/p>\n<p><a href=\"http:\/\/www.3llideas.com\/wp-content\/uploads\/2016\/02\/social_quick.png\" rel=\"attachment wp-att-1498\"><img loading=\"lazy\" decoding=\"async\" class=\"size-thumbnail wp-image-1498 aligncenter\" src=\"http:\/\/www.3llideas.com\/wp-content\/uploads\/2016\/02\/social_quick-150x150.png\" alt=\"social_quick\" width=\"150\" height=\"150\" srcset=\"https:\/\/www.3llideas.com\/wp-content\/uploads\/2016\/02\/social_quick-150x150.png 150w, https:\/\/www.3llideas.com\/wp-content\/uploads\/2016\/02\/social_quick-72x72.png 72w\" sizes=\"auto, (max-width: 150px) 100vw, 150px\" \/><\/a><\/p>\n<p>[\/vc_column_text][\/vc_column][\/vc_row][vc_row][vc_column][vc_empty_space][vc_column_text css_animation=\u00bbbottom-to-top\u00bb]<span style=\"color: #48afdb;\"><b>\u2192 Logotipo de empresa.<\/b><\/span><span style=\"font-weight: 400;\">\u00a0Juntos podemos plasmar todo el potencial de la empresa en un componente visual que lo defienda, represente y destaque frente al resto.<\/span><\/p>\n<p>&nbsp;<\/p>\n<p><span style=\"color: #48afdb;\"><b>\u2192 Personalidad de la marca (branding).<\/b><\/span><span style=\"font-weight: 400;\">\u00a0El logotipo es el primer paso. Y el branding de marca debe ser extensible, coherente y fluido con \u00e9l. Podemos partir de un logotipo externo o crear toda una nueva propuesta de imagen.<\/span><\/p>\n<p>&nbsp;<\/p>\n<p><span style=\"color: #48afdb;\"><b>\u2192 Dise\u00f1o Web.<\/b><\/span><span style=\"font-weight: 400;\">\u00a0Estamos especializados en crear dise\u00f1os web para nuestros clientes. Trabajamos con una idea inicial y desarrollamos diferentes propuestas siguiendo una misma vertiente pero con cambios sustanciales para mostrar distintas perspectivas de un mismo proyecto y as\u00ed seguir trabajando y puliendo para lograr un satisfactorio resultado final.<\/span><\/p>\n<p>&nbsp;<\/p>\n<p><span style=\"color: #48afdb;\"><b>\u2192 Apoyo visual, dise\u00f1o de banners, landing pages, mailing, promociones\u2026<\/b><\/span><span style=\"font-weight: 400;\">\u00a0Las posibilidades son infinitas ya que hay muchos elementos muy importantes en una empresa que hay que cuidar desde el apartado visual para aportar confianza, seriedad y profesionalidad, adem\u00e1s de diferenciaci\u00f3n. Podemos aportarte ideas, recursos y desarrollar ese trabajo para ti.<\/span><\/p>\n<p>&nbsp;<\/p>\n<p><span style=\"color: #48afdb;\"><b>\u2192 Interfaz de Usuario.<\/b><\/span><span style=\"font-weight: 400;\">\u00a0Uno de los factores m\u00e1s importante, por no decir el mayor, en el negocio online es llegar de manera acertada al cliente final. Y para ello hay que dotar a nuestro proyecto de una fant\u00e1stica navegaci\u00f3n de usuario. Mediante nuestra experiencia, el uso de ab tests y el estudio del perfil de empresa y usuarios podemos desarrollar gr\u00e1ficamente un camino m\u00e1s f\u00e1cil para que todos consigamos llegar a la meta.<\/span><\/p>\n<p>&nbsp;<\/p>\n<p><span style=\"color: #48afdb;\"><b>\u2192 Redes sociales.<\/b><\/span><span style=\"font-weight: 400;\">\u00a0Las redes sociales en general poseen un importante componente visual que ha de estar a la altura de tu proyecto. Podemos desarrollar como parte del branding de tu empresa todos estos elementos que son necesarios para las distintas plataformas sociales (cabeceras, perfiles, banners, iconos\u2026) y as\u00ed cuidar hasta el menor detalle.<\/span>[\/vc_column_text][\/vc_column][\/vc_row][vc_row][vc_column][vc_empty_space][vc_cta h2=\u00bb\u00bb h4=\u00bbRevive el aspecto de tu negocio \u00bb add_button=\u00bbbottom\u00bb btn_title=\u00bbMi proyecto necesita un nuevo dise\u00f1o\u00bb btn_style=\u00bbclassic\u00bb btn_color=\u00bbdanger\u00bb btn_align=\u00bbcenter\u00bb btn_i_icon_fontawesome=\u00bbfa fa-check\u00bb btn_add_icon=\u00bbtrue\u00bb btn_link=\u00bburl:%2Fes%2Ftu-proyecto%2F||\u00bb]<\/p>\n<p>\u00bfQuieres que tu negocio d\u00e9 una mejor cara? Fresca, moderna, con los elementos visuales que m\u00e1s te interesan&#8230; Desde 3llideas ponemos a tu disposici\u00f3n\u00a0todo nuestro equipo creativo y de dise\u00f1o: sean cuales sean tus necesidades, les daremos la apariencia que se merecen.<\/p>\n<p>[\/vc_cta][\/vc_column][\/vc_row]<\/p>\n<\/div>","protected":false},"excerpt":{"rendered":"<p>[vc_row css=\u00bb.vc_custom_1521009507318{margin-top: -80px !important;}\u00bb][vc_column][vc_column_text] DISE\u00d1O GR\u00c1FICO\/WEB Y BRANDING [\/vc_column_text][vc_empty_space][vc_column_text css_animation=\u00bbleft-to-right\u00bb] [\/vc_column_text][vc_empty_space][vc_column_text] \u00abTe ayudamos a desarrollar la parte visual y est\u00e9tica&#8230;<\/p>\n","protected":false},"author":1,"featured_media":1485,"parent":827,"menu_order":7,"comment_status":"closed","ping_status":"closed","template":"","meta":{"footnotes":""},"class_list":["post-1484","page","type-page","status-publish","has-post-thumbnail","hentry"],"yoast_head":"<!-- This site is optimized with the Yoast SEO Premium plugin v18.4 (Yoast SEO v27.4) - https:\/\/yoast.com\/product\/yoast-seo-premium-wordpress\/ -->\n<title>Solucionamos tus necesidades de dise\u00f1o gr\u00e1fico y branding<\/title>\n<meta name=\"description\" content=\"Nuestro equipo de dise\u00f1o gr\u00e1fico est\u00e1 dispuesto a ofrecerte toda su creatividad. Dise\u00f1o web, branding, logotipos, frontend de tu tienda online...\" \/>\n<meta name=\"robots\" content=\"index, follow, max-snippet:-1, max-image-preview:large, max-video-preview:-1\" \/>\n<link rel=\"canonical\" href=\"https:\/\/www.3llideas.com\/es\/servicios\/diseno-graficoweb-y-branding\/\" \/>\n<meta property=\"og:locale\" content=\"es_ES\" \/>\n<meta property=\"og:type\" content=\"article\" \/>\n<meta property=\"og:title\" content=\"Dise\u00f1o gr\u00e1fico\/web y Branding\" \/>\n<meta property=\"og:description\" content=\"Nuestro equipo de dise\u00f1o gr\u00e1fico est\u00e1 dispuesto a ofrecerte toda su creatividad. Dise\u00f1o web, branding, logotipos, frontend de tu tienda online...\" \/>\n<meta property=\"og:url\" content=\"https:\/\/www.3llideas.com\/es\/servicios\/diseno-graficoweb-y-branding\/\" \/>\n<meta property=\"og:site_name\" content=\"3llideas.com\" \/>\n<meta property=\"article:modified_time\" content=\"2018-03-14T06:38:33+00:00\" \/>\n<meta property=\"og:image\" content=\"https:\/\/www.3llideas.com\/wp-content\/uploads\/2016\/02\/design_branding.jpg\" \/>\n\t<meta property=\"og:image:width\" content=\"387\" \/>\n\t<meta property=\"og:image:height\" content=\"257\" \/>\n\t<meta property=\"og:image:type\" content=\"image\/jpeg\" \/>\n<meta name=\"twitter:card\" content=\"summary_large_image\" \/>\n<meta name=\"twitter:site\" content=\"@3llideas\" \/>\n<meta name=\"twitter:label1\" content=\"Tiempo de lectura\" \/>\n\t<meta name=\"twitter:data1\" content=\"3 minutos\" \/>\n<script type=\"application\/ld+json\" class=\"yoast-schema-graph\">{\"@context\":\"https:\\\/\\\/schema.org\",\"@graph\":[{\"@type\":\"WebPage\",\"@id\":\"https:\\\/\\\/www.3llideas.com\\\/es\\\/servicios\\\/diseno-graficoweb-y-branding\\\/\",\"url\":\"https:\\\/\\\/www.3llideas.com\\\/es\\\/servicios\\\/diseno-graficoweb-y-branding\\\/\",\"name\":\"Solucionamos tus necesidades de dise\u00f1o gr\u00e1fico y branding\",\"isPartOf\":{\"@id\":\"https:\\\/\\\/www.3llideas.com\\\/es\\\/#website\"},\"primaryImageOfPage\":{\"@id\":\"https:\\\/\\\/www.3llideas.com\\\/es\\\/servicios\\\/diseno-graficoweb-y-branding\\\/#primaryimage\"},\"image\":{\"@id\":\"https:\\\/\\\/www.3llideas.com\\\/es\\\/servicios\\\/diseno-graficoweb-y-branding\\\/#primaryimage\"},\"thumbnailUrl\":\"https:\\\/\\\/www.3llideas.com\\\/wp-content\\\/uploads\\\/2016\\\/02\\\/design_branding.jpg\",\"datePublished\":\"2016-02-23T20:02:19+00:00\",\"dateModified\":\"2018-03-14T06:38:33+00:00\",\"description\":\"Nuestro equipo de dise\u00f1o gr\u00e1fico est\u00e1 dispuesto a ofrecerte toda su creatividad. Dise\u00f1o web, branding, logotipos, frontend de tu tienda online...\",\"breadcrumb\":{\"@id\":\"https:\\\/\\\/www.3llideas.com\\\/es\\\/servicios\\\/diseno-graficoweb-y-branding\\\/#breadcrumb\"},\"inLanguage\":\"es\",\"potentialAction\":[{\"@type\":\"ReadAction\",\"target\":[\"https:\\\/\\\/www.3llideas.com\\\/es\\\/servicios\\\/diseno-graficoweb-y-branding\\\/\"]}]},{\"@type\":\"ImageObject\",\"inLanguage\":\"es\",\"@id\":\"https:\\\/\\\/www.3llideas.com\\\/es\\\/servicios\\\/diseno-graficoweb-y-branding\\\/#primaryimage\",\"url\":\"https:\\\/\\\/www.3llideas.com\\\/wp-content\\\/uploads\\\/2016\\\/02\\\/design_branding.jpg\",\"contentUrl\":\"https:\\\/\\\/www.3llideas.com\\\/wp-content\\\/uploads\\\/2016\\\/02\\\/design_branding.jpg\",\"width\":387,\"height\":257},{\"@type\":\"BreadcrumbList\",\"@id\":\"https:\\\/\\\/www.3llideas.com\\\/es\\\/servicios\\\/diseno-graficoweb-y-branding\\\/#breadcrumb\",\"itemListElement\":[{\"@type\":\"ListItem\",\"position\":1,\"name\":\"Portada\",\"item\":\"https:\\\/\\\/www.3llideas.com\\\/es\\\/\"},{\"@type\":\"ListItem\",\"position\":2,\"name\":\"Servicios\",\"item\":\"https:\\\/\\\/www.3llideas.com\\\/es\\\/servicios\\\/\"},{\"@type\":\"ListItem\",\"position\":3,\"name\":\"Dise\u00f1o gr\u00e1fico\\\/web y Branding\"}]},{\"@type\":\"WebSite\",\"@id\":\"https:\\\/\\\/www.3llideas.com\\\/es\\\/#website\",\"url\":\"https:\\\/\\\/www.3llideas.com\\\/es\\\/\",\"name\":\"3llideas.com\",\"description\":\"3llideas, Agencia Ecommerce, Gesti\u00f3n empresarial Microsoft, AWS, Gesti\u00f3n empresarial sage\",\"potentialAction\":[{\"@type\":\"SearchAction\",\"target\":{\"@type\":\"EntryPoint\",\"urlTemplate\":\"https:\\\/\\\/www.3llideas.com\\\/es\\\/?s={search_term_string}\"},\"query-input\":{\"@type\":\"PropertyValueSpecification\",\"valueRequired\":true,\"valueName\":\"search_term_string\"}}],\"inLanguage\":\"es\"}]}<\/script>\n<!-- \/ Yoast SEO Premium plugin. -->","yoast_head_json":{"title":"Solucionamos tus necesidades de dise\u00f1o gr\u00e1fico y branding","description":"Nuestro equipo de dise\u00f1o gr\u00e1fico est\u00e1 dispuesto a ofrecerte toda su creatividad. Dise\u00f1o web, branding, logotipos, frontend de tu tienda online...","robots":{"index":"index","follow":"follow","max-snippet":"max-snippet:-1","max-image-preview":"max-image-preview:large","max-video-preview":"max-video-preview:-1"},"canonical":"https:\/\/www.3llideas.com\/es\/servicios\/diseno-graficoweb-y-branding\/","og_locale":"es_ES","og_type":"article","og_title":"Dise\u00f1o gr\u00e1fico\/web y Branding","og_description":"Nuestro equipo de dise\u00f1o gr\u00e1fico est\u00e1 dispuesto a ofrecerte toda su creatividad. Dise\u00f1o web, branding, logotipos, frontend de tu tienda online...","og_url":"https:\/\/www.3llideas.com\/es\/servicios\/diseno-graficoweb-y-branding\/","og_site_name":"3llideas.com","article_modified_time":"2018-03-14T06:38:33+00:00","og_image":[{"width":387,"height":257,"url":"https:\/\/www.3llideas.com\/wp-content\/uploads\/2016\/02\/design_branding.jpg","type":"image\/jpeg"}],"twitter_card":"summary_large_image","twitter_site":"@3llideas","twitter_misc":{"Tiempo de lectura":"3 minutos"},"schema":{"@context":"https:\/\/schema.org","@graph":[{"@type":"WebPage","@id":"https:\/\/www.3llideas.com\/es\/servicios\/diseno-graficoweb-y-branding\/","url":"https:\/\/www.3llideas.com\/es\/servicios\/diseno-graficoweb-y-branding\/","name":"Solucionamos tus necesidades de dise\u00f1o gr\u00e1fico y branding","isPartOf":{"@id":"https:\/\/www.3llideas.com\/es\/#website"},"primaryImageOfPage":{"@id":"https:\/\/www.3llideas.com\/es\/servicios\/diseno-graficoweb-y-branding\/#primaryimage"},"image":{"@id":"https:\/\/www.3llideas.com\/es\/servicios\/diseno-graficoweb-y-branding\/#primaryimage"},"thumbnailUrl":"https:\/\/www.3llideas.com\/wp-content\/uploads\/2016\/02\/design_branding.jpg","datePublished":"2016-02-23T20:02:19+00:00","dateModified":"2018-03-14T06:38:33+00:00","description":"Nuestro equipo de dise\u00f1o gr\u00e1fico est\u00e1 dispuesto a ofrecerte toda su creatividad. Dise\u00f1o web, branding, logotipos, frontend de tu tienda online...","breadcrumb":{"@id":"https:\/\/www.3llideas.com\/es\/servicios\/diseno-graficoweb-y-branding\/#breadcrumb"},"inLanguage":"es","potentialAction":[{"@type":"ReadAction","target":["https:\/\/www.3llideas.com\/es\/servicios\/diseno-graficoweb-y-branding\/"]}]},{"@type":"ImageObject","inLanguage":"es","@id":"https:\/\/www.3llideas.com\/es\/servicios\/diseno-graficoweb-y-branding\/#primaryimage","url":"https:\/\/www.3llideas.com\/wp-content\/uploads\/2016\/02\/design_branding.jpg","contentUrl":"https:\/\/www.3llideas.com\/wp-content\/uploads\/2016\/02\/design_branding.jpg","width":387,"height":257},{"@type":"BreadcrumbList","@id":"https:\/\/www.3llideas.com\/es\/servicios\/diseno-graficoweb-y-branding\/#breadcrumb","itemListElement":[{"@type":"ListItem","position":1,"name":"Portada","item":"https:\/\/www.3llideas.com\/es\/"},{"@type":"ListItem","position":2,"name":"Servicios","item":"https:\/\/www.3llideas.com\/es\/servicios\/"},{"@type":"ListItem","position":3,"name":"Dise\u00f1o gr\u00e1fico\/web y Branding"}]},{"@type":"WebSite","@id":"https:\/\/www.3llideas.com\/es\/#website","url":"https:\/\/www.3llideas.com\/es\/","name":"3llideas.com","description":"3llideas, Agencia Ecommerce, Gesti\u00f3n empresarial Microsoft, AWS, Gesti\u00f3n empresarial sage","potentialAction":[{"@type":"SearchAction","target":{"@type":"EntryPoint","urlTemplate":"https:\/\/www.3llideas.com\/es\/?s={search_term_string}"},"query-input":{"@type":"PropertyValueSpecification","valueRequired":true,"valueName":"search_term_string"}}],"inLanguage":"es"}]}},"_links":{"self":[{"href":"https:\/\/www.3llideas.com\/es\/wp-json\/wp\/v2\/pages\/1484","targetHints":{"allow":["GET"]}}],"collection":[{"href":"https:\/\/www.3llideas.com\/es\/wp-json\/wp\/v2\/pages"}],"about":[{"href":"https:\/\/www.3llideas.com\/es\/wp-json\/wp\/v2\/types\/page"}],"author":[{"embeddable":true,"href":"https:\/\/www.3llideas.com\/es\/wp-json\/wp\/v2\/users\/1"}],"replies":[{"embeddable":true,"href":"https:\/\/www.3llideas.com\/es\/wp-json\/wp\/v2\/comments?post=1484"}],"version-history":[{"count":21,"href":"https:\/\/www.3llideas.com\/es\/wp-json\/wp\/v2\/pages\/1484\/revisions"}],"predecessor-version":[{"id":2835,"href":"https:\/\/www.3llideas.com\/es\/wp-json\/wp\/v2\/pages\/1484\/revisions\/2835"}],"up":[{"embeddable":true,"href":"https:\/\/www.3llideas.com\/es\/wp-json\/wp\/v2\/pages\/827"}],"wp:featuredmedia":[{"embeddable":true,"href":"https:\/\/www.3llideas.com\/es\/wp-json\/wp\/v2\/media\/1485"}],"wp:attachment":[{"href":"https:\/\/www.3llideas.com\/es\/wp-json\/wp\/v2\/media?parent=1484"}],"curies":[{"name":"wp","href":"https:\/\/api.w.org\/{rel}","templated":true}]}}