{"id":1477,"date":"2016-02-19T20:02:49","date_gmt":"2016-02-19T20:02:49","guid":{"rendered":"http:\/\/www.3llideas.com\/es\/?page_id=1477"},"modified":"2016-03-15T06:29:52","modified_gmt":"2016-03-15T06:29:52","slug":"publicidad-ppc-adwords-y-sem","status":"publish","type":"page","link":"https:\/\/www.3llideas.com\/es\/publicidad-ppc-adwords-y-sem\/","title":{"rendered":"Publicidad PPC, AdWords y SEM"},"content":{"rendered":"<div class=\"wpb-content-wrapper\"><p>[vc_row][vc_column][vc_empty_space][vc_column_text css_animation=\u00bbappear\u00bb]<\/p>\n<p style=\"text-align: center;\"><img loading=\"lazy\" decoding=\"async\" class=\"aligncenter wp-image-1636 size-full\" title=\"Publicidad PPC, AdWords y SEM\" src=\"http:\/\/www.3llideas.com\/wp-content\/uploads\/2016\/02\/adwords_banner_marketing.jpg\" alt=\"Publicidad PPC, AdWords y SEM\" width=\"1170\" height=\"247\" srcset=\"https:\/\/www.3llideas.com\/wp-content\/uploads\/2016\/02\/adwords_banner_marketing.jpg 1170w, https:\/\/www.3llideas.com\/wp-content\/uploads\/2016\/02\/adwords_banner_marketing-300x63.jpg 300w, https:\/\/www.3llideas.com\/wp-content\/uploads\/2016\/02\/adwords_banner_marketing-768x162.jpg 768w, https:\/\/www.3llideas.com\/wp-content\/uploads\/2016\/02\/adwords_banner_marketing-1024x216.jpg 1024w, https:\/\/www.3llideas.com\/wp-content\/uploads\/2016\/02\/adwords_banner_marketing-1087x229.jpg 1087w\" sizes=\"auto, (max-width: 1170px) 100vw, 1170px\" \/><\/p>\n<p>[\/vc_column_text][vc_empty_space][vc_column_text]<\/p>\n<p style=\"text-align: left;\">De igual manera que <a href=\"http:\/\/www.3llideas.com\/es\/servicios\/marketing-online\/seo-y-posicionamiento-organico\/\">el SEO resulta imprescindible para cualquier web<\/a>, darse a conocer en las plataformas de publicidad por click tambi\u00e9n es muy aconsejable. Sobre todo cuando el proyecto parte de cero; aunque tambi\u00e9n cuando se trata de una marca establecida: adem\u00e1s de poder obtenerse grandes resultados con una campa\u00f1a de AdWords sin tener que hacer un esfuerzo econ\u00f3mico considerable, tambi\u00e9n resulta posible descubrir nuevas palabras clave para SEO utilizando las herramientas disponibles.<\/p>\n<p>&nbsp;<\/p>\n<p style=\"text-align: left;\">En 3llideas nos especializamos en los siguientes campos:<\/p>\n<p>[\/vc_column_text][\/vc_column][\/vc_row][vc_row][vc_column]<\/p>\n<div class=\"list arrow\">\n<ul>\n<li><strong>Disponemos de amplia experiencia en campa\u00f1as de AdWords y SEM<\/strong>, pudiendo realizar un estudio detallado del proyecto, de la marca, p\u00e1gina web, tienda online&#8230; Analizaremos c\u00f3mo promocionar tu negocio y cu\u00e1les son los mejores productos para \u00e9l.<\/li>\n<li><strong>Crearemos una estrategia de campa\u00f1as en base a las necesidades de tu proyecto<\/strong> utilizando palabras clave relacionadas con tu tem\u00e1tica, los productos de tu tienda online, analizaremos por qu\u00e9 campa\u00f1as apuesta tu competencia&#8230;<\/li>\n<li><strong>Te ofrecemos asesoramiento completo<\/strong> para que, de tener una tienda online, tus productos aparezcan correctamente en Google Shopping ofreciendo a los posibles clientes la informaci\u00f3n m\u00e1s apropiada para favorecer la conversi\u00f3n.<\/li>\n<li><strong>Pondremos en marcha una serie de campa\u00f1as de prueba con un m\u00ednimo presupuesto para averiguar cu\u00e1l es su rendimiento<\/strong>; d\u00e1ndote un coste aproximado de lo que supondr\u00eda para tu proyecto una estrategia SEM completa.<\/li>\n<li><strong>Te ofreceremos un informe pormenorizado de los resultados<\/strong> as\u00ed como de aquellas estrategias SEM\/AdWords que hemos detectado m\u00e1s positivas.<\/li>\n<li><strong>Podemos gestionar tu cuenta de AdWords<\/strong> ofreci\u00e9ndote informes puntuales de la efectividad de las campa\u00f1as. Adem\u00e1s, te ofrecemos la posibilidad de concretar reuniones para darte a conocer estos resultados as\u00ed como para conocer en primera persona nuevas tem\u00e1ticas para las campa\u00f1as y aquellas particularidades de tu negocio que creas conveniente rese\u00f1ar en AdWords y\/o Google Shopping.<\/li>\n<\/ul>\n<\/div>\n<p>[\/vc_column][\/vc_row][vc_row][vc_column][vc_empty_space][vc_cta h2=\u00bb\u00bb h4=\u00bbLlega a m\u00e1s personas con una campa\u00f1a de AdWords\u00bb add_button=\u00bbbottom\u00bb btn_title=\u00bbMejora ya el SEM de tu proyecto\u00bb btn_style=\u00bbclassic\u00bb btn_color=\u00bbdanger\u00bb btn_align=\u00bbcenter\u00bb btn_i_icon_fontawesome=\u00bbfa fa-check\u00bb btn_link=\u00bburl:%2Fes%2Ftu-proyecto%2F||\u00bb btn_add_icon=\u00bbtrue\u00bb]\u00bfNecesitas que administremos tu\u00a0cuenta de <strong>AdWords<\/strong>, que gestionemos tus campa\u00f1as de <strong>SEM<\/strong> o que realicemos alguna otra acci\u00f3n <strong>PPC<\/strong>? Contacta con nosotros, pondremos toda nuestra experiencia en tu proyecto para que logres los mejores resultados con su publicidad.[\/vc_cta][\/vc_column][\/vc_row]<\/p>\n<\/div>","protected":false},"excerpt":{"rendered":"<p>[vc_row][vc_column][vc_empty_space][vc_column_text css_animation=\u00bbappear\u00bb] [\/vc_column_text][vc_empty_space][vc_column_text] De igual manera que el SEO resulta imprescindible para cualquier web, darse a conocer en las plataformas&#8230;<\/p>\n","protected":false},"author":2,"featured_media":0,"parent":0,"menu_order":0,"comment_status":"closed","ping_status":"closed","template":"","meta":{"footnotes":""},"class_list":["post-1477","page","type-page","status-publish","hentry"],"yoast_head":"<!-- This site is optimized with the Yoast SEO Premium plugin v18.4 (Yoast SEO v27.5) - https:\/\/yoast.com\/product\/yoast-seo-premium-wordpress\/ -->\n<title>Optimizamos tus campa\u00f1as de SEM (AdWords, PPC...)<\/title>\n<meta name=\"description\" content=\"El SEM no tiene secretos para 3llideas: disponemos de experiencia en el terreno del PPC y AdWords para que tus campa\u00f1as obtengan la mejor conversi\u00f3n.\" \/>\n<meta name=\"robots\" content=\"index, follow, max-snippet:-1, max-image-preview:large, max-video-preview:-1\" \/>\n<link rel=\"canonical\" href=\"https:\/\/www.3llideas.com\/es\/publicidad-ppc-adwords-y-sem\/\" \/>\n<meta property=\"og:locale\" content=\"es_ES\" \/>\n<meta property=\"og:type\" content=\"article\" \/>\n<meta property=\"og:title\" content=\"Publicidad PPC, AdWords y SEM\" \/>\n<meta property=\"og:description\" content=\"El SEM no tiene secretos para 3llideas: disponemos de experiencia en el terreno del PPC y AdWords para que tus campa\u00f1as obtengan la mejor conversi\u00f3n.\" \/>\n<meta property=\"og:url\" content=\"https:\/\/www.3llideas.com\/es\/publicidad-ppc-adwords-y-sem\/\" \/>\n<meta property=\"og:site_name\" content=\"3llideas.com\" \/>\n<meta property=\"article:modified_time\" content=\"2016-03-15T06:29:52+00:00\" \/>\n<meta property=\"og:image\" content=\"http:\/\/www.3llideas.com\/wp-content\/uploads\/2016\/02\/adwords_banner_marketing.jpg\" \/>\n<meta name=\"twitter:card\" content=\"summary_large_image\" \/>\n<meta name=\"twitter:site\" content=\"@3llideas\" \/>\n<meta name=\"twitter:label1\" content=\"Tiempo de lectura\" \/>\n\t<meta name=\"twitter:data1\" content=\"2 minutos\" \/>\n<script type=\"application\/ld+json\" class=\"yoast-schema-graph\">{\"@context\":\"https:\\\/\\\/schema.org\",\"@graph\":[{\"@type\":\"WebPage\",\"@id\":\"https:\\\/\\\/www.3llideas.com\\\/es\\\/publicidad-ppc-adwords-y-sem\\\/\",\"url\":\"https:\\\/\\\/www.3llideas.com\\\/es\\\/publicidad-ppc-adwords-y-sem\\\/\",\"name\":\"Optimizamos tus campa\u00f1as de SEM (AdWords, PPC...)\",\"isPartOf\":{\"@id\":\"https:\\\/\\\/www.3llideas.com\\\/es\\\/#website\"},\"primaryImageOfPage\":{\"@id\":\"https:\\\/\\\/www.3llideas.com\\\/es\\\/publicidad-ppc-adwords-y-sem\\\/#primaryimage\"},\"image\":{\"@id\":\"https:\\\/\\\/www.3llideas.com\\\/es\\\/publicidad-ppc-adwords-y-sem\\\/#primaryimage\"},\"thumbnailUrl\":\"http:\\\/\\\/www.3llideas.com\\\/wp-content\\\/uploads\\\/2016\\\/02\\\/adwords_banner_marketing.jpg\",\"datePublished\":\"2016-02-19T20:02:49+00:00\",\"dateModified\":\"2016-03-15T06:29:52+00:00\",\"description\":\"El SEM no tiene secretos para 3llideas: disponemos de experiencia en el terreno del PPC y AdWords para que tus campa\u00f1as obtengan la mejor conversi\u00f3n.\",\"breadcrumb\":{\"@id\":\"https:\\\/\\\/www.3llideas.com\\\/es\\\/publicidad-ppc-adwords-y-sem\\\/#breadcrumb\"},\"inLanguage\":\"es\",\"potentialAction\":[{\"@type\":\"ReadAction\",\"target\":[\"https:\\\/\\\/www.3llideas.com\\\/es\\\/publicidad-ppc-adwords-y-sem\\\/\"]}]},{\"@type\":\"ImageObject\",\"inLanguage\":\"es\",\"@id\":\"https:\\\/\\\/www.3llideas.com\\\/es\\\/publicidad-ppc-adwords-y-sem\\\/#primaryimage\",\"url\":\"http:\\\/\\\/www.3llideas.com\\\/wp-content\\\/uploads\\\/2016\\\/02\\\/adwords_banner_marketing.jpg\",\"contentUrl\":\"http:\\\/\\\/www.3llideas.com\\\/wp-content\\\/uploads\\\/2016\\\/02\\\/adwords_banner_marketing.jpg\"},{\"@type\":\"BreadcrumbList\",\"@id\":\"https:\\\/\\\/www.3llideas.com\\\/es\\\/publicidad-ppc-adwords-y-sem\\\/#breadcrumb\",\"itemListElement\":[{\"@type\":\"ListItem\",\"position\":1,\"name\":\"Portada\",\"item\":\"https:\\\/\\\/www.3llideas.com\\\/es\\\/\"},{\"@type\":\"ListItem\",\"position\":2,\"name\":\"Publicidad PPC, AdWords y SEM\"}]},{\"@type\":\"WebSite\",\"@id\":\"https:\\\/\\\/www.3llideas.com\\\/es\\\/#website\",\"url\":\"https:\\\/\\\/www.3llideas.com\\\/es\\\/\",\"name\":\"3llideas.com\",\"description\":\"3llideas, Agencia Ecommerce, Gesti\u00f3n empresarial Microsoft, AWS, Gesti\u00f3n empresarial sage\",\"potentialAction\":[{\"@type\":\"SearchAction\",\"target\":{\"@type\":\"EntryPoint\",\"urlTemplate\":\"https:\\\/\\\/www.3llideas.com\\\/es\\\/?s={search_term_string}\"},\"query-input\":{\"@type\":\"PropertyValueSpecification\",\"valueRequired\":true,\"valueName\":\"search_term_string\"}}],\"inLanguage\":\"es\"}]}<\/script>\n<!-- \/ Yoast SEO Premium plugin. -->","yoast_head_json":{"title":"Optimizamos tus campa\u00f1as de SEM (AdWords, PPC...)","description":"El SEM no tiene secretos para 3llideas: disponemos de experiencia en el terreno del PPC y AdWords para que tus campa\u00f1as obtengan la mejor conversi\u00f3n.","robots":{"index":"index","follow":"follow","max-snippet":"max-snippet:-1","max-image-preview":"max-image-preview:large","max-video-preview":"max-video-preview:-1"},"canonical":"https:\/\/www.3llideas.com\/es\/publicidad-ppc-adwords-y-sem\/","og_locale":"es_ES","og_type":"article","og_title":"Publicidad PPC, AdWords y SEM","og_description":"El SEM no tiene secretos para 3llideas: disponemos de experiencia en el terreno del PPC y AdWords para que tus campa\u00f1as obtengan la mejor conversi\u00f3n.","og_url":"https:\/\/www.3llideas.com\/es\/publicidad-ppc-adwords-y-sem\/","og_site_name":"3llideas.com","article_modified_time":"2016-03-15T06:29:52+00:00","og_image":[{"url":"http:\/\/www.3llideas.com\/wp-content\/uploads\/2016\/02\/adwords_banner_marketing.jpg","type":"","width":"","height":""}],"twitter_card":"summary_large_image","twitter_site":"@3llideas","twitter_misc":{"Tiempo de lectura":"2 minutos"},"schema":{"@context":"https:\/\/schema.org","@graph":[{"@type":"WebPage","@id":"https:\/\/www.3llideas.com\/es\/publicidad-ppc-adwords-y-sem\/","url":"https:\/\/www.3llideas.com\/es\/publicidad-ppc-adwords-y-sem\/","name":"Optimizamos tus campa\u00f1as de SEM (AdWords, PPC...)","isPartOf":{"@id":"https:\/\/www.3llideas.com\/es\/#website"},"primaryImageOfPage":{"@id":"https:\/\/www.3llideas.com\/es\/publicidad-ppc-adwords-y-sem\/#primaryimage"},"image":{"@id":"https:\/\/www.3llideas.com\/es\/publicidad-ppc-adwords-y-sem\/#primaryimage"},"thumbnailUrl":"http:\/\/www.3llideas.com\/wp-content\/uploads\/2016\/02\/adwords_banner_marketing.jpg","datePublished":"2016-02-19T20:02:49+00:00","dateModified":"2016-03-15T06:29:52+00:00","description":"El SEM no tiene secretos para 3llideas: disponemos de experiencia en el terreno del PPC y AdWords para que tus campa\u00f1as obtengan la mejor conversi\u00f3n.","breadcrumb":{"@id":"https:\/\/www.3llideas.com\/es\/publicidad-ppc-adwords-y-sem\/#breadcrumb"},"inLanguage":"es","potentialAction":[{"@type":"ReadAction","target":["https:\/\/www.3llideas.com\/es\/publicidad-ppc-adwords-y-sem\/"]}]},{"@type":"ImageObject","inLanguage":"es","@id":"https:\/\/www.3llideas.com\/es\/publicidad-ppc-adwords-y-sem\/#primaryimage","url":"http:\/\/www.3llideas.com\/wp-content\/uploads\/2016\/02\/adwords_banner_marketing.jpg","contentUrl":"http:\/\/www.3llideas.com\/wp-content\/uploads\/2016\/02\/adwords_banner_marketing.jpg"},{"@type":"BreadcrumbList","@id":"https:\/\/www.3llideas.com\/es\/publicidad-ppc-adwords-y-sem\/#breadcrumb","itemListElement":[{"@type":"ListItem","position":1,"name":"Portada","item":"https:\/\/www.3llideas.com\/es\/"},{"@type":"ListItem","position":2,"name":"Publicidad PPC, AdWords y SEM"}]},{"@type":"WebSite","@id":"https:\/\/www.3llideas.com\/es\/#website","url":"https:\/\/www.3llideas.com\/es\/","name":"3llideas.com","description":"3llideas, Agencia Ecommerce, Gesti\u00f3n empresarial Microsoft, AWS, Gesti\u00f3n empresarial sage","potentialAction":[{"@type":"SearchAction","target":{"@type":"EntryPoint","urlTemplate":"https:\/\/www.3llideas.com\/es\/?s={search_term_string}"},"query-input":{"@type":"PropertyValueSpecification","valueRequired":true,"valueName":"search_term_string"}}],"inLanguage":"es"}]}},"_links":{"self":[{"href":"https:\/\/www.3llideas.com\/es\/wp-json\/wp\/v2\/pages\/1477","targetHints":{"allow":["GET"]}}],"collection":[{"href":"https:\/\/www.3llideas.com\/es\/wp-json\/wp\/v2\/pages"}],"about":[{"href":"https:\/\/www.3llideas.com\/es\/wp-json\/wp\/v2\/types\/page"}],"author":[{"embeddable":true,"href":"https:\/\/www.3llideas.com\/es\/wp-json\/wp\/v2\/users\/2"}],"replies":[{"embeddable":true,"href":"https:\/\/www.3llideas.com\/es\/wp-json\/wp\/v2\/comments?post=1477"}],"version-history":[{"count":6,"href":"https:\/\/www.3llideas.com\/es\/wp-json\/wp\/v2\/pages\/1477\/revisions"}],"predecessor-version":[{"id":1803,"href":"https:\/\/www.3llideas.com\/es\/wp-json\/wp\/v2\/pages\/1477\/revisions\/1803"}],"wp:attachment":[{"href":"https:\/\/www.3llideas.com\/es\/wp-json\/wp\/v2\/media?parent=1477"}],"curies":[{"name":"wp","href":"https:\/\/api.w.org\/{rel}","templated":true}]}}