{"id":1469,"date":"2016-02-19T19:52:23","date_gmt":"2016-02-19T19:52:23","guid":{"rendered":"http:\/\/www.3llideas.com\/es\/?page_id=1469"},"modified":"2016-03-14T12:42:35","modified_gmt":"2016-03-14T12:42:35","slug":"seo-y-posicionamiento-organico","status":"publish","type":"page","link":"https:\/\/www.3llideas.com\/es\/seo-y-posicionamiento-organico\/","title":{"rendered":"SEO y posicionamiento org\u00e1nico"},"content":{"rendered":"<div class=\"wpb-content-wrapper\"><p>[vc_row][vc_column][vc_empty_space][vc_column_text css_animation=\u00bbappear\u00bb]<\/p>\n<p style=\"text-align: center;\"><a href=\"http:\/\/www.3llideas.com\/wp-content\/uploads\/2016\/02\/seo_marketing_banner.jpg\" rel=\"attachment wp-att-1635\"><img loading=\"lazy\" decoding=\"async\" class=\"alignnone size-full wp-image-1635\" src=\"http:\/\/www.3llideas.com\/wp-content\/uploads\/2016\/02\/seo_marketing_banner.jpg\" alt=\"seo_marketing_banner\" width=\"1170\" height=\"247\" srcset=\"https:\/\/www.3llideas.com\/wp-content\/uploads\/2016\/02\/seo_marketing_banner.jpg 1170w, https:\/\/www.3llideas.com\/wp-content\/uploads\/2016\/02\/seo_marketing_banner-300x63.jpg 300w, https:\/\/www.3llideas.com\/wp-content\/uploads\/2016\/02\/seo_marketing_banner-768x162.jpg 768w, https:\/\/www.3llideas.com\/wp-content\/uploads\/2016\/02\/seo_marketing_banner-1024x216.jpg 1024w, https:\/\/www.3llideas.com\/wp-content\/uploads\/2016\/02\/seo_marketing_banner-1087x229.jpg 1087w\" sizes=\"auto, (max-width: 1170px) 100vw, 1170px\" \/><\/a><\/p>\n<p>[\/vc_column_text][vc_empty_space][vc_column_text]<\/p>\n<p>Aparecer en las primeras posiciones de los motores de b\u00fasqueda es algo imprescindible para cualquier empresa que ponga sus esfuerzos en internet, por lo que siempre se ha de intentar que toda web sea \u00abSEO friendly\u00bb; as\u00ed como se deben seguir ciertos protocolos de actuaci\u00f3n, desarrollos y creaci\u00f3n de contenidos que vayan en la l\u00ednea de un mejor posicionamiento, principalmente en Google. Por eso, en 3llideas te ofrecemos un completo plan de optimizaci\u00f3n SEO con el que tu proyecto mejorar\u00e1 en tr\u00e1fico y, previsiblemente, tambi\u00e9n en conversi\u00f3n. Para ello:<\/p>\n<p>[\/vc_column_text][\/vc_column][\/vc_row][vc_row][vc_column]<\/p>\n<div class=\"list arrow\">\n<ul>\n<li><strong>Realizamos un an\u00e1lisis SEO de tu site para determinar c\u00f3mo de bien se ha posicionado<\/strong>; as\u00ed como para determinar los principales errores e inconvenientes sobre los que incidir en primera instancia.<\/li>\n<li><strong>Averiguamos las palabras clave que m\u00e1s te convienen as\u00ed como aquellas keywords donde ya est\u00e1s posicionado y m\u00e1s deber\u00edas incidir<\/strong>. Valoramos tu tem\u00e1tica, el tipo de productos de tu tienda online, las keywords sobre las que apunta tu competencia, d\u00f3nde se ha posicionado mejor dicha competencia&#8230; El estudio de palabras clave es vital para cualquier estrategia de SEO y posicionamiento org\u00e1nico.<\/li>\n<li><strong>Determinamos la mejor manera de proceder para optimizar tu p\u00e1gina en t\u00e9rminos de SEO<\/strong>. Con el informe de posicionamiento y palabras clave te daremos las principales pautas a realizar a corto y medio plazo.<\/li>\n<li><strong>Podemos ayudarte a optimizar tu web<\/strong>. Sabemos qu\u00e9 es lo que hay que hacer y c\u00f3mo hacerlo, disponiendo de un equipo especializado tambi\u00e9n en desarrollo web.<\/li>\n<li><strong>Realizamos el seguimiento de las actuaciones realizadas<\/strong> averiguando cu\u00e1les est\u00e1n dando resultados, cu\u00e1les merecen una mejor optimizaci\u00f3n y, tambi\u00e9n, qu\u00e9 nuevas medidas habr\u00e1 que llevar a cabo.<\/li>\n<li><strong>Te plantearemos diferentes reuniones en persona<\/strong>, siempre que sea posible, para darte a conocer los resultados, para que podamos encontrar nuevas l\u00edneas de actuaci\u00f3n y, sobre todo, tambi\u00e9n para conocer las particularidades de tu proyecto y saber en mejor medida d\u00f3nde incidir en t\u00e9rminos de SEO.<\/li>\n<\/ul>\n<\/div>\n<p>[\/vc_column][\/vc_row][vc_row][vc_column][vc_column_text]<\/p>\n<p>El posicionamiento org\u00e1nico no es algo inmediato, pero s\u00ed que podemos garantizar que mejorar\u00e1 a medio y largo plazo con nuestro planteamiento. Resulta imposible garantizar las primeras posiciones para\u00a0los t\u00e9rminos m\u00e1s competidos, pero, siendo constantes, y trabajando de forma limpia de cara a los buscadores, suelen conseguirse\u00a0buenos resultados.<\/p>\n<p>[\/vc_column_text][\/vc_column][\/vc_row][vc_row][vc_column][vc_empty_space][vc_cta h2=\u00bb\u00bb h4=\u00bbMejora el posicionamiento org\u00e1nico de tu p\u00e1gina\u00bb add_button=\u00bbbottom\u00bb btn_title=\u00bbMejora ya el SEO de tu web\u00bb btn_style=\u00bbclassic\u00bb btn_color=\u00bbdanger\u00bb btn_align=\u00bbcenter\u00bb btn_i_icon_fontawesome=\u00bbfa fa-check\u00bb btn_link=\u00bburl:%2Fes%2Ftu-proyecto%2F||\u00bb btn_add_icon=\u00bbtrue\u00bb]<\/p>\n<p>Disponemos de un equipo especialista en SEO que te asesorar\u00e1 y te orientar\u00e1 para que tu p\u00e1gina aparezca en las\u00a0mejores posiciones para aquellas b\u00fasquedas que sean m\u00e1s destacadas para tu negocio. No podemos asegurar la primera posici\u00f3n, sobre todo si son\u00a0b\u00fasquedas muy competidas, pero s\u00ed que mejorar\u00e1 tu posicionamiento org\u00e1nico llegando m\u00e1s tr\u00e1fico y,\u00a0tambi\u00e9n, m\u00e1s conversi\u00f3n.<\/p>\n<p>[\/vc_cta][\/vc_column][\/vc_row]<\/p>\n<\/div>","protected":false},"excerpt":{"rendered":"<p>[vc_row][vc_column][vc_empty_space][vc_column_text css_animation=\u00bbappear\u00bb] [\/vc_column_text][vc_empty_space][vc_column_text] Aparecer en las primeras posiciones de los motores de b\u00fasqueda es algo imprescindible para cualquier empresa que&#8230;<\/p>\n","protected":false},"author":2,"featured_media":0,"parent":0,"menu_order":0,"comment_status":"closed","ping_status":"closed","template":"","meta":{"footnotes":""},"class_list":["post-1469","page","type-page","status-publish","hentry"],"yoast_head":"<!-- This site is optimized with the Yoast SEO Premium plugin v18.4 (Yoast SEO v27.5) - https:\/\/yoast.com\/product\/yoast-seo-premium-wordpress\/ -->\n<title>Optimizamos el SEO de tu web para mejorar en buscadores<\/title>\n<meta name=\"description\" content=\"En SEO no hay magia, pero s\u00ed la buena labor de quienes conocen a fondo el posicionamiento org\u00e1nico. \u00bfBuscas mejorar tu posici\u00f3n en buscadores?\" \/>\n<meta name=\"robots\" content=\"index, follow, max-snippet:-1, max-image-preview:large, max-video-preview:-1\" \/>\n<link rel=\"canonical\" href=\"https:\/\/www.3llideas.com\/es\/seo-y-posicionamiento-organico\/\" \/>\n<meta property=\"og:locale\" content=\"es_ES\" \/>\n<meta property=\"og:type\" content=\"article\" \/>\n<meta property=\"og:title\" content=\"SEO y posicionamiento org\u00e1nico\" \/>\n<meta property=\"og:description\" content=\"En SEO no hay magia, pero s\u00ed la buena labor de quienes conocen a fondo el posicionamiento org\u00e1nico. \u00bfBuscas mejorar tu posici\u00f3n en buscadores?\" \/>\n<meta property=\"og:url\" content=\"https:\/\/www.3llideas.com\/es\/seo-y-posicionamiento-organico\/\" \/>\n<meta property=\"og:site_name\" content=\"3llideas.com\" \/>\n<meta property=\"article:modified_time\" content=\"2016-03-14T12:42:35+00:00\" \/>\n<meta property=\"og:image\" content=\"http:\/\/www.3llideas.com\/wp-content\/uploads\/2016\/02\/seo_marketing_banner.jpg\" \/>\n<meta name=\"twitter:card\" content=\"summary_large_image\" \/>\n<meta name=\"twitter:site\" content=\"@3llideas\" \/>\n<meta name=\"twitter:label1\" content=\"Tiempo de lectura\" \/>\n\t<meta name=\"twitter:data1\" content=\"3 minutos\" \/>\n<script type=\"application\/ld+json\" class=\"yoast-schema-graph\">{\"@context\":\"https:\\\/\\\/schema.org\",\"@graph\":[{\"@type\":\"WebPage\",\"@id\":\"https:\\\/\\\/www.3llideas.com\\\/es\\\/seo-y-posicionamiento-organico\\\/\",\"url\":\"https:\\\/\\\/www.3llideas.com\\\/es\\\/seo-y-posicionamiento-organico\\\/\",\"name\":\"Optimizamos el SEO de tu web para mejorar en buscadores\",\"isPartOf\":{\"@id\":\"https:\\\/\\\/www.3llideas.com\\\/es\\\/#website\"},\"primaryImageOfPage\":{\"@id\":\"https:\\\/\\\/www.3llideas.com\\\/es\\\/seo-y-posicionamiento-organico\\\/#primaryimage\"},\"image\":{\"@id\":\"https:\\\/\\\/www.3llideas.com\\\/es\\\/seo-y-posicionamiento-organico\\\/#primaryimage\"},\"thumbnailUrl\":\"http:\\\/\\\/www.3llideas.com\\\/wp-content\\\/uploads\\\/2016\\\/02\\\/seo_marketing_banner.jpg\",\"datePublished\":\"2016-02-19T19:52:23+00:00\",\"dateModified\":\"2016-03-14T12:42:35+00:00\",\"description\":\"En SEO no hay magia, pero s\u00ed la buena labor de quienes conocen a fondo el posicionamiento org\u00e1nico. \u00bfBuscas mejorar tu posici\u00f3n en buscadores?\",\"breadcrumb\":{\"@id\":\"https:\\\/\\\/www.3llideas.com\\\/es\\\/seo-y-posicionamiento-organico\\\/#breadcrumb\"},\"inLanguage\":\"es\",\"potentialAction\":[{\"@type\":\"ReadAction\",\"target\":[\"https:\\\/\\\/www.3llideas.com\\\/es\\\/seo-y-posicionamiento-organico\\\/\"]}]},{\"@type\":\"ImageObject\",\"inLanguage\":\"es\",\"@id\":\"https:\\\/\\\/www.3llideas.com\\\/es\\\/seo-y-posicionamiento-organico\\\/#primaryimage\",\"url\":\"http:\\\/\\\/www.3llideas.com\\\/wp-content\\\/uploads\\\/2016\\\/02\\\/seo_marketing_banner.jpg\",\"contentUrl\":\"http:\\\/\\\/www.3llideas.com\\\/wp-content\\\/uploads\\\/2016\\\/02\\\/seo_marketing_banner.jpg\"},{\"@type\":\"BreadcrumbList\",\"@id\":\"https:\\\/\\\/www.3llideas.com\\\/es\\\/seo-y-posicionamiento-organico\\\/#breadcrumb\",\"itemListElement\":[{\"@type\":\"ListItem\",\"position\":1,\"name\":\"Portada\",\"item\":\"https:\\\/\\\/www.3llideas.com\\\/es\\\/\"},{\"@type\":\"ListItem\",\"position\":2,\"name\":\"SEO y posicionamiento org\u00e1nico\"}]},{\"@type\":\"WebSite\",\"@id\":\"https:\\\/\\\/www.3llideas.com\\\/es\\\/#website\",\"url\":\"https:\\\/\\\/www.3llideas.com\\\/es\\\/\",\"name\":\"3llideas.com\",\"description\":\"3llideas, Agencia Ecommerce, Gesti\u00f3n empresarial Microsoft, AWS, Gesti\u00f3n empresarial sage\",\"potentialAction\":[{\"@type\":\"SearchAction\",\"target\":{\"@type\":\"EntryPoint\",\"urlTemplate\":\"https:\\\/\\\/www.3llideas.com\\\/es\\\/?s={search_term_string}\"},\"query-input\":{\"@type\":\"PropertyValueSpecification\",\"valueRequired\":true,\"valueName\":\"search_term_string\"}}],\"inLanguage\":\"es\"}]}<\/script>\n<!-- \/ Yoast SEO Premium plugin. -->","yoast_head_json":{"title":"Optimizamos el SEO de tu web para mejorar en buscadores","description":"En SEO no hay magia, pero s\u00ed la buena labor de quienes conocen a fondo el posicionamiento org\u00e1nico. \u00bfBuscas mejorar tu posici\u00f3n en buscadores?","robots":{"index":"index","follow":"follow","max-snippet":"max-snippet:-1","max-image-preview":"max-image-preview:large","max-video-preview":"max-video-preview:-1"},"canonical":"https:\/\/www.3llideas.com\/es\/seo-y-posicionamiento-organico\/","og_locale":"es_ES","og_type":"article","og_title":"SEO y posicionamiento org\u00e1nico","og_description":"En SEO no hay magia, pero s\u00ed la buena labor de quienes conocen a fondo el posicionamiento org\u00e1nico. \u00bfBuscas mejorar tu posici\u00f3n en buscadores?","og_url":"https:\/\/www.3llideas.com\/es\/seo-y-posicionamiento-organico\/","og_site_name":"3llideas.com","article_modified_time":"2016-03-14T12:42:35+00:00","og_image":[{"url":"http:\/\/www.3llideas.com\/wp-content\/uploads\/2016\/02\/seo_marketing_banner.jpg","type":"","width":"","height":""}],"twitter_card":"summary_large_image","twitter_site":"@3llideas","twitter_misc":{"Tiempo de lectura":"3 minutos"},"schema":{"@context":"https:\/\/schema.org","@graph":[{"@type":"WebPage","@id":"https:\/\/www.3llideas.com\/es\/seo-y-posicionamiento-organico\/","url":"https:\/\/www.3llideas.com\/es\/seo-y-posicionamiento-organico\/","name":"Optimizamos el SEO de tu web para mejorar en buscadores","isPartOf":{"@id":"https:\/\/www.3llideas.com\/es\/#website"},"primaryImageOfPage":{"@id":"https:\/\/www.3llideas.com\/es\/seo-y-posicionamiento-organico\/#primaryimage"},"image":{"@id":"https:\/\/www.3llideas.com\/es\/seo-y-posicionamiento-organico\/#primaryimage"},"thumbnailUrl":"http:\/\/www.3llideas.com\/wp-content\/uploads\/2016\/02\/seo_marketing_banner.jpg","datePublished":"2016-02-19T19:52:23+00:00","dateModified":"2016-03-14T12:42:35+00:00","description":"En SEO no hay magia, pero s\u00ed la buena labor de quienes conocen a fondo el posicionamiento org\u00e1nico. \u00bfBuscas mejorar tu posici\u00f3n en buscadores?","breadcrumb":{"@id":"https:\/\/www.3llideas.com\/es\/seo-y-posicionamiento-organico\/#breadcrumb"},"inLanguage":"es","potentialAction":[{"@type":"ReadAction","target":["https:\/\/www.3llideas.com\/es\/seo-y-posicionamiento-organico\/"]}]},{"@type":"ImageObject","inLanguage":"es","@id":"https:\/\/www.3llideas.com\/es\/seo-y-posicionamiento-organico\/#primaryimage","url":"http:\/\/www.3llideas.com\/wp-content\/uploads\/2016\/02\/seo_marketing_banner.jpg","contentUrl":"http:\/\/www.3llideas.com\/wp-content\/uploads\/2016\/02\/seo_marketing_banner.jpg"},{"@type":"BreadcrumbList","@id":"https:\/\/www.3llideas.com\/es\/seo-y-posicionamiento-organico\/#breadcrumb","itemListElement":[{"@type":"ListItem","position":1,"name":"Portada","item":"https:\/\/www.3llideas.com\/es\/"},{"@type":"ListItem","position":2,"name":"SEO y posicionamiento org\u00e1nico"}]},{"@type":"WebSite","@id":"https:\/\/www.3llideas.com\/es\/#website","url":"https:\/\/www.3llideas.com\/es\/","name":"3llideas.com","description":"3llideas, Agencia Ecommerce, Gesti\u00f3n empresarial Microsoft, AWS, Gesti\u00f3n empresarial sage","potentialAction":[{"@type":"SearchAction","target":{"@type":"EntryPoint","urlTemplate":"https:\/\/www.3llideas.com\/es\/?s={search_term_string}"},"query-input":{"@type":"PropertyValueSpecification","valueRequired":true,"valueName":"search_term_string"}}],"inLanguage":"es"}]}},"_links":{"self":[{"href":"https:\/\/www.3llideas.com\/es\/wp-json\/wp\/v2\/pages\/1469","targetHints":{"allow":["GET"]}}],"collection":[{"href":"https:\/\/www.3llideas.com\/es\/wp-json\/wp\/v2\/pages"}],"about":[{"href":"https:\/\/www.3llideas.com\/es\/wp-json\/wp\/v2\/types\/page"}],"author":[{"embeddable":true,"href":"https:\/\/www.3llideas.com\/es\/wp-json\/wp\/v2\/users\/2"}],"replies":[{"embeddable":true,"href":"https:\/\/www.3llideas.com\/es\/wp-json\/wp\/v2\/comments?post=1469"}],"version-history":[{"count":6,"href":"https:\/\/www.3llideas.com\/es\/wp-json\/wp\/v2\/pages\/1469\/revisions"}],"predecessor-version":[{"id":1641,"href":"https:\/\/www.3llideas.com\/es\/wp-json\/wp\/v2\/pages\/1469\/revisions\/1641"}],"wp:attachment":[{"href":"https:\/\/www.3llideas.com\/es\/wp-json\/wp\/v2\/media?parent=1469"}],"curies":[{"name":"wp","href":"https:\/\/api.w.org\/{rel}","templated":true}]}}