{"id":1389,"date":"2016-02-18T06:34:18","date_gmt":"2016-02-18T06:34:18","guid":{"rendered":"http:\/\/www.3llideas.com\/?page_id=1389"},"modified":"2019-04-11T12:35:38","modified_gmt":"2019-04-11T12:35:38","slug":"trabaja-con-nosotros","status":"publish","type":"page","link":"https:\/\/www.3llideas.com\/es\/sobre-nosotros\/trabaja-con-nosotros\/","title":{"rendered":"Trabaja con nosotros"},"content":{"rendered":"<div class=\"wpb-content-wrapper\"><p>[vc_row][vc_column][vc_empty_space][vc_column_text]<\/p>\n<p><a href=\"http:\/\/www.3llideas.com\/wp-content\/uploads\/2016\/02\/banner_trabaja_con_nosotros.jpg\" rel=\"attachment wp-att-1421\"><img loading=\"lazy\" decoding=\"async\" class=\"size-full wp-image-1421 aligncenter\" src=\"http:\/\/www.3llideas.com\/wp-content\/uploads\/2016\/02\/banner_trabaja_con_nosotros.jpg\" alt=\"banner_trabaja_con_nosotros\" width=\"1170\" height=\"247\" srcset=\"https:\/\/www.3llideas.com\/wp-content\/uploads\/2016\/02\/banner_trabaja_con_nosotros.jpg 1170w, https:\/\/www.3llideas.com\/wp-content\/uploads\/2016\/02\/banner_trabaja_con_nosotros-300x63.jpg 300w, https:\/\/www.3llideas.com\/wp-content\/uploads\/2016\/02\/banner_trabaja_con_nosotros-768x162.jpg 768w, https:\/\/www.3llideas.com\/wp-content\/uploads\/2016\/02\/banner_trabaja_con_nosotros-1024x216.jpg 1024w, https:\/\/www.3llideas.com\/wp-content\/uploads\/2016\/02\/banner_trabaja_con_nosotros-1087x229.jpg 1087w\" sizes=\"auto, (max-width: 1170px) 100vw, 1170px\" \/><\/a><\/p>\n<p>[\/vc_column_text][vc_empty_space][vc_column_text]<\/p>\n<p>\u00bfTienes inquietud y crees que podr\u00edas encajar en nuestro equipo? En 3llideas estaremos encantados de acogerte como parte de nuestro equipo: creemos que el talento y las ganas de innovar en cualquier \u00e1rea de trabajo son claves para que los proyectos se desarrollen con total efectividad. \u00bfPosees experiencia, conocimientos e intereses en los servicios que ofrecemos a nuestros clientes? Contacta con nosotros: nos tomamos muy en serio todas las solicitudes valor\u00e1ndolas como se merecen. Sobre todo la tuya.<\/p>\n<p>[\/vc_column_text][\/vc_column][\/vc_row][vc_row][vc_column][vc_empty_space][vc_column_text]<\/p>\n<p>Actualmente, estos son los perfiles\u00a0de trabajo que mejor encajan en nuestro equipo:<\/p>\n<p>[\/vc_column_text][\/vc_column][\/vc_row][vc_row][vc_column][vc_empty_space]<\/p>\n<div class=\"list arrow\">\n<ul class=\"styled\">\n<li>Dise\u00f1ador (Barcelona).<\/li>\n<li>Especialista en marketing online (Barcelona\/remoto).<\/li>\n<li>Desarrollador Ruby on \u00a0Rails (Barcelona\/remoto).<\/li>\n<li>Especialista en Amazon AWS(Barcelona\/remoto).<\/li>\n<li>Especialista en BigData y Machine learning(Barcelona\/remoto).<\/li>\n<li>Gestor de cuentas (Barcelona).<\/li>\n<li>Administrativo (Barcelona).<\/li>\n<\/ul>\n<\/div>\n<p>[\/vc_column][\/vc_row][vc_row][vc_column]<\/p>\n<div class=\"divider\"><\/div>\n<p>[vc_empty_space][vc_column_text]<\/p>\n<h3>Ofertas actualmente en proceso<\/h3>\n<p>[\/vc_column_text][\/vc_column][\/vc_row][vc_row][vc_column][vc_empty_space][vc_btn title=\u00bbEspecialista en Amazon Web Services AWS\u00bb style=\u00bbclassic\u00bb color=\u00bbprimary\u00bb link=\u00bburl:http%3A%2F%2Fblog.3llideas.com%2F2019%2F04%2Foferta-de-trabajo-especialista-en-amazon-web-services-aws%2F||target:%20_blank|\u00bb][vc_empty_space height=\u00bb-10px\u00bb][vc_btn title=\u00bbProgramador especialista en Ruby on Rails\u00bb style=\u00bbclassic\u00bb color=\u00bbprimary\u00bb add_icon=\u00bbfalse\u00bb link=\u00bburl:http%3A%2F%2Fblog.3llideas.com%2F2016%2F12%2Foferta-trabajo-desarrollo-ruby-on-rails%2F||target:%20_blank\u00bb][vc_empty_space height=\u00bb-10px\u00bb][vc_btn title=\u00bbEspecialista en marketing online\u00bb style=\u00bbclassic\u00bb color=\u00bbprimary\u00bb add_icon=\u00bbfalse\u00bb link=\u00bburl:http%3A%2F%2Fblog.3llideas.com%2F2016%2F04%2Ftrabajo-marketing-online%2F||target:%20_blank\u00bb][vc_empty_space height=\u00bb-10px\u00bb][vc_btn title=\u00bbEspecialista en dise\u00f1o creativo\/web\u00bb style=\u00bbclassic\u00bb color=\u00bbprimary\u00bb add_icon=\u00bbfalse\u00bb link=\u00bburl:http%3A%2F%2Fblog.3llideas.com%2F2016%2F04%2Ftrabajo-diseno-creativo-web%2F||target:%20_blank\u00bb][\/vc_column][\/vc_row][vc_row][vc_column][vc_empty_space][vc_column_text]<\/p>\n<p><span style=\"font-weight: 400;\">Si crees que debemos saber de ti, haznos llegar a trav\u00e9s de este formulario tu CV y una carta de presentaci\u00f3n. No prometemos nada, pero s\u00ed que leeremos tu propuesta comunic\u00e1ndote nuestro inter\u00e9s en el momento en que tengamos una oferta que se adapte\u00a0a tus posibilidades.\u00a0<\/span><\/p>\n<p>[\/vc_column_text][\/vc_column][\/vc_row][vc_row][vc_column][vc_empty_space][vc_column_text]<\/p>\n\n<div class=\"wpcf7 no-js\" id=\"wpcf7-f9-o1\" lang=\"es-ES\" dir=\"ltr\" data-wpcf7-id=\"9\">\n<div class=\"screen-reader-response\"><p role=\"status\" aria-live=\"polite\" aria-atomic=\"true\"><\/p> <ul><\/ul><\/div>\n<form action=\"\/es\/wp-json\/wp\/v2\/pages\/1389#wpcf7-f9-o1\" method=\"post\" class=\"wpcf7-form init\" aria-label=\"Formulario de contacto\" enctype=\"multipart\/form-data\" novalidate=\"novalidate\" data-status=\"init\">\n<div style=\"display: none;\">\n<input type=\"hidden\" name=\"_wpcf7\" value=\"9\" \/>\n<input type=\"hidden\" name=\"_wpcf7_version\" value=\"6.0.6\" \/>\n<input type=\"hidden\" name=\"_wpcf7_locale\" value=\"es_ES\" \/>\n<input type=\"hidden\" name=\"_wpcf7_unit_tag\" value=\"wpcf7-f9-o1\" \/>\n<input type=\"hidden\" name=\"_wpcf7_container_post\" value=\"0\" \/>\n<input type=\"hidden\" name=\"_wpcf7_posted_data_hash\" value=\"\" \/>\n<\/div>\n<p>Nombre\n<\/p>\n<p><span class=\"wpcf7-form-control-wrap\" data-name=\"your-name\"><input size=\"40\" maxlength=\"400\" class=\"wpcf7-form-control wpcf7-text wpcf7-validates-as-required\" aria-required=\"true\" aria-invalid=\"false\" placeholder=\"Dinos tu nombre\" value=\"\" type=\"text\" name=\"your-name\" \/><\/span>\n<\/p>\n<p>Correo electr\u00f3nico\n<\/p>\n<p><span class=\"wpcf7-form-control-wrap\" data-name=\"your-email\"><input size=\"40\" maxlength=\"400\" class=\"wpcf7-form-control wpcf7-email wpcf7-validates-as-required wpcf7-text wpcf7-validates-as-email\" aria-required=\"true\" aria-invalid=\"false\" placeholder=\"Escribe tu correo\" value=\"\" type=\"email\" name=\"your-email\" \/><\/span>\n<\/p>\n<p>\u00c1reas de trabajo\n<\/p>\n<p><span class=\"wpcf7-form-control-wrap\" data-name=\"your-subject\"><input size=\"40\" maxlength=\"400\" class=\"wpcf7-form-control wpcf7-text wpcf7-validates-as-required\" aria-required=\"true\" aria-invalid=\"false\" placeholder=\"\u00bfEn qu\u00e9 eres especialista?\" value=\"\" type=\"text\" name=\"your-subject\" \/><\/span>\n<\/p>\n<p>Carta de presentaci\u00f3n\n<\/p>\n<p><span class=\"wpcf7-form-control-wrap\" data-name=\"your-message\"><textarea cols=\"40\" rows=\"10\" maxlength=\"2000\" class=\"wpcf7-form-control wpcf7-textarea wpcf7-validates-as-required\" aria-required=\"true\" aria-invalid=\"false\" placeholder=\"Queremos conocerte: \u00a1pres\u00e9ntate!\" name=\"your-message\"><\/textarea><\/span>\n<\/p>\n<p><input class=\"wpcf7-form-control wpcf7-submit has-spinner\" type=\"submit\" value=\"Enviar\" \/>\n<\/p>\n<p>Adjunta tu curr\u00edculum (formatos aceptados: zip, rar, txt, doc, docx, pdf).\n<\/p>\n<p><span class=\"wpcf7-form-control-wrap\" data-name=\"curriculum\"><input size=\"40\" class=\"wpcf7-form-control wpcf7-file wpcf7-validates-as-required\" accept=\".zip,.rar,.txt,.doc,.docx,.pdf\" aria-required=\"true\" aria-invalid=\"false\" type=\"file\" name=\"curriculum\" \/><\/span>\n<\/p><div class=\"wpcf7-response-output\" aria-hidden=\"true\"><\/div>\n<\/form>\n<\/div>\n\n<p>[\/vc_column_text][\/vc_column][\/vc_row]<\/p>\n<\/div>","protected":false},"excerpt":{"rendered":"<p>[vc_row][vc_column][vc_empty_space][vc_column_text] [\/vc_column_text][vc_empty_space][vc_column_text] \u00bfTienes inquietud y crees que podr\u00edas encajar en nuestro equipo? En 3llideas estaremos encantados de acogerte como parte&#8230;<\/p>\n","protected":false},"author":2,"featured_media":0,"parent":30,"menu_order":0,"comment_status":"closed","ping_status":"closed","template":"","meta":{"footnotes":""},"class_list":["post-1389","page","type-page","status-publish","hentry"],"yoast_head":"<!-- This site is optimized with the Yoast SEO Premium plugin v18.4 (Yoast SEO v27.4) - https:\/\/yoast.com\/product\/yoast-seo-premium-wordpress\/ -->\n<title>\u00bfQuieres trabajar en 3llideas? \u00a1Ap\u00fantate a nuestro equipo!<\/title>\n<meta name=\"description\" content=\"En 3llideas estamos buscando constantemente programadores, dise\u00f1adores, expertos en marketing online, redactores de contenidos... \u00a1Ap\u00fantate!\" \/>\n<meta name=\"robots\" content=\"index, follow, max-snippet:-1, max-image-preview:large, max-video-preview:-1\" \/>\n<link rel=\"canonical\" href=\"https:\/\/www.3llideas.com\/es\/sobre-nosotros\/trabaja-con-nosotros\/\" \/>\n<meta property=\"og:locale\" content=\"es_ES\" \/>\n<meta property=\"og:type\" content=\"article\" \/>\n<meta property=\"og:title\" content=\"Trabaja con nosotros\" \/>\n<meta property=\"og:description\" content=\"En 3llideas estamos buscando constantemente programadores, dise\u00f1adores, expertos en marketing online, redactores de contenidos... \u00a1Ap\u00fantate!\" \/>\n<meta property=\"og:url\" content=\"https:\/\/www.3llideas.com\/es\/sobre-nosotros\/trabaja-con-nosotros\/\" \/>\n<meta property=\"og:site_name\" content=\"3llideas.com\" \/>\n<meta property=\"article:modified_time\" content=\"2019-04-11T12:35:38+00:00\" \/>\n<meta property=\"og:image\" content=\"http:\/\/www.3llideas.com\/wp-content\/uploads\/2016\/02\/banner_trabaja_con_nosotros.jpg\" \/>\n<meta name=\"twitter:card\" content=\"summary_large_image\" \/>\n<meta name=\"twitter:site\" content=\"@3llideas\" \/>\n<meta name=\"twitter:label1\" content=\"Tiempo de lectura\" \/>\n\t<meta name=\"twitter:data1\" content=\"2 minutos\" \/>\n<script type=\"application\/ld+json\" class=\"yoast-schema-graph\">{\"@context\":\"https:\\\/\\\/schema.org\",\"@graph\":[{\"@type\":\"WebPage\",\"@id\":\"https:\\\/\\\/www.3llideas.com\\\/es\\\/sobre-nosotros\\\/trabaja-con-nosotros\\\/\",\"url\":\"https:\\\/\\\/www.3llideas.com\\\/es\\\/sobre-nosotros\\\/trabaja-con-nosotros\\\/\",\"name\":\"\u00bfQuieres trabajar en 3llideas? \u00a1Ap\u00fantate a nuestro equipo!\",\"isPartOf\":{\"@id\":\"https:\\\/\\\/www.3llideas.com\\\/es\\\/#website\"},\"primaryImageOfPage\":{\"@id\":\"https:\\\/\\\/www.3llideas.com\\\/es\\\/sobre-nosotros\\\/trabaja-con-nosotros\\\/#primaryimage\"},\"image\":{\"@id\":\"https:\\\/\\\/www.3llideas.com\\\/es\\\/sobre-nosotros\\\/trabaja-con-nosotros\\\/#primaryimage\"},\"thumbnailUrl\":\"http:\\\/\\\/www.3llideas.com\\\/wp-content\\\/uploads\\\/2016\\\/02\\\/banner_trabaja_con_nosotros.jpg\",\"datePublished\":\"2016-02-18T06:34:18+00:00\",\"dateModified\":\"2019-04-11T12:35:38+00:00\",\"description\":\"En 3llideas estamos buscando constantemente programadores, dise\u00f1adores, expertos en marketing online, redactores de contenidos... \u00a1Ap\u00fantate!\",\"breadcrumb\":{\"@id\":\"https:\\\/\\\/www.3llideas.com\\\/es\\\/sobre-nosotros\\\/trabaja-con-nosotros\\\/#breadcrumb\"},\"inLanguage\":\"es\",\"potentialAction\":[{\"@type\":\"ReadAction\",\"target\":[\"https:\\\/\\\/www.3llideas.com\\\/es\\\/sobre-nosotros\\\/trabaja-con-nosotros\\\/\"]}]},{\"@type\":\"ImageObject\",\"inLanguage\":\"es\",\"@id\":\"https:\\\/\\\/www.3llideas.com\\\/es\\\/sobre-nosotros\\\/trabaja-con-nosotros\\\/#primaryimage\",\"url\":\"http:\\\/\\\/www.3llideas.com\\\/wp-content\\\/uploads\\\/2016\\\/02\\\/banner_trabaja_con_nosotros.jpg\",\"contentUrl\":\"http:\\\/\\\/www.3llideas.com\\\/wp-content\\\/uploads\\\/2016\\\/02\\\/banner_trabaja_con_nosotros.jpg\"},{\"@type\":\"BreadcrumbList\",\"@id\":\"https:\\\/\\\/www.3llideas.com\\\/es\\\/sobre-nosotros\\\/trabaja-con-nosotros\\\/#breadcrumb\",\"itemListElement\":[{\"@type\":\"ListItem\",\"position\":1,\"name\":\"Portada\",\"item\":\"https:\\\/\\\/www.3llideas.com\\\/es\\\/\"},{\"@type\":\"ListItem\",\"position\":2,\"name\":\"Sobre nosotros\",\"item\":\"https:\\\/\\\/www.3llideas.com\\\/es\\\/sobre-nosotros\\\/\"},{\"@type\":\"ListItem\",\"position\":3,\"name\":\"Trabaja con nosotros\"}]},{\"@type\":\"WebSite\",\"@id\":\"https:\\\/\\\/www.3llideas.com\\\/es\\\/#website\",\"url\":\"https:\\\/\\\/www.3llideas.com\\\/es\\\/\",\"name\":\"3llideas.com\",\"description\":\"3llideas, Agencia Ecommerce, Gesti\u00f3n empresarial Microsoft, AWS, Gesti\u00f3n empresarial sage\",\"potentialAction\":[{\"@type\":\"SearchAction\",\"target\":{\"@type\":\"EntryPoint\",\"urlTemplate\":\"https:\\\/\\\/www.3llideas.com\\\/es\\\/?s={search_term_string}\"},\"query-input\":{\"@type\":\"PropertyValueSpecification\",\"valueRequired\":true,\"valueName\":\"search_term_string\"}}],\"inLanguage\":\"es\"}]}<\/script>\n<!-- \/ Yoast SEO Premium plugin. -->","yoast_head_json":{"title":"\u00bfQuieres trabajar en 3llideas? \u00a1Ap\u00fantate a nuestro equipo!","description":"En 3llideas estamos buscando constantemente programadores, dise\u00f1adores, expertos en marketing online, redactores de contenidos... \u00a1Ap\u00fantate!","robots":{"index":"index","follow":"follow","max-snippet":"max-snippet:-1","max-image-preview":"max-image-preview:large","max-video-preview":"max-video-preview:-1"},"canonical":"https:\/\/www.3llideas.com\/es\/sobre-nosotros\/trabaja-con-nosotros\/","og_locale":"es_ES","og_type":"article","og_title":"Trabaja con nosotros","og_description":"En 3llideas estamos buscando constantemente programadores, dise\u00f1adores, expertos en marketing online, redactores de contenidos... \u00a1Ap\u00fantate!","og_url":"https:\/\/www.3llideas.com\/es\/sobre-nosotros\/trabaja-con-nosotros\/","og_site_name":"3llideas.com","article_modified_time":"2019-04-11T12:35:38+00:00","og_image":[{"url":"http:\/\/www.3llideas.com\/wp-content\/uploads\/2016\/02\/banner_trabaja_con_nosotros.jpg","type":"","width":"","height":""}],"twitter_card":"summary_large_image","twitter_site":"@3llideas","twitter_misc":{"Tiempo de lectura":"2 minutos"},"schema":{"@context":"https:\/\/schema.org","@graph":[{"@type":"WebPage","@id":"https:\/\/www.3llideas.com\/es\/sobre-nosotros\/trabaja-con-nosotros\/","url":"https:\/\/www.3llideas.com\/es\/sobre-nosotros\/trabaja-con-nosotros\/","name":"\u00bfQuieres trabajar en 3llideas? \u00a1Ap\u00fantate a nuestro equipo!","isPartOf":{"@id":"https:\/\/www.3llideas.com\/es\/#website"},"primaryImageOfPage":{"@id":"https:\/\/www.3llideas.com\/es\/sobre-nosotros\/trabaja-con-nosotros\/#primaryimage"},"image":{"@id":"https:\/\/www.3llideas.com\/es\/sobre-nosotros\/trabaja-con-nosotros\/#primaryimage"},"thumbnailUrl":"http:\/\/www.3llideas.com\/wp-content\/uploads\/2016\/02\/banner_trabaja_con_nosotros.jpg","datePublished":"2016-02-18T06:34:18+00:00","dateModified":"2019-04-11T12:35:38+00:00","description":"En 3llideas estamos buscando constantemente programadores, dise\u00f1adores, expertos en marketing online, redactores de contenidos... \u00a1Ap\u00fantate!","breadcrumb":{"@id":"https:\/\/www.3llideas.com\/es\/sobre-nosotros\/trabaja-con-nosotros\/#breadcrumb"},"inLanguage":"es","potentialAction":[{"@type":"ReadAction","target":["https:\/\/www.3llideas.com\/es\/sobre-nosotros\/trabaja-con-nosotros\/"]}]},{"@type":"ImageObject","inLanguage":"es","@id":"https:\/\/www.3llideas.com\/es\/sobre-nosotros\/trabaja-con-nosotros\/#primaryimage","url":"http:\/\/www.3llideas.com\/wp-content\/uploads\/2016\/02\/banner_trabaja_con_nosotros.jpg","contentUrl":"http:\/\/www.3llideas.com\/wp-content\/uploads\/2016\/02\/banner_trabaja_con_nosotros.jpg"},{"@type":"BreadcrumbList","@id":"https:\/\/www.3llideas.com\/es\/sobre-nosotros\/trabaja-con-nosotros\/#breadcrumb","itemListElement":[{"@type":"ListItem","position":1,"name":"Portada","item":"https:\/\/www.3llideas.com\/es\/"},{"@type":"ListItem","position":2,"name":"Sobre nosotros","item":"https:\/\/www.3llideas.com\/es\/sobre-nosotros\/"},{"@type":"ListItem","position":3,"name":"Trabaja con nosotros"}]},{"@type":"WebSite","@id":"https:\/\/www.3llideas.com\/es\/#website","url":"https:\/\/www.3llideas.com\/es\/","name":"3llideas.com","description":"3llideas, Agencia Ecommerce, Gesti\u00f3n empresarial Microsoft, AWS, Gesti\u00f3n empresarial sage","potentialAction":[{"@type":"SearchAction","target":{"@type":"EntryPoint","urlTemplate":"https:\/\/www.3llideas.com\/es\/?s={search_term_string}"},"query-input":{"@type":"PropertyValueSpecification","valueRequired":true,"valueName":"search_term_string"}}],"inLanguage":"es"}]}},"_links":{"self":[{"href":"https:\/\/www.3llideas.com\/es\/wp-json\/wp\/v2\/pages\/1389","targetHints":{"allow":["GET"]}}],"collection":[{"href":"https:\/\/www.3llideas.com\/es\/wp-json\/wp\/v2\/pages"}],"about":[{"href":"https:\/\/www.3llideas.com\/es\/wp-json\/wp\/v2\/types\/page"}],"author":[{"embeddable":true,"href":"https:\/\/www.3llideas.com\/es\/wp-json\/wp\/v2\/users\/2"}],"replies":[{"embeddable":true,"href":"https:\/\/www.3llideas.com\/es\/wp-json\/wp\/v2\/comments?post=1389"}],"version-history":[{"count":24,"href":"https:\/\/www.3llideas.com\/es\/wp-json\/wp\/v2\/pages\/1389\/revisions"}],"predecessor-version":[{"id":4804,"href":"https:\/\/www.3llideas.com\/es\/wp-json\/wp\/v2\/pages\/1389\/revisions\/4804"}],"up":[{"embeddable":true,"href":"https:\/\/www.3llideas.com\/es\/wp-json\/wp\/v2\/pages\/30"}],"wp:attachment":[{"href":"https:\/\/www.3llideas.com\/es\/wp-json\/wp\/v2\/media?parent=1389"}],"curies":[{"name":"wp","href":"https:\/\/api.w.org\/{rel}","templated":true}]}}